{"id":17609,"date":"2025-05-05T19:18:28","date_gmt":"2025-05-05T19:18:28","guid":{"rendered":"https:\/\/wtspstaging.wpengine.com\/solutions\/paradigm-nexus\/production-planning-software\/presentation-du-logiciel-de-paradigm-production-planning\/"},"modified":"2025-05-05T19:23:34","modified_gmt":"2025-05-05T19:23:34","slug":"demo","status":"publish","type":"page","link":"https:\/\/myparadigm.com\/fr\/solutions\/paradigm-nexus\/production-planning-software\/demo\/","title":{"rendered":"Pr\u00e9sentation du logiciel de Paradigm Production Planning"},"content":{"rendered":"\n\n\n<p><\/p>\n","protected":false},"excerpt":{"rendered":"","protected":false},"author":1,"featured_media":17596,"parent":17517,"menu_order":34,"comment_status":"closed","ping_status":"closed","template":"","meta":{"_acf_changed":false,"footnotes":""},"page_categories":[],"class_list":["post-17609","page","type-page","status-publish","has-post-thumbnail","hentry"],"acf":[],"yoast_head":"<!-- This site is optimized with the Yoast SEO Premium plugin v27.3 (Yoast SEO v27.3) - https:\/\/yoast.com\/product\/yoast-seo-premium-wordpress\/ -->\n<title>Logiciel de planification de la production<\/title>\n<meta name=\"description\" content=\"Le module Planification de la production est id\u00e9al pour les fabricants utilisant le syst\u00e8me Paradigm Omni et souhaitant optimiser leurs processus de production.\" \/>\n<meta name=\"robots\" content=\"index, follow, max-snippet:-1, max-image-preview:large, max-video-preview:-1\" \/>\n<link rel=\"canonical\" href=\"https:\/\/myparadigm.com\/fr\/solutions\/paradigm-nexus\/production-planning-software\/demo\/\" \/>\n<meta property=\"og:locale\" content=\"fr_FR\" \/>\n<meta property=\"og:type\" content=\"article\" \/>\n<meta property=\"og:title\" content=\"Pr\u00e9sentation du logiciel de Paradigm Production Planning\" \/>\n<meta property=\"og:description\" content=\"Le module Planification de la production est id\u00e9al pour les fabricants utilisant le syst\u00e8me Paradigm Omni et souhaitant optimiser leurs processus de production.\" \/>\n<meta property=\"og:url\" content=\"https:\/\/myparadigm.com\/fr\/solutions\/paradigm-nexus\/production-planning-software\/demo\/\" \/>\n<meta property=\"og:site_name\" content=\"Paradigm Technology\" \/>\n<meta property=\"article:publisher\" content=\"https:\/\/www.facebook.com\/myParadigmTechnology\/\" \/>\n<meta property=\"article:modified_time\" content=\"2025-05-05T19:23:34+00:00\" \/>\n<meta property=\"og:image\" content=\"https:\/\/myparadigm.com\/wp-content\/uploads\/2025\/04\/Paradigm-Production-Planning-Logo-color.png\" \/>\n\t<meta property=\"og:image:width\" content=\"6375\" \/>\n\t<meta property=\"og:image:height\" content=\"782\" \/>\n\t<meta property=\"og:image:type\" content=\"image\/png\" \/>\n<meta name=\"twitter:card\" content=\"summary_large_image\" \/>\n<meta name=\"twitter:label1\" content=\"Dur\u00e9e de lecture estim\u00e9e\" \/>\n\t<meta name=\"twitter:data1\" content=\"3 minutes\" \/>\n<script type=\"application\/ld+json\" class=\"yoast-schema-graph\">{\"@context\":\"https:\\\/\\\/schema.org\",\"@graph\":[{\"@type\":\"WebPage\",\"@id\":\"https:\\\/\\\/myparadigm.com\\\/fr\\\/solutions\\\/paradigm-nexus\\\/production-planning-software\\\/demo\\\/\",\"url\":\"https:\\\/\\\/myparadigm.com\\\/fr\\\/solutions\\\/paradigm-nexus\\\/production-planning-software\\\/demo\\\/\",\"name\":\"Logiciel de planification de la production\",\"isPartOf\":{\"@id\":\"https:\\\/\\\/myparadigm.com\\\/#website\"},\"primaryImageOfPage\":{\"@id\":\"https:\\\/\\\/myparadigm.com\\\/fr\\\/solutions\\\/paradigm-nexus\\\/production-planning-software\\\/demo\\\/#primaryimage\"},\"image\":{\"@id\":\"https:\\\/\\\/myparadigm.com\\\/fr\\\/solutions\\\/paradigm-nexus\\\/production-planning-software\\\/demo\\\/#primaryimage\"},\"thumbnailUrl\":\"https:\\\/\\\/myparadigm.com\\\/wp-content\\\/uploads\\\/2025\\\/05\\\/Paradigm-Production-Planning-Software-Video-Overlay-scaled.jpg\",\"datePublished\":\"2025-05-05T19:18:28+00:00\",\"dateModified\":\"2025-05-05T19:23:34+00:00\",\"description\":\"Le module Planification de la production est id\u00e9al pour les fabricants utilisant le syst\u00e8me Paradigm Omni et souhaitant optimiser leurs processus de production.\",\"breadcrumb\":{\"@id\":\"https:\\\/\\\/myparadigm.com\\\/fr\\\/solutions\\\/paradigm-nexus\\\/production-planning-software\\\/demo\\\/#breadcrumb\"},\"inLanguage\":\"fr-FR\",\"potentialAction\":[{\"@type\":\"ReadAction\",\"target\":[\"https:\\\/\\\/myparadigm.com\\\/fr\\\/solutions\\\/paradigm-nexus\\\/production-planning-software\\\/demo\\\/\"]}]},{\"@type\":\"ImageObject\",\"inLanguage\":\"fr-FR\",\"@id\":\"https:\\\/\\\/myparadigm.com\\\/fr\\\/solutions\\\/paradigm-nexus\\\/production-planning-software\\\/demo\\\/#primaryimage\",\"url\":\"https:\\\/\\\/myparadigm.com\\\/wp-content\\\/uploads\\\/2025\\\/05\\\/Paradigm-Production-Planning-Software-Video-Overlay-scaled.jpg\",\"contentUrl\":\"https:\\\/\\\/myparadigm.com\\\/wp-content\\\/uploads\\\/2025\\\/05\\\/Paradigm-Production-Planning-Software-Video-Overlay-scaled.jpg\",\"width\":2560,\"height\":1440},{\"@type\":\"BreadcrumbList\",\"@id\":\"https:\\\/\\\/myparadigm.com\\\/fr\\\/solutions\\\/paradigm-nexus\\\/production-planning-software\\\/demo\\\/#breadcrumb\",\"itemListElement\":[{\"@type\":\"ListItem\",\"position\":1,\"name\":\"Home\",\"item\":\"https:\\\/\\\/myparadigm.com\\\/fr\\\/home\\\/\"},{\"@type\":\"ListItem\",\"position\":2,\"name\":\"Solutions\",\"item\":\"https:\\\/\\\/myparadigm.com\\\/software\\\/\"},{\"@type\":\"ListItem\",\"position\":3,\"name\":\"Paradigm Nexus\",\"item\":\"https:\\\/\\\/myparadigm.com\\\/fr\\\/solutions\\\/paradigm-nexus\\\/\"},{\"@type\":\"ListItem\",\"position\":4,\"name\":\"Logiciel de planification de la production Paradigm\",\"item\":\"https:\\\/\\\/myparadigm.com\\\/fr\\\/solutions\\\/paradigm-nexus\\\/production-planning-software\\\/\"},{\"@type\":\"ListItem\",\"position\":5,\"name\":\"Pr\u00e9sentation du logiciel de Paradigm Production Planning\"}]},{\"@type\":\"WebSite\",\"@id\":\"https:\\\/\\\/myparadigm.com\\\/#website\",\"url\":\"https:\\\/\\\/myparadigm.com\\\/\",\"name\":\"Paradigm Technology\",\"description\":\"Software for the Building Industry\",\"publisher\":{\"@id\":\"https:\\\/\\\/myparadigm.com\\\/#organization\"},\"potentialAction\":[{\"@type\":\"SearchAction\",\"target\":{\"@type\":\"EntryPoint\",\"urlTemplate\":\"https:\\\/\\\/myparadigm.com\\\/?s={search_term_string}\"},\"query-input\":{\"@type\":\"PropertyValueSpecification\",\"valueRequired\":true,\"valueName\":\"search_term_string\"}}],\"inLanguage\":\"fr-FR\"},{\"@type\":\"Organization\",\"@id\":\"https:\\\/\\\/myparadigm.com\\\/#organization\",\"name\":\"Paradigm Technology\",\"url\":\"https:\\\/\\\/myparadigm.com\\\/\",\"logo\":{\"@type\":\"ImageObject\",\"inLanguage\":\"fr-FR\",\"@id\":\"https:\\\/\\\/myparadigm.com\\\/#\\\/schema\\\/logo\\\/image\\\/\",\"url\":\"https:\\\/\\\/myparadigm.com\\\/wp-content\\\/uploads\\\/2023\\\/12\\\/Paradigm_favicon_web_p.jpg\",\"contentUrl\":\"https:\\\/\\\/myparadigm.com\\\/wp-content\\\/uploads\\\/2023\\\/12\\\/Paradigm_favicon_web_p.jpg\",\"width\":512,\"height\":512,\"caption\":\"Paradigm Technology\"},\"image\":{\"@id\":\"https:\\\/\\\/myparadigm.com\\\/#\\\/schema\\\/logo\\\/image\\\/\"},\"sameAs\":[\"https:\\\/\\\/www.facebook.com\\\/myParadigmTechnology\\\/\",\"https:\\\/\\\/www.linkedin.com\\\/company\\\/myParadigmTechnology\\\/\",\"https:\\\/\\\/www.youtube.com\\\/channel\\\/UC8khFPtIe_j0A7K0zLL5VBA\"]}]}<\/script>\n<!-- \/ Yoast SEO Premium plugin. -->","yoast_head_json":{"title":"Logiciel de planification de la production","description":"Le module Planification de la production est id\u00e9al pour les fabricants utilisant le syst\u00e8me Paradigm Omni et souhaitant optimiser leurs processus de production.","robots":{"index":"index","follow":"follow","max-snippet":"max-snippet:-1","max-image-preview":"max-image-preview:large","max-video-preview":"max-video-preview:-1"},"canonical":"https:\/\/myparadigm.com\/fr\/solutions\/paradigm-nexus\/production-planning-software\/demo\/","og_locale":"fr_FR","og_type":"article","og_title":"Pr\u00e9sentation du logiciel de Paradigm Production Planning","og_description":"Le module Planification de la production est id\u00e9al pour les fabricants utilisant le syst\u00e8me Paradigm Omni et souhaitant optimiser leurs processus de production.","og_url":"https:\/\/myparadigm.com\/fr\/solutions\/paradigm-nexus\/production-planning-software\/demo\/","og_site_name":"Paradigm Technology","article_publisher":"https:\/\/www.facebook.com\/myParadigmTechnology\/","article_modified_time":"2025-05-05T19:23:34+00:00","og_image":[{"width":6375,"height":782,"url":"https:\/\/myparadigm.com\/wp-content\/uploads\/2025\/04\/Paradigm-Production-Planning-Logo-color.png","type":"image\/png"}],"twitter_card":"summary_large_image","twitter_misc":{"Dur\u00e9e de lecture estim\u00e9e":"3 minutes"},"schema":{"@context":"https:\/\/schema.org","@graph":[{"@type":"WebPage","@id":"https:\/\/myparadigm.com\/fr\/solutions\/paradigm-nexus\/production-planning-software\/demo\/","url":"https:\/\/myparadigm.com\/fr\/solutions\/paradigm-nexus\/production-planning-software\/demo\/","name":"Logiciel de planification de la production","isPartOf":{"@id":"https:\/\/myparadigm.com\/#website"},"primaryImageOfPage":{"@id":"https:\/\/myparadigm.com\/fr\/solutions\/paradigm-nexus\/production-planning-software\/demo\/#primaryimage"},"image":{"@id":"https:\/\/myparadigm.com\/fr\/solutions\/paradigm-nexus\/production-planning-software\/demo\/#primaryimage"},"thumbnailUrl":"https:\/\/myparadigm.com\/wp-content\/uploads\/2025\/05\/Paradigm-Production-Planning-Software-Video-Overlay-scaled.jpg","datePublished":"2025-05-05T19:18:28+00:00","dateModified":"2025-05-05T19:23:34+00:00","description":"Le module Planification de la production est id\u00e9al pour les fabricants utilisant le syst\u00e8me Paradigm Omni et souhaitant optimiser leurs processus de production.","breadcrumb":{"@id":"https:\/\/myparadigm.com\/fr\/solutions\/paradigm-nexus\/production-planning-software\/demo\/#breadcrumb"},"inLanguage":"fr-FR","potentialAction":[{"@type":"ReadAction","target":["https:\/\/myparadigm.com\/fr\/solutions\/paradigm-nexus\/production-planning-software\/demo\/"]}]},{"@type":"ImageObject","inLanguage":"fr-FR","@id":"https:\/\/myparadigm.com\/fr\/solutions\/paradigm-nexus\/production-planning-software\/demo\/#primaryimage","url":"https:\/\/myparadigm.com\/wp-content\/uploads\/2025\/05\/Paradigm-Production-Planning-Software-Video-Overlay-scaled.jpg","contentUrl":"https:\/\/myparadigm.com\/wp-content\/uploads\/2025\/05\/Paradigm-Production-Planning-Software-Video-Overlay-scaled.jpg","width":2560,"height":1440},{"@type":"BreadcrumbList","@id":"https:\/\/myparadigm.com\/fr\/solutions\/paradigm-nexus\/production-planning-software\/demo\/#breadcrumb","itemListElement":[{"@type":"ListItem","position":1,"name":"Home","item":"https:\/\/myparadigm.com\/fr\/home\/"},{"@type":"ListItem","position":2,"name":"Solutions","item":"https:\/\/myparadigm.com\/software\/"},{"@type":"ListItem","position":3,"name":"Paradigm Nexus","item":"https:\/\/myparadigm.com\/fr\/solutions\/paradigm-nexus\/"},{"@type":"ListItem","position":4,"name":"Logiciel de planification de la production Paradigm","item":"https:\/\/myparadigm.com\/fr\/solutions\/paradigm-nexus\/production-planning-software\/"},{"@type":"ListItem","position":5,"name":"Pr\u00e9sentation du logiciel de Paradigm Production Planning"}]},{"@type":"WebSite","@id":"https:\/\/myparadigm.com\/#website","url":"https:\/\/myparadigm.com\/","name":"Paradigm Technology","description":"Software for the Building Industry","publisher":{"@id":"https:\/\/myparadigm.com\/#organization"},"potentialAction":[{"@type":"SearchAction","target":{"@type":"EntryPoint","urlTemplate":"https:\/\/myparadigm.com\/?s={search_term_string}"},"query-input":{"@type":"PropertyValueSpecification","valueRequired":true,"valueName":"search_term_string"}}],"inLanguage":"fr-FR"},{"@type":"Organization","@id":"https:\/\/myparadigm.com\/#organization","name":"Paradigm Technology","url":"https:\/\/myparadigm.com\/","logo":{"@type":"ImageObject","inLanguage":"fr-FR","@id":"https:\/\/myparadigm.com\/#\/schema\/logo\/image\/","url":"https:\/\/myparadigm.com\/wp-content\/uploads\/2023\/12\/Paradigm_favicon_web_p.jpg","contentUrl":"https:\/\/myparadigm.com\/wp-content\/uploads\/2023\/12\/Paradigm_favicon_web_p.jpg","width":512,"height":512,"caption":"Paradigm Technology"},"image":{"@id":"https:\/\/myparadigm.com\/#\/schema\/logo\/image\/"},"sameAs":["https:\/\/www.facebook.com\/myParadigmTechnology\/","https:\/\/www.linkedin.com\/company\/myParadigmTechnology\/","https:\/\/www.youtube.com\/channel\/UC8khFPtIe_j0A7K0zLL5VBA"]}]}},"_links":{"self":[{"href":"https:\/\/myparadigm.com\/fr\/wp-json\/wp\/v2\/pages\/17609","targetHints":{"allow":["GET"]}}],"collection":[{"href":"https:\/\/myparadigm.com\/fr\/wp-json\/wp\/v2\/pages"}],"about":[{"href":"https:\/\/myparadigm.com\/fr\/wp-json\/wp\/v2\/types\/page"}],"author":[{"embeddable":true,"href":"https:\/\/myparadigm.com\/fr\/wp-json\/wp\/v2\/users\/1"}],"replies":[{"embeddable":true,"href":"https:\/\/myparadigm.com\/fr\/wp-json\/wp\/v2\/comments?post=17609"}],"version-history":[{"count":0,"href":"https:\/\/myparadigm.com\/fr\/wp-json\/wp\/v2\/pages\/17609\/revisions"}],"up":[{"embeddable":true,"href":"https:\/\/myparadigm.com\/fr\/wp-json\/wp\/v2\/pages\/17517"}],"wp:featuredmedia":[{"embeddable":true,"href":"https:\/\/myparadigm.com\/fr\/wp-json\/wp\/v2\/media\/17596"}],"wp:attachment":[{"href":"https:\/\/myparadigm.com\/fr\/wp-json\/wp\/v2\/media?parent=17609"}],"wp:term":[{"taxonomy":"page_categories","embeddable":true,"href":"https:\/\/myparadigm.com\/fr\/wp-json\/wp\/v2\/page_categories?post=17609"}],"curies":[{"name":"wp","href":"https:\/\/api.w.org\/{rel}","templated":true}]}}