{"id":17517,"date":"2025-04-08T13:28:42","date_gmt":"2025-04-08T13:28:42","guid":{"rendered":"https:\/\/wtspstaging.wpengine.com\/solutions\/paradigm-nexus\/logiciel-de-planification-de-la-production-paradigm\/"},"modified":"2025-05-05T18:46:42","modified_gmt":"2025-05-05T18:46:42","slug":"production-planning-software","status":"publish","type":"page","link":"https:\/\/myparadigm.com\/fr\/solutions\/paradigm-nexus\/production-planning-software\/","title":{"rendered":"Logiciel de planification de la production Paradigm"},"content":{"rendered":"\n\n\t\t\t\t\t\t\t\t\t<img loading=\"lazy\" decoding=\"async\" src=\"https:\/\/myparadigm.com\/wp-content\/uploads\/2025\/03\/Paradigm-Production-Planning-Logo-White-3200x390-2.png\" alt=\"Paradigm Production Planning Logo - White - 3200x390\" itemprop=\"image\" height=\"390\" width=\"3200\" srcset=\"https:\/\/myparadigm.com\/wp-content\/uploads\/2025\/03\/Paradigm-Production-Planning-Logo-White-3200x390-2.png 3200w, https:\/\/myparadigm.com\/wp-content\/uploads\/2025\/03\/Paradigm-Production-Planning-Logo-White-3200x390-2-300x37.png 300w, https:\/\/myparadigm.com\/wp-content\/uploads\/2025\/03\/Paradigm-Production-Planning-Logo-White-3200x390-2-1024x125.png 1024w, https:\/\/myparadigm.com\/wp-content\/uploads\/2025\/03\/Paradigm-Production-Planning-Logo-White-3200x390-2-768x94.png 768w, https:\/\/myparadigm.com\/wp-content\/uploads\/2025\/03\/Paradigm-Production-Planning-Logo-White-3200x390-2-1536x187.png 1536w, https:\/\/myparadigm.com\/wp-content\/uploads\/2025\/03\/Paradigm-Production-Planning-Logo-White-3200x390-2-2048x250.png 2048w\" sizes=\"auto, (max-width: 3200px) 100vw, 3200px\" title=\"Paradigm Production Planning Logo - White - 3200x390\" onerror=\"this.style.display='none'\"  \/>\n\t\t<h1>\n\t\t\tProduction Planning Software\n\t\t<\/h1>\n\t\t\t<p><strong>Production Planning\u2122<\/strong> is a powerful new solution designed to enhance the efficiency and accuracy of your manufacturing processes. This innovative tool integrates seamlessly with your existing Paradigm Omni system, providing you with the insights and capabilities needed to optimize production schedules, manage capacity, and forecast lead times with precision.<\/p>\t\t\n\t\t\t<a href=\"\/schedule-a-demo\/nexus\/\" target=\"_self\">\n\t\t\t\t\t\t\tLearn More\n\t\t\t<\/a>\nCareers Menu\t\t\t\n\t\t\t\t\t<ul id=\"menu-paradigm-nexus\"><li id=\"menu-item-15336\"><a href=\"https:\/\/myparadigm.com\/software\/paradigm-nexus\/\">Paradigm Nexus<\/a><\/li>\n<li id=\"menu-item-15335\"><a href=\"https:\/\/myparadigm.com\/software\/paradigm-nexus\/delivery-tracking-software\/\">Paradigm Delivery<\/a><\/li>\n<li id=\"menu-item-17499\"><a href=\"https:\/\/myparadigm.com\/software\/paradigm-nexus\/production-planning-software\/\">Paradigm Production Planning<\/a><\/li>\n<\/ul>\t\n\t\t\tProduction Planning\u2122\n\t\t<h2>\n\t\t\tWho It&rsquo;s For\n\t\t<\/h2>\n\t\t\t<p>Production Planning software is ideal for manufacturers who use the Paradigm Omni system and are looking to streamline their production processes. Whether you&rsquo;re managing a small-scale operation or a large manufacturing facility, this module will help you achieve greater efficiency and accuracy in your production planning.<\/p>\t\t\n\t\t\t\t<img loading=\"lazy\" decoding=\"async\" src=\"https:\/\/myparadigm.com\/wp-content\/uploads\/2025\/03\/Paradigm-Nexus-Production-Planning-Module-UI.png\" alt=\"Paradigm Nexus ERP Software Solution - Production Planning Module UI\" itemprop=\"image\" height=\"600\" width=\"1000\" title=\"Paradigm Nexus ERP Software Solution - Production Planning Module UI\" onerror=\"this.style.display='none'\"  \/>\n\t\t\t\t\t\t<p>Watch Video<\/p>\t\t\t\t\t\n\t\t\t\t\tPlay Video\n\t\t\tKey Features and Benefits\n\t\t<h2>\n\t\t\tAccurate Ship Dates \n\t\t<\/h2>\n\t<ul>\n\t\t\t<li>\n\t\t\t\tAutomatically generate accurate ship dates based on real-time data from your Paradigm Omni system. \n\t\t\t<\/li>\n\t\t\t<li>\n\t\t\t\tEnsure timely deliveries and improve customer satisfaction by providing reliable ship dates so that your dealers can see it in your Paradigm Omni system. \n\t\t\t<\/li>\n\t\t<\/ul>\n\t\t\t\t<img loading=\"lazy\" decoding=\"async\" src=\"https:\/\/myparadigm.com\/wp-content\/uploads\/2025\/03\/Paradigm-Nexus-ERP-Software-Solution-Production-Planning-Module-Accurate-Ship-Dates.png\" alt=\"Paradigm Nexus ERP Software Solution - Production Planning Module - Accurate Ship Dates\" itemprop=\"image\" height=\"600\" width=\"1000\" title=\"Paradigm Nexus ERP Software Solution - Production Planning Module - Accurate Ship Dates\" onerror=\"this.style.display='none'\"  \/>\n\t\t\t\t<img loading=\"lazy\" decoding=\"async\" src=\"https:\/\/myparadigm.com\/wp-content\/uploads\/2025\/03\/Paradigm-Nexus-Production-Planning-Module-Capacity-Management.png\" alt=\"Paradigm Nexus ERP Software Solution - Production Planning Module - Capacity Management\" itemprop=\"image\" height=\"600\" width=\"1000\" title=\"Paradigm Nexus ERP Software Solution - Production Planning Module - Capacity Management\" onerror=\"this.style.display='none'\"  \/>\n\t\t\t\t<img decoding=\"async\" src=\"https:\/\/myparadigm.com\/wp-content\/plugins\/bb-plugin\/img\/pixel.png\" alt=\"\" itemprop=\"image\" onerror=\"this.style.display='none'\"  \/>\n\t\t<h2>\n\t\t\tCapacity Management\n\t\t<\/h2>\n\t<ul>\n\t\t\t<li>\n\t\t\t\tManage and visualize your production capacity with detailed insights into known and forecasted work. \n\t\t\t<\/li>\n\t\t\t<li>\n\t\t\t\tOptimize your production schedules and avoid overloading your production lines. \n\t\t\t<\/li>\n\t\t<\/ul>\n\t\t<h2>\n\t\t\tComplexity Points \n\t\t<\/h2>\n\t<ul>\n\t\t\t<li>\n\t\t\t\tAssign complexity points to different configurations to reflect their impact on manufacturing time and capacity. \n\t\t\t<\/li>\n\t\t\t<li>\n\t\t\t\tAccurately plan and allocate resources based on the complexity of the work. \n\t\t\t<\/li>\n\t\t<\/ul>\n\t\t\t\t<img loading=\"lazy\" decoding=\"async\" src=\"https:\/\/myparadigm.com\/wp-content\/uploads\/2025\/03\/Paradigm-Nexus-ERP-Software-Solution-Production-Planning-Module-Complexity-Points-1.png\" alt=\"Paradigm Nexus ERP Software Solution - Production Planning Module - Complexity Points\" itemprop=\"image\" height=\"418\" width=\"447\" title=\"Paradigm Nexus ERP Software Solution - Production Planning Module - Complexity Points\" onerror=\"this.style.display='none'\"  \/>\n\t\t\t\t<img loading=\"lazy\" decoding=\"async\" src=\"https:\/\/myparadigm.com\/wp-content\/uploads\/2025\/03\/Paradigm-Nexus-ERP-Software-Solution-Production-Planning-Module-Forecast-UI-and-Conversion-Factor.png\" alt=\"Paradigm Nexus ERP Software Solution - Production Planning Module - Forecast UI and Conversion Factor\" itemprop=\"image\" height=\"506\" width=\"714\" title=\"Paradigm Nexus ERP Software Solution - Production Planning Module - Forecast UI and Conversion Factor\" onerror=\"this.style.display='none'\"  \/>\n\t\t<h2>\n\t\t\tForecast Integration \n\t\t<\/h2>\n\t<ul>\n\t\t\t<li>\n\t\t\t\tImport sales forecasts from CRM systems to display within the Production Planning module. \n\t\t\t<\/li>\n\t\t\t<li>\n\t\t\t\tAlign your production schedules with sales rep-specific data including pipeline and conversion factors to better meet market demand.\n\t\t\t<\/li>\n\t\t<\/ul>\n\t\t<h2>\n\t\t\tUser-Friendly Interface \n\t\t<\/h2>\n\t<ul>\n\t\t\t<li>\n\t\t\t\tIntuitive web-based interface designed with user feedback in mind. \n\t\t\t<\/li>\n\t\t\t<li>\n\t\t\t\tEasy to use and navigate, reducing the learning curve for new users. \n\t\t\t<\/li>\n\t\t<\/ul>\n\t\t\t\t<img loading=\"lazy\" decoding=\"async\" src=\"https:\/\/myparadigm.com\/wp-content\/uploads\/2025\/03\/Paradigm-Nexus-Production-Planning-Module-User-Friendly-Interface-UI.png\" alt=\"Paradigm Nexus Production Planning Module - User-Friendly Interface UI\" itemprop=\"image\" height=\"511\" width=\"435\" title=\"Paradigm Nexus Production Planning Module - User-Friendly Interface UI\" onerror=\"this.style.display='none'\"  \/>\n\t\t\tProduction Planning\n\t\t<h2>\n\t\t\tGet Started Today \n\t\t<\/h2>\n\t\t\t<p>Ready to take your production planning to the next level? Contact us today to learn more about how Production Planning software can improve your manufacturing operations.<\/p>\t\t\n\t\t\t<a href=\"https:\/\/myparadigm.com\/schedule-a-demo\/nexus\/\" target=\"_self\">\n\t\t\t\t\t\t\tContact Us\n\t\t\t<\/a>\n\n","protected":false},"excerpt":{"rendered":"<p>Production Planning Software Production Planning\u2122 is a powerful new solution designed to enhance the efficiency and accuracy of your manufacturing processes. This innovative tool integrates seamlessly with your existing Paradigm Omni system, providing you with the insights and capabilities needed to optimize production schedules, manage capacity, and forecast lead times with precision. Learn More Careers&hellip;<\/p>\n","protected":false},"author":1,"featured_media":17596,"parent":14282,"menu_order":34,"comment_status":"closed","ping_status":"closed","template":"","meta":{"_acf_changed":false,"footnotes":""},"page_categories":[],"class_list":["post-17517","page","type-page","status-publish","has-post-thumbnail","hentry"],"acf":[],"yoast_head":"<!-- This site is optimized with the Yoast SEO Premium plugin v27.3 (Yoast SEO v27.3) - https:\/\/yoast.com\/product\/yoast-seo-premium-wordpress\/ -->\n<title>Logiciel de planification de la production<\/title>\n<meta name=\"description\" content=\"Le logiciel Paradigm Production Planning est con\u00e7u pour am\u00e9liorer l&#039;efficacit\u00e9 et la pr\u00e9cision de vos processus de fabrication.\" \/>\n<meta name=\"robots\" content=\"index, follow, max-snippet:-1, max-image-preview:large, max-video-preview:-1\" \/>\n<link rel=\"canonical\" href=\"https:\/\/myparadigm.com\/fr\/solutions\/paradigm-nexus\/production-planning-software\/\" \/>\n<meta property=\"og:locale\" content=\"fr_FR\" \/>\n<meta property=\"og:type\" content=\"article\" \/>\n<meta property=\"og:title\" content=\"Logiciel de planification de la production Paradigm\" \/>\n<meta property=\"og:description\" content=\"Le logiciel Paradigm Production Planning est con\u00e7u pour am\u00e9liorer l&#039;efficacit\u00e9 et la pr\u00e9cision de vos processus de fabrication.\" \/>\n<meta property=\"og:url\" content=\"https:\/\/myparadigm.com\/fr\/solutions\/paradigm-nexus\/production-planning-software\/\" \/>\n<meta property=\"og:site_name\" content=\"Paradigm Technology\" \/>\n<meta property=\"article:publisher\" content=\"https:\/\/www.facebook.com\/myParadigmTechnology\/\" \/>\n<meta property=\"article:modified_time\" content=\"2025-05-05T18:46:42+00:00\" \/>\n<meta property=\"og:image\" content=\"https:\/\/myparadigm.com\/wp-content\/uploads\/2025\/04\/Paradigm-Production-Planning-Logo-color.png\" \/>\n\t<meta property=\"og:image:width\" content=\"6375\" \/>\n\t<meta property=\"og:image:height\" content=\"782\" \/>\n\t<meta property=\"og:image:type\" content=\"image\/png\" \/>\n<meta name=\"twitter:card\" content=\"summary_large_image\" \/>\n<meta name=\"twitter:label1\" content=\"Dur\u00e9e de lecture estim\u00e9e\" \/>\n\t<meta name=\"twitter:data1\" content=\"4 minutes\" \/>\n<script type=\"application\/ld+json\" class=\"yoast-schema-graph\">{\"@context\":\"https:\\\/\\\/schema.org\",\"@graph\":[{\"@type\":\"WebPage\",\"@id\":\"https:\\\/\\\/myparadigm.com\\\/fr\\\/solutions\\\/paradigm-nexus\\\/production-planning-software\\\/\",\"url\":\"https:\\\/\\\/myparadigm.com\\\/fr\\\/solutions\\\/paradigm-nexus\\\/production-planning-software\\\/\",\"name\":\"Logiciel de planification de la production\",\"isPartOf\":{\"@id\":\"https:\\\/\\\/myparadigm.com\\\/#website\"},\"primaryImageOfPage\":{\"@id\":\"https:\\\/\\\/myparadigm.com\\\/fr\\\/solutions\\\/paradigm-nexus\\\/production-planning-software\\\/#primaryimage\"},\"image\":{\"@id\":\"https:\\\/\\\/myparadigm.com\\\/fr\\\/solutions\\\/paradigm-nexus\\\/production-planning-software\\\/#primaryimage\"},\"thumbnailUrl\":\"https:\\\/\\\/myparadigm.com\\\/wp-content\\\/uploads\\\/2025\\\/05\\\/Paradigm-Production-Planning-Software-Video-Overlay-scaled.jpg\",\"datePublished\":\"2025-04-08T13:28:42+00:00\",\"dateModified\":\"2025-05-05T18:46:42+00:00\",\"description\":\"Le logiciel Paradigm Production Planning est con\u00e7u pour am\u00e9liorer l'efficacit\u00e9 et la pr\u00e9cision de vos processus de fabrication.\",\"breadcrumb\":{\"@id\":\"https:\\\/\\\/myparadigm.com\\\/fr\\\/solutions\\\/paradigm-nexus\\\/production-planning-software\\\/#breadcrumb\"},\"inLanguage\":\"fr-FR\",\"potentialAction\":[{\"@type\":\"ReadAction\",\"target\":[\"https:\\\/\\\/myparadigm.com\\\/fr\\\/solutions\\\/paradigm-nexus\\\/production-planning-software\\\/\"]}]},{\"@type\":\"ImageObject\",\"inLanguage\":\"fr-FR\",\"@id\":\"https:\\\/\\\/myparadigm.com\\\/fr\\\/solutions\\\/paradigm-nexus\\\/production-planning-software\\\/#primaryimage\",\"url\":\"https:\\\/\\\/myparadigm.com\\\/wp-content\\\/uploads\\\/2025\\\/05\\\/Paradigm-Production-Planning-Software-Video-Overlay-scaled.jpg\",\"contentUrl\":\"https:\\\/\\\/myparadigm.com\\\/wp-content\\\/uploads\\\/2025\\\/05\\\/Paradigm-Production-Planning-Software-Video-Overlay-scaled.jpg\",\"width\":2560,\"height\":1440},{\"@type\":\"BreadcrumbList\",\"@id\":\"https:\\\/\\\/myparadigm.com\\\/fr\\\/solutions\\\/paradigm-nexus\\\/production-planning-software\\\/#breadcrumb\",\"itemListElement\":[{\"@type\":\"ListItem\",\"position\":1,\"name\":\"Home\",\"item\":\"https:\\\/\\\/myparadigm.com\\\/fr\\\/home\\\/\"},{\"@type\":\"ListItem\",\"position\":2,\"name\":\"Solutions\",\"item\":\"https:\\\/\\\/myparadigm.com\\\/software\\\/\"},{\"@type\":\"ListItem\",\"position\":3,\"name\":\"Paradigm Nexus\",\"item\":\"https:\\\/\\\/myparadigm.com\\\/fr\\\/solutions\\\/paradigm-nexus\\\/\"},{\"@type\":\"ListItem\",\"position\":4,\"name\":\"Logiciel de planification de la production Paradigm\"}]},{\"@type\":\"WebSite\",\"@id\":\"https:\\\/\\\/myparadigm.com\\\/#website\",\"url\":\"https:\\\/\\\/myparadigm.com\\\/\",\"name\":\"Paradigm Technology\",\"description\":\"Software for the Building Industry\",\"publisher\":{\"@id\":\"https:\\\/\\\/myparadigm.com\\\/#organization\"},\"potentialAction\":[{\"@type\":\"SearchAction\",\"target\":{\"@type\":\"EntryPoint\",\"urlTemplate\":\"https:\\\/\\\/myparadigm.com\\\/?s={search_term_string}\"},\"query-input\":{\"@type\":\"PropertyValueSpecification\",\"valueRequired\":true,\"valueName\":\"search_term_string\"}}],\"inLanguage\":\"fr-FR\"},{\"@type\":\"Organization\",\"@id\":\"https:\\\/\\\/myparadigm.com\\\/#organization\",\"name\":\"Paradigm Technology\",\"url\":\"https:\\\/\\\/myparadigm.com\\\/\",\"logo\":{\"@type\":\"ImageObject\",\"inLanguage\":\"fr-FR\",\"@id\":\"https:\\\/\\\/myparadigm.com\\\/#\\\/schema\\\/logo\\\/image\\\/\",\"url\":\"https:\\\/\\\/myparadigm.com\\\/wp-content\\\/uploads\\\/2023\\\/12\\\/Paradigm_favicon_web_p.jpg\",\"contentUrl\":\"https:\\\/\\\/myparadigm.com\\\/wp-content\\\/uploads\\\/2023\\\/12\\\/Paradigm_favicon_web_p.jpg\",\"width\":512,\"height\":512,\"caption\":\"Paradigm Technology\"},\"image\":{\"@id\":\"https:\\\/\\\/myparadigm.com\\\/#\\\/schema\\\/logo\\\/image\\\/\"},\"sameAs\":[\"https:\\\/\\\/www.facebook.com\\\/myParadigmTechnology\\\/\",\"https:\\\/\\\/www.linkedin.com\\\/company\\\/myParadigmTechnology\\\/\",\"https:\\\/\\\/www.youtube.com\\\/channel\\\/UC8khFPtIe_j0A7K0zLL5VBA\"]}]}<\/script>\n<!-- \/ Yoast SEO Premium plugin. -->","yoast_head_json":{"title":"Logiciel de planification de la production","description":"Le logiciel Paradigm Production Planning est con\u00e7u pour am\u00e9liorer l'efficacit\u00e9 et la pr\u00e9cision de vos processus de fabrication.","robots":{"index":"index","follow":"follow","max-snippet":"max-snippet:-1","max-image-preview":"max-image-preview:large","max-video-preview":"max-video-preview:-1"},"canonical":"https:\/\/myparadigm.com\/fr\/solutions\/paradigm-nexus\/production-planning-software\/","og_locale":"fr_FR","og_type":"article","og_title":"Logiciel de planification de la production Paradigm","og_description":"Le logiciel Paradigm Production Planning est con\u00e7u pour am\u00e9liorer l'efficacit\u00e9 et la pr\u00e9cision de vos processus de fabrication.","og_url":"https:\/\/myparadigm.com\/fr\/solutions\/paradigm-nexus\/production-planning-software\/","og_site_name":"Paradigm Technology","article_publisher":"https:\/\/www.facebook.com\/myParadigmTechnology\/","article_modified_time":"2025-05-05T18:46:42+00:00","og_image":[{"width":6375,"height":782,"url":"https:\/\/myparadigm.com\/wp-content\/uploads\/2025\/04\/Paradigm-Production-Planning-Logo-color.png","type":"image\/png"}],"twitter_card":"summary_large_image","twitter_misc":{"Dur\u00e9e de lecture estim\u00e9e":"4 minutes"},"schema":{"@context":"https:\/\/schema.org","@graph":[{"@type":"WebPage","@id":"https:\/\/myparadigm.com\/fr\/solutions\/paradigm-nexus\/production-planning-software\/","url":"https:\/\/myparadigm.com\/fr\/solutions\/paradigm-nexus\/production-planning-software\/","name":"Logiciel de planification de la production","isPartOf":{"@id":"https:\/\/myparadigm.com\/#website"},"primaryImageOfPage":{"@id":"https:\/\/myparadigm.com\/fr\/solutions\/paradigm-nexus\/production-planning-software\/#primaryimage"},"image":{"@id":"https:\/\/myparadigm.com\/fr\/solutions\/paradigm-nexus\/production-planning-software\/#primaryimage"},"thumbnailUrl":"https:\/\/myparadigm.com\/wp-content\/uploads\/2025\/05\/Paradigm-Production-Planning-Software-Video-Overlay-scaled.jpg","datePublished":"2025-04-08T13:28:42+00:00","dateModified":"2025-05-05T18:46:42+00:00","description":"Le logiciel Paradigm Production Planning est con\u00e7u pour am\u00e9liorer l'efficacit\u00e9 et la pr\u00e9cision de vos processus de fabrication.","breadcrumb":{"@id":"https:\/\/myparadigm.com\/fr\/solutions\/paradigm-nexus\/production-planning-software\/#breadcrumb"},"inLanguage":"fr-FR","potentialAction":[{"@type":"ReadAction","target":["https:\/\/myparadigm.com\/fr\/solutions\/paradigm-nexus\/production-planning-software\/"]}]},{"@type":"ImageObject","inLanguage":"fr-FR","@id":"https:\/\/myparadigm.com\/fr\/solutions\/paradigm-nexus\/production-planning-software\/#primaryimage","url":"https:\/\/myparadigm.com\/wp-content\/uploads\/2025\/05\/Paradigm-Production-Planning-Software-Video-Overlay-scaled.jpg","contentUrl":"https:\/\/myparadigm.com\/wp-content\/uploads\/2025\/05\/Paradigm-Production-Planning-Software-Video-Overlay-scaled.jpg","width":2560,"height":1440},{"@type":"BreadcrumbList","@id":"https:\/\/myparadigm.com\/fr\/solutions\/paradigm-nexus\/production-planning-software\/#breadcrumb","itemListElement":[{"@type":"ListItem","position":1,"name":"Home","item":"https:\/\/myparadigm.com\/fr\/home\/"},{"@type":"ListItem","position":2,"name":"Solutions","item":"https:\/\/myparadigm.com\/software\/"},{"@type":"ListItem","position":3,"name":"Paradigm Nexus","item":"https:\/\/myparadigm.com\/fr\/solutions\/paradigm-nexus\/"},{"@type":"ListItem","position":4,"name":"Logiciel de planification de la production Paradigm"}]},{"@type":"WebSite","@id":"https:\/\/myparadigm.com\/#website","url":"https:\/\/myparadigm.com\/","name":"Paradigm Technology","description":"Software for the Building Industry","publisher":{"@id":"https:\/\/myparadigm.com\/#organization"},"potentialAction":[{"@type":"SearchAction","target":{"@type":"EntryPoint","urlTemplate":"https:\/\/myparadigm.com\/?s={search_term_string}"},"query-input":{"@type":"PropertyValueSpecification","valueRequired":true,"valueName":"search_term_string"}}],"inLanguage":"fr-FR"},{"@type":"Organization","@id":"https:\/\/myparadigm.com\/#organization","name":"Paradigm Technology","url":"https:\/\/myparadigm.com\/","logo":{"@type":"ImageObject","inLanguage":"fr-FR","@id":"https:\/\/myparadigm.com\/#\/schema\/logo\/image\/","url":"https:\/\/myparadigm.com\/wp-content\/uploads\/2023\/12\/Paradigm_favicon_web_p.jpg","contentUrl":"https:\/\/myparadigm.com\/wp-content\/uploads\/2023\/12\/Paradigm_favicon_web_p.jpg","width":512,"height":512,"caption":"Paradigm Technology"},"image":{"@id":"https:\/\/myparadigm.com\/#\/schema\/logo\/image\/"},"sameAs":["https:\/\/www.facebook.com\/myParadigmTechnology\/","https:\/\/www.linkedin.com\/company\/myParadigmTechnology\/","https:\/\/www.youtube.com\/channel\/UC8khFPtIe_j0A7K0zLL5VBA"]}]}},"_links":{"self":[{"href":"https:\/\/myparadigm.com\/fr\/wp-json\/wp\/v2\/pages\/17517","targetHints":{"allow":["GET"]}}],"collection":[{"href":"https:\/\/myparadigm.com\/fr\/wp-json\/wp\/v2\/pages"}],"about":[{"href":"https:\/\/myparadigm.com\/fr\/wp-json\/wp\/v2\/types\/page"}],"author":[{"embeddable":true,"href":"https:\/\/myparadigm.com\/fr\/wp-json\/wp\/v2\/users\/1"}],"replies":[{"embeddable":true,"href":"https:\/\/myparadigm.com\/fr\/wp-json\/wp\/v2\/comments?post=17517"}],"version-history":[{"count":0,"href":"https:\/\/myparadigm.com\/fr\/wp-json\/wp\/v2\/pages\/17517\/revisions"}],"up":[{"embeddable":true,"href":"https:\/\/myparadigm.com\/fr\/wp-json\/wp\/v2\/pages\/14282"}],"wp:featuredmedia":[{"embeddable":true,"href":"https:\/\/myparadigm.com\/fr\/wp-json\/wp\/v2\/media\/17596"}],"wp:attachment":[{"href":"https:\/\/myparadigm.com\/fr\/wp-json\/wp\/v2\/media?parent=17517"}],"wp:term":[{"taxonomy":"page_categories","embeddable":true,"href":"https:\/\/myparadigm.com\/fr\/wp-json\/wp\/v2\/page_categories?post=17517"}],"curies":[{"name":"wp","href":"https:\/\/api.w.org\/{rel}","templated":true}]}}