{"id":17001,"date":"2024-06-14T15:37:18","date_gmt":"2024-06-14T15:37:18","guid":{"rendered":"https:\/\/wtspstaging.wpengine.com\/solutions\/mockup-paradigm-vendo\/"},"modified":"2025-10-08T20:20:27","modified_gmt":"2025-10-08T20:20:27","slug":"mockup-paradigm-vendo","status":"publish","type":"page","link":"https:\/\/myparadigm.com\/fr\/solutions\/mockup-paradigm-vendo\/","title":{"rendered":"Paradigm Vendo (mockup)"},"content":{"rendered":"\n\n\t\t\t\t\t\t\t\t\t<img loading=\"lazy\" decoding=\"async\" src=\"https:\/\/myparadigm.com\/wp-content\/uploads\/2023\/08\/ParadigmVendo_Green_WhiteText_176x43-2024.png\" alt=\"ParadigmVendo_Green_WhiteText_176x43-2024\" itemprop=\"image\" height=\"43\" width=\"176\" title=\"ParadigmVendo_Green_WhiteText_176x43-2024\" onerror=\"this.style.display='none'\"  \/>\n\t\t<h1>\n\t\t\tApplication de vente pour entrepreneurs en r\u00e9novation domiciliaire\n\t\t<\/h1>\n\t\t\t<p>Give your dealers seamless access to your catalog of windows, doors and other home improvement products and create a better buying experience that closes more &#8211; and bigger &#8212; deals with Paradigm Vendo\u2122.<\/p>\t\t\n\t\t\t<a href=\"https:\/\/myparadigm.com\/fr\/schedule-a-demo\/schedule-a-demo-paradigm-vendo\/\" target=\"_self\" rel=\"noopener\">\n\t\t\t\t\t\t\tLearn More\n\t\t\t<\/a>\nMenu\t\t\t\n\t\t\t\t\t<ul id=\"menu-paradigm-vendo-french\"><li id=\"menu-item-16344\"><a href=\"https:\/\/myparadigm.com\/fr\/solutions\/paradigm-vendo\/\">Paradigm Vendo<\/a><\/li>\n<li id=\"menu-item-16345\"><a href=\"https:\/\/myparadigm.com\/fr\/solutions\/paradigm-vendo\/paradigm-payments\/\">Paradigm Payments<\/a><\/li>\n<li id=\"menu-item-16346\"><a href=\"https:\/\/myparadigm.com\/fr\/solutions\/paradigm-vendo\/paradigm-finance\/\">Paradigm Finance<\/a><\/li>\n<\/ul>\t\n\t\t\tParadigm Vendo\u2122\n\t\t<h2>\n\t\t\tLogiciel de point de vente d&rsquo;un leader du secteur\n\t\t<\/h2>\n\t\t\t<p>Si une maison a \u00e9t\u00e9 construite ou r\u00e9nov\u00e9e au cours des 20 derni\u00e8res ann\u00e9es, il est probable que le logiciel Paradigm soit impliqu\u00e9. De l&rsquo;atelier de fabrication \u00e0 la porte d&rsquo;entr\u00e9e du propri\u00e9taire &#8211; et tout le reste, l&rsquo;industrie de la construction s&rsquo;appuie sur Paradigm. Nous comprenons vos d\u00e9fis concurrentiels, vos processus de vente et vos clients. D\u00e9couvrez comment Paradigm Vendo peut g\u00e9n\u00e9rer encore plus de succ\u00e8s sur l&rsquo;ensemble de vos canaux de vente. <\/p>\t\t\n\t\t<!-- Comment to fix spacing issue\n\t-->\n\t\t<h2>0<\/h2>\n\t<!-- Comment to fix spacing issue\n\t-->\t\n\t\t<h5>\n\t\t\tNet Promoter Score\n\t\t<\/h5>\n\t\t\t<p>Proven solutions for the building and home improvement industry.<\/p>\t\t\n\t\t<!-- Comment to fix spacing issue\n\t-->\n\t\t<h2>0+<\/h2>\n\t<!-- Comment to fix spacing issue\n\t-->\t\n\t\t<h5>\n\t\t\tMarques de fournisseurs\n\t\t<\/h5>\n\t\t\t<p>Acc\u00e9dez aux meilleures marques recherch\u00e9es par vos clients. <\/p>\t\t\n\t\t\t\t\t\t\t\t\t<img loading=\"lazy\" decoding=\"async\" src=\"https:\/\/myparadigm.com\/wp-content\/uploads\/2024\/06\/Paradigm-Vendo-Seamlessly-Sell-from-Your-Product-Catalog-In-Home-UI.png\" alt=\"Paradigm Vendo Seamlessly Sell from Your Product Catalog In Home\" itemprop=\"image\" height=\"3564\" width=\"4742\" srcset=\"https:\/\/myparadigm.com\/wp-content\/uploads\/2024\/06\/Paradigm-Vendo-Seamlessly-Sell-from-Your-Product-Catalog-In-Home-UI.png 4742w, https:\/\/myparadigm.com\/wp-content\/uploads\/2024\/06\/Paradigm-Vendo-Seamlessly-Sell-from-Your-Product-Catalog-In-Home-UI-300x225.png 300w, https:\/\/myparadigm.com\/wp-content\/uploads\/2024\/06\/Paradigm-Vendo-Seamlessly-Sell-from-Your-Product-Catalog-In-Home-UI-1024x770.png 1024w, https:\/\/myparadigm.com\/wp-content\/uploads\/2024\/06\/Paradigm-Vendo-Seamlessly-Sell-from-Your-Product-Catalog-In-Home-UI-768x577.png 768w, https:\/\/myparadigm.com\/wp-content\/uploads\/2024\/06\/Paradigm-Vendo-Seamlessly-Sell-from-Your-Product-Catalog-In-Home-UI-1536x1154.png 1536w, https:\/\/myparadigm.com\/wp-content\/uploads\/2024\/06\/Paradigm-Vendo-Seamlessly-Sell-from-Your-Product-Catalog-In-Home-UI-2048x1539.png 2048w\" sizes=\"auto, (max-width: 4742px) 100vw, 4742px\" title=\"Paradigm Vendo - Seamlessly Sell from Your Product Catalog In Home\" onerror=\"this.style.display='none'\"  \/>\n\t\t<h2>\n\t\t\tSeamlessly Sell from Your Product Catalog In Home\n\t\t<\/h2>\n\t\t\t<p>With Paradigm Vendo, the door will open when your dealers and sales professionals knock. Paradigm Vendo streamlines the selling process &#8211; from appointment scheduling to contract signatures, and everything in between. Best of all, Paradigm Vendo leverages your product catalog. And if you&rsquo;re an existing Paradigm Omni customer, just turn on Paradigm Vendo and create more in-home selling opportunities today!<\/p>\t\t\n\t\t<p>Watch Video<\/p>\n\t\t\t\t<a href=\"https:\/\/vimeo.com\/488261893\" role=\"button\" target=\"_self\" rel=\"noopener\">\n\t\t\t\t\t\t\t\t\t\t\t\t\t\t\t\t\t\t\t<\/a>\n\t\t\t<img decoding=\"async\" src=\"https:\/\/i.vimeocdn.com\/video\/1177135236-75d42cfac3aa08d3d78850c54bb24d749d039b2cb2f7f32c0991a276bd9e8bef-d_640\" alt=\"Vid\u00e9o\" \/>\t\t\t\t\t\t\t\n\t\t\t\t\tPlay Video\n\t\t<h2>\n\t\t\tEverybody Wins with In-Home Selling\n\t\t<\/h2>\n\t\t\t\t<p>Get more value out of your existing Paradigm Omni investment.<\/p>\n\t\t\t\t<p>Capture valuable data insights on sales performance.<\/p>\n\t\t\t\t<p>Build dealer loyalty by providing them with a best-in-class in-home selling app. <\/p>\n\t\t\t\t<p>Put your best sales collateral at the fingertips of in-home sales professionals.<\/p>\n\t\t\t\t<p>Leverage consumer-friendly versions of your existing product catalogs for in-home sales.<\/p>\n\t\t\t\t<p>Help your dealers and in-home sales staff streamline the sales process and close more deals.<\/p>\n\t\t<h2>\n\t\t\tCapabilities that Sell More\n\t\t<\/h2>\n\t<ul>\n\t\t\t<li>\n\t\t\t\tCount on Paradigm Vendo for easy <b>in-person or virtual product configuration<\/b> and quote comparisons that build customer confidence and close more deals. \n\t\t\t<\/li>\n\t\t\t<li>\n\t\t\t\tLeverage <b>consumer-friendly versions of your product catalogs<\/b> on any device with an internet connection. \n\t\t\t<\/li>\n\t\t\t<li>\n\t\t\t\tParadigm Vendo syncs with CRM systems to manage appointments and leads.\n\t\t\t<\/li>\n\t\t\t<li>\n\t\t\t\tCustomize sales presentations to showcase your branding, pricing options, and product demos.\n\t\t\t<\/li>\n\t\t\t<li>\n\t\t\t\tFinalize sales with convenient e-signature functionality.\n\t\t\t<\/li>\n\t\t<\/ul>\n\t\t\t\t\t\t\t\t\t<img loading=\"lazy\" decoding=\"async\" src=\"https:\/\/myparadigm.com\/wp-content\/uploads\/bb-plugin\/cache\/Paradigm-Vendo-EcoView-Tablet-in-use-square.png\" alt=\"Paradigm Vendo In-Home Selling Capabilities that Sell More\" itemprop=\"image\" height=\"672\" width=\"1162\" title=\"Paradigm Vendo - In-Home Selling Capabilities that Sell More\" onerror=\"this.style.display='none'\"  \/>\n\t<p>\u00ab\u00a0La simplicit\u00e9 est ce que nous recherchions vraiment dans notre exp\u00e9rience client. Paradigm Vendo facilite le processus de consultation des ventes pour nos franchis\u00e9s et le propri\u00e9taire.\u00a0\u00bb<\/p>\n\t\t\n\t\t\t<p><strong>Christina Beckman<\/strong><br \/>LEI Home Enhancements<\/p>\t\t\n\t\t\t<a href=\"https:\/\/info.paradigmvendo.com\/testimonials\/lei-home-enhancements-chooses-paradigm-vendo-app\/\" target=\"_self\" rel=\"noopener\">\n\t\t\t\t\t\t\tLire le t\u00e9moignage\n\t\t\t<\/a>\n\t\t<h2>\n\t\t\tTrusted Across the Industry\n\t\t<\/h2>\n\t\t\t<p>Join the growing list of customers, and industry colleagues partnering with Paradigm Vendo to grow their business and expand their reach.<\/p>\t\t\n\t\t\t<a href=\"https:\/\/info.paradigmvendo.com\/partners\/\" target=\"_self\" rel=\"noopener\">\n\t\t\t\t\t\t\tView Manufacturer Brands, Customers &amp; Integrations\n\t\t\t<\/a>\n\t\t<h2>\n\t\t\tVentes num\u00e9riques \u00e0 votre fa\u00e7on\n\t\t<\/h2>\n\t\t\t<p>Paradigm Vendo is built around your competitive challenges, sales processes, and customers.<\/p>\t\t\n\t\t\t\t\t\t\t<img decoding=\"async\" src=\"https:\/\/myparadigm.com\/wp-content\/uploads\/2023\/08\/Mask-Group-309.png\" alt=\"Mask Group 309\" \/>\n\t\t<h4>Technologie ax\u00e9e sur le client<\/h4>\n\t\t\t<p>Easy-to-use technology leverages a consumer-friendly version of product catalogs, to help sales professionals effectively showcase products on any device &#8211; in person or virtually.<\/p>\t\t\n\t\t\t\t\t\t\t<img decoding=\"async\" src=\"https:\/\/myparadigm.com\/wp-content\/uploads\/2023\/08\/Mask-Group-311.png\" alt=\"Mask Group 311\" \/>\n\t\t<h4>Vente simplifi\u00e9e<\/h4>\n\t\t\t<p>Paradigm Vendo regorge de fonctionnalit\u00e9s qui permettent une vente de bout en bout. Prenez le contr\u00f4le de la gestion des rendez-vous, de la configuration et de la comparaison des produits, des devis, des options de financement et des signatures \u00e9lectroniques : tout ce dont vous avez besoin pour conclure la transaction aujourd&rsquo;hui.  management, product configuration and comparisons, quoting, financing options, and e-signatures &#8211; everything you need to close the deal today.<\/p>\t\t\n\t\t\t\t\t\t\t<img decoding=\"async\" src=\"https:\/\/myparadigm.com\/wp-content\/uploads\/2023\/08\/Mask-Group-320.png\" alt=\"Mask Group 320\" \/>\n\t\t<h4>Int\u00e9gration facile<\/h4>\n\t\t\t<p>Synchronisez Paradigm Vendo avec vos solutions CRM et de devis actuelles pour g\u00e9rer de mani\u00e8re transparente les prospects et les rendez-vous, \u00e9liminer la saisie r\u00e9p\u00e9t\u00e9e des commandes, et bien plus encore. Configurez et cr\u00e9ez des devis pour plusieurs forfaits en m\u00eame temps. Et vendez des produits \u00e0 votre fa\u00e7on, en pr\u00e9sentant une image de marque personnalisable, des options de tarification et des ressources de d\u00e9monstration. appointments, eliminate order re-entry, and more. Configure and quote multiple packages at the same  time. And sell products your way, by showcasing  customizable branding, pricing options, and demo resources.<\/p>\t\t\n\t\t\tProduct Add-Ons\n\t\t<h2>\n\t\t\tFaites passer Paradigm Vendo au niveau sup\u00e9rieur avec des modules compl\u00e9mentaires financiers\n\t\t<\/h2>\n\t\t\t<p>Les modules compl\u00e9mentaires sont des am\u00e9liorations et des applications facultatives qui peuvent \u00eatre ajout\u00e9es \u00e0 tout moment.<\/p>\t\t\n\t\t\t\t\t\t\t\t\t<img loading=\"lazy\" decoding=\"async\" src=\"https:\/\/myparadigm.com\/wp-content\/uploads\/2023\/08\/2023-Nexus_PowerUps_Finance.jpg\" alt=\"2023 Nexus_PowerUps_Finance\" itemprop=\"image\" height=\"250\" width=\"619\" srcset=\"https:\/\/myparadigm.com\/wp-content\/uploads\/2023\/08\/2023-Nexus_PowerUps_Finance.jpg 619w, https:\/\/myparadigm.com\/wp-content\/uploads\/2023\/08\/2023-Nexus_PowerUps_Finance-300x121.jpg 300w\" sizes=\"auto, (max-width: 619px) 100vw, 619px\" title=\"2023 Nexus_PowerUps_Finance\" onerror=\"this.style.display='none'\"  \/>\n\t\t\t\t\t\t\t\t\t<img loading=\"lazy\" decoding=\"async\" src=\"https:\/\/myparadigm.com\/wp-content\/uploads\/2023\/11\/Logo_Paradigm-Finance_Color.png\" alt=\"Paradigm Finance, Point of Sale Financing\" itemprop=\"image\" height=\"334\" width=\"1434\" srcset=\"https:\/\/myparadigm.com\/wp-content\/uploads\/2023\/11\/Logo_Paradigm-Finance_Color.png 1434w, https:\/\/myparadigm.com\/wp-content\/uploads\/2023\/11\/Logo_Paradigm-Finance_Color-300x70.png 300w, https:\/\/myparadigm.com\/wp-content\/uploads\/2023\/11\/Logo_Paradigm-Finance_Color-1024x239.png 1024w, https:\/\/myparadigm.com\/wp-content\/uploads\/2023\/11\/Logo_Paradigm-Finance_Color-768x179.png 768w\" sizes=\"auto, (max-width: 1434px) 100vw, 1434px\" title=\"2024 Paradigm Finance Logo - Navy\" onerror=\"this.style.display='none'\"  \/>\n\t<p>Paradigm Finance est une solution de financement de point de vente adapt\u00e9e aux appareils mobiles qui donne aux entrepreneurs le pouvoir d&rsquo;offrir \u00e0 leurs clients des options de financement instantan\u00e9es. Simplifiez les d\u00e9cisions d&rsquo;achat, concluez davantage de transactions et aidez les clients \u00e0 faire de leur vision une r\u00e9alit\u00e9. <\/p>\n\t\t\t<a href=\"https:\/\/myparadigm.com\/fr\/solutions\/paradigm-vendo\/paradigm-finance\/\" target=\"_self\" rel=\"noopener\">\n\t\t\t\t\t\t\tLearn More\n\t\t\t\t\t<\/a>\n\t\t\t\t\t\t\t\t\t<img loading=\"lazy\" decoding=\"async\" src=\"https:\/\/myparadigm.com\/wp-content\/uploads\/2023\/08\/2023-Nexus_PowerUps_Payments.jpg\" alt=\"2023 Nexus_PowerUps_Payments\" itemprop=\"image\" height=\"250\" width=\"622\" srcset=\"https:\/\/myparadigm.com\/wp-content\/uploads\/2023\/08\/2023-Nexus_PowerUps_Payments.jpg 622w, https:\/\/myparadigm.com\/wp-content\/uploads\/2023\/08\/2023-Nexus_PowerUps_Payments-300x121.jpg 300w\" sizes=\"auto, (max-width: 622px) 100vw, 622px\" title=\"2023 Nexus_PowerUps_Payments\" onerror=\"this.style.display='none'\"  \/>\n\t\t\t\t\t\t\t\t\t<img loading=\"lazy\" decoding=\"async\" src=\"https:\/\/myparadigm.com\/wp-content\/uploads\/2023\/11\/ParadigmPayments-Horiz-BigMark.png\" alt=\"Paradigm Payments, Payment Processing Services\" itemprop=\"image\" height=\"389\" width=\"1763\" srcset=\"https:\/\/myparadigm.com\/wp-content\/uploads\/2023\/11\/ParadigmPayments-Horiz-BigMark.png 1763w, https:\/\/myparadigm.com\/wp-content\/uploads\/2023\/11\/ParadigmPayments-Horiz-BigMark-300x66.png 300w, https:\/\/myparadigm.com\/wp-content\/uploads\/2023\/11\/ParadigmPayments-Horiz-BigMark-1024x226.png 1024w, https:\/\/myparadigm.com\/wp-content\/uploads\/2023\/11\/ParadigmPayments-Horiz-BigMark-768x169.png 768w, https:\/\/myparadigm.com\/wp-content\/uploads\/2023\/11\/ParadigmPayments-Horiz-BigMark-1536x339.png 1536w\" sizes=\"auto, (max-width: 1763px) 100vw, 1763px\" title=\"2024 Paradigm Payments Logo - Navy\" onerror=\"this.style.display='none'\"  \/>\n\t<p>Paradigm Payments est un service de traitement des paiements s\u00e9curis\u00e9 qui \u00e9limine le co\u00fbt et la complexit\u00e9 du traitement des paiements en vous permettant d&rsquo;accepter facilement les paiements par cr\u00e9dit, d\u00e9bit et par ch\u00e8que au point de vente.<\/p>\n\t\t\t<a href=\"https:\/\/myparadigm.com\/fr\/solutions\/paradigm-vendo\/paradigm-payments\/\" target=\"_self\" rel=\"noopener\">\n\t\t\t\t\t\t\tLearn More\n\t\t\t\t\t<\/a>\n\t<p>\u00ab\u00a0Paradigm Vendo r\u00e9duit de moiti\u00e9 le processus de vente et les vendeurs peuvent en faire plus. Ils sont plus efficaces dans leurs devis et leurs rapports. Beaucoup moins d&rsquo;erreurs sont commises.\u00a0\u00bb<\/p>\n\t\t\n\t\t\t<strong>James Dobyne<\/strong><br \/>\nEcoView America\n\t\t\t<a href=\"https:\/\/info.paradigmvendo.com\/testimonials\/ecoview-america-chooses-paradigm-vendo-digital-quoting-and-selling-solution\/\" target=\"_self\" rel=\"noopener\">\n\t\t\t\t\t\t\tLire le t\u00e9moignage\n\t\t\t<\/a>\n\t\t\tParadigm News\n\t\t<h2>\n\t\t\tActualit\u00e9s connexes\n\t\t<\/h2>\n\t\t\t<p>Lisez les derni\u00e8res nouvelles sur l&rsquo;application de vente \u00e0 domicile de Paradigm.<\/p>\t\t\n\n","protected":false},"excerpt":{"rendered":"<p>Application de vente pour entrepreneurs en r\u00e9novation domiciliaire Give your dealers seamless access to your catalog of windows, doors and other home improvement products and create a better buying experience that closes more &#8211; and bigger &#8212; deals with Paradigm Vendo\u2122. Learn More Menu Paradigm Vendo Paradigm Payments Paradigm Finance Paradigm Vendo\u2122 Logiciel de point&hellip;<\/p>\n","protected":false},"author":8,"featured_media":0,"parent":14256,"menu_order":28,"comment_status":"closed","ping_status":"closed","template":"","meta":{"_acf_changed":false,"footnotes":""},"page_categories":[],"class_list":["post-17001","page","type-page","status-publish","hentry"],"acf":[],"yoast_head":"<!-- This site is optimized with the Yoast SEO Premium plugin v27.3 (Yoast SEO v27.3) - https:\/\/yoast.com\/product\/yoast-seo-premium-wordpress\/ -->\n<title>Paradigm Vendo (mockup) - Paradigm Technology<\/title>\n<meta name=\"robots\" content=\"index, follow, max-snippet:-1, max-image-preview:large, max-video-preview:-1\" \/>\n<link rel=\"canonical\" href=\"https:\/\/myparadigm.com\/fr\/solutions\/mockup-paradigm-vendo\/\" \/>\n<meta property=\"og:locale\" content=\"fr_FR\" \/>\n<meta property=\"og:type\" content=\"article\" \/>\n<meta property=\"og:title\" content=\"Paradigm Vendo (mockup)\" \/>\n<meta property=\"og:description\" content=\"Application de vente pour entrepreneurs en r\u00e9novation domiciliaire Give your dealers seamless access to your catalog of windows, doors and other home improvement products and create a better buying experience that closes more &#8211; and bigger &#8212; deals with Paradigm Vendo\u2122. Learn More Menu Paradigm Vendo Paradigm Payments Paradigm Finance Paradigm Vendo\u2122 Logiciel de point&hellip;\" \/>\n<meta property=\"og:url\" content=\"https:\/\/myparadigm.com\/fr\/solutions\/mockup-paradigm-vendo\/\" \/>\n<meta property=\"og:site_name\" content=\"Paradigm Technology\" \/>\n<meta property=\"article:publisher\" content=\"https:\/\/www.facebook.com\/myParadigmTechnology\/\" \/>\n<meta property=\"article:modified_time\" content=\"2025-10-08T20:20:27+00:00\" \/>\n<meta property=\"og:image\" content=\"https:\/\/myparadigm.com\/wp-content\/uploads\/2023\/08\/ParadigmVendo_Green_WhiteText_176x43-2024.png\" \/>\n<meta name=\"twitter:card\" content=\"summary_large_image\" \/>\n<meta name=\"twitter:label1\" content=\"Dur\u00e9e de lecture estim\u00e9e\" \/>\n\t<meta name=\"twitter:data1\" content=\"4 minutes\" \/>\n<script type=\"application\/ld+json\" class=\"yoast-schema-graph\">{\"@context\":\"https:\\\/\\\/schema.org\",\"@graph\":[{\"@type\":\"WebPage\",\"@id\":\"https:\\\/\\\/myparadigm.com\\\/fr\\\/solutions\\\/mockup-paradigm-vendo\\\/\",\"url\":\"https:\\\/\\\/myparadigm.com\\\/fr\\\/solutions\\\/mockup-paradigm-vendo\\\/\",\"name\":\"Paradigm Vendo (mockup) - Paradigm Technology\",\"isPartOf\":{\"@id\":\"https:\\\/\\\/myparadigm.com\\\/#website\"},\"primaryImageOfPage\":{\"@id\":\"https:\\\/\\\/myparadigm.com\\\/fr\\\/solutions\\\/mockup-paradigm-vendo\\\/#primaryimage\"},\"image\":{\"@id\":\"https:\\\/\\\/myparadigm.com\\\/fr\\\/solutions\\\/mockup-paradigm-vendo\\\/#primaryimage\"},\"thumbnailUrl\":\"https:\\\/\\\/myparadigm.com\\\/wp-content\\\/uploads\\\/2023\\\/08\\\/ParadigmVendo_Green_WhiteText_176x43-2024.png\",\"datePublished\":\"2024-06-14T15:37:18+00:00\",\"dateModified\":\"2025-10-08T20:20:27+00:00\",\"breadcrumb\":{\"@id\":\"https:\\\/\\\/myparadigm.com\\\/fr\\\/solutions\\\/mockup-paradigm-vendo\\\/#breadcrumb\"},\"inLanguage\":\"fr-FR\",\"potentialAction\":[{\"@type\":\"ReadAction\",\"target\":[\"https:\\\/\\\/myparadigm.com\\\/fr\\\/solutions\\\/mockup-paradigm-vendo\\\/\"]}]},{\"@type\":\"ImageObject\",\"inLanguage\":\"fr-FR\",\"@id\":\"https:\\\/\\\/myparadigm.com\\\/fr\\\/solutions\\\/mockup-paradigm-vendo\\\/#primaryimage\",\"url\":\"https:\\\/\\\/myparadigm.com\\\/wp-content\\\/uploads\\\/2023\\\/08\\\/ParadigmVendo_Green_WhiteText_176x43-2024.png\",\"contentUrl\":\"https:\\\/\\\/myparadigm.com\\\/wp-content\\\/uploads\\\/2023\\\/08\\\/ParadigmVendo_Green_WhiteText_176x43-2024.png\"},{\"@type\":\"BreadcrumbList\",\"@id\":\"https:\\\/\\\/myparadigm.com\\\/fr\\\/solutions\\\/mockup-paradigm-vendo\\\/#breadcrumb\",\"itemListElement\":[{\"@type\":\"ListItem\",\"position\":1,\"name\":\"Home\",\"item\":\"https:\\\/\\\/myparadigm.com\\\/fr\\\/home\\\/\"},{\"@type\":\"ListItem\",\"position\":2,\"name\":\"Solutions\",\"item\":\"https:\\\/\\\/myparadigm.com\\\/software\\\/\"},{\"@type\":\"ListItem\",\"position\":3,\"name\":\"Paradigm Vendo (mockup)\"}]},{\"@type\":\"WebSite\",\"@id\":\"https:\\\/\\\/myparadigm.com\\\/#website\",\"url\":\"https:\\\/\\\/myparadigm.com\\\/\",\"name\":\"Paradigm Technology\",\"description\":\"Software for the Building Industry\",\"publisher\":{\"@id\":\"https:\\\/\\\/myparadigm.com\\\/#organization\"},\"potentialAction\":[{\"@type\":\"SearchAction\",\"target\":{\"@type\":\"EntryPoint\",\"urlTemplate\":\"https:\\\/\\\/myparadigm.com\\\/?s={search_term_string}\"},\"query-input\":{\"@type\":\"PropertyValueSpecification\",\"valueRequired\":true,\"valueName\":\"search_term_string\"}}],\"inLanguage\":\"fr-FR\"},{\"@type\":\"Organization\",\"@id\":\"https:\\\/\\\/myparadigm.com\\\/#organization\",\"name\":\"Paradigm Technology\",\"url\":\"https:\\\/\\\/myparadigm.com\\\/\",\"logo\":{\"@type\":\"ImageObject\",\"inLanguage\":\"fr-FR\",\"@id\":\"https:\\\/\\\/myparadigm.com\\\/#\\\/schema\\\/logo\\\/image\\\/\",\"url\":\"https:\\\/\\\/myparadigm.com\\\/wp-content\\\/uploads\\\/2023\\\/12\\\/Paradigm_favicon_web_p.jpg\",\"contentUrl\":\"https:\\\/\\\/myparadigm.com\\\/wp-content\\\/uploads\\\/2023\\\/12\\\/Paradigm_favicon_web_p.jpg\",\"width\":512,\"height\":512,\"caption\":\"Paradigm Technology\"},\"image\":{\"@id\":\"https:\\\/\\\/myparadigm.com\\\/#\\\/schema\\\/logo\\\/image\\\/\"},\"sameAs\":[\"https:\\\/\\\/www.facebook.com\\\/myParadigmTechnology\\\/\",\"https:\\\/\\\/www.linkedin.com\\\/company\\\/myParadigmTechnology\\\/\",\"https:\\\/\\\/www.youtube.com\\\/channel\\\/UC8khFPtIe_j0A7K0zLL5VBA\"]}]}<\/script>\n<!-- \/ Yoast SEO Premium plugin. -->","yoast_head_json":{"title":"Paradigm Vendo (mockup) - Paradigm Technology","robots":{"index":"index","follow":"follow","max-snippet":"max-snippet:-1","max-image-preview":"max-image-preview:large","max-video-preview":"max-video-preview:-1"},"canonical":"https:\/\/myparadigm.com\/fr\/solutions\/mockup-paradigm-vendo\/","og_locale":"fr_FR","og_type":"article","og_title":"Paradigm Vendo (mockup)","og_description":"Application de vente pour entrepreneurs en r\u00e9novation domiciliaire Give your dealers seamless access to your catalog of windows, doors and other home improvement products and create a better buying experience that closes more &#8211; and bigger &#8212; deals with Paradigm Vendo\u2122. Learn More Menu Paradigm Vendo Paradigm Payments Paradigm Finance Paradigm Vendo\u2122 Logiciel de point&hellip;","og_url":"https:\/\/myparadigm.com\/fr\/solutions\/mockup-paradigm-vendo\/","og_site_name":"Paradigm Technology","article_publisher":"https:\/\/www.facebook.com\/myParadigmTechnology\/","article_modified_time":"2025-10-08T20:20:27+00:00","og_image":[{"url":"https:\/\/myparadigm.com\/wp-content\/uploads\/2023\/08\/ParadigmVendo_Green_WhiteText_176x43-2024.png","type":"","width":"","height":""}],"twitter_card":"summary_large_image","twitter_misc":{"Dur\u00e9e de lecture estim\u00e9e":"4 minutes"},"schema":{"@context":"https:\/\/schema.org","@graph":[{"@type":"WebPage","@id":"https:\/\/myparadigm.com\/fr\/solutions\/mockup-paradigm-vendo\/","url":"https:\/\/myparadigm.com\/fr\/solutions\/mockup-paradigm-vendo\/","name":"Paradigm Vendo (mockup) - Paradigm Technology","isPartOf":{"@id":"https:\/\/myparadigm.com\/#website"},"primaryImageOfPage":{"@id":"https:\/\/myparadigm.com\/fr\/solutions\/mockup-paradigm-vendo\/#primaryimage"},"image":{"@id":"https:\/\/myparadigm.com\/fr\/solutions\/mockup-paradigm-vendo\/#primaryimage"},"thumbnailUrl":"https:\/\/myparadigm.com\/wp-content\/uploads\/2023\/08\/ParadigmVendo_Green_WhiteText_176x43-2024.png","datePublished":"2024-06-14T15:37:18+00:00","dateModified":"2025-10-08T20:20:27+00:00","breadcrumb":{"@id":"https:\/\/myparadigm.com\/fr\/solutions\/mockup-paradigm-vendo\/#breadcrumb"},"inLanguage":"fr-FR","potentialAction":[{"@type":"ReadAction","target":["https:\/\/myparadigm.com\/fr\/solutions\/mockup-paradigm-vendo\/"]}]},{"@type":"ImageObject","inLanguage":"fr-FR","@id":"https:\/\/myparadigm.com\/fr\/solutions\/mockup-paradigm-vendo\/#primaryimage","url":"https:\/\/myparadigm.com\/wp-content\/uploads\/2023\/08\/ParadigmVendo_Green_WhiteText_176x43-2024.png","contentUrl":"https:\/\/myparadigm.com\/wp-content\/uploads\/2023\/08\/ParadigmVendo_Green_WhiteText_176x43-2024.png"},{"@type":"BreadcrumbList","@id":"https:\/\/myparadigm.com\/fr\/solutions\/mockup-paradigm-vendo\/#breadcrumb","itemListElement":[{"@type":"ListItem","position":1,"name":"Home","item":"https:\/\/myparadigm.com\/fr\/home\/"},{"@type":"ListItem","position":2,"name":"Solutions","item":"https:\/\/myparadigm.com\/software\/"},{"@type":"ListItem","position":3,"name":"Paradigm Vendo (mockup)"}]},{"@type":"WebSite","@id":"https:\/\/myparadigm.com\/#website","url":"https:\/\/myparadigm.com\/","name":"Paradigm Technology","description":"Software for the Building Industry","publisher":{"@id":"https:\/\/myparadigm.com\/#organization"},"potentialAction":[{"@type":"SearchAction","target":{"@type":"EntryPoint","urlTemplate":"https:\/\/myparadigm.com\/?s={search_term_string}"},"query-input":{"@type":"PropertyValueSpecification","valueRequired":true,"valueName":"search_term_string"}}],"inLanguage":"fr-FR"},{"@type":"Organization","@id":"https:\/\/myparadigm.com\/#organization","name":"Paradigm Technology","url":"https:\/\/myparadigm.com\/","logo":{"@type":"ImageObject","inLanguage":"fr-FR","@id":"https:\/\/myparadigm.com\/#\/schema\/logo\/image\/","url":"https:\/\/myparadigm.com\/wp-content\/uploads\/2023\/12\/Paradigm_favicon_web_p.jpg","contentUrl":"https:\/\/myparadigm.com\/wp-content\/uploads\/2023\/12\/Paradigm_favicon_web_p.jpg","width":512,"height":512,"caption":"Paradigm Technology"},"image":{"@id":"https:\/\/myparadigm.com\/#\/schema\/logo\/image\/"},"sameAs":["https:\/\/www.facebook.com\/myParadigmTechnology\/","https:\/\/www.linkedin.com\/company\/myParadigmTechnology\/","https:\/\/www.youtube.com\/channel\/UC8khFPtIe_j0A7K0zLL5VBA"]}]}},"_links":{"self":[{"href":"https:\/\/myparadigm.com\/fr\/wp-json\/wp\/v2\/pages\/17001","targetHints":{"allow":["GET"]}}],"collection":[{"href":"https:\/\/myparadigm.com\/fr\/wp-json\/wp\/v2\/pages"}],"about":[{"href":"https:\/\/myparadigm.com\/fr\/wp-json\/wp\/v2\/types\/page"}],"author":[{"embeddable":true,"href":"https:\/\/myparadigm.com\/fr\/wp-json\/wp\/v2\/users\/8"}],"replies":[{"embeddable":true,"href":"https:\/\/myparadigm.com\/fr\/wp-json\/wp\/v2\/comments?post=17001"}],"version-history":[{"count":0,"href":"https:\/\/myparadigm.com\/fr\/wp-json\/wp\/v2\/pages\/17001\/revisions"}],"up":[{"embeddable":true,"href":"https:\/\/myparadigm.com\/fr\/wp-json\/wp\/v2\/pages\/14256"}],"wp:attachment":[{"href":"https:\/\/myparadigm.com\/fr\/wp-json\/wp\/v2\/media?parent=17001"}],"wp:term":[{"taxonomy":"page_categories","embeddable":true,"href":"https:\/\/myparadigm.com\/fr\/wp-json\/wp\/v2\/page_categories?post=17001"}],"curies":[{"name":"wp","href":"https:\/\/api.w.org\/{rel}","templated":true}]}}