{"id":16251,"date":"2022-12-11T17:40:03","date_gmt":"2022-12-11T17:40:03","guid":{"rendered":"https:\/\/wtspstaging.wpengine.com\/ressources\/base-de-connaissances-paradigm\/"},"modified":"2024-12-11T23:38:15","modified_gmt":"2024-12-11T23:38:15","slug":"paradigm-knowledge-base","status":"publish","type":"page","link":"https:\/\/myparadigm.com\/fr\/resources\/paradigm-knowledge-base\/","title":{"rendered":"Base de connaissances Paradigm"},"content":{"rendered":"\n\n\t\t<h1>\n\t\t\tBase de connaissances Paradigm\n\t\t<\/h1>\n\t\t\t<p>Guides de produits et de formation pour les clients de Paradigm.<\/p>\t\t\n\t\t\tBase de connaissances Paradigm\u00ae \n\t\t<h2>\n\t\t\tAcc\u00e9der aux notes de version\n\t\t<\/h2>\n\t\t\t<p>La base de connaissances Paradigm est votre passerelle vers la documentation des produits et d&rsquo;autres ressources utiles, notamment:<\/p>\t\t\n\t<ul>\n\t\t\t<li>\n\t\t\t\tGuides d&rsquo;application qui d\u00e9crivent comment configurer et utiliser nos applications\n\t\t\t<\/li>\n\t\t\t<li>\n\t\t\t\tNotes de version mettant en \u00e9vidence les derni\u00e8res mises \u00e0 jour du produit\n\t\t\t<\/li>\n\t\t\t<li>\n\t\t\t\tFormation qui \u00e9largit les comp\u00e9tences gr\u00e2ce \u00e0 du mat\u00e9riel de formation interactif sur les produits et processus de Paradigm\n\t\t\t<\/li>\n\t\t\t<li>\n\t\t\t\tRessources d&rsquo;assistance qui vous aident \u00e0 g\u00e9rer votre mise en \u0153uvre de Paradigm et l&rsquo;utilisation continue de notre logiciel\n\t\t\t<\/li>\n\t\t<\/ul>\n\t\t\t<a href=\"https:\/\/confluence.myparadigm.com\/pkb\/latest\/paradigm-knowledge-base-52402341.html\" target=\"_blank\" rel=\"noopener\">\n\t\t\t\t\t\t\tConnectez-vous \u00e0 la Knowledge Base\n\t\t\t<\/a>\n\t<strong>Besoin d&rsquo;un compte?<\/strong><br \/>\nLes clients Paradigm peuvent acc\u00e9der \u00e0 la base de connaissances en utilisant le m\u00eame identifiant que celui utilis\u00e9 pour le centre d&rsquo;aide Paradigm. Si vous acc\u00e9dez \u00e0 la base de connaissances pour la premi\u00e8re fois, demandez un compte \u00e0 votre repr\u00e9sentant Paradigm.\n\t<p>Les revendeurs ne peuvent pas acc\u00e9der \u00e0 la base de connaissances. La base de connaissances Paradigm est r\u00e9serv\u00e9e aux clients. Les revendeurs doivent adresser toutes les questions, pr\u00e9occupations et demandes d&rsquo;assistance \u00e0 leur partenaire fabricant.<\/p>\n\t\t\tCentre d&rsquo;apprentissage Paradigm\u00ae\n\t\t<h2>\n\t\t\tCentre de formation et d&rsquo;apprentissage\n\t\t<\/h2>\n\t\t\t<p>Mettez-vous \u00e0 jour ou d\u00e9veloppez vos comp\u00e9tences avec des cours de formation en ligne dans Paradigm Learning Center.<\/p>\t\t\n\t\t<h4>Guides d&rsquo;application<\/h4>\n\t\t\t<p>Contenu du guide qui vous donne des instructions bas\u00e9es sur les t\u00e2ches pour configurer et utiliser la version sp\u00e9cifique du logiciel que vous utilisez actuellement ou vers laquelle vous effectuez une mise \u00e0 niveau.<\/p>\t\t\n\t\t<h4>Notes de version<\/h4>\n\t\t\t<p>Documentation qui vous aide \u00e0 comprendre et \u00e0 agir sur les versions mensuelles des applications de Paradigm.<\/p>\t\t\n\t\t<h4>Utiliser Mavenlink pour surveiller votre projet Paradigm<\/h4>\n\t\t\t<p>Vous explique comment d\u00e9marrer avec Mavenlink, l&rsquo;outil de gestion de projet de Paradigm, et comment ex\u00e9cuter les flux de travail courants.<\/p>\t\t\n\t\t<h4>Demander de l&rsquo;aide \u00e0 Paradigm<\/h4>\n\t\t\t<p>D\u00e9couvrez comment soumettre des tickets, y compris signaler des bogues ou demander des am\u00e9liorations dans le centre d&rsquo;aide Paradigm.<\/p>\t\t\n\t\t<h4>Suivre les probl\u00e8mes critiques<\/h4>\n\t\t\t<p>Restez inform\u00e9 des probl\u00e8mes critiques, de la disponibilit\u00e9 des correctifs et des suggestions de solutions de contournement.<\/p>\t\t\n\t\t<h4>Utilisez Microsoft Teams avec votre repr\u00e9sentant Paradigm<\/h4>\n\t\t\t<p>Apprenez \u00e0 utiliser Microsoft Teams pour organiser une r\u00e9union virtuelle avec votre repr\u00e9sentant Paradigm.<\/p>\t\t\n\t\t\tAssistance logicielle pour Paradigm\u00ae \n\t\t<h2>\n\t\t\tBesoin d&rsquo;aide ? \n\t\t<\/h2>\n\t\t\t<p>Les clients actuels peuvent se connecter au Centre d&rsquo;aide Paradigm pour soumettre un ticket \u00e0 notre \u00e9quipe d&rsquo;assistance.<\/p>\t\t\n\t\t\t<a href=\"https:\/\/portal.myparadigm.com\/servicedesk\/customer\/portals\" target=\"_blank\" rel=\"noopener\">\n\t\t\t\t\t\t\tConnectez-vous au Help Center\n\t\t\t<\/a>\n\n","protected":false},"excerpt":{"rendered":"<p>Base de connaissances Paradigm Guides de produits et de formation pour les clients de Paradigm. Base de connaissances Paradigm\u00ae Acc\u00e9der aux notes de version La base de connaissances Paradigm est votre passerelle vers la documentation des produits et d&rsquo;autres ressources utiles, notamment: Guides d&rsquo;application qui d\u00e9crivent comment configurer et utiliser nos applications Notes de version&hellip;<\/p>\n","protected":false},"author":7,"featured_media":0,"parent":14255,"menu_order":0,"comment_status":"closed","ping_status":"closed","template":"","meta":{"_acf_changed":false,"footnotes":""},"page_categories":[],"class_list":["post-16251","page","type-page","status-publish","hentry"],"acf":[],"yoast_head":"<!-- This site is optimized with the Yoast SEO Premium plugin v27.3 (Yoast SEO v27.3) - https:\/\/yoast.com\/product\/yoast-seo-premium-wordpress\/ -->\n<title>Base de connaissances Paradigm - Paradigm Technology<\/title>\n<meta name=\"description\" content=\"Si vous acc\u00e9dez \u00e0 la base de connaissances pour la premi\u00e8re fois, demandez un compte \u00e0 votre repr\u00e9sentant Paradigm.\" \/>\n<meta name=\"robots\" content=\"index, follow, max-snippet:-1, max-image-preview:large, max-video-preview:-1\" \/>\n<link rel=\"canonical\" href=\"https:\/\/myparadigm.com\/fr\/resources\/paradigm-knowledge-base\/\" \/>\n<meta property=\"og:locale\" content=\"fr_FR\" \/>\n<meta property=\"og:type\" content=\"article\" \/>\n<meta property=\"og:title\" content=\"Base de connaissances Paradigm\" \/>\n<meta property=\"og:description\" content=\"Si vous acc\u00e9dez \u00e0 la base de connaissances pour la premi\u00e8re fois, demandez un compte \u00e0 votre repr\u00e9sentant Paradigm.\" \/>\n<meta property=\"og:url\" content=\"https:\/\/myparadigm.com\/fr\/resources\/paradigm-knowledge-base\/\" \/>\n<meta property=\"og:site_name\" content=\"Paradigm Technology\" \/>\n<meta property=\"article:publisher\" content=\"https:\/\/www.facebook.com\/myParadigmTechnology\/\" \/>\n<meta property=\"article:modified_time\" content=\"2024-12-11T23:38:15+00:00\" \/>\n<meta name=\"twitter:card\" content=\"summary_large_image\" \/>\n<meta name=\"twitter:label1\" content=\"Dur\u00e9e de lecture estim\u00e9e\" \/>\n\t<meta name=\"twitter:data1\" content=\"2 minutes\" \/>\n<script type=\"application\/ld+json\" class=\"yoast-schema-graph\">{\"@context\":\"https:\\\/\\\/schema.org\",\"@graph\":[{\"@type\":\"WebPage\",\"@id\":\"https:\\\/\\\/myparadigm.com\\\/fr\\\/resources\\\/paradigm-knowledge-base\\\/\",\"url\":\"https:\\\/\\\/myparadigm.com\\\/fr\\\/resources\\\/paradigm-knowledge-base\\\/\",\"name\":\"Base de connaissances Paradigm - Paradigm Technology\",\"isPartOf\":{\"@id\":\"https:\\\/\\\/myparadigm.com\\\/#website\"},\"datePublished\":\"2022-12-11T17:40:03+00:00\",\"dateModified\":\"2024-12-11T23:38:15+00:00\",\"description\":\"Si vous acc\u00e9dez \u00e0 la base de connaissances pour la premi\u00e8re fois, demandez un compte \u00e0 votre repr\u00e9sentant Paradigm.\",\"breadcrumb\":{\"@id\":\"https:\\\/\\\/myparadigm.com\\\/fr\\\/resources\\\/paradigm-knowledge-base\\\/#breadcrumb\"},\"inLanguage\":\"fr-FR\",\"potentialAction\":[{\"@type\":\"ReadAction\",\"target\":[\"https:\\\/\\\/myparadigm.com\\\/fr\\\/resources\\\/paradigm-knowledge-base\\\/\"]}]},{\"@type\":\"BreadcrumbList\",\"@id\":\"https:\\\/\\\/myparadigm.com\\\/fr\\\/resources\\\/paradigm-knowledge-base\\\/#breadcrumb\",\"itemListElement\":[{\"@type\":\"ListItem\",\"position\":1,\"name\":\"Home\",\"item\":\"https:\\\/\\\/myparadigm.com\\\/fr\\\/home\\\/\"},{\"@type\":\"ListItem\",\"position\":2,\"name\":\"Ressources\",\"item\":\"https:\\\/\\\/myparadigm.com\\\/?page_id=71\"},{\"@type\":\"ListItem\",\"position\":3,\"name\":\"Base de connaissances Paradigm\"}]},{\"@type\":\"WebSite\",\"@id\":\"https:\\\/\\\/myparadigm.com\\\/#website\",\"url\":\"https:\\\/\\\/myparadigm.com\\\/\",\"name\":\"Paradigm Technology\",\"description\":\"Software for the Building Industry\",\"publisher\":{\"@id\":\"https:\\\/\\\/myparadigm.com\\\/#organization\"},\"potentialAction\":[{\"@type\":\"SearchAction\",\"target\":{\"@type\":\"EntryPoint\",\"urlTemplate\":\"https:\\\/\\\/myparadigm.com\\\/?s={search_term_string}\"},\"query-input\":{\"@type\":\"PropertyValueSpecification\",\"valueRequired\":true,\"valueName\":\"search_term_string\"}}],\"inLanguage\":\"fr-FR\"},{\"@type\":\"Organization\",\"@id\":\"https:\\\/\\\/myparadigm.com\\\/#organization\",\"name\":\"Paradigm Technology\",\"url\":\"https:\\\/\\\/myparadigm.com\\\/\",\"logo\":{\"@type\":\"ImageObject\",\"inLanguage\":\"fr-FR\",\"@id\":\"https:\\\/\\\/myparadigm.com\\\/#\\\/schema\\\/logo\\\/image\\\/\",\"url\":\"https:\\\/\\\/myparadigm.com\\\/wp-content\\\/uploads\\\/2023\\\/12\\\/Paradigm_favicon_web_p.jpg\",\"contentUrl\":\"https:\\\/\\\/myparadigm.com\\\/wp-content\\\/uploads\\\/2023\\\/12\\\/Paradigm_favicon_web_p.jpg\",\"width\":512,\"height\":512,\"caption\":\"Paradigm Technology\"},\"image\":{\"@id\":\"https:\\\/\\\/myparadigm.com\\\/#\\\/schema\\\/logo\\\/image\\\/\"},\"sameAs\":[\"https:\\\/\\\/www.facebook.com\\\/myParadigmTechnology\\\/\",\"https:\\\/\\\/www.linkedin.com\\\/company\\\/myParadigmTechnology\\\/\",\"https:\\\/\\\/www.youtube.com\\\/channel\\\/UC8khFPtIe_j0A7K0zLL5VBA\"]}]}<\/script>\n<!-- \/ Yoast SEO Premium plugin. -->","yoast_head_json":{"title":"Base de connaissances Paradigm - Paradigm Technology","description":"Si vous acc\u00e9dez \u00e0 la base de connaissances pour la premi\u00e8re fois, demandez un compte \u00e0 votre repr\u00e9sentant Paradigm.","robots":{"index":"index","follow":"follow","max-snippet":"max-snippet:-1","max-image-preview":"max-image-preview:large","max-video-preview":"max-video-preview:-1"},"canonical":"https:\/\/myparadigm.com\/fr\/resources\/paradigm-knowledge-base\/","og_locale":"fr_FR","og_type":"article","og_title":"Base de connaissances Paradigm","og_description":"Si vous acc\u00e9dez \u00e0 la base de connaissances pour la premi\u00e8re fois, demandez un compte \u00e0 votre repr\u00e9sentant Paradigm.","og_url":"https:\/\/myparadigm.com\/fr\/resources\/paradigm-knowledge-base\/","og_site_name":"Paradigm Technology","article_publisher":"https:\/\/www.facebook.com\/myParadigmTechnology\/","article_modified_time":"2024-12-11T23:38:15+00:00","twitter_card":"summary_large_image","twitter_misc":{"Dur\u00e9e de lecture estim\u00e9e":"2 minutes"},"schema":{"@context":"https:\/\/schema.org","@graph":[{"@type":"WebPage","@id":"https:\/\/myparadigm.com\/fr\/resources\/paradigm-knowledge-base\/","url":"https:\/\/myparadigm.com\/fr\/resources\/paradigm-knowledge-base\/","name":"Base de connaissances Paradigm - Paradigm Technology","isPartOf":{"@id":"https:\/\/myparadigm.com\/#website"},"datePublished":"2022-12-11T17:40:03+00:00","dateModified":"2024-12-11T23:38:15+00:00","description":"Si vous acc\u00e9dez \u00e0 la base de connaissances pour la premi\u00e8re fois, demandez un compte \u00e0 votre repr\u00e9sentant Paradigm.","breadcrumb":{"@id":"https:\/\/myparadigm.com\/fr\/resources\/paradigm-knowledge-base\/#breadcrumb"},"inLanguage":"fr-FR","potentialAction":[{"@type":"ReadAction","target":["https:\/\/myparadigm.com\/fr\/resources\/paradigm-knowledge-base\/"]}]},{"@type":"BreadcrumbList","@id":"https:\/\/myparadigm.com\/fr\/resources\/paradigm-knowledge-base\/#breadcrumb","itemListElement":[{"@type":"ListItem","position":1,"name":"Home","item":"https:\/\/myparadigm.com\/fr\/home\/"},{"@type":"ListItem","position":2,"name":"Ressources","item":"https:\/\/myparadigm.com\/?page_id=71"},{"@type":"ListItem","position":3,"name":"Base de connaissances Paradigm"}]},{"@type":"WebSite","@id":"https:\/\/myparadigm.com\/#website","url":"https:\/\/myparadigm.com\/","name":"Paradigm Technology","description":"Software for the Building Industry","publisher":{"@id":"https:\/\/myparadigm.com\/#organization"},"potentialAction":[{"@type":"SearchAction","target":{"@type":"EntryPoint","urlTemplate":"https:\/\/myparadigm.com\/?s={search_term_string}"},"query-input":{"@type":"PropertyValueSpecification","valueRequired":true,"valueName":"search_term_string"}}],"inLanguage":"fr-FR"},{"@type":"Organization","@id":"https:\/\/myparadigm.com\/#organization","name":"Paradigm Technology","url":"https:\/\/myparadigm.com\/","logo":{"@type":"ImageObject","inLanguage":"fr-FR","@id":"https:\/\/myparadigm.com\/#\/schema\/logo\/image\/","url":"https:\/\/myparadigm.com\/wp-content\/uploads\/2023\/12\/Paradigm_favicon_web_p.jpg","contentUrl":"https:\/\/myparadigm.com\/wp-content\/uploads\/2023\/12\/Paradigm_favicon_web_p.jpg","width":512,"height":512,"caption":"Paradigm Technology"},"image":{"@id":"https:\/\/myparadigm.com\/#\/schema\/logo\/image\/"},"sameAs":["https:\/\/www.facebook.com\/myParadigmTechnology\/","https:\/\/www.linkedin.com\/company\/myParadigmTechnology\/","https:\/\/www.youtube.com\/channel\/UC8khFPtIe_j0A7K0zLL5VBA"]}]}},"_links":{"self":[{"href":"https:\/\/myparadigm.com\/fr\/wp-json\/wp\/v2\/pages\/16251","targetHints":{"allow":["GET"]}}],"collection":[{"href":"https:\/\/myparadigm.com\/fr\/wp-json\/wp\/v2\/pages"}],"about":[{"href":"https:\/\/myparadigm.com\/fr\/wp-json\/wp\/v2\/types\/page"}],"author":[{"embeddable":true,"href":"https:\/\/myparadigm.com\/fr\/wp-json\/wp\/v2\/users\/7"}],"replies":[{"embeddable":true,"href":"https:\/\/myparadigm.com\/fr\/wp-json\/wp\/v2\/comments?post=16251"}],"version-history":[{"count":0,"href":"https:\/\/myparadigm.com\/fr\/wp-json\/wp\/v2\/pages\/16251\/revisions"}],"up":[{"embeddable":true,"href":"https:\/\/myparadigm.com\/fr\/wp-json\/wp\/v2\/pages\/14255"}],"wp:attachment":[{"href":"https:\/\/myparadigm.com\/fr\/wp-json\/wp\/v2\/media?parent=16251"}],"wp:term":[{"taxonomy":"page_categories","embeddable":true,"href":"https:\/\/myparadigm.com\/fr\/wp-json\/wp\/v2\/page_categories?post=16251"}],"curies":[{"name":"wp","href":"https:\/\/api.w.org\/{rel}","templated":true}]}}