{"id":16230,"date":"2023-12-10T15:28:45","date_gmt":"2023-12-10T15:28:45","guid":{"rendered":"https:\/\/wtspstaging.wpengine.com\/preference-du-client-en-matiere-de-mail\/merci-de-vous-etre-inscrit\/"},"modified":"2024-12-07T17:08:02","modified_gmt":"2024-12-07T17:08:02","slug":"thank-you","status":"publish","type":"page","link":"https:\/\/myparadigm.com\/fr\/e-mail-preferences\/thank-you\/","title":{"rendered":"Merci de vous \u00eatre inscrit!"},"content":{"rendered":"\n\n\t\t<h1>\n\t\t\tMerci !\n\t\t<\/h1>\n\t\t\t<p>Paradigm s&rsquo;engage \u00e0 vous envoyer les communications que vous souhaitez.<br \/><br \/>Assurez-vous que votre \u00e9quipe est configur\u00e9e pour recevoir Paradigm Communications en suivant les \u00e9tapes suivantes.<\/p>\t\t\n\t\t<h4> Partagez avec votre \u00e9quipe<\/h4>\n\t\t\t<p>Partagez le lien <a href=\"https:\/\/myparadigm.com\/fr\/e-mail-preferences\/\">myparadigm.com\/fr\/preferences-email\/<\/a> avec votre \u00e9quipe, pour vous assurer que personne n&rsquo;est oubli\u00e9<\/p>\t\t\n\t\t<h4> Liste blanche<\/h4>\n\t\t\t<p>Demandez \u00e0 votre \u00e9quipe informatique d&rsquo;ajouter le domaine myparadigm.com \u00e0 la liste blanche de votre entreprise.<\/p>\t\t\n\t\t<h4> Carnet d&rsquo;adresses<\/h4>\n\t\t\t<p>Ajoutez accounting@myparadigm.com et info@myparadigm.com \u00e0 votre carnet d&rsquo;adresses<\/p>\t\t\n\t\t<h2>\n\t\t\tRessources additionnelles\n\t\t<\/h2>\n\t\t\t<p>Paradigm\u00ae offre des ressources de connaissances pratiques et une aide \u00e0 la connexion pour nos clients.<\/p>\t\t\n\t\t\t<a href=\"https:\/\/myparadigm.com\/fr\/ressources\/base-de-connaissances-paradigm\/\" target=\"_self\" rel=\"noopener\">\n\t\t<h5>Notes de version<\/h5>\n\t\t\t<p>Des notes sont envoy\u00e9es le troisi\u00e8me mercredi de chaque mois, mettant en \u00e9vidence les derni\u00e8res mises \u00e0 jour du produit. \u00c0 la recherche d&rsquo;informations sur la derni\u00e8re version? Visitez notre base de connaissances.  <\/p>\t\t\n\t\t<\/a>\n\t\t\t<a href=\"\/fr\/?page_id=14288\" target=\"_self\" rel=\"noopener\">\n\t\t<h5>Assistance Paradigm<\/h5>\n\t\t\t<p>Avez-vous besoin d&rsquo;aide pour un probl\u00e8me existant ? Soumettez votre probl\u00e8me avec un ticket dans le Centre d&rsquo;aide Paradigm, aliment\u00e9 par Jira Service Desk. <\/p>\t\t\n\t\t<\/a>\n\t\t\t<a href=\"\/fr\/?page_id=14278\" target=\"_self\" rel=\"noopener\">\n\t\t<h5>Mises \u00e0 jour de l&rsquo;industrie<\/h5>\n\t\t\t<p>Vous cherchez les derni\u00e8res nouvelles du march\u00e9 de l&rsquo;industrie de la construction ? Visitez notre blog. <\/p>\t\t\n\t\t<\/a>\n\t\t<h2>\n\t\t\tEngag\u00e9 envers nos clients.\n\t\t<\/h2>\n\t\t\t<p>Paradigm s&rsquo;engage \u00e0 ne vous envoyer que les communications que vous jugez importantes. Si vous avez des questions concernant vos coordonn\u00e9es ou vos courriels de Paradigm, veuillez nous contacter directement \u00e0 <a href=\"mailto:contactus@myparadigm.com\">emailpreferences@myparadigm.com<\/a><\/p>\t\t\n\n","protected":false},"excerpt":{"rendered":"<p>Merci ! Paradigm s&rsquo;engage \u00e0 vous envoyer les communications que vous souhaitez. Assurez-vous que votre \u00e9quipe est configur\u00e9e pour recevoir Paradigm Communications en suivant les \u00e9tapes suivantes. Partagez avec votre \u00e9quipe Partagez le lien myparadigm.com\/fr\/preferences-email\/ avec votre \u00e9quipe, pour vous assurer que personne n&rsquo;est oubli\u00e9 Liste blanche Demandez \u00e0 votre \u00e9quipe informatique d&rsquo;ajouter le domaine&hellip;<\/p>\n","protected":false},"author":7,"featured_media":0,"parent":15168,"menu_order":0,"comment_status":"closed","ping_status":"closed","template":"","meta":{"_acf_changed":false,"footnotes":""},"page_categories":[],"class_list":["post-16230","page","type-page","status-publish","hentry"],"acf":[],"yoast_head":"<!-- This site is optimized with the Yoast SEO Premium plugin v27.3 (Yoast SEO v27.3) - https:\/\/yoast.com\/product\/yoast-seo-premium-wordpress\/ -->\n<title>Merci de vous \u00eatre inscrit! - Paradigm Technology<\/title>\n<meta name=\"description\" content=\"Paradigm s&#039;engage \u00e0 vous envoyer les communications que vous souhaitez.Assurez-vous que votre \u00e9quipe est configur\u00e9e pour recevoir Paradigm\" \/>\n<meta name=\"robots\" content=\"index, follow, max-snippet:-1, max-image-preview:large, max-video-preview:-1\" \/>\n<link rel=\"canonical\" href=\"https:\/\/myparadigm.com\/fr\/e-mail-preferences\/thank-you\/\" \/>\n<meta property=\"og:locale\" content=\"fr_FR\" \/>\n<meta property=\"og:type\" content=\"article\" \/>\n<meta property=\"og:title\" content=\"Merci de vous \u00eatre inscrit!\" \/>\n<meta property=\"og:description\" content=\"Paradigm s&#039;engage \u00e0 vous envoyer les communications que vous souhaitez.Assurez-vous que votre \u00e9quipe est configur\u00e9e pour recevoir Paradigm\" \/>\n<meta property=\"og:url\" content=\"https:\/\/myparadigm.com\/fr\/e-mail-preferences\/thank-you\/\" \/>\n<meta property=\"og:site_name\" content=\"Paradigm Technology\" \/>\n<meta property=\"article:publisher\" content=\"https:\/\/www.facebook.com\/myParadigmTechnology\/\" \/>\n<meta property=\"article:modified_time\" content=\"2024-12-07T17:08:02+00:00\" \/>\n<meta name=\"twitter:card\" content=\"summary_large_image\" \/>\n<meta name=\"twitter:label1\" content=\"Dur\u00e9e de lecture estim\u00e9e\" \/>\n\t<meta name=\"twitter:data1\" content=\"1 minute\" \/>\n<script type=\"application\/ld+json\" class=\"yoast-schema-graph\">{\"@context\":\"https:\\\/\\\/schema.org\",\"@graph\":[{\"@type\":\"WebPage\",\"@id\":\"https:\\\/\\\/myparadigm.com\\\/fr\\\/e-mail-preferences\\\/thank-you\\\/\",\"url\":\"https:\\\/\\\/myparadigm.com\\\/fr\\\/e-mail-preferences\\\/thank-you\\\/\",\"name\":\"Merci de vous \u00eatre inscrit! - Paradigm Technology\",\"isPartOf\":{\"@id\":\"https:\\\/\\\/myparadigm.com\\\/#website\"},\"datePublished\":\"2023-12-10T15:28:45+00:00\",\"dateModified\":\"2024-12-07T17:08:02+00:00\",\"description\":\"Paradigm s'engage \u00e0 vous envoyer les communications que vous souhaitez.Assurez-vous que votre \u00e9quipe est configur\u00e9e pour recevoir Paradigm\",\"breadcrumb\":{\"@id\":\"https:\\\/\\\/myparadigm.com\\\/fr\\\/e-mail-preferences\\\/thank-you\\\/#breadcrumb\"},\"inLanguage\":\"fr-FR\",\"potentialAction\":[{\"@type\":\"ReadAction\",\"target\":[\"https:\\\/\\\/myparadigm.com\\\/fr\\\/e-mail-preferences\\\/thank-you\\\/\"]}]},{\"@type\":\"BreadcrumbList\",\"@id\":\"https:\\\/\\\/myparadigm.com\\\/fr\\\/e-mail-preferences\\\/thank-you\\\/#breadcrumb\",\"itemListElement\":[{\"@type\":\"ListItem\",\"position\":1,\"name\":\"Home\",\"item\":\"https:\\\/\\\/myparadigm.com\\\/fr\\\/home\\\/\"},{\"@type\":\"ListItem\",\"position\":2,\"name\":\"Pr\u00e9f\u00e9rence du client en mati\u00e8re d&#8217;e-mail\",\"item\":\"https:\\\/\\\/myparadigm.com\\\/fr\\\/e-mail-preferences\\\/\"},{\"@type\":\"ListItem\",\"position\":3,\"name\":\"Merci de vous \u00eatre inscrit!\"}]},{\"@type\":\"WebSite\",\"@id\":\"https:\\\/\\\/myparadigm.com\\\/#website\",\"url\":\"https:\\\/\\\/myparadigm.com\\\/\",\"name\":\"Paradigm Technology\",\"description\":\"Software for the Building Industry\",\"publisher\":{\"@id\":\"https:\\\/\\\/myparadigm.com\\\/#organization\"},\"potentialAction\":[{\"@type\":\"SearchAction\",\"target\":{\"@type\":\"EntryPoint\",\"urlTemplate\":\"https:\\\/\\\/myparadigm.com\\\/?s={search_term_string}\"},\"query-input\":{\"@type\":\"PropertyValueSpecification\",\"valueRequired\":true,\"valueName\":\"search_term_string\"}}],\"inLanguage\":\"fr-FR\"},{\"@type\":\"Organization\",\"@id\":\"https:\\\/\\\/myparadigm.com\\\/#organization\",\"name\":\"Paradigm Technology\",\"url\":\"https:\\\/\\\/myparadigm.com\\\/\",\"logo\":{\"@type\":\"ImageObject\",\"inLanguage\":\"fr-FR\",\"@id\":\"https:\\\/\\\/myparadigm.com\\\/#\\\/schema\\\/logo\\\/image\\\/\",\"url\":\"https:\\\/\\\/myparadigm.com\\\/wp-content\\\/uploads\\\/2023\\\/12\\\/Paradigm_favicon_web_p.jpg\",\"contentUrl\":\"https:\\\/\\\/myparadigm.com\\\/wp-content\\\/uploads\\\/2023\\\/12\\\/Paradigm_favicon_web_p.jpg\",\"width\":512,\"height\":512,\"caption\":\"Paradigm Technology\"},\"image\":{\"@id\":\"https:\\\/\\\/myparadigm.com\\\/#\\\/schema\\\/logo\\\/image\\\/\"},\"sameAs\":[\"https:\\\/\\\/www.facebook.com\\\/myParadigmTechnology\\\/\",\"https:\\\/\\\/www.linkedin.com\\\/company\\\/myParadigmTechnology\\\/\",\"https:\\\/\\\/www.youtube.com\\\/channel\\\/UC8khFPtIe_j0A7K0zLL5VBA\"]}]}<\/script>\n<!-- \/ Yoast SEO Premium plugin. -->","yoast_head_json":{"title":"Merci de vous \u00eatre inscrit! - Paradigm Technology","description":"Paradigm s'engage \u00e0 vous envoyer les communications que vous souhaitez.Assurez-vous que votre \u00e9quipe est configur\u00e9e pour recevoir Paradigm","robots":{"index":"index","follow":"follow","max-snippet":"max-snippet:-1","max-image-preview":"max-image-preview:large","max-video-preview":"max-video-preview:-1"},"canonical":"https:\/\/myparadigm.com\/fr\/e-mail-preferences\/thank-you\/","og_locale":"fr_FR","og_type":"article","og_title":"Merci de vous \u00eatre inscrit!","og_description":"Paradigm s'engage \u00e0 vous envoyer les communications que vous souhaitez.Assurez-vous que votre \u00e9quipe est configur\u00e9e pour recevoir Paradigm","og_url":"https:\/\/myparadigm.com\/fr\/e-mail-preferences\/thank-you\/","og_site_name":"Paradigm Technology","article_publisher":"https:\/\/www.facebook.com\/myParadigmTechnology\/","article_modified_time":"2024-12-07T17:08:02+00:00","twitter_card":"summary_large_image","twitter_misc":{"Dur\u00e9e de lecture estim\u00e9e":"1 minute"},"schema":{"@context":"https:\/\/schema.org","@graph":[{"@type":"WebPage","@id":"https:\/\/myparadigm.com\/fr\/e-mail-preferences\/thank-you\/","url":"https:\/\/myparadigm.com\/fr\/e-mail-preferences\/thank-you\/","name":"Merci de vous \u00eatre inscrit! - Paradigm Technology","isPartOf":{"@id":"https:\/\/myparadigm.com\/#website"},"datePublished":"2023-12-10T15:28:45+00:00","dateModified":"2024-12-07T17:08:02+00:00","description":"Paradigm s'engage \u00e0 vous envoyer les communications que vous souhaitez.Assurez-vous que votre \u00e9quipe est configur\u00e9e pour recevoir Paradigm","breadcrumb":{"@id":"https:\/\/myparadigm.com\/fr\/e-mail-preferences\/thank-you\/#breadcrumb"},"inLanguage":"fr-FR","potentialAction":[{"@type":"ReadAction","target":["https:\/\/myparadigm.com\/fr\/e-mail-preferences\/thank-you\/"]}]},{"@type":"BreadcrumbList","@id":"https:\/\/myparadigm.com\/fr\/e-mail-preferences\/thank-you\/#breadcrumb","itemListElement":[{"@type":"ListItem","position":1,"name":"Home","item":"https:\/\/myparadigm.com\/fr\/home\/"},{"@type":"ListItem","position":2,"name":"Pr\u00e9f\u00e9rence du client en mati\u00e8re d&#8217;e-mail","item":"https:\/\/myparadigm.com\/fr\/e-mail-preferences\/"},{"@type":"ListItem","position":3,"name":"Merci de vous \u00eatre inscrit!"}]},{"@type":"WebSite","@id":"https:\/\/myparadigm.com\/#website","url":"https:\/\/myparadigm.com\/","name":"Paradigm Technology","description":"Software for the Building Industry","publisher":{"@id":"https:\/\/myparadigm.com\/#organization"},"potentialAction":[{"@type":"SearchAction","target":{"@type":"EntryPoint","urlTemplate":"https:\/\/myparadigm.com\/?s={search_term_string}"},"query-input":{"@type":"PropertyValueSpecification","valueRequired":true,"valueName":"search_term_string"}}],"inLanguage":"fr-FR"},{"@type":"Organization","@id":"https:\/\/myparadigm.com\/#organization","name":"Paradigm Technology","url":"https:\/\/myparadigm.com\/","logo":{"@type":"ImageObject","inLanguage":"fr-FR","@id":"https:\/\/myparadigm.com\/#\/schema\/logo\/image\/","url":"https:\/\/myparadigm.com\/wp-content\/uploads\/2023\/12\/Paradigm_favicon_web_p.jpg","contentUrl":"https:\/\/myparadigm.com\/wp-content\/uploads\/2023\/12\/Paradigm_favicon_web_p.jpg","width":512,"height":512,"caption":"Paradigm Technology"},"image":{"@id":"https:\/\/myparadigm.com\/#\/schema\/logo\/image\/"},"sameAs":["https:\/\/www.facebook.com\/myParadigmTechnology\/","https:\/\/www.linkedin.com\/company\/myParadigmTechnology\/","https:\/\/www.youtube.com\/channel\/UC8khFPtIe_j0A7K0zLL5VBA"]}]}},"_links":{"self":[{"href":"https:\/\/myparadigm.com\/fr\/wp-json\/wp\/v2\/pages\/16230","targetHints":{"allow":["GET"]}}],"collection":[{"href":"https:\/\/myparadigm.com\/fr\/wp-json\/wp\/v2\/pages"}],"about":[{"href":"https:\/\/myparadigm.com\/fr\/wp-json\/wp\/v2\/types\/page"}],"author":[{"embeddable":true,"href":"https:\/\/myparadigm.com\/fr\/wp-json\/wp\/v2\/users\/7"}],"replies":[{"embeddable":true,"href":"https:\/\/myparadigm.com\/fr\/wp-json\/wp\/v2\/comments?post=16230"}],"version-history":[{"count":0,"href":"https:\/\/myparadigm.com\/fr\/wp-json\/wp\/v2\/pages\/16230\/revisions"}],"up":[{"embeddable":true,"href":"https:\/\/myparadigm.com\/fr\/wp-json\/wp\/v2\/pages\/15168"}],"wp:attachment":[{"href":"https:\/\/myparadigm.com\/fr\/wp-json\/wp\/v2\/media?parent=16230"}],"wp:term":[{"taxonomy":"page_categories","embeddable":true,"href":"https:\/\/myparadigm.com\/fr\/wp-json\/wp\/v2\/page_categories?post=16230"}],"curies":[{"name":"wp","href":"https:\/\/api.w.org\/{rel}","templated":true}]}}