{"id":15300,"date":"2023-09-13T21:26:47","date_gmt":"2023-09-13T21:26:47","guid":{"rendered":"https:\/\/wtspstaging.wpengine.com\/industries\/fabricants-de-portes-et-fenetres\/"},"modified":"2024-12-07T17:15:08","modified_gmt":"2024-12-07T17:15:08","slug":"door-window-manufacturers","status":"publish","type":"page","link":"https:\/\/myparadigm.com\/fr\/industries\/door-window-manufacturers\/","title":{"rendered":"Fabricants de portes et fen\u00eatres"},"content":{"rendered":"\n\n\t\t<h1>\n\t\t\tFabrication de portes et fen\u00eatres\n\t\t<\/h1>\nCareers Menu\t\t\t\n\t\t\t\t\t<ul id=\"menu-door-window-manufacturing-french\"><li id=\"menu-item-16334\"><a href=\"https:\/\/myparadigm.com\/fr\/industries\/door-window-manufacturers\/door-manufacturing-software\/\">Fabrication de portes<\/a><\/li>\n<li id=\"menu-item-16335\"><a href=\"https:\/\/myparadigm.com\/fr\/industries\/door-window-manufacturers\/window-manufacturing-software\/\">Logiciels de fabrication de fen\u00eatres<\/a><\/li>\n<\/ul>\t\n\t\t<h2>\n\t\t\tNous comprenons les d\u00e9fis complexes auxquels les fabricants sont confront\u00e9s.\n\t\t<\/h2>\n\t\t\t\t\t\t\t\t\t<img loading=\"lazy\" decoding=\"async\" src=\"https:\/\/myparadigm.com\/wp-content\/uploads\/2023\/09\/Image_Industries_Door-Manufacturers_620x320.png\" alt=\"Image_Industries_Door Manufacturers_620x320\" itemprop=\"image\" height=\"250\" width=\"619\" srcset=\"https:\/\/myparadigm.com\/wp-content\/uploads\/2023\/09\/Image_Industries_Door-Manufacturers_620x320.png 619w, https:\/\/myparadigm.com\/wp-content\/uploads\/2023\/09\/Image_Industries_Door-Manufacturers_620x320-300x121.png 300w\" sizes=\"auto, (max-width: 619px) 100vw, 619px\" title=\"Image_Industries_Door Manufacturers_620x320\" onerror=\"this.style.display='none'\"  \/>\n\t\t\t\t\t\t\t\t\t\t\t<img loading=\"lazy\" decoding=\"async\" src=\"https:\/\/myparadigm.com\/wp-content\/uploads\/2023\/09\/Image_Industries_Door-Manufacturers_620x320.png\" alt=\"Image_Industries_Door Manufacturers_620x320\" itemprop=\"image\" height=\"250\" width=\"619\" srcset=\"https:\/\/myparadigm.com\/wp-content\/uploads\/2023\/09\/Image_Industries_Door-Manufacturers_620x320.png 619w, https:\/\/myparadigm.com\/wp-content\/uploads\/2023\/09\/Image_Industries_Door-Manufacturers_620x320-300x121.png 300w\" sizes=\"auto, (max-width: 619px) 100vw, 619px\" title=\"Image_Industries_Door Manufacturers_620x320\" onerror=\"this.style.display='none'\"  \/>\n\t<h4>Fabrication de portes<\/h4>\n<p>Nous comprenons les d\u00e9fis auxquels sont confront\u00e9s les fabricants de portes, des variations d&rsquo;\u00e9paisseur et des tol\u00e9rances aux exigences sp\u00e9cifiques \u00e0 la r\u00e9gion. Nos technologies aident les fabricants \u00e0 r\u00e9duire leurs co\u00fbts, \u00e0 augmenter leurs ventes et \u00e0 \u00e9lever leur position concurrentielle sur un march\u00e9 en constante \u00e9volution.<\/p>\n\t\t\t<a href=\"https:\/\/myparadigm.com\/fr\/?page_id=14266\" target=\"_self\" rel=\"noopener\">\n\t\t\t\t\t\t\tEn savoir plus\n\t\t\t\t\t<\/a>\n\t\t\t\t\t\t\t\t\t<img loading=\"lazy\" decoding=\"async\" src=\"https:\/\/myparadigm.com\/wp-content\/uploads\/2023\/09\/Industries_Window-Manufacturers.png\" alt=\"Industries_Window Manufacturers\" itemprop=\"image\" height=\"250\" width=\"622\" srcset=\"https:\/\/myparadigm.com\/wp-content\/uploads\/2023\/09\/Industries_Window-Manufacturers.png 622w, https:\/\/myparadigm.com\/wp-content\/uploads\/2023\/09\/Industries_Window-Manufacturers-300x121.png 300w\" sizes=\"auto, (max-width: 622px) 100vw, 622px\" title=\"Industries_Window Manufacturers\" onerror=\"this.style.display='none'\"  \/>\n\t<h4>Fabrication de fen\u00eatres<\/h4>\n<p>Nos technologies aident les fabricants de fen\u00eatres \u00e0 simplifier le processus de configuration, de devis et de production des fen\u00eatres, m\u00eame les plus complexes, tout en r\u00e9duisant les co\u00fbts, en augmentant les ventes et en renfor\u00e7ant leur position concurrentielle sur un march\u00e9 en constante \u00e9volution.<\/p>\n\t\t\t<a href=\"https:\/\/myparadigm.com\/fr\/?page_id=14289\" target=\"_self\" rel=\"noopener\">\n\t\t\t\t\t\t\tEn savoir plus\n\t\t\t\t\t<\/a>\n\n","protected":false},"excerpt":{"rendered":"<p>Fabrication de portes et fen\u00eatres Careers Menu Fabrication de portes Logiciels de fabrication de fen\u00eatres Nous comprenons les d\u00e9fis complexes auxquels les fabricants sont confront\u00e9s. Fabrication de portes Nous comprenons les d\u00e9fis auxquels sont confront\u00e9s les fabricants de portes, des variations d&rsquo;\u00e9paisseur et des tol\u00e9rances aux exigences sp\u00e9cifiques \u00e0 la r\u00e9gion. Nos technologies aident les&hellip;<\/p>\n","protected":false},"author":7,"featured_media":0,"parent":14258,"menu_order":0,"comment_status":"closed","ping_status":"closed","template":"","meta":{"_acf_changed":false,"footnotes":""},"page_categories":[],"class_list":["post-15300","page","type-page","status-publish","hentry"],"acf":[],"yoast_head":"<!-- This site is optimized with the Yoast SEO Premium plugin v27.2 (Yoast SEO v27.2) - https:\/\/yoast.com\/product\/yoast-seo-premium-wordpress\/ -->\n<title>Fabricants de portes et fen\u00eatres - Paradigm Technology<\/title>\n<meta name=\"description\" content=\"Fabrication de portes et fen\u00eatres. Nous comprenons les d\u00e9fis complexes auxquels les fabricants sont confront\u00e9s.\" \/>\n<meta name=\"robots\" content=\"index, follow, max-snippet:-1, max-image-preview:large, max-video-preview:-1\" \/>\n<link rel=\"canonical\" href=\"https:\/\/myparadigm.com\/fr\/industries\/door-window-manufacturers\/\" \/>\n<meta property=\"og:locale\" content=\"fr_FR\" \/>\n<meta property=\"og:type\" content=\"article\" \/>\n<meta property=\"og:title\" content=\"Fabricants de portes et fen\u00eatres\" \/>\n<meta property=\"og:description\" content=\"Fabrication de portes et fen\u00eatres. Nous comprenons les d\u00e9fis complexes auxquels les fabricants sont confront\u00e9s.\" \/>\n<meta property=\"og:url\" content=\"https:\/\/myparadigm.com\/fr\/industries\/door-window-manufacturers\/\" \/>\n<meta property=\"og:site_name\" content=\"Paradigm Technology\" \/>\n<meta property=\"article:publisher\" content=\"https:\/\/www.facebook.com\/myParadigmTechnology\/\" \/>\n<meta property=\"article:modified_time\" content=\"2024-12-07T17:15:08+00:00\" \/>\n<meta property=\"og:image\" content=\"https:\/\/myparadigm.com\/wp-content\/uploads\/2023\/09\/Image_Industries_Door-Manufacturers_620x320.png\" \/>\n<meta name=\"twitter:card\" content=\"summary_large_image\" \/>\n<meta name=\"twitter:label1\" content=\"Dur\u00e9e de lecture estim\u00e9e\" \/>\n\t<meta name=\"twitter:data1\" content=\"2 minutes\" \/>\n<script type=\"application\/ld+json\" class=\"yoast-schema-graph\">{\"@context\":\"https:\/\/schema.org\",\"@graph\":[{\"@type\":\"WebPage\",\"@id\":\"https:\/\/myparadigm.com\/fr\/industries\/door-window-manufacturers\/\",\"url\":\"https:\/\/myparadigm.com\/fr\/industries\/door-window-manufacturers\/\",\"name\":\"Fabricants de portes et fen\u00eatres - Paradigm Technology\",\"isPartOf\":{\"@id\":\"https:\/\/myparadigm.com\/#website\"},\"primaryImageOfPage\":{\"@id\":\"https:\/\/myparadigm.com\/fr\/industries\/door-window-manufacturers\/#primaryimage\"},\"image\":{\"@id\":\"https:\/\/myparadigm.com\/fr\/industries\/door-window-manufacturers\/#primaryimage\"},\"thumbnailUrl\":\"https:\/\/myparadigm.com\/wp-content\/uploads\/2023\/09\/Image_Industries_Door-Manufacturers_620x320.png\",\"datePublished\":\"2023-09-13T21:26:47+00:00\",\"dateModified\":\"2024-12-07T17:15:08+00:00\",\"description\":\"Fabrication de portes et fen\u00eatres. Nous comprenons les d\u00e9fis complexes auxquels les fabricants sont confront\u00e9s.\",\"breadcrumb\":{\"@id\":\"https:\/\/myparadigm.com\/fr\/industries\/door-window-manufacturers\/#breadcrumb\"},\"inLanguage\":\"fr-FR\",\"potentialAction\":[{\"@type\":\"ReadAction\",\"target\":[\"https:\/\/myparadigm.com\/fr\/industries\/door-window-manufacturers\/\"]}]},{\"@type\":\"ImageObject\",\"inLanguage\":\"fr-FR\",\"@id\":\"https:\/\/myparadigm.com\/fr\/industries\/door-window-manufacturers\/#primaryimage\",\"url\":\"https:\/\/myparadigm.com\/wp-content\/uploads\/2023\/09\/Image_Industries_Door-Manufacturers_620x320.png\",\"contentUrl\":\"https:\/\/myparadigm.com\/wp-content\/uploads\/2023\/09\/Image_Industries_Door-Manufacturers_620x320.png\"},{\"@type\":\"BreadcrumbList\",\"@id\":\"https:\/\/myparadigm.com\/fr\/industries\/door-window-manufacturers\/#breadcrumb\",\"itemListElement\":[{\"@type\":\"ListItem\",\"position\":1,\"name\":\"Home\",\"item\":\"https:\/\/myparadigm.com\/fr\/home\/\"},{\"@type\":\"ListItem\",\"position\":2,\"name\":\"Industries\",\"item\":\"https:\/\/myparadigm.com\/?page_id=70\"},{\"@type\":\"ListItem\",\"position\":3,\"name\":\"Fabricants de portes et fen\u00eatres\"}]},{\"@type\":\"WebSite\",\"@id\":\"https:\/\/myparadigm.com\/#website\",\"url\":\"https:\/\/myparadigm.com\/\",\"name\":\"Paradigm Technology\",\"description\":\"Software for the Building Industry\",\"publisher\":{\"@id\":\"https:\/\/myparadigm.com\/#organization\"},\"potentialAction\":[{\"@type\":\"SearchAction\",\"target\":{\"@type\":\"EntryPoint\",\"urlTemplate\":\"https:\/\/myparadigm.com\/?s={search_term_string}\"},\"query-input\":{\"@type\":\"PropertyValueSpecification\",\"valueRequired\":true,\"valueName\":\"search_term_string\"}}],\"inLanguage\":\"fr-FR\"},{\"@type\":\"Organization\",\"@id\":\"https:\/\/myparadigm.com\/#organization\",\"name\":\"Paradigm Technology\",\"url\":\"https:\/\/myparadigm.com\/\",\"logo\":{\"@type\":\"ImageObject\",\"inLanguage\":\"fr-FR\",\"@id\":\"https:\/\/myparadigm.com\/#\/schema\/logo\/image\/\",\"url\":\"https:\/\/myparadigm.com\/wp-content\/uploads\/2023\/12\/Paradigm_favicon_web_p.jpg\",\"contentUrl\":\"https:\/\/myparadigm.com\/wp-content\/uploads\/2023\/12\/Paradigm_favicon_web_p.jpg\",\"width\":512,\"height\":512,\"caption\":\"Paradigm Technology\"},\"image\":{\"@id\":\"https:\/\/myparadigm.com\/#\/schema\/logo\/image\/\"},\"sameAs\":[\"https:\/\/www.facebook.com\/myParadigmTechnology\/\",\"https:\/\/www.linkedin.com\/company\/myParadigmTechnology\/\",\"https:\/\/www.youtube.com\/channel\/UC8khFPtIe_j0A7K0zLL5VBA\"]}]}<\/script>\n<!-- \/ Yoast SEO Premium plugin. -->","yoast_head_json":{"title":"Fabricants de portes et fen\u00eatres - Paradigm Technology","description":"Fabrication de portes et fen\u00eatres. Nous comprenons les d\u00e9fis complexes auxquels les fabricants sont confront\u00e9s.","robots":{"index":"index","follow":"follow","max-snippet":"max-snippet:-1","max-image-preview":"max-image-preview:large","max-video-preview":"max-video-preview:-1"},"canonical":"https:\/\/myparadigm.com\/fr\/industries\/door-window-manufacturers\/","og_locale":"fr_FR","og_type":"article","og_title":"Fabricants de portes et fen\u00eatres","og_description":"Fabrication de portes et fen\u00eatres. Nous comprenons les d\u00e9fis complexes auxquels les fabricants sont confront\u00e9s.","og_url":"https:\/\/myparadigm.com\/fr\/industries\/door-window-manufacturers\/","og_site_name":"Paradigm Technology","article_publisher":"https:\/\/www.facebook.com\/myParadigmTechnology\/","article_modified_time":"2024-12-07T17:15:08+00:00","og_image":[{"url":"https:\/\/myparadigm.com\/wp-content\/uploads\/2023\/09\/Image_Industries_Door-Manufacturers_620x320.png","type":"","width":"","height":""}],"twitter_card":"summary_large_image","twitter_misc":{"Dur\u00e9e de lecture estim\u00e9e":"2 minutes"},"schema":{"@context":"https:\/\/schema.org","@graph":[{"@type":"WebPage","@id":"https:\/\/myparadigm.com\/fr\/industries\/door-window-manufacturers\/","url":"https:\/\/myparadigm.com\/fr\/industries\/door-window-manufacturers\/","name":"Fabricants de portes et fen\u00eatres - Paradigm Technology","isPartOf":{"@id":"https:\/\/myparadigm.com\/#website"},"primaryImageOfPage":{"@id":"https:\/\/myparadigm.com\/fr\/industries\/door-window-manufacturers\/#primaryimage"},"image":{"@id":"https:\/\/myparadigm.com\/fr\/industries\/door-window-manufacturers\/#primaryimage"},"thumbnailUrl":"https:\/\/myparadigm.com\/wp-content\/uploads\/2023\/09\/Image_Industries_Door-Manufacturers_620x320.png","datePublished":"2023-09-13T21:26:47+00:00","dateModified":"2024-12-07T17:15:08+00:00","description":"Fabrication de portes et fen\u00eatres. Nous comprenons les d\u00e9fis complexes auxquels les fabricants sont confront\u00e9s.","breadcrumb":{"@id":"https:\/\/myparadigm.com\/fr\/industries\/door-window-manufacturers\/#breadcrumb"},"inLanguage":"fr-FR","potentialAction":[{"@type":"ReadAction","target":["https:\/\/myparadigm.com\/fr\/industries\/door-window-manufacturers\/"]}]},{"@type":"ImageObject","inLanguage":"fr-FR","@id":"https:\/\/myparadigm.com\/fr\/industries\/door-window-manufacturers\/#primaryimage","url":"https:\/\/myparadigm.com\/wp-content\/uploads\/2023\/09\/Image_Industries_Door-Manufacturers_620x320.png","contentUrl":"https:\/\/myparadigm.com\/wp-content\/uploads\/2023\/09\/Image_Industries_Door-Manufacturers_620x320.png"},{"@type":"BreadcrumbList","@id":"https:\/\/myparadigm.com\/fr\/industries\/door-window-manufacturers\/#breadcrumb","itemListElement":[{"@type":"ListItem","position":1,"name":"Home","item":"https:\/\/myparadigm.com\/fr\/home\/"},{"@type":"ListItem","position":2,"name":"Industries","item":"https:\/\/myparadigm.com\/?page_id=70"},{"@type":"ListItem","position":3,"name":"Fabricants de portes et fen\u00eatres"}]},{"@type":"WebSite","@id":"https:\/\/myparadigm.com\/#website","url":"https:\/\/myparadigm.com\/","name":"Paradigm Technology","description":"Software for the Building Industry","publisher":{"@id":"https:\/\/myparadigm.com\/#organization"},"potentialAction":[{"@type":"SearchAction","target":{"@type":"EntryPoint","urlTemplate":"https:\/\/myparadigm.com\/?s={search_term_string}"},"query-input":{"@type":"PropertyValueSpecification","valueRequired":true,"valueName":"search_term_string"}}],"inLanguage":"fr-FR"},{"@type":"Organization","@id":"https:\/\/myparadigm.com\/#organization","name":"Paradigm Technology","url":"https:\/\/myparadigm.com\/","logo":{"@type":"ImageObject","inLanguage":"fr-FR","@id":"https:\/\/myparadigm.com\/#\/schema\/logo\/image\/","url":"https:\/\/myparadigm.com\/wp-content\/uploads\/2023\/12\/Paradigm_favicon_web_p.jpg","contentUrl":"https:\/\/myparadigm.com\/wp-content\/uploads\/2023\/12\/Paradigm_favicon_web_p.jpg","width":512,"height":512,"caption":"Paradigm Technology"},"image":{"@id":"https:\/\/myparadigm.com\/#\/schema\/logo\/image\/"},"sameAs":["https:\/\/www.facebook.com\/myParadigmTechnology\/","https:\/\/www.linkedin.com\/company\/myParadigmTechnology\/","https:\/\/www.youtube.com\/channel\/UC8khFPtIe_j0A7K0zLL5VBA"]}]}},"_links":{"self":[{"href":"https:\/\/myparadigm.com\/fr\/wp-json\/wp\/v2\/pages\/15300","targetHints":{"allow":["GET"]}}],"collection":[{"href":"https:\/\/myparadigm.com\/fr\/wp-json\/wp\/v2\/pages"}],"about":[{"href":"https:\/\/myparadigm.com\/fr\/wp-json\/wp\/v2\/types\/page"}],"author":[{"embeddable":true,"href":"https:\/\/myparadigm.com\/fr\/wp-json\/wp\/v2\/users\/7"}],"replies":[{"embeddable":true,"href":"https:\/\/myparadigm.com\/fr\/wp-json\/wp\/v2\/comments?post=15300"}],"version-history":[{"count":0,"href":"https:\/\/myparadigm.com\/fr\/wp-json\/wp\/v2\/pages\/15300\/revisions"}],"up":[{"embeddable":true,"href":"https:\/\/myparadigm.com\/fr\/wp-json\/wp\/v2\/pages\/14258"}],"wp:attachment":[{"href":"https:\/\/myparadigm.com\/fr\/wp-json\/wp\/v2\/media?parent=15300"}],"wp:term":[{"taxonomy":"page_categories","embeddable":true,"href":"https:\/\/myparadigm.com\/fr\/wp-json\/wp\/v2\/page_categories?post=15300"}],"curies":[{"name":"wp","href":"https:\/\/api.w.org\/{rel}","templated":true}]}}