{"id":15263,"date":"2023-08-23T20:46:16","date_gmt":"2023-08-23T20:46:16","guid":{"rendered":"https:\/\/wtspstaging.wpengine.com\/page-de-remerciement-du-webinaire\/"},"modified":"2024-12-11T23:28:50","modified_gmt":"2024-12-11T23:28:50","slug":"page-de-remerciement-du-webinaire","status":"publish","type":"page","link":"https:\/\/myparadigm.com\/fr\/page-de-remerciement-du-webinaire\/","title":{"rendered":"Page de remerciement du webinaire"},"content":{"rendered":"","protected":false},"excerpt":{"rendered":"","protected":false},"author":3,"featured_media":0,"parent":0,"menu_order":0,"comment_status":"closed","ping_status":"closed","template":"","meta":{"_acf_changed":false,"footnotes":""},"page_categories":[],"class_list":["post-15263","page","type-page","status-publish","hentry"],"acf":[],"yoast_head":"<!-- This site is optimized with the Yoast SEO Premium plugin v27.2 (Yoast SEO v27.2) - https:\/\/yoast.com\/product\/yoast-seo-premium-wordpress\/ -->\n<title>Page de remerciement du webinaire - Paradigm Technology<\/title>\n<meta name=\"description\" content=\"Planifiez une d\u00e9mo pour en savoir plusD\u00e9couvrez comment nos solutions peuvent vous aider \u00e0 atteindre vos objectifs.\" \/>\n<meta name=\"robots\" content=\"index, follow, max-snippet:-1, max-image-preview:large, max-video-preview:-1\" \/>\n<link rel=\"canonical\" href=\"https:\/\/myparadigm.com\/fr\/page-de-remerciement-du-webinaire\/\" \/>\n<meta property=\"og:locale\" content=\"fr_FR\" \/>\n<meta property=\"og:type\" content=\"article\" \/>\n<meta property=\"og:title\" content=\"Page de remerciement du webinaire\" \/>\n<meta property=\"og:description\" content=\"Planifiez une d\u00e9mo pour en savoir plusD\u00e9couvrez comment nos solutions peuvent vous aider \u00e0 atteindre vos objectifs.\" \/>\n<meta property=\"og:url\" content=\"https:\/\/myparadigm.com\/fr\/page-de-remerciement-du-webinaire\/\" \/>\n<meta property=\"og:site_name\" content=\"Paradigm Technology\" \/>\n<meta property=\"article:publisher\" content=\"https:\/\/www.facebook.com\/myParadigmTechnology\/\" \/>\n<meta property=\"article:modified_time\" content=\"2024-12-11T23:28:50+00:00\" \/>\n<meta name=\"twitter:card\" content=\"summary_large_image\" \/>\n<script type=\"application\/ld+json\" class=\"yoast-schema-graph\">{\"@context\":\"https:\/\/schema.org\",\"@graph\":[{\"@type\":\"WebPage\",\"@id\":\"https:\/\/myparadigm.com\/fr\/page-de-remerciement-du-webinaire\/\",\"url\":\"https:\/\/myparadigm.com\/fr\/page-de-remerciement-du-webinaire\/\",\"name\":\"Page de remerciement du webinaire - Paradigm Technology\",\"isPartOf\":{\"@id\":\"https:\/\/myparadigm.com\/#website\"},\"datePublished\":\"2023-08-23T20:46:16+00:00\",\"dateModified\":\"2024-12-11T23:28:50+00:00\",\"description\":\"Planifiez une d\u00e9mo pour en savoir plusD\u00e9couvrez comment nos solutions peuvent vous aider \u00e0 atteindre vos objectifs.\",\"breadcrumb\":{\"@id\":\"https:\/\/myparadigm.com\/fr\/page-de-remerciement-du-webinaire\/#breadcrumb\"},\"inLanguage\":\"fr-FR\",\"potentialAction\":[{\"@type\":\"ReadAction\",\"target\":[\"https:\/\/myparadigm.com\/fr\/page-de-remerciement-du-webinaire\/\"]}]},{\"@type\":\"BreadcrumbList\",\"@id\":\"https:\/\/myparadigm.com\/fr\/page-de-remerciement-du-webinaire\/#breadcrumb\",\"itemListElement\":[{\"@type\":\"ListItem\",\"position\":1,\"name\":\"Home\",\"item\":\"https:\/\/myparadigm.com\/fr\/home\/\"},{\"@type\":\"ListItem\",\"position\":2,\"name\":\"Page de remerciement du webinaire\"}]},{\"@type\":\"WebSite\",\"@id\":\"https:\/\/myparadigm.com\/#website\",\"url\":\"https:\/\/myparadigm.com\/\",\"name\":\"Paradigm Technology\",\"description\":\"Software for the Building Industry\",\"publisher\":{\"@id\":\"https:\/\/myparadigm.com\/#organization\"},\"potentialAction\":[{\"@type\":\"SearchAction\",\"target\":{\"@type\":\"EntryPoint\",\"urlTemplate\":\"https:\/\/myparadigm.com\/?s={search_term_string}\"},\"query-input\":{\"@type\":\"PropertyValueSpecification\",\"valueRequired\":true,\"valueName\":\"search_term_string\"}}],\"inLanguage\":\"fr-FR\"},{\"@type\":\"Organization\",\"@id\":\"https:\/\/myparadigm.com\/#organization\",\"name\":\"Paradigm Technology\",\"url\":\"https:\/\/myparadigm.com\/\",\"logo\":{\"@type\":\"ImageObject\",\"inLanguage\":\"fr-FR\",\"@id\":\"https:\/\/myparadigm.com\/#\/schema\/logo\/image\/\",\"url\":\"https:\/\/myparadigm.com\/wp-content\/uploads\/2023\/12\/Paradigm_favicon_web_p.jpg\",\"contentUrl\":\"https:\/\/myparadigm.com\/wp-content\/uploads\/2023\/12\/Paradigm_favicon_web_p.jpg\",\"width\":512,\"height\":512,\"caption\":\"Paradigm Technology\"},\"image\":{\"@id\":\"https:\/\/myparadigm.com\/#\/schema\/logo\/image\/\"},\"sameAs\":[\"https:\/\/www.facebook.com\/myParadigmTechnology\/\",\"https:\/\/www.linkedin.com\/company\/myParadigmTechnology\/\",\"https:\/\/www.youtube.com\/channel\/UC8khFPtIe_j0A7K0zLL5VBA\"]}]}<\/script>\n<!-- \/ Yoast SEO Premium plugin. -->","yoast_head_json":{"title":"Page de remerciement du webinaire - Paradigm Technology","description":"Planifiez une d\u00e9mo pour en savoir plusD\u00e9couvrez comment nos solutions peuvent vous aider \u00e0 atteindre vos objectifs.","robots":{"index":"index","follow":"follow","max-snippet":"max-snippet:-1","max-image-preview":"max-image-preview:large","max-video-preview":"max-video-preview:-1"},"canonical":"https:\/\/myparadigm.com\/fr\/page-de-remerciement-du-webinaire\/","og_locale":"fr_FR","og_type":"article","og_title":"Page de remerciement du webinaire","og_description":"Planifiez une d\u00e9mo pour en savoir plusD\u00e9couvrez comment nos solutions peuvent vous aider \u00e0 atteindre vos objectifs.","og_url":"https:\/\/myparadigm.com\/fr\/page-de-remerciement-du-webinaire\/","og_site_name":"Paradigm Technology","article_publisher":"https:\/\/www.facebook.com\/myParadigmTechnology\/","article_modified_time":"2024-12-11T23:28:50+00:00","twitter_card":"summary_large_image","schema":{"@context":"https:\/\/schema.org","@graph":[{"@type":"WebPage","@id":"https:\/\/myparadigm.com\/fr\/page-de-remerciement-du-webinaire\/","url":"https:\/\/myparadigm.com\/fr\/page-de-remerciement-du-webinaire\/","name":"Page de remerciement du webinaire - Paradigm Technology","isPartOf":{"@id":"https:\/\/myparadigm.com\/#website"},"datePublished":"2023-08-23T20:46:16+00:00","dateModified":"2024-12-11T23:28:50+00:00","description":"Planifiez une d\u00e9mo pour en savoir plusD\u00e9couvrez comment nos solutions peuvent vous aider \u00e0 atteindre vos objectifs.","breadcrumb":{"@id":"https:\/\/myparadigm.com\/fr\/page-de-remerciement-du-webinaire\/#breadcrumb"},"inLanguage":"fr-FR","potentialAction":[{"@type":"ReadAction","target":["https:\/\/myparadigm.com\/fr\/page-de-remerciement-du-webinaire\/"]}]},{"@type":"BreadcrumbList","@id":"https:\/\/myparadigm.com\/fr\/page-de-remerciement-du-webinaire\/#breadcrumb","itemListElement":[{"@type":"ListItem","position":1,"name":"Home","item":"https:\/\/myparadigm.com\/fr\/home\/"},{"@type":"ListItem","position":2,"name":"Page de remerciement du webinaire"}]},{"@type":"WebSite","@id":"https:\/\/myparadigm.com\/#website","url":"https:\/\/myparadigm.com\/","name":"Paradigm Technology","description":"Software for the Building Industry","publisher":{"@id":"https:\/\/myparadigm.com\/#organization"},"potentialAction":[{"@type":"SearchAction","target":{"@type":"EntryPoint","urlTemplate":"https:\/\/myparadigm.com\/?s={search_term_string}"},"query-input":{"@type":"PropertyValueSpecification","valueRequired":true,"valueName":"search_term_string"}}],"inLanguage":"fr-FR"},{"@type":"Organization","@id":"https:\/\/myparadigm.com\/#organization","name":"Paradigm Technology","url":"https:\/\/myparadigm.com\/","logo":{"@type":"ImageObject","inLanguage":"fr-FR","@id":"https:\/\/myparadigm.com\/#\/schema\/logo\/image\/","url":"https:\/\/myparadigm.com\/wp-content\/uploads\/2023\/12\/Paradigm_favicon_web_p.jpg","contentUrl":"https:\/\/myparadigm.com\/wp-content\/uploads\/2023\/12\/Paradigm_favicon_web_p.jpg","width":512,"height":512,"caption":"Paradigm Technology"},"image":{"@id":"https:\/\/myparadigm.com\/#\/schema\/logo\/image\/"},"sameAs":["https:\/\/www.facebook.com\/myParadigmTechnology\/","https:\/\/www.linkedin.com\/company\/myParadigmTechnology\/","https:\/\/www.youtube.com\/channel\/UC8khFPtIe_j0A7K0zLL5VBA"]}]}},"_links":{"self":[{"href":"https:\/\/myparadigm.com\/fr\/wp-json\/wp\/v2\/pages\/15263","targetHints":{"allow":["GET"]}}],"collection":[{"href":"https:\/\/myparadigm.com\/fr\/wp-json\/wp\/v2\/pages"}],"about":[{"href":"https:\/\/myparadigm.com\/fr\/wp-json\/wp\/v2\/types\/page"}],"author":[{"embeddable":true,"href":"https:\/\/myparadigm.com\/fr\/wp-json\/wp\/v2\/users\/3"}],"replies":[{"embeddable":true,"href":"https:\/\/myparadigm.com\/fr\/wp-json\/wp\/v2\/comments?post=15263"}],"version-history":[{"count":0,"href":"https:\/\/myparadigm.com\/fr\/wp-json\/wp\/v2\/pages\/15263\/revisions"}],"wp:attachment":[{"href":"https:\/\/myparadigm.com\/fr\/wp-json\/wp\/v2\/media?parent=15263"}],"wp:term":[{"taxonomy":"page_categories","embeddable":true,"href":"https:\/\/myparadigm.com\/fr\/wp-json\/wp\/v2\/page_categories?post=15263"}],"curies":[{"name":"wp","href":"https:\/\/api.w.org\/{rel}","templated":true}]}}