{"id":15255,"date":"2023-08-23T20:16:54","date_gmt":"2023-08-23T20:16:54","guid":{"rendered":"https:\/\/wtspstaging.wpengine.com\/informations-sur-la-facturation-des-clients-merci\/"},"modified":"2024-12-07T16:58:06","modified_gmt":"2024-12-07T16:58:06","slug":"customer-billing-information-thank-you","status":"publish","type":"page","link":"https:\/\/myparadigm.com\/fr\/customer-billing-information\/customer-billing-information-thank-you\/","title":{"rendered":"Merci!"},"content":{"rendered":"\n\n\t\t<h1>\n\t\t\tMerci!\n\t\t<\/h1>\n\t\t\t<p>Assurez-vous que votre \u00e9quipe est pr\u00eate \u00e0 recevoir les Communications Paradigm en suivant les \u00e9tapes suivantes..<\/p>\n\t\t<h4> Liste blanche<\/h4>\n\t\t\t<p>Demandez \u00e0 votre \u00e9quipe informatique d&rsquo;ajouter le domaine myparadigm.com \u00e0 la liste blanche de votre entreprise.<\/p>\t\t\n\t\t<h4> Carnet d&rsquo;adresses<\/h4>\n\t\t\t<p>Ajoutez accounting@myparadigm.com et info@myparadigm.com \u00e0 votre carnet d&rsquo;adresses<\/p>\t\t\n\t\t<h4> Inscrivez-vous pour plus d&rsquo;informations<\/h4>\n\t\t\t<p>Les communications peuvent \u00eatre g\u00e9r\u00e9es en visitant <a href=\"https:\/\/myparadigm.com\/email-preferences\/\">myparadigm.com\/fr\/preferences-email\/<\/a><\/p>\t\t\n\t\t<h2>\n\t\t\tRessources additionnelles\n\t\t<\/h2>\n\t\t\t<p>Paradigm\u00ae offre des ressources de connaissances pratiques et une aide \u00e0 la connexion pour nos clients.<\/p>\t\t\n\t\t\t<a href=\"\" target=\"_self\" rel=\"noopener\">\n\t\t<h5>Notes de version<\/h5>\n\t\t\t<p>Des notes sont envoy\u00e9es le troisi\u00e8me mercredi de chaque mois, mettant en \u00e9vidence les derni\u00e8res mises \u00e0 jour du produit. \u00c0 la recherche d&rsquo;informations sur la derni\u00e8re version?\u202f Visitez notre base de connaissances.\u00a0<\/p>\t\t\n\t\t<\/a>\n\t\t\t<a href=\"https:\/\/myparadigm.com\/fr\/?page_id=14288\" target=\"_self\" rel=\"noopener\">\n\t\t<h5>Paradigm Support<\/h5>\n\t\t\t<p>Avez-vous besoin d&rsquo;aide pour un probl\u00e8me existant ? Soumettez votre probl\u00e8me avec un ticket dans le Centre d&rsquo;aide Paradigm, aliment\u00e9 par Jira Service Desk.\u00a0<\/p>\t\t\n\t\t<\/a>\n\t\t\t<a href=\"https:\/\/myparadigm.com\/fr\/?page_id=14278\" target=\"_self\" rel=\"noopener\">\n\t\t<h5>Industry Updates<\/h5>\n\t\t\t<p>Vous cherchez les derni\u00e8res nouvelles du march\u00e9 de l&rsquo;industrie de la construction ? Visitez notre blog.\u00a0<\/p>\t\t\n\t\t<\/a>\n\t\t<h2>\n\t\t\tEngag\u00e9 envers nos clients.\n\t\t<\/h2>\n\t\t\t<p>Les communications avec les clients visent \u00e0 fournir des conseils, des ressources et des mises \u00e0 jour techniques visant \u00e0 optimiser votre technologie Paradigm.\u202fSi vous avez des questions\u202fconcernant vos coordonn\u00e9es ou vos e-mails de Paradigm, veuillez nous contacter directement \u00e0\u202f<a href=\"mailto:contacteznous@myparadigm.com\" target=\"_blank\" rel=\"noreferrer noopener\">contacteznous@myparadigm.com<\/a>\u00a0<\/p>\t\t\n\n","protected":false},"excerpt":{"rendered":"<p>Merci! Assurez-vous que votre \u00e9quipe est pr\u00eate \u00e0 recevoir les Communications Paradigm en suivant les \u00e9tapes suivantes.. Liste blanche Demandez \u00e0 votre \u00e9quipe informatique d&rsquo;ajouter le domaine myparadigm.com \u00e0 la liste blanche de votre entreprise. Carnet d&rsquo;adresses Ajoutez accounting@myparadigm.com et info@myparadigm.com \u00e0 votre carnet d&rsquo;adresses Inscrivez-vous pour plus d&rsquo;informations Les communications peuvent \u00eatre g\u00e9r\u00e9es en&hellip;<\/p>\n","protected":false},"author":7,"featured_media":0,"parent":15253,"menu_order":0,"comment_status":"closed","ping_status":"closed","template":"","meta":{"_acf_changed":false,"footnotes":""},"page_categories":[],"class_list":["post-15255","page","type-page","status-publish","hentry"],"acf":[],"yoast_head":"<!-- This site is optimized with the Yoast SEO Premium plugin v27.5 (Yoast SEO v27.5) - https:\/\/yoast.com\/product\/yoast-seo-premium-wordpress\/ -->\n<title>Merci! - Paradigm Technology<\/title>\n<meta name=\"description\" content=\"Assurez-vous que votre \u00e9quipe est pr\u00eate \u00e0 recevoir les Communications Paradigm en suivant les \u00e9tapes suivantes.\" \/>\n<meta name=\"robots\" content=\"index, follow, max-snippet:-1, max-image-preview:large, max-video-preview:-1\" \/>\n<link rel=\"canonical\" href=\"https:\/\/myparadigm.com\/fr\/customer-billing-information\/customer-billing-information-thank-you\/\" \/>\n<meta property=\"og:locale\" content=\"fr_FR\" \/>\n<meta property=\"og:type\" content=\"article\" \/>\n<meta property=\"og:title\" content=\"Merci!\" \/>\n<meta property=\"og:description\" content=\"Assurez-vous que votre \u00e9quipe est pr\u00eate \u00e0 recevoir les Communications Paradigm en suivant les \u00e9tapes suivantes.\" \/>\n<meta property=\"og:url\" content=\"https:\/\/myparadigm.com\/fr\/customer-billing-information\/customer-billing-information-thank-you\/\" \/>\n<meta property=\"og:site_name\" content=\"Paradigm Technology\" \/>\n<meta property=\"article:publisher\" content=\"https:\/\/www.facebook.com\/myParadigmTechnology\/\" \/>\n<meta property=\"article:modified_time\" content=\"2024-12-07T16:58:06+00:00\" \/>\n<meta name=\"twitter:card\" content=\"summary_large_image\" \/>\n<meta name=\"twitter:label1\" content=\"Dur\u00e9e de lecture estim\u00e9e\" \/>\n\t<meta name=\"twitter:data1\" content=\"1 minute\" \/>\n<script type=\"application\/ld+json\" class=\"yoast-schema-graph\">{\"@context\":\"https:\\\/\\\/schema.org\",\"@graph\":[{\"@type\":\"WebPage\",\"@id\":\"https:\\\/\\\/myparadigm.com\\\/fr\\\/customer-billing-information\\\/customer-billing-information-thank-you\\\/\",\"url\":\"https:\\\/\\\/myparadigm.com\\\/fr\\\/customer-billing-information\\\/customer-billing-information-thank-you\\\/\",\"name\":\"Merci! - Paradigm Technology\",\"isPartOf\":{\"@id\":\"https:\\\/\\\/myparadigm.com\\\/#website\"},\"datePublished\":\"2023-08-23T20:16:54+00:00\",\"dateModified\":\"2024-12-07T16:58:06+00:00\",\"description\":\"Assurez-vous que votre \u00e9quipe est pr\u00eate \u00e0 recevoir les Communications Paradigm en suivant les \u00e9tapes suivantes.\",\"breadcrumb\":{\"@id\":\"https:\\\/\\\/myparadigm.com\\\/fr\\\/customer-billing-information\\\/customer-billing-information-thank-you\\\/#breadcrumb\"},\"inLanguage\":\"fr-FR\",\"potentialAction\":[{\"@type\":\"ReadAction\",\"target\":[\"https:\\\/\\\/myparadigm.com\\\/fr\\\/customer-billing-information\\\/customer-billing-information-thank-you\\\/\"]}]},{\"@type\":\"BreadcrumbList\",\"@id\":\"https:\\\/\\\/myparadigm.com\\\/fr\\\/customer-billing-information\\\/customer-billing-information-thank-you\\\/#breadcrumb\",\"itemListElement\":[{\"@type\":\"ListItem\",\"position\":1,\"name\":\"Home\",\"item\":\"https:\\\/\\\/myparadigm.com\\\/fr\\\/\"},{\"@type\":\"ListItem\",\"position\":2,\"name\":\"Informations sur la facturation des clients\",\"item\":\"https:\\\/\\\/myparadigm.com\\\/fr\\\/customer-billing-information\\\/\"},{\"@type\":\"ListItem\",\"position\":3,\"name\":\"Merci!\"}]},{\"@type\":\"WebSite\",\"@id\":\"https:\\\/\\\/myparadigm.com\\\/#website\",\"url\":\"https:\\\/\\\/myparadigm.com\\\/\",\"name\":\"Paradigm Technology\",\"description\":\"Software for the Building Industry\",\"publisher\":{\"@id\":\"https:\\\/\\\/myparadigm.com\\\/#organization\"},\"potentialAction\":[{\"@type\":\"SearchAction\",\"target\":{\"@type\":\"EntryPoint\",\"urlTemplate\":\"https:\\\/\\\/myparadigm.com\\\/?s={search_term_string}\"},\"query-input\":{\"@type\":\"PropertyValueSpecification\",\"valueRequired\":true,\"valueName\":\"search_term_string\"}}],\"inLanguage\":\"fr-FR\"},{\"@type\":\"Organization\",\"@id\":\"https:\\\/\\\/myparadigm.com\\\/#organization\",\"name\":\"Paradigm Technology\",\"url\":\"https:\\\/\\\/myparadigm.com\\\/\",\"logo\":{\"@type\":\"ImageObject\",\"inLanguage\":\"fr-FR\",\"@id\":\"https:\\\/\\\/myparadigm.com\\\/#\\\/schema\\\/logo\\\/image\\\/\",\"url\":\"https:\\\/\\\/myparadigm.com\\\/wp-content\\\/uploads\\\/2023\\\/12\\\/Paradigm_favicon_web_p.jpg\",\"contentUrl\":\"https:\\\/\\\/myparadigm.com\\\/wp-content\\\/uploads\\\/2023\\\/12\\\/Paradigm_favicon_web_p.jpg\",\"width\":512,\"height\":512,\"caption\":\"Paradigm Technology\"},\"image\":{\"@id\":\"https:\\\/\\\/myparadigm.com\\\/#\\\/schema\\\/logo\\\/image\\\/\"},\"sameAs\":[\"https:\\\/\\\/www.facebook.com\\\/myParadigmTechnology\\\/\",\"https:\\\/\\\/www.linkedin.com\\\/company\\\/myParadigmTechnology\\\/\",\"https:\\\/\\\/www.youtube.com\\\/channel\\\/UC8khFPtIe_j0A7K0zLL5VBA\"]}]}<\/script>\n<!-- \/ Yoast SEO Premium plugin. -->","yoast_head_json":{"title":"Merci! - Paradigm Technology","description":"Assurez-vous que votre \u00e9quipe est pr\u00eate \u00e0 recevoir les Communications Paradigm en suivant les \u00e9tapes suivantes.","robots":{"index":"index","follow":"follow","max-snippet":"max-snippet:-1","max-image-preview":"max-image-preview:large","max-video-preview":"max-video-preview:-1"},"canonical":"https:\/\/myparadigm.com\/fr\/customer-billing-information\/customer-billing-information-thank-you\/","og_locale":"fr_FR","og_type":"article","og_title":"Merci!","og_description":"Assurez-vous que votre \u00e9quipe est pr\u00eate \u00e0 recevoir les Communications Paradigm en suivant les \u00e9tapes suivantes.","og_url":"https:\/\/myparadigm.com\/fr\/customer-billing-information\/customer-billing-information-thank-you\/","og_site_name":"Paradigm Technology","article_publisher":"https:\/\/www.facebook.com\/myParadigmTechnology\/","article_modified_time":"2024-12-07T16:58:06+00:00","twitter_card":"summary_large_image","twitter_misc":{"Dur\u00e9e de lecture estim\u00e9e":"1 minute"},"schema":{"@context":"https:\/\/schema.org","@graph":[{"@type":"WebPage","@id":"https:\/\/myparadigm.com\/fr\/customer-billing-information\/customer-billing-information-thank-you\/","url":"https:\/\/myparadigm.com\/fr\/customer-billing-information\/customer-billing-information-thank-you\/","name":"Merci! - Paradigm Technology","isPartOf":{"@id":"https:\/\/myparadigm.com\/#website"},"datePublished":"2023-08-23T20:16:54+00:00","dateModified":"2024-12-07T16:58:06+00:00","description":"Assurez-vous que votre \u00e9quipe est pr\u00eate \u00e0 recevoir les Communications Paradigm en suivant les \u00e9tapes suivantes.","breadcrumb":{"@id":"https:\/\/myparadigm.com\/fr\/customer-billing-information\/customer-billing-information-thank-you\/#breadcrumb"},"inLanguage":"fr-FR","potentialAction":[{"@type":"ReadAction","target":["https:\/\/myparadigm.com\/fr\/customer-billing-information\/customer-billing-information-thank-you\/"]}]},{"@type":"BreadcrumbList","@id":"https:\/\/myparadigm.com\/fr\/customer-billing-information\/customer-billing-information-thank-you\/#breadcrumb","itemListElement":[{"@type":"ListItem","position":1,"name":"Home","item":"https:\/\/myparadigm.com\/fr\/"},{"@type":"ListItem","position":2,"name":"Informations sur la facturation des clients","item":"https:\/\/myparadigm.com\/fr\/customer-billing-information\/"},{"@type":"ListItem","position":3,"name":"Merci!"}]},{"@type":"WebSite","@id":"https:\/\/myparadigm.com\/#website","url":"https:\/\/myparadigm.com\/","name":"Paradigm Technology","description":"Software for the Building Industry","publisher":{"@id":"https:\/\/myparadigm.com\/#organization"},"potentialAction":[{"@type":"SearchAction","target":{"@type":"EntryPoint","urlTemplate":"https:\/\/myparadigm.com\/?s={search_term_string}"},"query-input":{"@type":"PropertyValueSpecification","valueRequired":true,"valueName":"search_term_string"}}],"inLanguage":"fr-FR"},{"@type":"Organization","@id":"https:\/\/myparadigm.com\/#organization","name":"Paradigm Technology","url":"https:\/\/myparadigm.com\/","logo":{"@type":"ImageObject","inLanguage":"fr-FR","@id":"https:\/\/myparadigm.com\/#\/schema\/logo\/image\/","url":"https:\/\/myparadigm.com\/wp-content\/uploads\/2023\/12\/Paradigm_favicon_web_p.jpg","contentUrl":"https:\/\/myparadigm.com\/wp-content\/uploads\/2023\/12\/Paradigm_favicon_web_p.jpg","width":512,"height":512,"caption":"Paradigm Technology"},"image":{"@id":"https:\/\/myparadigm.com\/#\/schema\/logo\/image\/"},"sameAs":["https:\/\/www.facebook.com\/myParadigmTechnology\/","https:\/\/www.linkedin.com\/company\/myParadigmTechnology\/","https:\/\/www.youtube.com\/channel\/UC8khFPtIe_j0A7K0zLL5VBA"]}]}},"_links":{"self":[{"href":"https:\/\/myparadigm.com\/fr\/wp-json\/wp\/v2\/pages\/15255","targetHints":{"allow":["GET"]}}],"collection":[{"href":"https:\/\/myparadigm.com\/fr\/wp-json\/wp\/v2\/pages"}],"about":[{"href":"https:\/\/myparadigm.com\/fr\/wp-json\/wp\/v2\/types\/page"}],"author":[{"embeddable":true,"href":"https:\/\/myparadigm.com\/fr\/wp-json\/wp\/v2\/users\/7"}],"replies":[{"embeddable":true,"href":"https:\/\/myparadigm.com\/fr\/wp-json\/wp\/v2\/comments?post=15255"}],"version-history":[{"count":0,"href":"https:\/\/myparadigm.com\/fr\/wp-json\/wp\/v2\/pages\/15255\/revisions"}],"up":[{"embeddable":true,"href":"https:\/\/myparadigm.com\/fr\/wp-json\/wp\/v2\/pages\/15253"}],"wp:attachment":[{"href":"https:\/\/myparadigm.com\/fr\/wp-json\/wp\/v2\/media?parent=15255"}],"wp:term":[{"taxonomy":"page_categories","embeddable":true,"href":"https:\/\/myparadigm.com\/fr\/wp-json\/wp\/v2\/page_categories?post=15255"}],"curies":[{"name":"wp","href":"https:\/\/api.w.org\/{rel}","templated":true}]}}