{"id":15170,"date":"2023-08-15T20:20:51","date_gmt":"2023-08-15T20:20:51","guid":{"rendered":"https:\/\/wtspstaging.wpengine.com\/camp-de-base\/"},"modified":"2024-12-03T20:30:39","modified_gmt":"2024-12-03T20:30:39","slug":"base-camp","status":"publish","type":"page","link":"https:\/\/myparadigm.com\/fr\/base-camp\/","title":{"rendered":"Paradigm Base Camp"},"content":{"rendered":"\n\n\t\t\n\t\t\t<p>Base Camp est un logiciel gratuit pour les clients Paradigm.<\/p>\t\t\n\t\t\t<a href=\"https:\/\/basecamp.wtsparadigm.com\/downloads\/WTSParadigmBaseCampInstallation.msi\" target=\"_self\" rel=\"noopener\">\n\t\t\t\t\t\t\tT\u00e9l\u00e9charger Base Camp\n\t\t\t<\/a>\n\t\t\tIntegrations\n\t\t<h2>\n\t\t\t\u00c9conomisez du temps\n\t\t<\/h2>\n\t\t\t<p>Base Camp est un logiciel gratuit de Paradigm qui synchronise r\u00e9guli\u00e8rement les mises \u00e0 jour des applications et des catalogues et permet aux revendeurs d&rsquo;exporter facilement les soumissions command\u00e9es vers leurs syst\u00e8mes.Contactez l<a href=\"mailto:integrations@myparadigm.com?subject=Question%20for%20Base%20Camp%20Integrations%20Team\" target=\"_blank\" rel=\"noopener\">&lsquo;\u00e9quipe d&rsquo;int\u00e9gration de Paradigm<\/a> pour plus d&rsquo;informations.<\/p>\t\t\n\t\t<h4>Gagnez du temps<\/h4>\n\t\t\t<p>Base Camp est un outil Windows qui fonctionne en arri\u00e8re-plan pour traiter r\u00e9guli\u00e8rement les mises \u00e0 jour et les t\u00e9l\u00e9chargements. Pas d&rsquo;attente pour les t\u00e9l\u00e9chargements lorsque vous vous connectez.<\/p>\t\t\n\t\t<h4>L&rsquo;int\u00e9gration \u00e9limine la ressaisie<\/h4>\n\t\t\t<p>Base Camp re\u00e7oit automatiquement des soumissions du syst\u00e8me Paradigm et les convertit en un format de fichier pouvant \u00eatre import\u00e9 vers divers syst\u00e8mes en aval.<\/p>\t\t\n\t\t<h4>Donn\u00e9es pour les d\u00e9cisions<\/h4>\n\t\t\t<p>La fonction de rapport des m\u00e9triques de Base Camp permet \u00e0 Paradigm d&rsquo;identifier les tendances du catalogue et des donn\u00e9es de performances aidant les fabricants \u00e0 mieux comprendre l&rsquo;utilisation des logiciels et d&rsquo;autres donn\u00e9es, d&rsquo;optimiser les logiciels et d&rsquo;am\u00e9liorer continuellement la connexion fabricant-revendeur.\u00a0<\/p>\t\t\n\t\t<h2>\n\t\t\tVoulez-vous commencer ?\n\t\t<\/h2>\n\t\t\t<a href=\"https:\/\/basecamp.wtsparadigm.com\/downloads\/WTSParadigmBaseCampInstallation.msi\" target=\"_self\" rel=\"noopener\">\n\t\t\t\t\t\t\tT\u00e9l\u00e9charger Base Camp\n\t\t\t<\/a>\n\n","protected":false},"excerpt":{"rendered":"<p>Base Camp est un logiciel gratuit pour les clients Paradigm. T\u00e9l\u00e9charger Base Camp Integrations \u00c9conomisez du temps Base Camp est un logiciel gratuit de Paradigm qui synchronise r\u00e9guli\u00e8rement les mises \u00e0 jour des applications et des catalogues et permet aux revendeurs d&rsquo;exporter facilement les soumissions command\u00e9es vers leurs syst\u00e8mes.Contactez l&lsquo;\u00e9quipe d&rsquo;int\u00e9gration de Paradigm pour plus&hellip;<\/p>\n","protected":false},"author":3,"featured_media":0,"parent":0,"menu_order":0,"comment_status":"closed","ping_status":"closed","template":"","meta":{"_acf_changed":false,"footnotes":""},"page_categories":[],"class_list":["post-15170","page","type-page","status-publish","hentry"],"acf":[],"yoast_head":"<!-- This site is optimized with the Yoast SEO Premium plugin v27.2 (Yoast SEO v27.2) - https:\/\/yoast.com\/product\/yoast-seo-premium-wordpress\/ -->\n<title>Paradigm Base Camp - Paradigm Technology<\/title>\n<meta name=\"description\" content=\"Base Camp est un logiciel gratuit de Paradigm qui synchronise r\u00e9guli\u00e8rement les mises \u00e0 jour des applications et des catalogues et permet aux\" \/>\n<meta name=\"robots\" content=\"index, follow, max-snippet:-1, max-image-preview:large, max-video-preview:-1\" \/>\n<link rel=\"canonical\" href=\"https:\/\/myparadigm.com\/fr\/base-camp\/\" \/>\n<meta property=\"og:locale\" content=\"fr_FR\" \/>\n<meta property=\"og:type\" content=\"article\" \/>\n<meta property=\"og:title\" content=\"Paradigm Base Camp\" \/>\n<meta property=\"og:description\" content=\"Base Camp est un logiciel gratuit de Paradigm qui synchronise r\u00e9guli\u00e8rement les mises \u00e0 jour des applications et des catalogues et permet aux\" \/>\n<meta property=\"og:url\" content=\"https:\/\/myparadigm.com\/fr\/base-camp\/\" \/>\n<meta property=\"og:site_name\" content=\"Paradigm Technology\" \/>\n<meta property=\"article:publisher\" content=\"https:\/\/www.facebook.com\/myParadigmTechnology\/\" \/>\n<meta property=\"article:modified_time\" content=\"2024-12-03T20:30:39+00:00\" \/>\n<meta name=\"twitter:card\" content=\"summary_large_image\" \/>\n<meta name=\"twitter:label1\" content=\"Dur\u00e9e de lecture estim\u00e9e\" \/>\n\t<meta name=\"twitter:data1\" content=\"1 minute\" \/>\n<script type=\"application\/ld+json\" class=\"yoast-schema-graph\">{\"@context\":\"https:\/\/schema.org\",\"@graph\":[{\"@type\":\"WebPage\",\"@id\":\"https:\/\/myparadigm.com\/fr\/base-camp\/\",\"url\":\"https:\/\/myparadigm.com\/fr\/base-camp\/\",\"name\":\"Paradigm Base Camp - Paradigm Technology\",\"isPartOf\":{\"@id\":\"https:\/\/myparadigm.com\/#website\"},\"datePublished\":\"2023-08-15T20:20:51+00:00\",\"dateModified\":\"2024-12-03T20:30:39+00:00\",\"description\":\"Base Camp est un logiciel gratuit de Paradigm qui synchronise r\u00e9guli\u00e8rement les mises \u00e0 jour des applications et des catalogues et permet aux\",\"breadcrumb\":{\"@id\":\"https:\/\/myparadigm.com\/fr\/base-camp\/#breadcrumb\"},\"inLanguage\":\"fr-FR\",\"potentialAction\":[{\"@type\":\"ReadAction\",\"target\":[\"https:\/\/myparadigm.com\/fr\/base-camp\/\"]}]},{\"@type\":\"BreadcrumbList\",\"@id\":\"https:\/\/myparadigm.com\/fr\/base-camp\/#breadcrumb\",\"itemListElement\":[{\"@type\":\"ListItem\",\"position\":1,\"name\":\"Home\",\"item\":\"https:\/\/myparadigm.com\/fr\/home\/\"},{\"@type\":\"ListItem\",\"position\":2,\"name\":\"Paradigm Base Camp\"}]},{\"@type\":\"WebSite\",\"@id\":\"https:\/\/myparadigm.com\/#website\",\"url\":\"https:\/\/myparadigm.com\/\",\"name\":\"Paradigm Technology\",\"description\":\"Software for the Building Industry\",\"publisher\":{\"@id\":\"https:\/\/myparadigm.com\/#organization\"},\"potentialAction\":[{\"@type\":\"SearchAction\",\"target\":{\"@type\":\"EntryPoint\",\"urlTemplate\":\"https:\/\/myparadigm.com\/?s={search_term_string}\"},\"query-input\":{\"@type\":\"PropertyValueSpecification\",\"valueRequired\":true,\"valueName\":\"search_term_string\"}}],\"inLanguage\":\"fr-FR\"},{\"@type\":\"Organization\",\"@id\":\"https:\/\/myparadigm.com\/#organization\",\"name\":\"Paradigm Technology\",\"url\":\"https:\/\/myparadigm.com\/\",\"logo\":{\"@type\":\"ImageObject\",\"inLanguage\":\"fr-FR\",\"@id\":\"https:\/\/myparadigm.com\/#\/schema\/logo\/image\/\",\"url\":\"https:\/\/myparadigm.com\/wp-content\/uploads\/2023\/12\/Paradigm_favicon_web_p.jpg\",\"contentUrl\":\"https:\/\/myparadigm.com\/wp-content\/uploads\/2023\/12\/Paradigm_favicon_web_p.jpg\",\"width\":512,\"height\":512,\"caption\":\"Paradigm Technology\"},\"image\":{\"@id\":\"https:\/\/myparadigm.com\/#\/schema\/logo\/image\/\"},\"sameAs\":[\"https:\/\/www.facebook.com\/myParadigmTechnology\/\",\"https:\/\/www.linkedin.com\/company\/myParadigmTechnology\/\",\"https:\/\/www.youtube.com\/channel\/UC8khFPtIe_j0A7K0zLL5VBA\"]}]}<\/script>\n<!-- \/ Yoast SEO Premium plugin. -->","yoast_head_json":{"title":"Paradigm Base Camp - Paradigm Technology","description":"Base Camp est un logiciel gratuit de Paradigm qui synchronise r\u00e9guli\u00e8rement les mises \u00e0 jour des applications et des catalogues et permet aux","robots":{"index":"index","follow":"follow","max-snippet":"max-snippet:-1","max-image-preview":"max-image-preview:large","max-video-preview":"max-video-preview:-1"},"canonical":"https:\/\/myparadigm.com\/fr\/base-camp\/","og_locale":"fr_FR","og_type":"article","og_title":"Paradigm Base Camp","og_description":"Base Camp est un logiciel gratuit de Paradigm qui synchronise r\u00e9guli\u00e8rement les mises \u00e0 jour des applications et des catalogues et permet aux","og_url":"https:\/\/myparadigm.com\/fr\/base-camp\/","og_site_name":"Paradigm Technology","article_publisher":"https:\/\/www.facebook.com\/myParadigmTechnology\/","article_modified_time":"2024-12-03T20:30:39+00:00","twitter_card":"summary_large_image","twitter_misc":{"Dur\u00e9e de lecture estim\u00e9e":"1 minute"},"schema":{"@context":"https:\/\/schema.org","@graph":[{"@type":"WebPage","@id":"https:\/\/myparadigm.com\/fr\/base-camp\/","url":"https:\/\/myparadigm.com\/fr\/base-camp\/","name":"Paradigm Base Camp - Paradigm Technology","isPartOf":{"@id":"https:\/\/myparadigm.com\/#website"},"datePublished":"2023-08-15T20:20:51+00:00","dateModified":"2024-12-03T20:30:39+00:00","description":"Base Camp est un logiciel gratuit de Paradigm qui synchronise r\u00e9guli\u00e8rement les mises \u00e0 jour des applications et des catalogues et permet aux","breadcrumb":{"@id":"https:\/\/myparadigm.com\/fr\/base-camp\/#breadcrumb"},"inLanguage":"fr-FR","potentialAction":[{"@type":"ReadAction","target":["https:\/\/myparadigm.com\/fr\/base-camp\/"]}]},{"@type":"BreadcrumbList","@id":"https:\/\/myparadigm.com\/fr\/base-camp\/#breadcrumb","itemListElement":[{"@type":"ListItem","position":1,"name":"Home","item":"https:\/\/myparadigm.com\/fr\/home\/"},{"@type":"ListItem","position":2,"name":"Paradigm Base Camp"}]},{"@type":"WebSite","@id":"https:\/\/myparadigm.com\/#website","url":"https:\/\/myparadigm.com\/","name":"Paradigm Technology","description":"Software for the Building Industry","publisher":{"@id":"https:\/\/myparadigm.com\/#organization"},"potentialAction":[{"@type":"SearchAction","target":{"@type":"EntryPoint","urlTemplate":"https:\/\/myparadigm.com\/?s={search_term_string}"},"query-input":{"@type":"PropertyValueSpecification","valueRequired":true,"valueName":"search_term_string"}}],"inLanguage":"fr-FR"},{"@type":"Organization","@id":"https:\/\/myparadigm.com\/#organization","name":"Paradigm Technology","url":"https:\/\/myparadigm.com\/","logo":{"@type":"ImageObject","inLanguage":"fr-FR","@id":"https:\/\/myparadigm.com\/#\/schema\/logo\/image\/","url":"https:\/\/myparadigm.com\/wp-content\/uploads\/2023\/12\/Paradigm_favicon_web_p.jpg","contentUrl":"https:\/\/myparadigm.com\/wp-content\/uploads\/2023\/12\/Paradigm_favicon_web_p.jpg","width":512,"height":512,"caption":"Paradigm Technology"},"image":{"@id":"https:\/\/myparadigm.com\/#\/schema\/logo\/image\/"},"sameAs":["https:\/\/www.facebook.com\/myParadigmTechnology\/","https:\/\/www.linkedin.com\/company\/myParadigmTechnology\/","https:\/\/www.youtube.com\/channel\/UC8khFPtIe_j0A7K0zLL5VBA"]}]}},"_links":{"self":[{"href":"https:\/\/myparadigm.com\/fr\/wp-json\/wp\/v2\/pages\/15170","targetHints":{"allow":["GET"]}}],"collection":[{"href":"https:\/\/myparadigm.com\/fr\/wp-json\/wp\/v2\/pages"}],"about":[{"href":"https:\/\/myparadigm.com\/fr\/wp-json\/wp\/v2\/types\/page"}],"author":[{"embeddable":true,"href":"https:\/\/myparadigm.com\/fr\/wp-json\/wp\/v2\/users\/3"}],"replies":[{"embeddable":true,"href":"https:\/\/myparadigm.com\/fr\/wp-json\/wp\/v2\/comments?post=15170"}],"version-history":[{"count":0,"href":"https:\/\/myparadigm.com\/fr\/wp-json\/wp\/v2\/pages\/15170\/revisions"}],"wp:attachment":[{"href":"https:\/\/myparadigm.com\/fr\/wp-json\/wp\/v2\/media?parent=15170"}],"wp:term":[{"taxonomy":"page_categories","embeddable":true,"href":"https:\/\/myparadigm.com\/fr\/wp-json\/wp\/v2\/page_categories?post=15170"}],"curies":[{"name":"wp","href":"https:\/\/api.w.org\/{rel}","templated":true}]}}