{"id":15168,"date":"2023-08-15T20:01:46","date_gmt":"2023-08-15T20:01:46","guid":{"rendered":"https:\/\/wtspstaging.wpengine.com\/preference-du-client-en-matiere-de-mail\/"},"modified":"2024-12-07T17:06:28","modified_gmt":"2024-12-07T17:06:28","slug":"e-mail-preferences","status":"publish","type":"page","link":"https:\/\/myparadigm.com\/fr\/e-mail-preferences\/","title":{"rendered":"Pr\u00e9f\u00e9rence du client en mati\u00e8re d&rsquo;e-mail"},"content":{"rendered":"\n\n\t\t<h1>\n\t\t\tClients Paradigm\n\t\t<\/h1>\n\t\t\t<p>Recevez-vous les communications dont vous avez besoin? Customer communications are aimed at providing guidance, resources, and technical updates intended to optimize your Paradigm\u00ae technology.<\/p>\t\t\n\t\t<h2>\n\t\t\tCon\u00e7ues pour les clients comme vous.\n\t\t<\/h2>\n\t\t\t<p>Paradigm s&rsquo;engage \u00e0 ne vous envoyer que les communications que vous jugez importantes. Veuillez remplir le formulaire ci-dessous, y compris les pr\u00e9f\u00e9rences de messagerie.\u00a0<\/p>\t\t\n                <form method='post' enctype='multipart\/form-data' target='gform_ajax_frame_29' id='gform_29' class='email-signup-form' action='\/fr\/?page_id=15168&#038;fl_builder#gf_29' data-formid='29' novalidate>\n                        <ul id='gform_fields_29' class='gform_fields top_label form_sublabel_below description_below'><li id=\"field_29_11\"   data-js-reload=\"field_29_11\"><label class='gfield_label gform-field-label' for='input_29_11'>Untitled<\/label><\/li><li id=\"field_29_1\"   data-js-reload=\"field_29_1\"><label class='gfield_label gform-field-label' for='input_29_1'>Pr\u00e9nom*<\/label><input name='input_1' id='input_29_1' type='text' value='' class='large'   tabindex='100'  aria-required=\"true\" aria-invalid=\"false\"   \/> <\/li><li id=\"field_29_2\"   data-js-reload=\"field_29_2\"><label class='gfield_label gform-field-label' for='input_29_2'>Nom*<\/label><input name='input_2' id='input_29_2' type='text' value='' class='large'   tabindex='101'  aria-required=\"true\" aria-invalid=\"false\"   \/> <\/li><li id=\"field_29_3\"   data-js-reload=\"field_29_3\"><label class='gfield_label gform-field-label' for='input_29_3'>Entreprise*<\/label><input name='input_3' id='input_29_3' type='text' value='' class='large'   tabindex='102'  aria-required=\"true\" aria-invalid=\"false\"   \/> <\/li><li id=\"field_29_24\"   data-js-reload=\"field_29_24\"><label class='gfield_label gform-field-label' for='input_29_24'>Titre<\/label><input name='input_24' id='input_29_24' type='text' value='' class='large'   tabindex='103'   aria-invalid=\"false\"   \/> <\/li><li id=\"field_29_4\"   data-js-reload=\"field_29_4\"><label class='gfield_label gform-field-label' for='input_29_4'>Email*<\/label>\n                            <input name='input_4' id='input_29_4' type='email' value='' class='large' tabindex='104'   aria-required=\"true\" aria-invalid=\"false\"  \/>\n                        <\/li><li id=\"field_29_25\"   data-js-reload=\"field_29_25\"><label class='gfield_label gform-field-label' for='input_29_25'>Information additionnelle<\/label><textarea name='input_25' id='input_29_25' class='textarea medium' tabindex='105'     aria-invalid=\"false\"   rows='10' cols='50'><\/textarea><\/li><li id=\"field_29_29\"   data-js-reload=\"field_29_29\"><label class='gfield_label gform-field-label' for='input_29_29'>Column Break<\/label><\/li><li id=\"field_29_17\"   data-js-reload=\"field_29_17\"><strong>Pr\u00e9f\u00e9rences email (s\u00e9lectionnez tout ce qui vous int\u00e9resse) :<\/strong><\/li><li id=\"field_29_5\"   data-js-reload=\"field_29_5\"><label class='gfield_label gform-field-label gfield_label_before_complex'>Release Updates<\/label><ul class='gfield_checkbox' id='input_29_5'><li class='gchoice gchoice_29_5_1'>\n\t\t\t\t\t\t\t\t<input class='gfield-choice-input' name='input_5.1' type='checkbox'  value='Yes'  id='choice_29_5_1' tabindex='106'  \/>\n\t\t\t\t\t\t\t\t<label for='choice_29_5_1' id='label_29_5_1' class='gform-field-label gform-field-label--type-inline'><p>Mises \u00e0 jour des versionsRecevez mensuellement les notes de version et les ressources de soutien de notre  <a href=\"https:\/\/myparadigm.com\/fr-ca\/support\/#knowledge\" target=\"_blank\" rel=\"noopener\">base de connaissances<\/a> afin que votre technologie Paradigm fonctionne tout en douceur.<\/p><\/label>\n\t\t\t\t\t\t\t<\/li><\/ul><\/li><li id=\"field_29_14\"   data-js-reload=\"field_29_14\"><label class='gfield_label gform-field-label gfield_label_before_complex'>Technical Updates<\/label><ul class='gfield_checkbox' id='input_29_14'><li class='gchoice gchoice_29_14_1'>\n\t\t\t\t\t\t\t\t<input class='gfield-choice-input' name='input_14.1' type='checkbox'  value='Yes'  id='choice_29_14_1' tabindex='107'  \/>\n\t\t\t\t\t\t\t\t<label for='choice_29_14_1' id='label_29_14_1' class='gform-field-label gform-field-label--type-inline'><p>Mises \u00e0 jour techniques et d&rsquo;assistanceRecevez des mises \u00e0 jour techniques de votre <a href=\"https:\/\/myparadigm.com\/fr\/support\/ \" target=\"_blank\" rel=\"noopener\">centre d&rsquo;aide Paradigm<\/a> et des \u00e9quipes de services Paradigm.<\/p><\/label>\n\t\t\t\t\t\t\t<\/li><\/ul><\/li><li id=\"field_29_26\"   data-js-reload=\"field_29_26\"><label class='gfield_label gform-field-label gfield_label_before_complex'>Cloud Services<\/label><ul class='gfield_checkbox' id='input_29_26'><li class='gchoice gchoice_29_26_1'>\n\t\t\t\t\t\t\t\t<input class='gfield-choice-input' name='input_26.1' type='checkbox'  value='Yes'  id='choice_29_26_1' tabindex='108'  \/>\n\t\t\t\t\t\t\t\t<label for='choice_29_26_1' id='label_29_26_1' class='gform-field-label gform-field-label--type-inline'><p> Services Paradigm CloudRecevez des avis de maintenance planifi\u00e9e du cloud et de disponibilit\u00e9 du cloud qui peuvent affecter les ressources de production et hors production. Con\u00e7u pour les clients utilisant les services Paradigm Cloud.<\/p><\/label>\n\t\t\t\t\t\t\t<\/li><\/ul><\/li><li id=\"field_29_19\"   data-js-reload=\"field_29_19\"><label class='gfield_label gform-field-label gfield_label_before_complex'>Industry Updates<\/label><ul class='gfield_checkbox' id='input_29_19'><li class='gchoice gchoice_29_19_1'>\n\t\t\t\t\t\t\t\t<input class='gfield-choice-input' name='input_19.1' type='checkbox'  value='Yes'  id='choice_29_19_1' tabindex='109'  \/>\n\t\t\t\t\t\t\t\t<label for='choice_29_19_1' id='label_29_19_1' class='gform-field-label gform-field-label--type-inline'><p> Mises \u00e0 jour de l&rsquo;industrie Recevez les annonces de l&rsquo;entreprise, y compris les messages de notre direction, <a href=\"https:\/\/myparadigm.com\/fr\/category\/communiques-de-presse\/\" target=\"_blank\" rel=\"noopener\"> les am\u00e9liorations de produits,<\/a> et les <a href=\"https:\/\/myparadigm.com\/fr\/category\/etudes-de-cas\/\" target=\"_blank\" rel=\"noopener\"> \u00e9tudes de cas.<\/a><\/p><\/label>\n\t\t\t\t\t\t\t<\/li><\/ul><\/li><li id=\"field_29_20\"   data-js-reload=\"field_29_20\"><label class='gfield_label gform-field-label gfield_label_before_complex'>Paradigm Events<\/label><ul class='gfield_checkbox' id='input_29_20'><li class='gchoice gchoice_29_20_1'>\n\t\t\t\t\t\t\t\t<input class='gfield-choice-input' name='input_20.1' type='checkbox'  value='Yes'  id='choice_29_20_1' tabindex='110'  \/>\n\t\t\t\t\t\t\t\t<label for='choice_29_20_1' id='label_29_20_1' class='gform-field-label gform-field-label--type-inline'><p>\u00c9v\u00e9nements Paradigm Recevez des informations sur la participation de Paradigm \u00e0 des salons professionnels, <a href=\"https:\/\/myparadigm.com\/fr\/category\/webinaires\/\" target=\"_blank\" rel=\"noopener\"> des webinaires <\/a> et des \u00e9v\u00e9nements sp\u00e9ciaux. <\/p><\/label>\n\t\t\t\t\t\t\t<\/li><\/ul><\/li><li id=\"field_29_13\"   data-js-reload=\"field_29_13\"><label class='gfield_label gform-field-label' for='input_29_13'>Untitled<\/label><\/li><li id=\"field_29_23\"   data-js-reload=\"field_29_23\"><label class='gfield_label gform-field-label screen-reader-text' for='input_29_23'><\/label><\/li><li id=\"field_29_28\"   data-js-reload=\"field_29_28\">Hidden<label class='gfield_label gform-field-label' for='input_29_28'>Campaign<\/label><input name='input_28' id='input_29_28' type='text' value='' class='medium'   tabindex='111'   aria-invalid=\"false\"   \/> <\/li><\/ul>\n         <input type='submit' id='gform_submit_button_29' class='gform_button button' value='Submit' tabindex='112' onclick='if(window[\"gf_submitting_29\"]){return false;}  if( !jQuery(\"#gform_29\")[0].checkValidity || jQuery(\"#gform_29\")[0].checkValidity()){window[\"gf_submitting_29\"]=true;}  ' onkeypress='if( event.keyCode == 13 ){ if(window[\"gf_submitting_29\"]){return false;} if( !jQuery(\"#gform_29\")[0].checkValidity || jQuery(\"#gform_29\")[0].checkValidity()){window[\"gf_submitting_29\"]=true;}  jQuery(\"#gform_29\").trigger(\"submit\",[true]); }' \/> <input type='hidden' name='gform_ajax' value='form_id=29&amp;title=&amp;description=&amp;tabindex=100&amp;theme=data-form-theme=&#039;legacy&#039;' \/>\n            <input type='hidden' class='gform_hidden' name='is_submit_29' value='1' \/>\n            <input type='hidden' class='gform_hidden' name='gform_submit' value='29' \/>\n            <input type='hidden' class='gform_hidden' name='gform_unique_id' value='' \/>\n            <input type='hidden' class='gform_hidden' name='state_29' value='WyJbXSIsIjdkNjc4OTM3NGMyY2I1YTBjMzU5MWYyZDJkYmVhZTBkIl0=' \/>\n            <input type='hidden' class='gform_hidden' name='gform_target_page_number_29' id='gform_target_page_number_29' value='0' \/>\n            <input type='hidden' class='gform_hidden' name='gform_source_page_number_29' id='gform_source_page_number_29' value='1' \/>\n            <input type='hidden' name='gform_field_values' value='' \/>\n                        <\/form>\n\t\t                <iframe style='display:none;width:0px;height:0px;' src='about:blank' name='gform_ajax_frame_29' id='gform_ajax_frame_29' title='Cette iframe contient la logique n\u00e9cessaire pour manipuler Gravity Forms avec Ajax.'><\/iframe>\n\t<p><strong><em>Si votre entreprise n&rsquo;est pas engag\u00e9e pour travailler avec Paradigm, vous n&rsquo;\u00eates pas \u00e9ligible pour recevoir des communications clients, telles que des mises \u00e0 jour de versions de produits, des mises \u00e0 jour techniques et de services et des annonces de maintenance cloud.<\/em><\/strong><\/p>\n<p>&nbsp;<\/p>\n<p>Veuillez nous contacter directement \u00e0 contactus@myparadigm.com et faites-nous savoir ce que vous souhaitez recevoir\u00a0!<\/p>\n\n","protected":false},"excerpt":{"rendered":"<p>Clients Paradigm Recevez-vous les communications dont vous avez besoin? Customer communications are aimed at providing guidance, resources, and technical updates intended to optimize your Paradigm\u00ae technology. Con\u00e7ues pour les clients comme vous. Paradigm s&rsquo;engage \u00e0 ne vous envoyer que les communications que vous jugez importantes. Veuillez remplir le formulaire ci-dessous, y compris les pr\u00e9f\u00e9rences de&hellip;<\/p>\n","protected":false},"author":7,"featured_media":0,"parent":0,"menu_order":0,"comment_status":"closed","ping_status":"closed","template":"","meta":{"_acf_changed":false,"footnotes":""},"page_categories":[],"class_list":["post-15168","page","type-page","status-publish","hentry"],"acf":[],"yoast_head":"<!-- This site is optimized with the Yoast SEO Premium plugin v27.5 (Yoast SEO v27.5) - https:\/\/yoast.com\/product\/yoast-seo-premium-wordpress\/ -->\n<title>Pr\u00e9f\u00e9rence du client en mati\u00e8re d&#039;e-mail - Paradigm Technology<\/title>\n<meta name=\"description\" content=\"Clients Paradigm. Recevez-vous les communications dont vous avez besoin ?Les communications destin\u00e9es aux clients visent \u00e0 fournir des\" \/>\n<meta name=\"robots\" content=\"index, follow, max-snippet:-1, max-image-preview:large, max-video-preview:-1\" \/>\n<link rel=\"canonical\" href=\"https:\/\/myparadigm.com\/fr\/e-mail-preferences\/\" \/>\n<meta property=\"og:locale\" content=\"fr_FR\" \/>\n<meta property=\"og:type\" content=\"article\" \/>\n<meta property=\"og:title\" content=\"Pr\u00e9f\u00e9rence du client en mati\u00e8re d&#039;e-mail\" \/>\n<meta property=\"og:description\" content=\"Clients Paradigm. Recevez-vous les communications dont vous avez besoin ?Les communications destin\u00e9es aux clients visent \u00e0 fournir des\" \/>\n<meta property=\"og:url\" content=\"https:\/\/myparadigm.com\/fr\/e-mail-preferences\/\" \/>\n<meta property=\"og:site_name\" content=\"Paradigm Technology\" \/>\n<meta property=\"article:publisher\" content=\"https:\/\/www.facebook.com\/myParadigmTechnology\/\" \/>\n<meta property=\"article:modified_time\" content=\"2024-12-07T17:06:28+00:00\" \/>\n<meta name=\"twitter:card\" content=\"summary_large_image\" \/>\n<meta name=\"twitter:label1\" content=\"Dur\u00e9e de lecture estim\u00e9e\" \/>\n\t<meta name=\"twitter:data1\" content=\"2 minutes\" \/>\n<script type=\"application\/ld+json\" class=\"yoast-schema-graph\">{\"@context\":\"https:\\\/\\\/schema.org\",\"@graph\":[{\"@type\":\"WebPage\",\"@id\":\"https:\\\/\\\/myparadigm.com\\\/fr\\\/e-mail-preferences\\\/\",\"url\":\"https:\\\/\\\/myparadigm.com\\\/fr\\\/e-mail-preferences\\\/\",\"name\":\"Pr\u00e9f\u00e9rence du client en mati\u00e8re d'e-mail - Paradigm Technology\",\"isPartOf\":{\"@id\":\"https:\\\/\\\/myparadigm.com\\\/#website\"},\"datePublished\":\"2023-08-15T20:01:46+00:00\",\"dateModified\":\"2024-12-07T17:06:28+00:00\",\"description\":\"Clients Paradigm. Recevez-vous les communications dont vous avez besoin ?Les communications destin\u00e9es aux clients visent \u00e0 fournir des\",\"breadcrumb\":{\"@id\":\"https:\\\/\\\/myparadigm.com\\\/fr\\\/e-mail-preferences\\\/#breadcrumb\"},\"inLanguage\":\"fr-FR\",\"potentialAction\":[{\"@type\":\"ReadAction\",\"target\":[\"https:\\\/\\\/myparadigm.com\\\/fr\\\/e-mail-preferences\\\/\"]}]},{\"@type\":\"BreadcrumbList\",\"@id\":\"https:\\\/\\\/myparadigm.com\\\/fr\\\/e-mail-preferences\\\/#breadcrumb\",\"itemListElement\":[{\"@type\":\"ListItem\",\"position\":1,\"name\":\"Home\",\"item\":\"https:\\\/\\\/myparadigm.com\\\/fr\\\/\"},{\"@type\":\"ListItem\",\"position\":2,\"name\":\"Pr\u00e9f\u00e9rence du client en mati\u00e8re d&#8217;e-mail\"}]},{\"@type\":\"WebSite\",\"@id\":\"https:\\\/\\\/myparadigm.com\\\/#website\",\"url\":\"https:\\\/\\\/myparadigm.com\\\/\",\"name\":\"Paradigm Technology\",\"description\":\"Software for the Building Industry\",\"publisher\":{\"@id\":\"https:\\\/\\\/myparadigm.com\\\/#organization\"},\"potentialAction\":[{\"@type\":\"SearchAction\",\"target\":{\"@type\":\"EntryPoint\",\"urlTemplate\":\"https:\\\/\\\/myparadigm.com\\\/?s={search_term_string}\"},\"query-input\":{\"@type\":\"PropertyValueSpecification\",\"valueRequired\":true,\"valueName\":\"search_term_string\"}}],\"inLanguage\":\"fr-FR\"},{\"@type\":\"Organization\",\"@id\":\"https:\\\/\\\/myparadigm.com\\\/#organization\",\"name\":\"Paradigm Technology\",\"url\":\"https:\\\/\\\/myparadigm.com\\\/\",\"logo\":{\"@type\":\"ImageObject\",\"inLanguage\":\"fr-FR\",\"@id\":\"https:\\\/\\\/myparadigm.com\\\/#\\\/schema\\\/logo\\\/image\\\/\",\"url\":\"https:\\\/\\\/myparadigm.com\\\/wp-content\\\/uploads\\\/2023\\\/12\\\/Paradigm_favicon_web_p.jpg\",\"contentUrl\":\"https:\\\/\\\/myparadigm.com\\\/wp-content\\\/uploads\\\/2023\\\/12\\\/Paradigm_favicon_web_p.jpg\",\"width\":512,\"height\":512,\"caption\":\"Paradigm Technology\"},\"image\":{\"@id\":\"https:\\\/\\\/myparadigm.com\\\/#\\\/schema\\\/logo\\\/image\\\/\"},\"sameAs\":[\"https:\\\/\\\/www.facebook.com\\\/myParadigmTechnology\\\/\",\"https:\\\/\\\/www.linkedin.com\\\/company\\\/myParadigmTechnology\\\/\",\"https:\\\/\\\/www.youtube.com\\\/channel\\\/UC8khFPtIe_j0A7K0zLL5VBA\"]}]}<\/script>\n<!-- \/ Yoast SEO Premium plugin. -->","yoast_head_json":{"title":"Pr\u00e9f\u00e9rence du client en mati\u00e8re d'e-mail - Paradigm Technology","description":"Clients Paradigm. Recevez-vous les communications dont vous avez besoin ?Les communications destin\u00e9es aux clients visent \u00e0 fournir des","robots":{"index":"index","follow":"follow","max-snippet":"max-snippet:-1","max-image-preview":"max-image-preview:large","max-video-preview":"max-video-preview:-1"},"canonical":"https:\/\/myparadigm.com\/fr\/e-mail-preferences\/","og_locale":"fr_FR","og_type":"article","og_title":"Pr\u00e9f\u00e9rence du client en mati\u00e8re d'e-mail","og_description":"Clients Paradigm. Recevez-vous les communications dont vous avez besoin ?Les communications destin\u00e9es aux clients visent \u00e0 fournir des","og_url":"https:\/\/myparadigm.com\/fr\/e-mail-preferences\/","og_site_name":"Paradigm Technology","article_publisher":"https:\/\/www.facebook.com\/myParadigmTechnology\/","article_modified_time":"2024-12-07T17:06:28+00:00","twitter_card":"summary_large_image","twitter_misc":{"Dur\u00e9e de lecture estim\u00e9e":"2 minutes"},"schema":{"@context":"https:\/\/schema.org","@graph":[{"@type":"WebPage","@id":"https:\/\/myparadigm.com\/fr\/e-mail-preferences\/","url":"https:\/\/myparadigm.com\/fr\/e-mail-preferences\/","name":"Pr\u00e9f\u00e9rence du client en mati\u00e8re d'e-mail - Paradigm Technology","isPartOf":{"@id":"https:\/\/myparadigm.com\/#website"},"datePublished":"2023-08-15T20:01:46+00:00","dateModified":"2024-12-07T17:06:28+00:00","description":"Clients Paradigm. Recevez-vous les communications dont vous avez besoin ?Les communications destin\u00e9es aux clients visent \u00e0 fournir des","breadcrumb":{"@id":"https:\/\/myparadigm.com\/fr\/e-mail-preferences\/#breadcrumb"},"inLanguage":"fr-FR","potentialAction":[{"@type":"ReadAction","target":["https:\/\/myparadigm.com\/fr\/e-mail-preferences\/"]}]},{"@type":"BreadcrumbList","@id":"https:\/\/myparadigm.com\/fr\/e-mail-preferences\/#breadcrumb","itemListElement":[{"@type":"ListItem","position":1,"name":"Home","item":"https:\/\/myparadigm.com\/fr\/"},{"@type":"ListItem","position":2,"name":"Pr\u00e9f\u00e9rence du client en mati\u00e8re d&#8217;e-mail"}]},{"@type":"WebSite","@id":"https:\/\/myparadigm.com\/#website","url":"https:\/\/myparadigm.com\/","name":"Paradigm Technology","description":"Software for the Building Industry","publisher":{"@id":"https:\/\/myparadigm.com\/#organization"},"potentialAction":[{"@type":"SearchAction","target":{"@type":"EntryPoint","urlTemplate":"https:\/\/myparadigm.com\/?s={search_term_string}"},"query-input":{"@type":"PropertyValueSpecification","valueRequired":true,"valueName":"search_term_string"}}],"inLanguage":"fr-FR"},{"@type":"Organization","@id":"https:\/\/myparadigm.com\/#organization","name":"Paradigm Technology","url":"https:\/\/myparadigm.com\/","logo":{"@type":"ImageObject","inLanguage":"fr-FR","@id":"https:\/\/myparadigm.com\/#\/schema\/logo\/image\/","url":"https:\/\/myparadigm.com\/wp-content\/uploads\/2023\/12\/Paradigm_favicon_web_p.jpg","contentUrl":"https:\/\/myparadigm.com\/wp-content\/uploads\/2023\/12\/Paradigm_favicon_web_p.jpg","width":512,"height":512,"caption":"Paradigm Technology"},"image":{"@id":"https:\/\/myparadigm.com\/#\/schema\/logo\/image\/"},"sameAs":["https:\/\/www.facebook.com\/myParadigmTechnology\/","https:\/\/www.linkedin.com\/company\/myParadigmTechnology\/","https:\/\/www.youtube.com\/channel\/UC8khFPtIe_j0A7K0zLL5VBA"]}]}},"_links":{"self":[{"href":"https:\/\/myparadigm.com\/fr\/wp-json\/wp\/v2\/pages\/15168","targetHints":{"allow":["GET"]}}],"collection":[{"href":"https:\/\/myparadigm.com\/fr\/wp-json\/wp\/v2\/pages"}],"about":[{"href":"https:\/\/myparadigm.com\/fr\/wp-json\/wp\/v2\/types\/page"}],"author":[{"embeddable":true,"href":"https:\/\/myparadigm.com\/fr\/wp-json\/wp\/v2\/users\/7"}],"replies":[{"embeddable":true,"href":"https:\/\/myparadigm.com\/fr\/wp-json\/wp\/v2\/comments?post=15168"}],"version-history":[{"count":0,"href":"https:\/\/myparadigm.com\/fr\/wp-json\/wp\/v2\/pages\/15168\/revisions"}],"wp:attachment":[{"href":"https:\/\/myparadigm.com\/fr\/wp-json\/wp\/v2\/media?parent=15168"}],"wp:term":[{"taxonomy":"page_categories","embeddable":true,"href":"https:\/\/myparadigm.com\/fr\/wp-json\/wp\/v2\/page_categories?post=15168"}],"curies":[{"name":"wp","href":"https:\/\/api.w.org\/{rel}","templated":true}]}}