{"id":15160,"date":"2023-08-15T18:49:58","date_gmt":"2023-08-15T18:49:58","guid":{"rendered":"https:\/\/wtspstaging.wpengine.com\/planifier-une-demonstration-erp\/"},"modified":"2025-04-22T16:29:40","modified_gmt":"2025-04-22T16:29:40","slug":"nexus","status":"publish","type":"page","link":"https:\/\/myparadigm.com\/fr\/schedule-a-demo\/nexus\/","title":{"rendered":"Demande de d\u00e9mo Paradigm Nexus"},"content":{"rendered":"\n\n\t\t<h1>\n\t\t\tDemande de d\u00e9mo\n\t\t<\/h1>\n\t\t\t<p>Parlez \u00e0 l&rsquo;un de nos experts ou participez \u00e0 une d\u00e9monstration pour voir l&rsquo;automatisation, les rapports de tableau de bord et la commodit\u00e9 suppl\u00e9mentaire de notre solution ERP sp\u00e9cifique au secteur du b\u00e2timent.<\/p>\t\t\n                            \n                        <form method='post' enctype='multipart\/form-data' target='gform_ajax_frame_9' id='gform_9'  action='\/fr\/?page_id=15160&#038;fl_builder#gf_9' data-formid='9' novalidate>\n                        <ul id='gform_fields_9' class='gform_fields top_label form_sublabel_below description_below'><li id=\"field_9_4\"   data-js-reload=\"field_9_4\"><label class='gfield_label gform-field-label' for='input_9_4'>Pr\u00e9nom*<\/label><input name='input_4' id='input_9_4' type='text' value='' class='medium'   tabindex='100'  aria-required=\"true\" aria-invalid=\"false\"   \/> <\/li><li id=\"field_9_5\"   data-js-reload=\"field_9_5\"><label class='gfield_label gform-field-label' for='input_9_5'>Nom*<\/label><input name='input_5' id='input_9_5' type='text' value='' class='medium'   tabindex='101'  aria-required=\"true\" aria-invalid=\"false\"   \/> <\/li><li id=\"field_9_6\"   data-js-reload=\"field_9_6\"><label class='gfield_label gform-field-label' for='input_9_6'>Nom de l&#039;entreprise*<\/label><input name='input_6' id='input_9_6' type='text' value='' class='large'   tabindex='102'  aria-required=\"true\" aria-invalid=\"false\"   \/> <\/li><li id=\"field_9_7\"   data-js-reload=\"field_9_7\"><label class='gfield_label gform-field-label' for='input_9_7'>Lieu d&#039;affaires*<\/label><select name='input_7' id='input_9_7' class='medium gfield_select' tabindex='103'   aria-required=\"true\" aria-invalid=\"false\"><option value='France'>France<\/option><option value='Afghanistan'>Afghanistan<\/option><option value='Albania'>Albanie<\/option><option value='Algeria'>Alg\u00e9rie<\/option><option value='American Samoa'>Samoa am\u00e9ricaines<\/option><option value='Andorra'>Andorre<\/option><option value='Angola'>Angola<\/option><option value='Antigua and Barbuda'>Antigua-et-Barbuda<\/option><option value='Argentina'>Argentine<\/option><option value='Armenia'>Arm\u00e9nie<\/option><option value='Australia'>Australie<\/option><option value='Austria'>L&#039;Autriche<\/option><option value='Azerbaijan'>Azerba\u00efdjan<\/option><option value='Bahamas'>Les Bahamas<\/option><option value='Bahrain'>Bahrein<\/option><option value='Bangladesh'>Bangladesh<\/option><option value='Barbados'>Barbade<\/option><option value='Belarus'>Bi\u00e9lorussie<\/option><option value='Belgium'>Belgique<\/option><option value='Belize'>Belize<\/option><option value='Benin'>B\u00e9nin<\/option><option value='Bermuda'>Bermudes<\/option><option value='Bhutan'>Bhoutan<\/option><option value='Bolivia'>Bolivie<\/option><option value='Bosnia and Herzegovina'>Bosnie Herz\u00e9govine<\/option><option value='Botswana'>Botswana<\/option><option value='Brazil'>Br\u00e9sil<\/option><option value='Brunei'>Brunei<\/option><option value='Bulgaria'>Bulgarie<\/option><option value='Burkina Faso'>Burkina Faso<\/option><option value='Burundi'>Burundi<\/option><option value='Cambodia'>Cambodge<\/option><option value='Cameroon'>Cameroun<\/option><option value='Canada'>Canada<\/option><option value='Cape Verde'>Cap-Vert<\/option><option value='Cayman Islands'>\u00celes Ca\u00efmans<\/option><option value='Central African Republic'>R\u00e9publique centrafricaine<\/option><option value='Chad'>Tchad<\/option><option value='Chile'>Chili<\/option><option value='China'>Les gens de la R\u00e9publique de Chine<\/option><option value='Colombia'>Colombie<\/option><option value='Comoros'>Les Comores<\/option><option value='Congo, Democratic Republic of the'>Congo<\/option><option value='Costa Rica'>Croatie<\/option><option value='Croatia'>Croatie<\/option><option value='Cuba'>Cuba<\/option><option value='Cura\u00e7ao'>Cura\u00e7ao<\/option><option value='Cyprus'>Chypre<\/option><option value='Czech Republic'>R\u00e9publique Tch\u00e8que<\/option><option value='C\u00f4te d&#039;Ivoire'>C\u00f4te d&#039;Ivoire<\/option><option value='Denmark'>Danemark<\/option><option value='Djibouti'>Djibouti<\/option><option value='Dominica'>La Dominique<\/option><option value='Dominican Republic'>R\u00e9publique Dominicaine<\/option><option value='Ecuador'>\u00c9quateur<\/option><option value='Egypt'>Egypte<\/option><option value='El Salvador'>Le Salvador<\/option><option value='Equatorial Guinea'>Guin\u00e9e \u00c9quatoriale<\/option><option value='Eritrea'>Erythr\u00e9e<\/option><option value='Estonia'>Estonie<\/option><option value='Ethiopia'>Ethiopie<\/option><option value='Faroe Islands'>\u00celes F\u00e9ro\u00e9<\/option><option value='Fiji'>Fidji<\/option><option value='Finland'>Finlande<\/option><option value='French Polynesia'>Polyn\u00e9sie fran\u00e7aise<\/option><option value='Gabon'>Gabon<\/option><option value='Gambia'>La gambie<\/option><option value='Georgia'>G\u00e9orgie<\/option><option value='Germany'>Allemagne<\/option><option value='Ghana'>Ghana<\/option><option value='Greece'>Gr\u00e8ce<\/option><option value='Greenland'>Groenland<\/option><option value='Grenada'>Grenade<\/option><option value='Guam'>Guam<\/option><option value='Guatemala'>Guatemala<\/option><option value='Guinea'>Guin\u00e9e<\/option><option value='Guinea-Bissau'>Guin\u00e9e &#8211; Bissau<\/option><option value='Guyana'>Guyane<\/option><option value='Haiti'>Ha\u00efti<\/option><option value='Honduras'>Honduras<\/option><option value='Hong Kong'>Hong Kong<\/option><option value='Hungary'>Hongrie<\/option><option value='Iceland'>Islande<\/option><option value='India'>Inde<\/option><option value='Indonesia'>Indon\u00e9sie<\/option><option value='Iran'>Iran<\/option><option value='Iraq'>Irak<\/option><option value='Ireland'>Irlande<\/option><option value='Israel'>Isra\u00ebl<\/option><option value='Italy'>Italie<\/option><option value='Jamaica'>Jama\u00efque<\/option><option value='Japan'>Japon<\/option><option value='Jordan'>Jordan<\/option><option value='Kazakhstan'>Kazakhstan<\/option><option value='Kenya'>Kenya<\/option><option value='Kiribati'>Kiribati<\/option><option value='Kosovo'>Kosovo<\/option><option value='Kuwait'>Koweit<\/option><option value='Kyrgyzstan'>Kirghizistan<\/option><option value='Laos'>Laos<\/option><option value='Latvia'>Lettonie<\/option><option value='Lebanon'>Liban<\/option><option value='Lesotho'>Lesotho<\/option><option value='Liberia'>Lib\u00e9ria<\/option><option value='Libya'>Libye<\/option><option value='Liechtenstein'>Liechtenstein<\/option><option value='Lithuania'>Lituanie<\/option><option value='Luxembourg'>Luxembourg<\/option><option value='Macedonia'>Mac\u00e9doine<\/option><option value='Madagascar'>Madagascar<\/option><option value='Malawi'>Malawi<\/option><option value='Malaysia'>Malaisie<\/option><option value='Maldives'>Maldives<\/option><option value='Mali'>Mali<\/option><option value='Malta'>Malta<\/option><option value='Marshall Islands'>Iles Marshall<\/option><option value='Mauritania'>Mauritanie<\/option><option value='Mauritius'>Maurice<\/option><option value='Mexico'>Mexique<\/option><option value='Micronesia'>Micron\u00e9sie<\/option><option value='Moldova'>La Moldavie<\/option><option value='Monaco'>Monaco<\/option><option value='Mongolia'>Mongolie<\/option><option value='Montenegro'>Mont\u00e9n\u00e9gro<\/option><option value='Morocco'>Maroc<\/option><option value='Mozambique'>Mozambique<\/option><option value='Myanmar'>Myanmar<\/option><option value='Namibia'>Namibie<\/option><option value='Nauru'>Nauru<\/option><option value='Nepal'>N\u00e9pal<\/option><option value='Netherlands'>Pays-Bas<\/option><option value='New Zealand'>Nouvelle-Z\u00e9lande<\/option><option value='Nicaragua'>Nicaragua<\/option><option value='Niger'>Niger<\/option><option value='Nigeria'>Nigeria<\/option><option value='North Korea'>Cor\u00e9e du Nord<\/option><option value='Northern Mariana Islands'>Marianne du Nord<\/option><option value='Norway'>Norv\u00e8ge<\/option><option value='Oman'>Oman<\/option><option value='Pakistan'>Pakistan<\/option><option value='Palau'>Palau<\/option><option value='Palestine, State of'>Palestine<\/option><option value='Panama'>Panama<\/option><option value='Papua New Guinea'>Papouasie Nouvelle Guin\u00e9e<\/option><option value='Paraguay'>Le Paraguay<\/option><option value='Peru'>P\u00e9rou<\/option><option value='Philippines'>Philippines<\/option><option value='Poland'>Pologne<\/option><option value='Portugal'>le Portugal<\/option><option value='Puerto Rico'>Porto Rico<\/option><option value='Qatar'>Qatar<\/option><option value='Romania'>Roumanie<\/option><option value='Russia'>Russie<\/option><option value='Rwanda'>Rwanda<\/option><option value='Saint Martin'>Saint Martin<\/option><option value='Saint Vincent and the Grenadines'>Saint-Vincent-et-les-Grenadines<\/option><option value='Samoa'>Samoa<\/option><option value='San Marino'>Saint Marin<\/option><option value='Sao Tome and Principe'>Sao Tom\u00e9 et Principe<\/option><option value='Saudi Arabia'>Arabie Saoudite<\/option><option value='Senegal'>S\u00e9n\u00e9gal<\/option><option value='Serbia'>Serbie<\/option><option value='Seychelles'>les Seychelles<\/option><option value='Sierra Leone'>Sierra Leone<\/option><option value='Singapore'>Singapour<\/option><option value='Slovakia'>Slovaquie<\/option><option value='Slovenia'>La Slov\u00e9nie<\/option><option value='Solomon Islands'>\u00eeles Salomon<\/option><option value='Somalia'>Somalie<\/option><option value='South Africa'>Afrique du Sud<\/option><option value='South Korea'>Cor\u00e9e du Sud<\/option><option value='Spain'>Espagne<\/option><option value='Sri Lanka'>Sri Lanka<\/option><option value='Sudan'>Soudan<\/option><option value='Suriname'>Suriname<\/option><option value='Swaziland'>Swaziland<\/option><option value='Sweden'>Su\u00e8de<\/option><option value='Switzerland'>Suisse<\/option><option value='Syria'>Syrie<\/option><option value='Taiwan'>Ta\u00efwan<\/option><option value='Tajikistan'>Tadjikistan<\/option><option value='Tanzania'>Tanzanie<\/option><option value='Thailand'>Tha\u00eflande<\/option><option value='Togo'>Aller<\/option><option value='Tonga'>Tonga<\/option><option value='Trinidad and Tobago'>Trinit\u00e9-et-Tobago<\/option><option value='Tunisia'>Tunisie<\/option><option value='Turkey'>Turquie<\/option><option value='Turkmenistan'>Turkm\u00e9nistan<\/option><option value='Tuvalu'>Tuvalu<\/option><option value='Uganda'>Ouganda<\/option><option value='Ukraine'>Ukraine<\/option><option value='United Arab Emirates'>Emirats Arabes Unis<\/option><option value='United Kingdom'>Royaume-Uni<\/option><option value='United States'>\u00c9tats Unis<\/option><option value='Uruguay'>Uruguay<\/option><option value='Uzbekistan'>Ouzbekistan<\/option><option value='Vanuatu'>Vanuatu<\/option><option value='Vatican City'>Cit\u00e9 du Vatican<\/option><option value='Venezuela'>Venezuela<\/option><option value='Vietnam'>Vietnam<\/option><option value='Virgin Islands, British'>\u00celes Vierges britanniques<\/option><option value='Virgin Islands, U.S.'>\u00celes Vierges am\u00e9ricaines<\/option><option value='Yemen'>Y\u00e9men<\/option><option value='Zambia'>Zambie<\/option><option value='Zimbabwe'>Zimbabwe<\/option><\/select><\/li><li id=\"field_9_10\"   data-js-reload=\"field_9_10\"><label class='gfield_label gform-field-label' for='input_9_10'>Type d&#039;entreprise<\/label><select name='input_10' id='input_9_10' class='medium gfield_select' tabindex='104'    aria-invalid=\"false\"><option value='Other' selected='selected'><\/option><option value='Distributer'>Distributeur<\/option><option value='Manufacturer'>Fabricant<\/option><\/select><\/li><li id=\"field_9_2\"   data-js-reload=\"field_9_2\"><label class='gfield_label gform-field-label' for='input_9_2'>Email*<\/label>\n                            <input name='input_2' id='input_9_2' type='email' value='' class='medium' tabindex='105'   aria-required=\"true\" aria-invalid=\"false\"  \/>\n                        <\/li><li id=\"field_9_8\"   data-js-reload=\"field_9_8\"><label class='gfield_label gform-field-label' for='input_9_8'>T\u00e9l\u00e9phone<\/label><input name='input_8' id='input_9_8' type='tel' value='' class='medium' tabindex='106'   aria-invalid=\"false\"   \/><\/li><li id=\"field_9_19\"   data-js-reload=\"field_9_19\"><label class='gfield_label gform-field-label gfield_label_before_complex'>Quelles d\u00e9monstrations de produits vous int\u00e9ressent ?*<\/label><ul class='gfield_checkbox' id='input_9_19'><li class='gchoice gchoice_9_19_1'>\n\t\t\t\t\t\t\t\t<input class='gfield-choice-input' name='input_19.1' type='checkbox'  value='Paradigm Delivery'  id='choice_9_19_1' tabindex='107'  \/>\n\t\t\t\t\t\t\t\t<label for='choice_9_19_1' id='label_9_19_1' class='gform-field-label gform-field-label--type-inline'>Solution de suivi des livraisons<\/label>\n\t\t\t\t\t\t\t<\/li><li class='gchoice gchoice_9_19_2'>\n\t\t\t\t\t\t\t\t<input class='gfield-choice-input' name='input_19.2' type='checkbox'  value='Paradigm Nexus'  id='choice_9_19_2' tabindex='108'  \/>\n\t\t\t\t\t\t\t\t<label for='choice_9_19_2' id='label_9_19_2' class='gform-field-label gform-field-label--type-inline'>Solution ERP<\/label>\n\t\t\t\t\t\t\t<\/li><\/ul><\/li><li id=\"field_9_20\"   data-js-reload=\"field_9_20\"><label class='gfield_label gform-field-label' for='input_9_20'>Informations suppl\u00e9mentaires sur vos besoins :<\/label><textarea name='input_20' id='input_9_20' class='textarea small' tabindex='109'     aria-invalid=\"false\"   rows='10' cols='50'><\/textarea><\/li><li id=\"field_9_11\"   data-js-reload=\"field_9_11\">Hidden<label class='gfield_label gform-field-label' for='input_9_11'>Language Preference<\/label><select name='input_11' id='input_9_11' class='medium gfield_select' tabindex='110'    aria-invalid=\"false\"><option value='French'>French<\/option><\/select><\/li><li id=\"field_9_13\"   data-js-reload=\"field_9_13\">Hidden<label class='gfield_label gform-field-label' for='input_9_13'>Lead Source<\/label><select name='input_13' id='input_9_13' class='medium gfield_select' tabindex='111'    aria-invalid=\"false\"><option value='Website'>Website<\/option><\/select><\/li><li id=\"field_9_18\"   data-js-reload=\"field_9_18\"><label class='gfield_label gform-field-label' for='input_9_18'>CAPTCHA<\/label><\/li><\/ul>\n         <input type='submit' id='gform_submit_button_9' class='gform_button button' value='Submit' tabindex='112' onclick='if(window[\"gf_submitting_9\"]){return false;}  if( !jQuery(\"#gform_9\")[0].checkValidity || jQuery(\"#gform_9\")[0].checkValidity()){window[\"gf_submitting_9\"]=true;}  ' onkeypress='if( event.keyCode == 13 ){ if(window[\"gf_submitting_9\"]){return false;} if( !jQuery(\"#gform_9\")[0].checkValidity || jQuery(\"#gform_9\")[0].checkValidity()){window[\"gf_submitting_9\"]=true;}  jQuery(\"#gform_9\").trigger(\"submit\",[true]); }' \/> <input type='hidden' name='gform_ajax' value='form_id=9&amp;title=&amp;description=1&amp;tabindex=100&amp;theme=data-form-theme=&#039;legacy&#039;' \/>\n            <input type='hidden' class='gform_hidden' name='is_submit_9' value='1' \/>\n            <input type='hidden' class='gform_hidden' name='gform_submit' value='9' \/>\n            <input type='hidden' class='gform_hidden' name='gform_unique_id' value='' \/>\n            <input type='hidden' class='gform_hidden' name='state_9' value='WyJbXSIsIjdkNjc4OTM3NGMyY2I1YTBjMzU5MWYyZDJkYmVhZTBkIl0=' \/>\n            <input type='hidden' class='gform_hidden' name='gform_target_page_number_9' id='gform_target_page_number_9' value='0' \/>\n            <input type='hidden' class='gform_hidden' name='gform_source_page_number_9' id='gform_source_page_number_9' value='1' \/>\n            <input type='hidden' name='gform_field_values' value='' \/>\n                        <\/form>\n\t\t                <iframe style='display:none;width:0px;height:0px;' src='about:blank' name='gform_ajax_frame_9' id='gform_ajax_frame_9' title='Cette iframe contient la logique n\u00e9cessaire pour manipuler Gravity Forms avec Ajax.'><\/iframe>\n\n","protected":false},"excerpt":{"rendered":"<p>Demande de d\u00e9mo Parlez \u00e0 l&rsquo;un de nos experts ou participez \u00e0 une d\u00e9monstration pour voir l&rsquo;automatisation, les rapports de tableau de bord et la commodit\u00e9 suppl\u00e9mentaire de notre solution ERP sp\u00e9cifique au secteur du b\u00e2timent. Pr\u00e9nom* Nom* Nom de l&#039;entreprise* Lieu d&#039;affaires*FranceAfghanistanAlbanieAlg\u00e9rieSamoa am\u00e9ricainesAndorreAngolaAntigua-et-BarbudaArgentineArm\u00e9nieAustralieL&#039;AutricheAzerba\u00efdjanLes BahamasBahreinBangladeshBarbadeBi\u00e9lorussieBelgiqueBelizeB\u00e9ninBermudesBhoutanBolivieBosnie Herz\u00e9govineBotswanaBr\u00e9silBruneiBulgarieBurkina FasoBurundiCambodgeCamerounCanadaCap-Vert\u00celes Ca\u00efmansR\u00e9publique centrafricaineTchadChiliLes gens de la R\u00e9publique de ChineColombieLes&hellip;<\/p>\n","protected":false},"author":7,"featured_media":0,"parent":14294,"menu_order":0,"comment_status":"closed","ping_status":"closed","template":"","meta":{"_acf_changed":false,"footnotes":""},"page_categories":[],"class_list":["post-15160","page","type-page","status-publish","hentry"],"acf":[],"yoast_head":"<!-- This site is optimized with the Yoast SEO Premium plugin v27.3 (Yoast SEO v27.3) - https:\/\/yoast.com\/product\/yoast-seo-premium-wordpress\/ -->\n<title>Demande de d\u00e9mo Paradigm Nexus - Paradigm Technology<\/title>\n<meta name=\"description\" content=\"Demande de d\u00e9moParlez \u00e0 l&#039;un de nos experts ou participez \u00e0 une d\u00e9monstration pour voir l&#039;automatisation, les rapports de tableau de bord et\" \/>\n<meta name=\"robots\" content=\"index, follow, max-snippet:-1, max-image-preview:large, max-video-preview:-1\" \/>\n<link rel=\"canonical\" href=\"https:\/\/myparadigm.com\/fr\/schedule-a-demo\/nexus\/\" \/>\n<meta property=\"og:locale\" content=\"fr_FR\" \/>\n<meta property=\"og:type\" content=\"article\" \/>\n<meta property=\"og:title\" content=\"Demande de d\u00e9mo Paradigm Nexus\" \/>\n<meta property=\"og:description\" content=\"Demande de d\u00e9moParlez \u00e0 l&#039;un de nos experts ou participez \u00e0 une d\u00e9monstration pour voir l&#039;automatisation, les rapports de tableau de bord et\" \/>\n<meta property=\"og:url\" content=\"https:\/\/myparadigm.com\/fr\/schedule-a-demo\/nexus\/\" \/>\n<meta property=\"og:site_name\" content=\"Paradigm Technology\" \/>\n<meta property=\"article:publisher\" content=\"https:\/\/www.facebook.com\/myParadigmTechnology\/\" \/>\n<meta property=\"article:modified_time\" content=\"2025-04-22T16:29:40+00:00\" \/>\n<meta name=\"twitter:card\" content=\"summary_large_image\" \/>\n<meta name=\"twitter:label1\" content=\"Dur\u00e9e de lecture estim\u00e9e\" \/>\n\t<meta name=\"twitter:data1\" content=\"2 minutes\" \/>\n<script type=\"application\/ld+json\" class=\"yoast-schema-graph\">{\"@context\":\"https:\\\/\\\/schema.org\",\"@graph\":[{\"@type\":\"WebPage\",\"@id\":\"https:\\\/\\\/myparadigm.com\\\/fr\\\/schedule-a-demo\\\/nexus\\\/\",\"url\":\"https:\\\/\\\/myparadigm.com\\\/fr\\\/schedule-a-demo\\\/nexus\\\/\",\"name\":\"Demande de d\u00e9mo Paradigm Nexus - Paradigm Technology\",\"isPartOf\":{\"@id\":\"https:\\\/\\\/myparadigm.com\\\/#website\"},\"datePublished\":\"2023-08-15T18:49:58+00:00\",\"dateModified\":\"2025-04-22T16:29:40+00:00\",\"description\":\"Demande de d\u00e9moParlez \u00e0 l'un de nos experts ou participez \u00e0 une d\u00e9monstration pour voir l'automatisation, les rapports de tableau de bord et\",\"breadcrumb\":{\"@id\":\"https:\\\/\\\/myparadigm.com\\\/fr\\\/schedule-a-demo\\\/nexus\\\/#breadcrumb\"},\"inLanguage\":\"fr-FR\",\"potentialAction\":[{\"@type\":\"ReadAction\",\"target\":[\"https:\\\/\\\/myparadigm.com\\\/fr\\\/schedule-a-demo\\\/nexus\\\/\"]}]},{\"@type\":\"BreadcrumbList\",\"@id\":\"https:\\\/\\\/myparadigm.com\\\/fr\\\/schedule-a-demo\\\/nexus\\\/#breadcrumb\",\"itemListElement\":[{\"@type\":\"ListItem\",\"position\":1,\"name\":\"Home\",\"item\":\"https:\\\/\\\/myparadigm.com\\\/fr\\\/home\\\/\"},{\"@type\":\"ListItem\",\"position\":2,\"name\":\"Demande de d\u00e9mo solutions logicielles\",\"item\":\"https:\\\/\\\/myparadigm.com\\\/fr\\\/schedule-a-demo\\\/\"},{\"@type\":\"ListItem\",\"position\":3,\"name\":\"Demande de d\u00e9mo Paradigm Nexus\"}]},{\"@type\":\"WebSite\",\"@id\":\"https:\\\/\\\/myparadigm.com\\\/#website\",\"url\":\"https:\\\/\\\/myparadigm.com\\\/\",\"name\":\"Paradigm Technology\",\"description\":\"Software for the Building Industry\",\"publisher\":{\"@id\":\"https:\\\/\\\/myparadigm.com\\\/#organization\"},\"potentialAction\":[{\"@type\":\"SearchAction\",\"target\":{\"@type\":\"EntryPoint\",\"urlTemplate\":\"https:\\\/\\\/myparadigm.com\\\/?s={search_term_string}\"},\"query-input\":{\"@type\":\"PropertyValueSpecification\",\"valueRequired\":true,\"valueName\":\"search_term_string\"}}],\"inLanguage\":\"fr-FR\"},{\"@type\":\"Organization\",\"@id\":\"https:\\\/\\\/myparadigm.com\\\/#organization\",\"name\":\"Paradigm Technology\",\"url\":\"https:\\\/\\\/myparadigm.com\\\/\",\"logo\":{\"@type\":\"ImageObject\",\"inLanguage\":\"fr-FR\",\"@id\":\"https:\\\/\\\/myparadigm.com\\\/#\\\/schema\\\/logo\\\/image\\\/\",\"url\":\"https:\\\/\\\/myparadigm.com\\\/wp-content\\\/uploads\\\/2023\\\/12\\\/Paradigm_favicon_web_p.jpg\",\"contentUrl\":\"https:\\\/\\\/myparadigm.com\\\/wp-content\\\/uploads\\\/2023\\\/12\\\/Paradigm_favicon_web_p.jpg\",\"width\":512,\"height\":512,\"caption\":\"Paradigm Technology\"},\"image\":{\"@id\":\"https:\\\/\\\/myparadigm.com\\\/#\\\/schema\\\/logo\\\/image\\\/\"},\"sameAs\":[\"https:\\\/\\\/www.facebook.com\\\/myParadigmTechnology\\\/\",\"https:\\\/\\\/www.linkedin.com\\\/company\\\/myParadigmTechnology\\\/\",\"https:\\\/\\\/www.youtube.com\\\/channel\\\/UC8khFPtIe_j0A7K0zLL5VBA\"]}]}<\/script>\n<!-- \/ Yoast SEO Premium plugin. -->","yoast_head_json":{"title":"Demande de d\u00e9mo Paradigm Nexus - Paradigm Technology","description":"Demande de d\u00e9moParlez \u00e0 l'un de nos experts ou participez \u00e0 une d\u00e9monstration pour voir l'automatisation, les rapports de tableau de bord et","robots":{"index":"index","follow":"follow","max-snippet":"max-snippet:-1","max-image-preview":"max-image-preview:large","max-video-preview":"max-video-preview:-1"},"canonical":"https:\/\/myparadigm.com\/fr\/schedule-a-demo\/nexus\/","og_locale":"fr_FR","og_type":"article","og_title":"Demande de d\u00e9mo Paradigm Nexus","og_description":"Demande de d\u00e9moParlez \u00e0 l'un de nos experts ou participez \u00e0 une d\u00e9monstration pour voir l'automatisation, les rapports de tableau de bord et","og_url":"https:\/\/myparadigm.com\/fr\/schedule-a-demo\/nexus\/","og_site_name":"Paradigm Technology","article_publisher":"https:\/\/www.facebook.com\/myParadigmTechnology\/","article_modified_time":"2025-04-22T16:29:40+00:00","twitter_card":"summary_large_image","twitter_misc":{"Dur\u00e9e de lecture estim\u00e9e":"2 minutes"},"schema":{"@context":"https:\/\/schema.org","@graph":[{"@type":"WebPage","@id":"https:\/\/myparadigm.com\/fr\/schedule-a-demo\/nexus\/","url":"https:\/\/myparadigm.com\/fr\/schedule-a-demo\/nexus\/","name":"Demande de d\u00e9mo Paradigm Nexus - Paradigm Technology","isPartOf":{"@id":"https:\/\/myparadigm.com\/#website"},"datePublished":"2023-08-15T18:49:58+00:00","dateModified":"2025-04-22T16:29:40+00:00","description":"Demande de d\u00e9moParlez \u00e0 l'un de nos experts ou participez \u00e0 une d\u00e9monstration pour voir l'automatisation, les rapports de tableau de bord et","breadcrumb":{"@id":"https:\/\/myparadigm.com\/fr\/schedule-a-demo\/nexus\/#breadcrumb"},"inLanguage":"fr-FR","potentialAction":[{"@type":"ReadAction","target":["https:\/\/myparadigm.com\/fr\/schedule-a-demo\/nexus\/"]}]},{"@type":"BreadcrumbList","@id":"https:\/\/myparadigm.com\/fr\/schedule-a-demo\/nexus\/#breadcrumb","itemListElement":[{"@type":"ListItem","position":1,"name":"Home","item":"https:\/\/myparadigm.com\/fr\/home\/"},{"@type":"ListItem","position":2,"name":"Demande de d\u00e9mo solutions logicielles","item":"https:\/\/myparadigm.com\/fr\/schedule-a-demo\/"},{"@type":"ListItem","position":3,"name":"Demande de d\u00e9mo Paradigm Nexus"}]},{"@type":"WebSite","@id":"https:\/\/myparadigm.com\/#website","url":"https:\/\/myparadigm.com\/","name":"Paradigm Technology","description":"Software for the Building Industry","publisher":{"@id":"https:\/\/myparadigm.com\/#organization"},"potentialAction":[{"@type":"SearchAction","target":{"@type":"EntryPoint","urlTemplate":"https:\/\/myparadigm.com\/?s={search_term_string}"},"query-input":{"@type":"PropertyValueSpecification","valueRequired":true,"valueName":"search_term_string"}}],"inLanguage":"fr-FR"},{"@type":"Organization","@id":"https:\/\/myparadigm.com\/#organization","name":"Paradigm Technology","url":"https:\/\/myparadigm.com\/","logo":{"@type":"ImageObject","inLanguage":"fr-FR","@id":"https:\/\/myparadigm.com\/#\/schema\/logo\/image\/","url":"https:\/\/myparadigm.com\/wp-content\/uploads\/2023\/12\/Paradigm_favicon_web_p.jpg","contentUrl":"https:\/\/myparadigm.com\/wp-content\/uploads\/2023\/12\/Paradigm_favicon_web_p.jpg","width":512,"height":512,"caption":"Paradigm Technology"},"image":{"@id":"https:\/\/myparadigm.com\/#\/schema\/logo\/image\/"},"sameAs":["https:\/\/www.facebook.com\/myParadigmTechnology\/","https:\/\/www.linkedin.com\/company\/myParadigmTechnology\/","https:\/\/www.youtube.com\/channel\/UC8khFPtIe_j0A7K0zLL5VBA"]}]}},"_links":{"self":[{"href":"https:\/\/myparadigm.com\/fr\/wp-json\/wp\/v2\/pages\/15160","targetHints":{"allow":["GET"]}}],"collection":[{"href":"https:\/\/myparadigm.com\/fr\/wp-json\/wp\/v2\/pages"}],"about":[{"href":"https:\/\/myparadigm.com\/fr\/wp-json\/wp\/v2\/types\/page"}],"author":[{"embeddable":true,"href":"https:\/\/myparadigm.com\/fr\/wp-json\/wp\/v2\/users\/7"}],"replies":[{"embeddable":true,"href":"https:\/\/myparadigm.com\/fr\/wp-json\/wp\/v2\/comments?post=15160"}],"version-history":[{"count":0,"href":"https:\/\/myparadigm.com\/fr\/wp-json\/wp\/v2\/pages\/15160\/revisions"}],"up":[{"embeddable":true,"href":"https:\/\/myparadigm.com\/fr\/wp-json\/wp\/v2\/pages\/14294"}],"wp:attachment":[{"href":"https:\/\/myparadigm.com\/fr\/wp-json\/wp\/v2\/media?parent=15160"}],"wp:term":[{"taxonomy":"page_categories","embeddable":true,"href":"https:\/\/myparadigm.com\/fr\/wp-json\/wp\/v2\/page_categories?post=15160"}],"curies":[{"name":"wp","href":"https:\/\/api.w.org\/{rel}","templated":true}]}}