{"id":15100,"date":"2023-08-11T17:05:05","date_gmt":"2023-08-11T17:05:05","guid":{"rendered":"https:\/\/wtspstaging.wpengine.com\/nous-contacter\/"},"modified":"2025-07-29T02:50:46","modified_gmt":"2025-07-29T02:50:46","slug":"contact-us","status":"publish","type":"page","link":"https:\/\/myparadigm.com\/fr\/contact-us\/","title":{"rendered":"Nos Bureaux"},"content":{"rendered":"\n\n\t\t\n\t\t<h2>\n\t\t\tSend us a message\n\t\t<\/h2>\n\t\t\t<p>Need to get in touch with our Sales Team directly? Have other general questions for us? Fill out the form and we&rsquo;ll respond shortly.\u00a0<strong>Questions about our products and services?\u00a0<\/strong><a href=\"https:\/\/myparadigm.com\/schedule-a-demo\/\">Schedule a Demo instead!<\/a><\/p>\t\t\n                            \n                        <form method='post' enctype='multipart\/form-data' target='gform_ajax_frame_1' id='gform_1'  action='https:\/\/myparadigm.com\/contact-us\/?fl_builder&#038;fl_builder_ui_iframe#gf_1' data-formid='1' novalidate> \n <input type='hidden' class='gforms-pum' value='{\"closepopup\":false,\"closedelay\":0,\"openpopup\":false,\"openpopup_id\":0}' \/>\n                        <ul id='gform_fields_1' class='gform_fields top_label form_sublabel_below description_below validation_below'><li id=\"field_1_4\"><label class='gfield_label gform-field-label' for='input_1_4'>First Name*<\/label><input name='input_4' id='input_1_4' type='text' value='' class='medium'   tabindex='100'  aria-required=\"true\" aria-invalid=\"false\"   \/><\/li><li id=\"field_1_5\"><label class='gfield_label gform-field-label' for='input_1_5'>Last Name*<\/label><input name='input_5' id='input_1_5' type='text' value='' class='medium'   tabindex='101'  aria-required=\"true\" aria-invalid=\"false\"   \/><\/li><li id=\"field_1_6\"><label class='gfield_label gform-field-label' for='input_1_6'>Business Name*<\/label><input name='input_6' id='input_1_6' type='text' value='' class='large'   tabindex='102'  aria-required=\"true\" aria-invalid=\"false\"   \/><\/li><li id=\"field_1_7\"><label class='gfield_label gform-field-label' for='input_1_7'>Business Location*<\/label><select name='input_7' id='input_1_7' class='medium gfield_select' tabindex='103'   aria-required=\"true\" aria-invalid=\"false\"><option value='United States'>United States<\/option><option value='Afghanistan'>Afghanistan<\/option><option value='Albania'>Albania<\/option><option value='Algeria'>Algeria<\/option><option value='American Samoa'>American Samoa<\/option><option value='Andorra'>Andorra<\/option><option value='Angola'>Angola<\/option><option value='Antigua and Barbuda'>Antigua and Barbuda<\/option><option value='Argentina'>Argentina<\/option><option value='Armenia'>Armenia<\/option><option value='Australia'>Australia<\/option><option value='Austria'>Austria<\/option><option value='Azerbaijan'>Azerbaijan<\/option><option value='Bahamas'>Bahamas<\/option><option value='Bahrain'>Bahrain<\/option><option value='Bangladesh'>Bangladesh<\/option><option value='Barbados'>Barbados<\/option><option value='Belarus'>Belarus<\/option><option value='Belgium'>Belgium<\/option><option value='Belize'>Belize<\/option><option value='Benin'>Benin<\/option><option value='Bermuda'>Bermuda<\/option><option value='Bhutan'>Bhutan<\/option><option value='Bolivia'>Bolivia<\/option><option value='Bosnia and Herzegovina'>Bosnia and Herzegovina<\/option><option value='Botswana'>Botswana<\/option><option value='Brazil'>Brazil<\/option><option value='Brunei'>Brunei<\/option><option value='Bulgaria'>Bulgaria<\/option><option value='Burkina Faso'>Burkina Faso<\/option><option value='Burundi'>Burundi<\/option><option value='Cambodia'>Cambodia<\/option><option value='Cameroon'>Cameroon<\/option><option value='Canada'>Canada<\/option><option value='Cape Verde'>Cape Verde<\/option><option value='Cayman Islands'>Cayman Islands<\/option><option value='Central African Republic'>Central African Republic<\/option><option value='Chad'>Chad<\/option><option value='Chile'>Chile<\/option><option value='China'>China<\/option><option value='Colombia'>Colombia<\/option><option value='Comoros'>Comoros<\/option><option value='Congo, Democratic Republic of the'>Congo, Democratic Republic of the<\/option><option value='Congo, Republic of the'>Congo, Republic of the<\/option><option value='Costa Rica'>Costa Rica<\/option><option value='Croatia'>Croatia<\/option><option value='Cuba'>Cuba<\/option><option value='Cura\u00e7ao'>Cura\u00e7ao<\/option><option value='Cyprus'>Cyprus<\/option><option value='Czech Republic'>Czech Republic<\/option><option value='C\u00f4te d&#039;Ivoire'>C\u00f4te d&#039;Ivoire<\/option><option value='Denmark'>Denmark<\/option><option value='Djibouti'>Djibouti<\/option><option value='Dominica'>Dominica<\/option><option value='Dominican Republic'>Dominican Republic<\/option><option value='East Timor'>East Timor<\/option><option value='Ecuador'>Ecuador<\/option><option value='Egypt'>Egypt<\/option><option value='El Salvador'>El Salvador<\/option><option value='Equatorial Guinea'>Equatorial Guinea<\/option><option value='Eritrea'>Eritrea<\/option><option value='Estonia'>Estonia<\/option><option value='Ethiopia'>Ethiopia<\/option><option value='Faroe Islands'>Faroe Islands<\/option><option value='Fiji'>Fiji<\/option><option value='Finland'>Finland<\/option><option value='France'>France<\/option><option value='French Polynesia'>French Polynesia<\/option><option value='Gabon'>Gabon<\/option><option value='Gambia'>Gambia<\/option><option value='Georgia'>Georgia<\/option><option value='Germany'>Germany<\/option><option value='Ghana'>Ghana<\/option><option value='Greece'>Greece<\/option><option value='Greenland'>Greenland<\/option><option value='Grenada'>Grenada<\/option><option value='Guam'>Guam<\/option><option value='Guatemala'>Guatemala<\/option><option value='Guinea'>Guinea<\/option><option value='Guinea-Bissau'>Guinea-Bissau<\/option><option value='Guyana'>Guyana<\/option><option value='Haiti'>Haiti<\/option><option value='Honduras'>Honduras<\/option><option value='Hong Kong'>Hong Kong<\/option><option value='Hungary'>Hungary<\/option><option value='Iceland'>Iceland<\/option><option value='India'>India<\/option><option value='Indonesia'>Indonesia<\/option><option value='Iran'>Iran<\/option><option value='Iraq'>Iraq<\/option><option value='Ireland'>Ireland<\/option><option value='Israel'>Israel<\/option><option value='Italy'>Italy<\/option><option value='Jamaica'>Jamaica<\/option><option value='Japan'>Japan<\/option><option value='Jordan'>Jordan<\/option><option value='Kazakhstan'>Kazakhstan<\/option><option value='Kenya'>Kenya<\/option><option value='Kiribati'>Kiribati<\/option><option value='Kosovo'>Kosovo<\/option><option value='Kuwait'>Kuwait<\/option><option value='Kyrgyzstan'>Kyrgyzstan<\/option><option value='Laos'>Laos<\/option><option value='Latvia'>Latvia<\/option><option value='Lebanon'>Lebanon<\/option><option value='Lesotho'>Lesotho<\/option><option value='Liberia'>Liberia<\/option><option value='Libya'>Libya<\/option><option value='Liechtenstein'>Liechtenstein<\/option><option value='Lithuania'>Lithuania<\/option><option value='Luxembourg'>Luxembourg<\/option><option value='Macedonia'>Macedonia<\/option><option value='Madagascar'>Madagascar<\/option><option value='Malawi'>Malawi<\/option><option value='Malaysia'>Malaysia<\/option><option value='Maldives'>Maldives<\/option><option value='Mali'>Mali<\/option><option value='Malta'>Malta<\/option><option value='Marshall Islands'>Marshall Islands<\/option><option value='Mauritania'>Mauritania<\/option><option value='Mauritius'>Mauritius<\/option><option value='Mexico'>Mexico<\/option><option value='Micronesia'>Micronesia<\/option><option value='Moldova'>Moldova<\/option><option value='Monaco'>Monaco<\/option><option value='Mongolia'>Mongolia<\/option><option value='Montenegro'>Montenegro<\/option><option value='Morocco'>Morocco<\/option><option value='Mozambique'>Mozambique<\/option><option value='Myanmar'>Myanmar<\/option><option value='Namibia'>Namibia<\/option><option value='Nauru'>Nauru<\/option><option value='Nepal'>Nepal<\/option><option value='Netherlands'>Netherlands<\/option><option value='New Zealand'>New Zealand<\/option><option value='Nicaragua'>Nicaragua<\/option><option value='Niger'>Niger<\/option><option value='Nigeria'>Nigeria<\/option><option value='North Korea'>North Korea<\/option><option value='Northern Mariana Islands'>Northern Mariana Islands<\/option><option value='Norway'>Norway<\/option><option value='Oman'>Oman<\/option><option value='Pakistan'>Pakistan<\/option><option value='Palau'>Palau<\/option><option value='Palestine, State of'>Palestine, State of<\/option><option value='Panama'>Panama<\/option><option value='Papua New Guinea'>Papua New Guinea<\/option><option value='Paraguay'>Paraguay<\/option><option value='Peru'>Peru<\/option><option value='Philippines'>Philippines<\/option><option value='Poland'>Poland<\/option><option value='Portugal'>Portugal<\/option><option value='Puerto Rico'>Puerto Rico<\/option><option value='Qatar'>Qatar<\/option><option value='Romania'>Romania<\/option><option value='Russia'>Russia<\/option><option value='Rwanda'>Rwanda<\/option><option value='Saint Kitts and Nevis'>Saint Kitts and Nevis<\/option><option value='Saint Lucia'>Saint Lucia<\/option><option value='Saint Martin'>Saint Martin<\/option><option value='Saint Vincent and the Grenadines'>Saint Vincent and the Grenadines<\/option><option value='Samoa'>Samoa<\/option><option value='San Marino'>San Marino<\/option><option value='Sao Tome and Principe'>Sao Tome and Principe<\/option><option value='Saudi Arabia'>Saudi Arabia<\/option><option value='Senegal'>Senegal<\/option><option value='Serbia'>Serbia<\/option><option value='Seychelles'>Seychelles<\/option><option value='Sierra Leone'>Sierra Leone<\/option><option value='Singapore'>Singapore<\/option><option value='Sint Maarten'>Sint Maarten<\/option><option value='Slovakia'>Slovakia<\/option><option value='Slovenia'>Slovenia<\/option><option value='Solomon Islands'>Solomon Islands<\/option><option value='Somalia'>Somalia<\/option><option value='South Africa'>South Africa<\/option><option value='South Korea'>South Korea<\/option><option value='Spain'>Spain<\/option><option value='Sri Lanka'>Sri Lanka<\/option><option value='Sudan'>Sudan<\/option><option value='Sudan, South'>Sudan, South<\/option><option value='Suriname'>Suriname<\/option><option value='Swaziland'>Swaziland<\/option><option value='Sweden'>Sweden<\/option><option value='Switzerland'>Switzerland<\/option><option value='Syria'>Syria<\/option><option value='Taiwan'>Taiwan<\/option><option value='Tajikistan'>Tajikistan<\/option><option value='Tanzania'>Tanzania<\/option><option value='Thailand'>Thailand<\/option><option value='Togo'>Togo<\/option><option value='Tonga'>Tonga<\/option><option value='Trinidad and Tobago'>Trinidad and Tobago<\/option><option value='Tunisia'>Tunisia<\/option><option value='Turkey'>Turkey<\/option><option value='Turkmenistan'>Turkmenistan<\/option><option value='Tuvalu'>Tuvalu<\/option><option value='Uganda'>Uganda<\/option><option value='Ukraine'>Ukraine<\/option><option value='United Arab Emirates'>United Arab Emirates<\/option><option value='United Kingdom'>United Kingdom<\/option><option value='Uruguay'>Uruguay<\/option><option value='Uzbekistan'>Uzbekistan<\/option><option value='Vanuatu'>Vanuatu<\/option><option value='Vatican City'>Vatican City<\/option><option value='Venezuela'>Venezuela<\/option><option value='Vietnam'>Vietnam<\/option><option value='Virgin Islands, British'>Virgin Islands, British<\/option><option value='Virgin Islands, U.S.'>Virgin Islands, U.S.<\/option><option value='Yemen'>Yemen<\/option><option value='Zambia'>Zambia<\/option><option value='Zimbabwe'>Zimbabwe<\/option><\/select><\/li><li id=\"field_1_10\"><label class='gfield_label gform-field-label' for='input_1_10'>Business Type<\/label><select name='input_10' id='input_1_10' class='medium gfield_select' tabindex='104'    aria-invalid=\"false\"><option value='Other'><\/option><option value='Custom Homebuilder'>Builder &#8211; Production<\/option><option value='Production Homebuilder'>Builder &#8211; Custom<\/option><option value='Dealer'>Dealer<\/option><option value='Distributor'>Distributor<\/option><option value='Door Hanger'>Door Hanger<\/option><option value='Lumberyard'>Lumberyard<\/option><option value='Manufacturer'>Manufacturer<\/option><option value='Renovation Contractor'>Renovation Contractor<\/option><option value='Retailer'>Retailer<\/option><\/select><\/li><li id=\"field_1_2\"><label class='gfield_label gform-field-label' for='input_1_2'>Business Email*<\/label>\n                            <input name='input_2' id='input_1_2' type='email' value='' class='medium' tabindex='105'   aria-required=\"true\" aria-invalid=\"false\"  \/>\n                        <\/li><li id=\"field_1_8\"><label class='gfield_label gform-field-label' for='input_1_8'>Business Phone<\/label><input name='input_8' id='input_1_8' type='tel' value='' class='medium' tabindex='106'   aria-invalid=\"false\"   \/><\/li><li id=\"field_1_9\"><label class='gfield_label gform-field-label' for='input_1_9'>Message*<\/label><textarea name='input_9' id='input_1_9' class='textarea medium' tabindex='107'    aria-required=\"true\" aria-invalid=\"false\"   rows='10' cols='50'><\/textarea><\/li><li id=\"field_1_11\">This field is hidden when viewing the form<label class='gfield_label gform-field-label' for='input_1_11'>Language Preference<\/label><select name='input_11' id='input_1_11' class='medium gfield_select' tabindex='108'    aria-invalid=\"false\"><option value='English'>English<\/option><\/select><\/li><li id=\"field_1_12\">This field is hidden when viewing the form<label class='gfield_label gform-field-label' for='input_1_12'>Lead Source<\/label><select name='input_12' id='input_1_12' class='medium gfield_select' tabindex='109'    aria-invalid=\"false\"><option value='Website'>Website<\/option><\/select><\/li><li id=\"field_1_13\"><label class='gfield_label gform-field-label' for='input_1_13'>CAPTCHA<\/label><\/li><li id=\"field_1_14\"><label class='gfield_label gform-field-label' for='input_1_14'>Name<\/label><input name='input_14' id='input_1_14' type='text' value='' autocomplete='new-password'\/>This field is for validation purposes and should be left unchanged.<\/li><\/ul>\n         <input type='submit' id='gform_submit_button_1' class='gform_button button' onclick='gform.submission.handleButtonClick(this);' data-submission-type='submit' value='Submit' tabindex='110' \/> <input type='hidden' name='gform_ajax' value='form_id=1&amp;title=&amp;description=1&amp;tabindex=100&amp;theme=legacy&amp;styles=[]&amp;hash=152d2977ed06ee240e0b7e180f055fd0' \/>\n            <input type='hidden' class='gform_hidden' name='gform_submission_method' data-js='gform_submission_method_1' value='iframe' \/>\n            <input type='hidden' class='gform_hidden' name='gform_theme' data-js='gform_theme_1' id='gform_theme_1' value='legacy' \/>\n            <input type='hidden' class='gform_hidden' name='gform_style_settings' data-js='gform_style_settings_1' id='gform_style_settings_1' value='[]' \/>\n            <input type='hidden' class='gform_hidden' name='is_submit_1' value='1' \/>\n            <input type='hidden' class='gform_hidden' name='gform_submit' value='1' \/>\n            <input type='hidden' class='gform_hidden' name='gform_unique_id' value='' \/>\n            <input type='hidden' class='gform_hidden' name='state_1' value='WyJbXSIsIjdkNjc4OTM3NGMyY2I1YTBjMzU5MWYyZDJkYmVhZTBkIl0=' \/>\n            <input type='hidden' autocomplete='off' class='gform_hidden' name='gform_target_page_number_1' id='gform_target_page_number_1' value='0' \/>\n            <input type='hidden' autocomplete='off' class='gform_hidden' name='gform_source_page_number_1' id='gform_source_page_number_1' value='1' \/>\n            <input type='hidden' name='gform_field_values' value='' \/>\n                        <\/form>\n\t\t                <iframe style='display:none;width:0px;height:0px;' src='about:blank' name='gform_ajax_frame_1' id='gform_ajax_frame_1' title='This iframe contains the logic required to handle Ajax powered Gravity Forms.'><\/iframe>\n\t\t<h5>Headquarters<\/h5>\t\t\t\n\t\t\t\t<p>1850 Deming Way, Suite 120<br \/>Middleton, WI 53562<\/p>\n<p>\u00a0<\/p>\n\t\t<h5>East Suite<\/h5>\t\t\t\n\t\t\t\t<p>1300 Industrial Dr<br \/>Fennimore, WI 53809<\/p>\n\t\t<h5>Contact Information<\/h5>\t\t\t\n\t\t\t\t<p><b>Local:<\/b>\u00a0(608) 664-9292<br \/><b>Fax:<\/b>\u00a0(608) 664-9295<br \/><b>Email:<\/b>\u00a0<a href=\"mailto:contactus@myparadigm.com\">contactus@myparadigm.com<\/a><\/p>\n\n","protected":false},"excerpt":{"rendered":"<p>Send us a message Need to get in touch with our Sales Team directly? Have other general questions for us? Fill out the form and we&rsquo;ll respond shortly.\u00a0Questions about our products and services?\u00a0Schedule a Demo instead! First Name* Last Name* Business Name* Business Location*United StatesAfghanistanAlbaniaAlgeriaAmerican SamoaAndorraAngolaAntigua and BarbudaArgentinaArmeniaAustraliaAustriaAzerbaijanBahamasBahrainBangladeshBarbadosBelarusBelgiumBelizeBeninBermudaBhutanBoliviaBosnia and HerzegovinaBotswanaBrazilBruneiBulgariaBurkina FasoBurundiCambodiaCameroonCanadaCape VerdeCayman IslandsCentral African RepublicChadChileChinaColombiaComorosCongo,&hellip;<\/p>\n","protected":false},"author":3,"featured_media":0,"parent":0,"menu_order":0,"comment_status":"closed","ping_status":"closed","template":"","meta":{"_acf_changed":false,"footnotes":""},"page_categories":[],"class_list":["post-15100","page","type-page","status-publish","hentry"],"acf":[],"yoast_head":"<!-- This site is optimized with the Yoast SEO Premium plugin v27.2 (Yoast SEO v27.2) - https:\/\/yoast.com\/product\/yoast-seo-premium-wordpress\/ -->\n<title>Nos Bureaux - Paradigm Technology<\/title>\n<meta name=\"description\" content=\"Besoin de contacter directement notre \u00e9quipe commerciale ? Vous avez d&#039;autres questions g\u00e9n\u00e9rales \u00e0 nous poser ? Remplissez le formulaire et nous vous r\u00e9pondrons sous peu.\" \/>\n<meta name=\"robots\" content=\"index, follow, max-snippet:-1, max-image-preview:large, max-video-preview:-1\" \/>\n<link rel=\"canonical\" href=\"https:\/\/myparadigm.com\/fr\/contact-us\/\" \/>\n<meta property=\"og:locale\" content=\"fr_FR\" \/>\n<meta property=\"og:type\" content=\"article\" \/>\n<meta property=\"og:title\" content=\"Nos Bureaux\" \/>\n<meta property=\"og:description\" content=\"Besoin de contacter directement notre \u00e9quipe commerciale ? Vous avez d&#039;autres questions g\u00e9n\u00e9rales \u00e0 nous poser ? Remplissez le formulaire et nous vous r\u00e9pondrons sous peu.\" \/>\n<meta property=\"og:url\" content=\"https:\/\/myparadigm.com\/fr\/contact-us\/\" \/>\n<meta property=\"og:site_name\" content=\"Paradigm Technology\" \/>\n<meta property=\"article:publisher\" content=\"https:\/\/www.facebook.com\/myParadigmTechnology\/\" \/>\n<meta property=\"article:modified_time\" content=\"2025-07-29T02:50:46+00:00\" \/>\n<meta name=\"twitter:card\" content=\"summary_large_image\" \/>\n<meta name=\"twitter:label1\" content=\"Dur\u00e9e de lecture estim\u00e9e\" \/>\n\t<meta name=\"twitter:data1\" content=\"2 minutes\" \/>\n<script type=\"application\/ld+json\" class=\"yoast-schema-graph\">{\"@context\":\"https:\/\/schema.org\",\"@graph\":[{\"@type\":\"WebPage\",\"@id\":\"https:\/\/myparadigm.com\/fr\/contact-us\/\",\"url\":\"https:\/\/myparadigm.com\/fr\/contact-us\/\",\"name\":\"Nos Bureaux - Paradigm Technology\",\"isPartOf\":{\"@id\":\"https:\/\/myparadigm.com\/#website\"},\"datePublished\":\"2023-08-11T17:05:05+00:00\",\"dateModified\":\"2025-07-29T02:50:46+00:00\",\"description\":\"Besoin de contacter directement notre \u00e9quipe commerciale ? Vous avez d'autres questions g\u00e9n\u00e9rales \u00e0 nous poser ? Remplissez le formulaire et nous vous r\u00e9pondrons sous peu.\",\"breadcrumb\":{\"@id\":\"https:\/\/myparadigm.com\/fr\/contact-us\/#breadcrumb\"},\"inLanguage\":\"fr-FR\",\"potentialAction\":[{\"@type\":\"ReadAction\",\"target\":[\"https:\/\/myparadigm.com\/fr\/contact-us\/\"]}]},{\"@type\":\"BreadcrumbList\",\"@id\":\"https:\/\/myparadigm.com\/fr\/contact-us\/#breadcrumb\",\"itemListElement\":[{\"@type\":\"ListItem\",\"position\":1,\"name\":\"Home\",\"item\":\"https:\/\/myparadigm.com\/fr\/home\/\"},{\"@type\":\"ListItem\",\"position\":2,\"name\":\"Nos Bureaux\"}]},{\"@type\":\"WebSite\",\"@id\":\"https:\/\/myparadigm.com\/#website\",\"url\":\"https:\/\/myparadigm.com\/\",\"name\":\"Paradigm Technology\",\"description\":\"Software for the Building Industry\",\"publisher\":{\"@id\":\"https:\/\/myparadigm.com\/#organization\"},\"potentialAction\":[{\"@type\":\"SearchAction\",\"target\":{\"@type\":\"EntryPoint\",\"urlTemplate\":\"https:\/\/myparadigm.com\/?s={search_term_string}\"},\"query-input\":{\"@type\":\"PropertyValueSpecification\",\"valueRequired\":true,\"valueName\":\"search_term_string\"}}],\"inLanguage\":\"fr-FR\"},{\"@type\":\"Organization\",\"@id\":\"https:\/\/myparadigm.com\/#organization\",\"name\":\"Paradigm Technology\",\"url\":\"https:\/\/myparadigm.com\/\",\"logo\":{\"@type\":\"ImageObject\",\"inLanguage\":\"fr-FR\",\"@id\":\"https:\/\/myparadigm.com\/#\/schema\/logo\/image\/\",\"url\":\"https:\/\/myparadigm.com\/wp-content\/uploads\/2023\/12\/Paradigm_favicon_web_p.jpg\",\"contentUrl\":\"https:\/\/myparadigm.com\/wp-content\/uploads\/2023\/12\/Paradigm_favicon_web_p.jpg\",\"width\":512,\"height\":512,\"caption\":\"Paradigm Technology\"},\"image\":{\"@id\":\"https:\/\/myparadigm.com\/#\/schema\/logo\/image\/\"},\"sameAs\":[\"https:\/\/www.facebook.com\/myParadigmTechnology\/\",\"https:\/\/www.linkedin.com\/company\/myParadigmTechnology\/\",\"https:\/\/www.youtube.com\/channel\/UC8khFPtIe_j0A7K0zLL5VBA\"]}]}<\/script>\n<!-- \/ Yoast SEO Premium plugin. -->","yoast_head_json":{"title":"Nos Bureaux - Paradigm Technology","description":"Besoin de contacter directement notre \u00e9quipe commerciale ? Vous avez d'autres questions g\u00e9n\u00e9rales \u00e0 nous poser ? Remplissez le formulaire et nous vous r\u00e9pondrons sous peu.","robots":{"index":"index","follow":"follow","max-snippet":"max-snippet:-1","max-image-preview":"max-image-preview:large","max-video-preview":"max-video-preview:-1"},"canonical":"https:\/\/myparadigm.com\/fr\/contact-us\/","og_locale":"fr_FR","og_type":"article","og_title":"Nos Bureaux","og_description":"Besoin de contacter directement notre \u00e9quipe commerciale ? Vous avez d'autres questions g\u00e9n\u00e9rales \u00e0 nous poser ? Remplissez le formulaire et nous vous r\u00e9pondrons sous peu.","og_url":"https:\/\/myparadigm.com\/fr\/contact-us\/","og_site_name":"Paradigm Technology","article_publisher":"https:\/\/www.facebook.com\/myParadigmTechnology\/","article_modified_time":"2025-07-29T02:50:46+00:00","twitter_card":"summary_large_image","twitter_misc":{"Dur\u00e9e de lecture estim\u00e9e":"2 minutes"},"schema":{"@context":"https:\/\/schema.org","@graph":[{"@type":"WebPage","@id":"https:\/\/myparadigm.com\/fr\/contact-us\/","url":"https:\/\/myparadigm.com\/fr\/contact-us\/","name":"Nos Bureaux - Paradigm Technology","isPartOf":{"@id":"https:\/\/myparadigm.com\/#website"},"datePublished":"2023-08-11T17:05:05+00:00","dateModified":"2025-07-29T02:50:46+00:00","description":"Besoin de contacter directement notre \u00e9quipe commerciale ? Vous avez d'autres questions g\u00e9n\u00e9rales \u00e0 nous poser ? Remplissez le formulaire et nous vous r\u00e9pondrons sous peu.","breadcrumb":{"@id":"https:\/\/myparadigm.com\/fr\/contact-us\/#breadcrumb"},"inLanguage":"fr-FR","potentialAction":[{"@type":"ReadAction","target":["https:\/\/myparadigm.com\/fr\/contact-us\/"]}]},{"@type":"BreadcrumbList","@id":"https:\/\/myparadigm.com\/fr\/contact-us\/#breadcrumb","itemListElement":[{"@type":"ListItem","position":1,"name":"Home","item":"https:\/\/myparadigm.com\/fr\/home\/"},{"@type":"ListItem","position":2,"name":"Nos Bureaux"}]},{"@type":"WebSite","@id":"https:\/\/myparadigm.com\/#website","url":"https:\/\/myparadigm.com\/","name":"Paradigm Technology","description":"Software for the Building Industry","publisher":{"@id":"https:\/\/myparadigm.com\/#organization"},"potentialAction":[{"@type":"SearchAction","target":{"@type":"EntryPoint","urlTemplate":"https:\/\/myparadigm.com\/?s={search_term_string}"},"query-input":{"@type":"PropertyValueSpecification","valueRequired":true,"valueName":"search_term_string"}}],"inLanguage":"fr-FR"},{"@type":"Organization","@id":"https:\/\/myparadigm.com\/#organization","name":"Paradigm Technology","url":"https:\/\/myparadigm.com\/","logo":{"@type":"ImageObject","inLanguage":"fr-FR","@id":"https:\/\/myparadigm.com\/#\/schema\/logo\/image\/","url":"https:\/\/myparadigm.com\/wp-content\/uploads\/2023\/12\/Paradigm_favicon_web_p.jpg","contentUrl":"https:\/\/myparadigm.com\/wp-content\/uploads\/2023\/12\/Paradigm_favicon_web_p.jpg","width":512,"height":512,"caption":"Paradigm Technology"},"image":{"@id":"https:\/\/myparadigm.com\/#\/schema\/logo\/image\/"},"sameAs":["https:\/\/www.facebook.com\/myParadigmTechnology\/","https:\/\/www.linkedin.com\/company\/myParadigmTechnology\/","https:\/\/www.youtube.com\/channel\/UC8khFPtIe_j0A7K0zLL5VBA"]}]}},"_links":{"self":[{"href":"https:\/\/myparadigm.com\/fr\/wp-json\/wp\/v2\/pages\/15100","targetHints":{"allow":["GET"]}}],"collection":[{"href":"https:\/\/myparadigm.com\/fr\/wp-json\/wp\/v2\/pages"}],"about":[{"href":"https:\/\/myparadigm.com\/fr\/wp-json\/wp\/v2\/types\/page"}],"author":[{"embeddable":true,"href":"https:\/\/myparadigm.com\/fr\/wp-json\/wp\/v2\/users\/3"}],"replies":[{"embeddable":true,"href":"https:\/\/myparadigm.com\/fr\/wp-json\/wp\/v2\/comments?post=15100"}],"version-history":[{"count":0,"href":"https:\/\/myparadigm.com\/fr\/wp-json\/wp\/v2\/pages\/15100\/revisions"}],"wp:attachment":[{"href":"https:\/\/myparadigm.com\/fr\/wp-json\/wp\/v2\/media?parent=15100"}],"wp:term":[{"taxonomy":"page_categories","embeddable":true,"href":"https:\/\/myparadigm.com\/fr\/wp-json\/wp\/v2\/page_categories?post=15100"}],"curies":[{"name":"wp","href":"https:\/\/api.w.org\/{rel}","templated":true}]}}