{"id":14731,"date":"2023-08-02T03:18:08","date_gmt":"2023-08-02T03:18:08","guid":{"rendered":"https:\/\/wtspstaging.wpengine.com\/a-propos-de-paradigm\/avantages-et-benefices\/"},"modified":"2024-12-03T21:30:59","modified_gmt":"2024-12-03T21:30:59","slug":"perks-benefits","status":"publish","type":"page","link":"https:\/\/myparadigm.com\/fr\/careers\/perks-benefits\/","title":{"rendered":"Avantages et b\u00e9n\u00e9fices"},"content":{"rendered":"\n\n\t\t\nCareers Menu\t\t\t\n\t\t\t\t\t<ul id=\"menu-careers-french\"><li id=\"menu-item-16325\"><a href=\"https:\/\/myparadigm.com\/fr\/careers\/\">Postes ouverts<\/a><\/li>\n<li id=\"menu-item-16326\"><a href=\"https:\/\/myparadigm.com\/fr\/careers\/culture\/\">Culture<\/a><\/li>\n<li id=\"menu-item-16327\"><a href=\"https:\/\/myparadigm.com\/fr\/careers\/perks-benefits\/\">Avantages et b\u00e9n\u00e9fices<\/a><\/li>\n<li id=\"menu-item-16328\"><a href=\"https:\/\/myparadigm.com\/fr\/careers\/working-at-paradigm\/\">Travailler chez Paradigm<\/a><\/li>\n<\/ul>\t\n\t\t<h2>\n\t\t\tAvantages Paradigm\n\t\t<\/h2>\n\t\t\t<p>Nous nous engageons \u00e0 offrir un programme complet d&rsquo;avantages sociaux qui aide nos employ\u00e9s \u00e0 rester en bonne sant\u00e9, \u00e0 se sentir en s\u00e9curit\u00e9 et \u00e0 maintenir un bon \u00e9quilibre entre vie professionnelle et vie priv\u00e9e. Consultez nos avantages canadiens ci-dessous. Pour <a href=\"#\">les avantages am\u00e9ricains<\/a>, faites d\u00e9filer vers le haut et choisissez l&rsquo;anglais.<\/p>\t\t\n\t\t\t\tRester en sant\u00e9\n\t\t\t\t\u00c9quilibre travail-vie\n\t\t\t\tSentiment de s\u00e9curit\u00e9\n\t\t\t\tB\u00e9n\u00e9fices Extra\n\t\t\t\t\t\t\tRester en sant\u00e9\n\t\t<h3>Assurance m\u00e9dicale<\/h3>\n\t\t\t<p>Paradigm propose une assurance m\u00e9dicale collective de Beneva M\u00e9dical \u00e0 nos employ\u00e9s, \u00e0 leurs partenaires et aux enfants \u00e0 charge (si \u00e9ligibles).<\/p>\t\t\n\t\t<h3>Assurance dentaire<\/h3>\n\t\t\t<p>Provided by Delta Dental. Fournis par Beneva, les soins dentaires comprennent la couverture des proc\u00e9dures diagnostiques, pr\u00e9ventives, r\u00e9paratrices et orthodontiques.<\/p>\t\t\n\t\t<h3>Assurance vision<\/h3>\n\t\t\t<p>Offered by EyeMed through Delta Vision. Propos\u00e9 par Beneva, les soins visuels comprennent une couverture \u00e0 80 % sur les examens de la vue, les lunettes, les lentilles de contact et la correction de la vue au laser (prescription m\u00e9dicale requise).<\/p>\t\t\n\t\t<h3>Assurance voyage<\/h3>\n\t\t\t<p>Assurance volontaire propos\u00e9e par Beneva Travel Assistance, qui propose une assistance voyage et une assurance annulation de voyage dans le monde entier.\u00a0<\/p>\t\t\n\t\t\t\t\t\t\t\u00c9quilibre travail-vie\n\t\t<h3>Environnement de travail flexible<\/h3>\n\t\t\t<p>Des ordinateurs portables pour prendre en charge le travail \u00e0 distance, \u00e0 l&rsquo;int\u00e9rieur et \u00e0 l&rsquo;ext\u00e9rieur du bureau. Les employ\u00e9s et les gestionnaires sont libres d&rsquo;\u00e9laborer des horaires qui favorisent la flexibilit\u00e9 et r\u00e9pondent aux besoins de l&rsquo;entreprise.<\/p>\t\t\n\t\t<h3>Cong\u00e9 de vacances <\/h3>\n\t\t\t<p>S&rsquo;absenter du travail est n\u00e9cessaire pour se d\u00e9tendre et se ressourcer. Utilisez vos cong\u00e9s pay\u00e9s comme vous en avez besoin !<\/p>\t\t\n\t\t<h3>Jours f\u00e9ri\u00e9s et jours de maladie<\/h3>\n\t\t\t<p>Paradigm observe 10 jours f\u00e9ri\u00e9s par an et les employ\u00e9s \u00e0 temps plein re\u00e7oivent 3 jours de maladie\/personnel pay\u00e9s par ann\u00e9e civile.<\/p>\t\t\n\t\t<h3>Autres cong\u00e9s<\/h3>\n\t\t\t<p>Paradigm suit toutes les lois sur les cong\u00e9s obligatoires du gouvernement pour le cong\u00e9 de maternit\u00e9, le cong\u00e9 de paternit\u00e9, le cong\u00e9 de naissance et le cong\u00e9 parental<\/p>\t\t\n\t\t<h3>Cong\u00e9 pour b\u00e9n\u00e9volat<\/h3>\n\t\t\t<p>Redonnez \u00e0 votre communaut\u00e9 ou \u00e0 une organisation qui est importante pour vous avec 4 heures de cong\u00e9 pay\u00e9 de Paradigm.<\/p>\t\t\n\t\t<h3>Programme d&rsquo;aide aux employ\u00e9s (PAE)<\/h3>\n\t\t\t<p>Paradigm offre aux employ\u00e9s et aux membres de leur famille imm\u00e9diate un programme de conseil totalement confidentiel pour une vari\u00e9t\u00e9 de besoins de vie, juridiques et financiers.<\/p>\t\t\n\t\t\t\t\t\t\tSentiment de s\u00e9curit\u00e9\n\t\t<h3>\u00c9pargne-retraite volontaire (RVER)<\/h3>\n\t\t\t<p>Pour vous aider \u00e0 pr\u00e9parer l&rsquo;avenir, Paradigm contribue par retenues salariales et correspond \u00e0 50 % de votre contribution jusqu&rsquo;\u00e0 8 % (en fonction des ann\u00e9es de service). Paradigm matches 50% up to the first 8% of your income.<\/p>\t\t\n\t\t<h3>Assurance-vie<\/h3>\n\t\t\t<p>Une couverture d&rsquo;assurance-vie pour les employ\u00e9s \u00e0 temps plein, avec des options de couverture suppl\u00e9mentaires pour les conjoints et les enfants \u00e0 charge, est fournie par Paradigm.<\/p>\t\t\n\t\t<h3>Assurance DMA<\/h3>\n\t\t\t<p>Couverture de l&rsquo;assurance d\u00e9c\u00e8s et mutilation accidentels (DMA). L&rsquo;assurance DMA comprend la planification des fun\u00e9railles et les services de conciergerie. Voluntary life insurance is available to purchase additional coverage.<\/p>\t\t\n\t\t<h3>Assurance invalidit\u00e9<\/h3>\n\t\t\t<p>Paradigm paie l&rsquo;int\u00e9gralit\u00e9 des co\u00fbts pour offrir aux employ\u00e9s \u00e0 temps plein une prestation de revenu d&rsquo;invalidit\u00e9 de longue dur\u00e9e.<\/p>\t\t\n\t\t\t\t\t\t\tB\u00e9n\u00e9fices Extra\n\t\t<h3>Reconnaissance Paradigm Proud<\/h3>\n\t\t\t<p>Les employ\u00e9s sont r\u00e9compens\u00e9s tout au long de l&rsquo;ann\u00e9e gr\u00e2ce \u00e0 des incitations int\u00e9ressantes allant des cartes-cadeaux aux vacances pay\u00e9es toutes d\u00e9penses confondues.<\/p>\t\t\n\t\t<h3>Cr\u00e9dit au magasin des employ\u00e9s<\/h3>\n\t\t\t<p>Chaque ann\u00e9e, les employ\u00e9s re\u00e7oivent un cr\u00e9dit pour acheter une s\u00e9lection variable de v\u00eatements de marque, d&rsquo;accessoires et bien plus encore, de leur choix dans la boutique des employ\u00e9s Paradigm.<\/p>\t\t\n\t\t<h3>Remboursement des technologies de bureau et de travail<\/h3>\n\t\t\t<p>Paradigm rembourse jusqu&rsquo;\u00e0 100 $ aux employ\u00e9s pour les d\u00e9penses li\u00e9es aux articles de bureau ou technologiques utilis\u00e9s pour le travail.<\/p>\t\t\n\t\t<h3>Privil\u00e8ges corporatifs &#8211; Nautilus Plus<\/h3>\n\t\t\t<p>Les employ\u00e9s couverts par Assurances Beneva sont \u00e9ligibles \u00e0 un abonnement annuel \u00e0 prix r\u00e9duit dans n&rsquo;importe quel centre Nautilus Plus.<\/p>\t\t\n\t\t<h3>Incitatif Paradigm Pioneer<\/h3>\n\t\t\t<p>Exploring new things, exercising creativity and learning are an important part of wellness. Explorer de nouvelles choses, faire preuve de cr\u00e9ativit\u00e9 et apprendre sont des \u00e9l\u00e9ments importants du bien-\u00eatre. Paradigm rembourse jusqu&rsquo;\u00e0 100 $ aux employ\u00e9s pour faire exactement cela !<\/p>\t\t\n\t\t<h3>Opportunit\u00e9s d&rsquo;apprentissage<\/h3>\n\t\t\t<p>Une vari\u00e9t\u00e9 d&rsquo;opportunit\u00e9s d&rsquo;apprentissage \u00e0 l&rsquo;heure du d\u00e9jeuner sont disponibles, allant de l&rsquo;\u00e9ducation financi\u00e8re aux techniques parentales.<\/p>\t\t\n\t\t\t\t<a\n\t\t\thref=\"https:\/\/myparadigm.com\/wp-content\/uploads\/2023\/11\/Paradigm-Careers-Perks-and-Benefits-Apply-Here-Image_1.png\"\n\t\t\t\t\t\tdata-fancybox=\"images\" \n\t\t\ttitle=\"Paradigm Careers Perks and Benefits Apply Here Image_1\" \n\t\t\t\t\t\tdata-description=\"\" \n\t\t\titemprop=\"contentUrl\">\n\t\t\t<img loading=\"lazy\" decoding=\"async\" src=\"https:\/\/myparadigm.com\/wp-content\/uploads\/2023\/11\/Paradigm-Careers-Perks-and-Benefits-Apply-Here-Image_1-300x300.png\" alt=\"\" data-no-lazy=\"1\" itemprop=\"thumbnail\" width=\"300\" height=\"300\" \/>\n\t\t\t<!-- Overlay Wrapper -->\n\t\t\t <!-- Overlay Wrapper Closed -->\n\t\t\t\t<\/a>\n\t\t\t\t\t\t\t<meta itemprop=\"width\" content=\"300\" \/>\n\t\t\t<meta itemprop=\"height\" content=\"300\" \/>\n\t\t\t\t<a\n\t\t\thref=\"https:\/\/myparadigm.com\/wp-content\/uploads\/2023\/11\/Paradigm-Careers-Perks-and-Benefits-Apply-Here-Image_2.png\"\n\t\t\t\t\t\tdata-fancybox=\"images\" \n\t\t\ttitle=\"Paradigm Careers Perks and Benefits Apply Here Image_2\" \n\t\t\t\t\t\tdata-description=\"\" \n\t\t\titemprop=\"contentUrl\">\n\t\t\t<img loading=\"lazy\" decoding=\"async\" src=\"https:\/\/myparadigm.com\/wp-content\/uploads\/2023\/11\/Paradigm-Careers-Perks-and-Benefits-Apply-Here-Image_2-300x300.png\" alt=\"\" data-no-lazy=\"1\" itemprop=\"thumbnail\" width=\"300\" height=\"300\" \/>\n\t\t\t<!-- Overlay Wrapper -->\n\t\t\t <!-- Overlay Wrapper Closed -->\n\t\t\t\t<\/a>\n\t\t\t\t\t\t\t<meta itemprop=\"width\" content=\"300\" \/>\n\t\t\t<meta itemprop=\"height\" content=\"300\" \/>\n\t\t\t\t<a\n\t\t\thref=\"https:\/\/myparadigm.com\/wp-content\/uploads\/2023\/11\/Paradigm-Careers-Perks-and-Benefits-Apply-Here-Image_6.png\"\n\t\t\t\t\t\tdata-fancybox=\"images\" \n\t\t\ttitle=\"Paradigm Careers Perks and Benefits Apply Here Image_6\" \n\t\t\t\t\t\tdata-description=\"\" \n\t\t\titemprop=\"contentUrl\">\n\t\t\t<img loading=\"lazy\" decoding=\"async\" src=\"https:\/\/myparadigm.com\/wp-content\/uploads\/2023\/11\/Paradigm-Careers-Perks-and-Benefits-Apply-Here-Image_6-300x300.png\" alt=\"\" data-no-lazy=\"1\" itemprop=\"thumbnail\" width=\"300\" height=\"300\" \/>\n\t\t\t<!-- Overlay Wrapper -->\n\t\t\t <!-- Overlay Wrapper Closed -->\n\t\t\t\t<\/a>\n\t\t\t\t\t\t\t<meta itemprop=\"width\" content=\"300\" \/>\n\t\t\t<meta itemprop=\"height\" content=\"300\" \/>\n\t\t\t\t<a\n\t\t\thref=\"https:\/\/myparadigm.com\/wp-content\/uploads\/2023\/11\/Paradigm-Careers-Perks-and-Benefits-Apply-Here-Image_4.png\"\n\t\t\t\t\t\tdata-fancybox=\"images\" \n\t\t\ttitle=\"Paradigm Careers Perks and Benefits Apply Here Image_4\" \n\t\t\t\t\t\tdata-description=\"\" \n\t\t\titemprop=\"contentUrl\">\n\t\t\t<img loading=\"lazy\" decoding=\"async\" src=\"https:\/\/myparadigm.com\/wp-content\/uploads\/2023\/11\/Paradigm-Careers-Perks-and-Benefits-Apply-Here-Image_4-300x300.png\" alt=\"\" data-no-lazy=\"1\" itemprop=\"thumbnail\" width=\"300\" height=\"300\" \/>\n\t\t\t<!-- Overlay Wrapper -->\n\t\t\t <!-- Overlay Wrapper Closed -->\n\t\t\t\t<\/a>\n\t\t\t\t\t\t\t<meta itemprop=\"width\" content=\"300\" \/>\n\t\t\t<meta itemprop=\"height\" content=\"300\" \/>\n\t\t\t\t<a\n\t\t\thref=\"https:\/\/myparadigm.com\/wp-content\/uploads\/2023\/11\/Paradigm-Careers-Perks-and-Benefits-Apply-Here-Image_5.png\"\n\t\t\t\t\t\tdata-fancybox=\"images\" \n\t\t\ttitle=\"Paradigm Careers Perks and Benefits Apply Here Image_5\" \n\t\t\t\t\t\tdata-description=\"\" \n\t\t\titemprop=\"contentUrl\">\n\t\t\t<img loading=\"lazy\" decoding=\"async\" src=\"https:\/\/myparadigm.com\/wp-content\/uploads\/2023\/11\/Paradigm-Careers-Perks-and-Benefits-Apply-Here-Image_5-300x300.png\" alt=\"\" data-no-lazy=\"1\" itemprop=\"thumbnail\" width=\"300\" height=\"300\" \/>\n\t\t\t<!-- Overlay Wrapper -->\n\t\t\t <!-- Overlay Wrapper Closed -->\n\t\t\t\t<\/a>\n\t\t\t\t\t\t\t<meta itemprop=\"width\" content=\"300\" \/>\n\t\t\t<meta itemprop=\"height\" content=\"300\" \/>\n\t\t\t\t<a\n\t\t\thref=\"https:\/\/myparadigm.com\/wp-content\/uploads\/2023\/11\/Paradigm-Careers-Perks-and-Benefits-Apply-Here-Image_8.png\"\n\t\t\t\t\t\tdata-fancybox=\"images\" \n\t\t\ttitle=\"Paradigm Careers Perks and Benefits Apply Here Image_8\" \n\t\t\t\t\t\tdata-description=\"\" \n\t\t\titemprop=\"contentUrl\">\n\t\t\t<img loading=\"lazy\" decoding=\"async\" src=\"https:\/\/myparadigm.com\/wp-content\/uploads\/2023\/11\/Paradigm-Careers-Perks-and-Benefits-Apply-Here-Image_8-300x300.png\" alt=\"\" data-no-lazy=\"1\" itemprop=\"thumbnail\" width=\"300\" height=\"300\" \/>\n\t\t\t<!-- Overlay Wrapper -->\n\t\t\t <!-- Overlay Wrapper Closed -->\n\t\t\t\t<\/a>\n\t\t\t\t\t\t\t<meta itemprop=\"width\" content=\"300\" \/>\n\t\t\t<meta itemprop=\"height\" content=\"300\" \/>\n\t\t\t\t<a\n\t\t\thref=\"https:\/\/myparadigm.com\/wp-content\/uploads\/2023\/11\/Paradigm-Careers-Perks-and-Benefits-Apply-Here-Image_3.png\"\n\t\t\t\t\t\tdata-fancybox=\"images\" \n\t\t\ttitle=\"Paradigm Careers Perks and Benefits Apply Here Image_3\" \n\t\t\t\t\t\tdata-description=\"\" \n\t\t\titemprop=\"contentUrl\">\n\t\t\t<img loading=\"lazy\" decoding=\"async\" src=\"https:\/\/myparadigm.com\/wp-content\/uploads\/2023\/11\/Paradigm-Careers-Perks-and-Benefits-Apply-Here-Image_3-300x300.png\" alt=\"\" data-no-lazy=\"1\" itemprop=\"thumbnail\" width=\"300\" height=\"300\" \/>\n\t\t\t<!-- Overlay Wrapper -->\n\t\t\t <!-- Overlay Wrapper Closed -->\n\t\t\t\t<\/a>\n\t\t\t\t\t\t\t<meta itemprop=\"width\" content=\"300\" \/>\n\t\t\t<meta itemprop=\"height\" content=\"300\" \/>\n\t\t\t\t<a\n\t\t\thref=\"https:\/\/myparadigm.com\/wp-content\/uploads\/2023\/11\/Paradigm-Careers-Perks-and-Benefits-Apply-Here-Image_7.png\"\n\t\t\t\t\t\tdata-fancybox=\"images\" \n\t\t\ttitle=\"Paradigm Careers Perks and Benefits Apply Here Image_7\" \n\t\t\t\t\t\tdata-description=\"\" \n\t\t\titemprop=\"contentUrl\">\n\t\t\t<img loading=\"lazy\" decoding=\"async\" src=\"https:\/\/myparadigm.com\/wp-content\/uploads\/2023\/11\/Paradigm-Careers-Perks-and-Benefits-Apply-Here-Image_7-300x300.png\" alt=\"\" data-no-lazy=\"1\" itemprop=\"thumbnail\" width=\"300\" height=\"300\" \/>\n\t\t\t<!-- Overlay Wrapper -->\n\t\t\t <!-- Overlay Wrapper Closed -->\n\t\t\t\t<\/a>\n\t\t\t\t\t\t\t<meta itemprop=\"width\" content=\"300\" \/>\n\t\t\t<meta itemprop=\"height\" content=\"300\" \/>\n\t\n","protected":false},"excerpt":{"rendered":"<p>Careers Menu Postes ouverts Culture Avantages et b\u00e9n\u00e9fices Travailler chez Paradigm Avantages Paradigm Nous nous engageons \u00e0 offrir un programme complet d&rsquo;avantages sociaux qui aide nos employ\u00e9s \u00e0 rester en bonne sant\u00e9, \u00e0 se sentir en s\u00e9curit\u00e9 et \u00e0 maintenir un bon \u00e9quilibre entre vie professionnelle et vie priv\u00e9e. Consultez nos avantages canadiens ci-dessous. Pour&hellip;<\/p>\n","protected":false},"author":7,"featured_media":0,"parent":14733,"menu_order":0,"comment_status":"closed","ping_status":"closed","template":"","meta":{"_acf_changed":false,"footnotes":""},"page_categories":[],"class_list":["post-14731","page","type-page","status-publish","hentry"],"acf":[],"yoast_head":"<!-- This site is optimized with the Yoast SEO Premium plugin v27.3 (Yoast SEO v27.3) - https:\/\/yoast.com\/product\/yoast-seo-premium-wordpress\/ -->\n<title>Avantages et b\u00e9n\u00e9fices - Paradigm Technology<\/title>\n<meta name=\"description\" content=\"Nous nous engageons \u00e0 offrir un programme complet d\u2019avantages sociaux qui aide nos employ\u00e9s \u00e0 rester en bonne sant\u00e9, \u00e0 se sentir en s\u00e9curit\u00e9 e\" \/>\n<meta name=\"robots\" content=\"index, follow, max-snippet:-1, max-image-preview:large, max-video-preview:-1\" \/>\n<link rel=\"canonical\" href=\"https:\/\/myparadigm.com\/fr\/careers\/perks-benefits\/\" \/>\n<meta property=\"og:locale\" content=\"fr_FR\" \/>\n<meta property=\"og:type\" content=\"article\" \/>\n<meta property=\"og:title\" content=\"Avantages et b\u00e9n\u00e9fices\" \/>\n<meta property=\"og:description\" content=\"Nous nous engageons \u00e0 offrir un programme complet d\u2019avantages sociaux qui aide nos employ\u00e9s \u00e0 rester en bonne sant\u00e9, \u00e0 se sentir en s\u00e9curit\u00e9 e\" \/>\n<meta property=\"og:url\" content=\"https:\/\/myparadigm.com\/fr\/careers\/perks-benefits\/\" \/>\n<meta property=\"og:site_name\" content=\"Paradigm Technology\" \/>\n<meta property=\"article:publisher\" content=\"https:\/\/www.facebook.com\/myParadigmTechnology\/\" \/>\n<meta property=\"article:modified_time\" content=\"2024-12-03T21:30:59+00:00\" \/>\n<meta property=\"og:image\" content=\"https:\/\/myparadigm.com\/wp-content\/uploads\/2023\/11\/Paradigm-Careers-Perks-and-Benefits-Apply-Here-Image_1-300x300.png\" \/>\n<meta name=\"twitter:card\" content=\"summary_large_image\" \/>\n<meta name=\"twitter:label1\" content=\"Dur\u00e9e de lecture estim\u00e9e\" \/>\n\t<meta name=\"twitter:data1\" content=\"5 minutes\" \/>\n<script type=\"application\/ld+json\" class=\"yoast-schema-graph\">{\"@context\":\"https:\\\/\\\/schema.org\",\"@graph\":[{\"@type\":\"WebPage\",\"@id\":\"https:\\\/\\\/myparadigm.com\\\/fr\\\/careers\\\/perks-benefits\\\/\",\"url\":\"https:\\\/\\\/myparadigm.com\\\/fr\\\/careers\\\/perks-benefits\\\/\",\"name\":\"Avantages et b\u00e9n\u00e9fices - Paradigm Technology\",\"isPartOf\":{\"@id\":\"https:\\\/\\\/myparadigm.com\\\/#website\"},\"primaryImageOfPage\":{\"@id\":\"https:\\\/\\\/myparadigm.com\\\/fr\\\/careers\\\/perks-benefits\\\/#primaryimage\"},\"image\":{\"@id\":\"https:\\\/\\\/myparadigm.com\\\/fr\\\/careers\\\/perks-benefits\\\/#primaryimage\"},\"thumbnailUrl\":\"https:\\\/\\\/myparadigm.com\\\/wp-content\\\/uploads\\\/2023\\\/11\\\/Paradigm-Careers-Perks-and-Benefits-Apply-Here-Image_1-300x300.png\",\"datePublished\":\"2023-08-02T03:18:08+00:00\",\"dateModified\":\"2024-12-03T21:30:59+00:00\",\"description\":\"Nous nous engageons \u00e0 offrir un programme complet d\u2019avantages sociaux qui aide nos employ\u00e9s \u00e0 rester en bonne sant\u00e9, \u00e0 se sentir en s\u00e9curit\u00e9 e\",\"breadcrumb\":{\"@id\":\"https:\\\/\\\/myparadigm.com\\\/fr\\\/careers\\\/perks-benefits\\\/#breadcrumb\"},\"inLanguage\":\"fr-FR\",\"potentialAction\":[{\"@type\":\"ReadAction\",\"target\":[\"https:\\\/\\\/myparadigm.com\\\/fr\\\/careers\\\/perks-benefits\\\/\"]}]},{\"@type\":\"ImageObject\",\"inLanguage\":\"fr-FR\",\"@id\":\"https:\\\/\\\/myparadigm.com\\\/fr\\\/careers\\\/perks-benefits\\\/#primaryimage\",\"url\":\"https:\\\/\\\/myparadigm.com\\\/wp-content\\\/uploads\\\/2023\\\/11\\\/Paradigm-Careers-Perks-and-Benefits-Apply-Here-Image_1-300x300.png\",\"contentUrl\":\"https:\\\/\\\/myparadigm.com\\\/wp-content\\\/uploads\\\/2023\\\/11\\\/Paradigm-Careers-Perks-and-Benefits-Apply-Here-Image_1-300x300.png\"},{\"@type\":\"BreadcrumbList\",\"@id\":\"https:\\\/\\\/myparadigm.com\\\/fr\\\/careers\\\/perks-benefits\\\/#breadcrumb\",\"itemListElement\":[{\"@type\":\"ListItem\",\"position\":1,\"name\":\"Home\",\"item\":\"https:\\\/\\\/myparadigm.com\\\/fr\\\/home\\\/\"},{\"@type\":\"ListItem\",\"position\":2,\"name\":\"Postes ouverts\",\"item\":\"https:\\\/\\\/myparadigm.com\\\/fr\\\/careers\\\/\"},{\"@type\":\"ListItem\",\"position\":3,\"name\":\"Avantages et b\u00e9n\u00e9fices\"}]},{\"@type\":\"WebSite\",\"@id\":\"https:\\\/\\\/myparadigm.com\\\/#website\",\"url\":\"https:\\\/\\\/myparadigm.com\\\/\",\"name\":\"Paradigm Technology\",\"description\":\"Software for the Building Industry\",\"publisher\":{\"@id\":\"https:\\\/\\\/myparadigm.com\\\/#organization\"},\"potentialAction\":[{\"@type\":\"SearchAction\",\"target\":{\"@type\":\"EntryPoint\",\"urlTemplate\":\"https:\\\/\\\/myparadigm.com\\\/?s={search_term_string}\"},\"query-input\":{\"@type\":\"PropertyValueSpecification\",\"valueRequired\":true,\"valueName\":\"search_term_string\"}}],\"inLanguage\":\"fr-FR\"},{\"@type\":\"Organization\",\"@id\":\"https:\\\/\\\/myparadigm.com\\\/#organization\",\"name\":\"Paradigm Technology\",\"url\":\"https:\\\/\\\/myparadigm.com\\\/\",\"logo\":{\"@type\":\"ImageObject\",\"inLanguage\":\"fr-FR\",\"@id\":\"https:\\\/\\\/myparadigm.com\\\/#\\\/schema\\\/logo\\\/image\\\/\",\"url\":\"https:\\\/\\\/myparadigm.com\\\/wp-content\\\/uploads\\\/2023\\\/12\\\/Paradigm_favicon_web_p.jpg\",\"contentUrl\":\"https:\\\/\\\/myparadigm.com\\\/wp-content\\\/uploads\\\/2023\\\/12\\\/Paradigm_favicon_web_p.jpg\",\"width\":512,\"height\":512,\"caption\":\"Paradigm Technology\"},\"image\":{\"@id\":\"https:\\\/\\\/myparadigm.com\\\/#\\\/schema\\\/logo\\\/image\\\/\"},\"sameAs\":[\"https:\\\/\\\/www.facebook.com\\\/myParadigmTechnology\\\/\",\"https:\\\/\\\/www.linkedin.com\\\/company\\\/myParadigmTechnology\\\/\",\"https:\\\/\\\/www.youtube.com\\\/channel\\\/UC8khFPtIe_j0A7K0zLL5VBA\"]}]}<\/script>\n<!-- \/ Yoast SEO Premium plugin. -->","yoast_head_json":{"title":"Avantages et b\u00e9n\u00e9fices - Paradigm Technology","description":"Nous nous engageons \u00e0 offrir un programme complet d\u2019avantages sociaux qui aide nos employ\u00e9s \u00e0 rester en bonne sant\u00e9, \u00e0 se sentir en s\u00e9curit\u00e9 e","robots":{"index":"index","follow":"follow","max-snippet":"max-snippet:-1","max-image-preview":"max-image-preview:large","max-video-preview":"max-video-preview:-1"},"canonical":"https:\/\/myparadigm.com\/fr\/careers\/perks-benefits\/","og_locale":"fr_FR","og_type":"article","og_title":"Avantages et b\u00e9n\u00e9fices","og_description":"Nous nous engageons \u00e0 offrir un programme complet d\u2019avantages sociaux qui aide nos employ\u00e9s \u00e0 rester en bonne sant\u00e9, \u00e0 se sentir en s\u00e9curit\u00e9 e","og_url":"https:\/\/myparadigm.com\/fr\/careers\/perks-benefits\/","og_site_name":"Paradigm Technology","article_publisher":"https:\/\/www.facebook.com\/myParadigmTechnology\/","article_modified_time":"2024-12-03T21:30:59+00:00","og_image":[{"url":"https:\/\/myparadigm.com\/wp-content\/uploads\/2023\/11\/Paradigm-Careers-Perks-and-Benefits-Apply-Here-Image_1-300x300.png","type":"","width":"","height":""}],"twitter_card":"summary_large_image","twitter_misc":{"Dur\u00e9e de lecture estim\u00e9e":"5 minutes"},"schema":{"@context":"https:\/\/schema.org","@graph":[{"@type":"WebPage","@id":"https:\/\/myparadigm.com\/fr\/careers\/perks-benefits\/","url":"https:\/\/myparadigm.com\/fr\/careers\/perks-benefits\/","name":"Avantages et b\u00e9n\u00e9fices - Paradigm Technology","isPartOf":{"@id":"https:\/\/myparadigm.com\/#website"},"primaryImageOfPage":{"@id":"https:\/\/myparadigm.com\/fr\/careers\/perks-benefits\/#primaryimage"},"image":{"@id":"https:\/\/myparadigm.com\/fr\/careers\/perks-benefits\/#primaryimage"},"thumbnailUrl":"https:\/\/myparadigm.com\/wp-content\/uploads\/2023\/11\/Paradigm-Careers-Perks-and-Benefits-Apply-Here-Image_1-300x300.png","datePublished":"2023-08-02T03:18:08+00:00","dateModified":"2024-12-03T21:30:59+00:00","description":"Nous nous engageons \u00e0 offrir un programme complet d\u2019avantages sociaux qui aide nos employ\u00e9s \u00e0 rester en bonne sant\u00e9, \u00e0 se sentir en s\u00e9curit\u00e9 e","breadcrumb":{"@id":"https:\/\/myparadigm.com\/fr\/careers\/perks-benefits\/#breadcrumb"},"inLanguage":"fr-FR","potentialAction":[{"@type":"ReadAction","target":["https:\/\/myparadigm.com\/fr\/careers\/perks-benefits\/"]}]},{"@type":"ImageObject","inLanguage":"fr-FR","@id":"https:\/\/myparadigm.com\/fr\/careers\/perks-benefits\/#primaryimage","url":"https:\/\/myparadigm.com\/wp-content\/uploads\/2023\/11\/Paradigm-Careers-Perks-and-Benefits-Apply-Here-Image_1-300x300.png","contentUrl":"https:\/\/myparadigm.com\/wp-content\/uploads\/2023\/11\/Paradigm-Careers-Perks-and-Benefits-Apply-Here-Image_1-300x300.png"},{"@type":"BreadcrumbList","@id":"https:\/\/myparadigm.com\/fr\/careers\/perks-benefits\/#breadcrumb","itemListElement":[{"@type":"ListItem","position":1,"name":"Home","item":"https:\/\/myparadigm.com\/fr\/home\/"},{"@type":"ListItem","position":2,"name":"Postes ouverts","item":"https:\/\/myparadigm.com\/fr\/careers\/"},{"@type":"ListItem","position":3,"name":"Avantages et b\u00e9n\u00e9fices"}]},{"@type":"WebSite","@id":"https:\/\/myparadigm.com\/#website","url":"https:\/\/myparadigm.com\/","name":"Paradigm Technology","description":"Software for the Building Industry","publisher":{"@id":"https:\/\/myparadigm.com\/#organization"},"potentialAction":[{"@type":"SearchAction","target":{"@type":"EntryPoint","urlTemplate":"https:\/\/myparadigm.com\/?s={search_term_string}"},"query-input":{"@type":"PropertyValueSpecification","valueRequired":true,"valueName":"search_term_string"}}],"inLanguage":"fr-FR"},{"@type":"Organization","@id":"https:\/\/myparadigm.com\/#organization","name":"Paradigm Technology","url":"https:\/\/myparadigm.com\/","logo":{"@type":"ImageObject","inLanguage":"fr-FR","@id":"https:\/\/myparadigm.com\/#\/schema\/logo\/image\/","url":"https:\/\/myparadigm.com\/wp-content\/uploads\/2023\/12\/Paradigm_favicon_web_p.jpg","contentUrl":"https:\/\/myparadigm.com\/wp-content\/uploads\/2023\/12\/Paradigm_favicon_web_p.jpg","width":512,"height":512,"caption":"Paradigm Technology"},"image":{"@id":"https:\/\/myparadigm.com\/#\/schema\/logo\/image\/"},"sameAs":["https:\/\/www.facebook.com\/myParadigmTechnology\/","https:\/\/www.linkedin.com\/company\/myParadigmTechnology\/","https:\/\/www.youtube.com\/channel\/UC8khFPtIe_j0A7K0zLL5VBA"]}]}},"_links":{"self":[{"href":"https:\/\/myparadigm.com\/fr\/wp-json\/wp\/v2\/pages\/14731","targetHints":{"allow":["GET"]}}],"collection":[{"href":"https:\/\/myparadigm.com\/fr\/wp-json\/wp\/v2\/pages"}],"about":[{"href":"https:\/\/myparadigm.com\/fr\/wp-json\/wp\/v2\/types\/page"}],"author":[{"embeddable":true,"href":"https:\/\/myparadigm.com\/fr\/wp-json\/wp\/v2\/users\/7"}],"replies":[{"embeddable":true,"href":"https:\/\/myparadigm.com\/fr\/wp-json\/wp\/v2\/comments?post=14731"}],"version-history":[{"count":0,"href":"https:\/\/myparadigm.com\/fr\/wp-json\/wp\/v2\/pages\/14731\/revisions"}],"up":[{"embeddable":true,"href":"https:\/\/myparadigm.com\/fr\/wp-json\/wp\/v2\/pages\/14733"}],"wp:attachment":[{"href":"https:\/\/myparadigm.com\/fr\/wp-json\/wp\/v2\/media?parent=14731"}],"wp:term":[{"taxonomy":"page_categories","embeddable":true,"href":"https:\/\/myparadigm.com\/fr\/wp-json\/wp\/v2\/page_categories?post=14731"}],"curies":[{"name":"wp","href":"https:\/\/api.w.org\/{rel}","templated":true}]}}