{"id":14724,"date":"2023-08-02T02:49:55","date_gmt":"2023-08-02T02:49:55","guid":{"rendered":"https:\/\/wtspstaging.wpengine.com\/ressources\/succes-des-clients\/"},"modified":"2024-12-12T19:03:00","modified_gmt":"2024-12-12T19:03:00","slug":"professional-services","status":"publish","type":"page","link":"https:\/\/myparadigm.com\/fr\/resources\/customer-success\/professional-services\/","title":{"rendered":"Services Professionnels"},"content":{"rendered":"\n\n\t\t<h1>\n\t\t\tR\u00e9ussite Client\n\t\t<\/h1>\nCustomer Success Menu\t\t\t\n\t\t\t\t\t<ul id=\"menu-customer-success-french\"><li id=\"menu-item-16336\"><a href=\"https:\/\/myparadigm.com\/fr\/resources\/customer-success\/professional-services\/\">Services Professionnels<\/a><\/li>\n<li id=\"menu-item-16337\"><a href=\"https:\/\/myparadigm.com\/fr\/resources\/customer-success\/services-de-lexperience-client\/\">R\u00e9ussite Client<\/a><\/li>\n<\/ul>\t\n\t\t\tD\u00e9couverte\n\t\t<h2>\n\t\t\tImpl\u00e9mentations de solutions\n\t\t<\/h2>\n\t\t\t<p>Paradigm&rsquo;s L&rsquo;\u00e9quipe de consultants experts des services professionnels de Paradigm travaille c\u00f4te \u00e0 c\u00f4te avec votre \u00e9quipe pour d\u00e9finir et ex\u00e9cuter un plan de mise en \u0153uvre bas\u00e9 sur vos exigences afin de s&rsquo;assurer que vous disposez d&rsquo;une solution qui r\u00e9pond aux besoins de votre entreprise. Il n&rsquo;y a pas deux syst\u00e8mes Paradigm identiques, et notre \u00e9quipe vous guidera \u00e0 travers les \u00e9tapes d&rsquo;identification des exigences cl\u00e9s jusqu&rsquo;\u00e0 la r\u00e9alisation du flux de travail complet. Vous d\u00e9finissez la meilleure fa\u00e7on pour notre \u00e9quipe de vous soutenir, qu&rsquo;il s&rsquo;agisse d&rsquo;une \u00e9quipe d\u00e9di\u00e9e \u00e0 la construction et \u00e0 la configuration du syst\u00e8me, ou de services de consultation et de conseil pour permettre \u00e0 votre \u00e9quipe d&rsquo;effectuer le travail pratique.<\/p>\t\t\n<h4>\n\t\tNous offrons des services d&rsquo;experts pour :\n\t<\/h4>\n\t<ul>\n\t\t\t<li>\n\t\t\t\tConception et construction de syst\u00e8mes\n\t\t\t<\/li>\n\t\t\t<li>\n\t\t\t\tAudits et recommandations d&rsquo;optimisation pour les syst\u00e8mes existants \n\t\t\t<\/li>\n\t\t\t<li>\n\t\t\t\tD\u00e9veloppement personnalis\u00e9 et maintenance\n\t\t\t<\/li>\n\t\t\t<li>\n\t\t\t\tGestion de projet et d\u00e9finition des priorit\u00e9s \n\t\t\t<\/li>\n\t\t<\/ul>\n\t\t\tMise en \u0153uvre et formation \n\t\t<h2>\n\t\t\tAssistance de mise \u00e0 niveau\n\t\t<\/h2>\n\t\t\t<p>Paradigm\u00ae publie chaque ann\u00e9e deux mises \u00e0 jour majeures. Nous pouvons vous aider \u00e0 activer les fonctionnalit\u00e9s les plus r\u00e9centes et les meilleures et \u00e0 aider votre organisation \u00e0 adopter le syst\u00e8me mis \u00e0 niveau.<\/p>\t\t\n\t\t\t\t<h5 itemprop=\"name description\">Planification de la mise \u00e0 niveau<\/h5>\n\t\t\t\t<ul>\n<li>Examen des fonctionnalit\u00e9s et recommandations sur ce qu&rsquo;il faut mettre en \u0153uvre<\/li>\n<li>Plans de projet de mise en \u0153uvre bas\u00e9s sur les fonctionnalit\u00e9s<\/li>\n<li>Nous impl\u00e9menterons les fonctionnalit\u00e9s pour vous<\/li>\n<li>Nous allons vous apprendre \u00e0 maintenir les fonctionnalit\u00e9s<\/li>\n<\/ul>\n\t\t\t\t<h5 itemprop=\"name description\">Formation des utilisateurs et adoption<\/h5>\n\t\t\t\t<ul>\n<li>Former les utilisateurs \u00e0 l&rsquo;utilisation des fonctionnalit\u00e9s<\/li>\n<li>Coaching sur <a href=\"\/fr\/blog\/technology-upgrades-for-window-and-door-manufacturers\/\">la gestion du changement\/les strat\u00e9gies d&rsquo;adoption des utilisateurs<\/a><\/li>\n<\/ul>\n\t\t\t\t<h5 itemprop=\"name description\">Test de cycle de vie<\/h5>\n\t\t\t\t<ul>\n<li>Test-gestion de projet<\/li>\n<li>Strat\u00e9gie de test du cycle de vie, ex\u00e9cution et rapports de d\u00e9fauts<\/li>\n<li>Test de r\u00e9gression des commandes en direct<\/li>\n<li>Cr\u00e9ation de cas de test et suivi des incidents<\/li>\n<\/ul>\n\t\t\t\t<h5 itemprop=\"name description\">Support de mise \u00e0 niveau<\/h5>\n\t\t\t\t<ul>\n<li>Assistance week-end\/nuit pendant les mises \u00e0 niveau de la production<\/li>\n<\/ul>\n\t\t\t\t<img decoding=\"async\" src=\"https:\/\/myparadigm.com\/wp-content\/plugins\/bb-plugin\/img\/pixel.png\" alt=\"\" itemprop=\"image\" onerror=\"this.style.display='none'\"  \/>\n\t\t<h2>\n\t\t\tSoutien \u00e0 la client\u00e8le\n\t\t<\/h2>\n\t\t\t<p>Paradigm\u00ae offre \u00e0 ses clients une assistance pratique 24 heures sur 24 et 7 jours sur 7. <\/p>\t\t\n\t\t\t\t\t\t\t\t<a href=\"https:\/\/myparadigm.com\/resources\/support\/\" target=\"_self\" itemprop=\"url\" rel=\"noopener\">\n\t\t\t\t\t\t\t\t\t<img loading=\"lazy\" decoding=\"async\" src=\"https:\/\/myparadigm.com\/wp-content\/uploads\/2023\/11\/Paradigm-Software-Support-Mobile-Header_1880x1066.png\" alt=\"Paradigm Software Support Mobile Header_1880x1066\" itemprop=\"image\" height=\"1066\" width=\"1880\" srcset=\"https:\/\/myparadigm.com\/wp-content\/uploads\/2023\/11\/Paradigm-Software-Support-Mobile-Header_1880x1066.png 1880w, https:\/\/myparadigm.com\/wp-content\/uploads\/2023\/11\/Paradigm-Software-Support-Mobile-Header_1880x1066-300x170.png 300w, https:\/\/myparadigm.com\/wp-content\/uploads\/2023\/11\/Paradigm-Software-Support-Mobile-Header_1880x1066-1024x581.png 1024w, https:\/\/myparadigm.com\/wp-content\/uploads\/2023\/11\/Paradigm-Software-Support-Mobile-Header_1880x1066-768x435.png 768w, https:\/\/myparadigm.com\/wp-content\/uploads\/2023\/11\/Paradigm-Software-Support-Mobile-Header_1880x1066-1536x871.png 1536w\" sizes=\"auto, (max-width: 1880px) 100vw, 1880px\" title=\"Paradigm Software Support Mobile Header_1880x1066\" onerror=\"this.style.display='none'\"  \/>\n\t\t\t\t\t\t\t\t\t\t\t\t\t<\/a>\n\t\t<h3>\n\t\t\tSupport logiciel\n\t\t<\/h3>\n\t\t\t<p>R\u00e9soudre les probl\u00e8mes li\u00e9s aux produits, obtenir de l&rsquo;aide pour la connexion, soumettre des demandes d&rsquo;assistance et poser des questions sur les logiciels Paradigm.<\/p>\t\t\n\t\t\t<a href=\"https:\/\/myparadigm.com\/fr\/?page_id=14288\" target=\"_self\" rel=\"noopener\">\n\t\t\t\t\t\t\tEn savoir plus\n\t\t\t\t\t<\/a>\n\t\t\t\t\t\t\t\t<a href=\"https:\/\/myparadigm.com\/resources\/paradigm-knowledge-base\/\" target=\"_self\" itemprop=\"url\" rel=\"noopener\">\n\t\t\t\t\t\t\t\t\t<img loading=\"lazy\" decoding=\"async\" src=\"https:\/\/myparadigm.com\/wp-content\/uploads\/2023\/11\/Paradigm-Product-Knowledge-Base-Mobile-Header_1880x1066.png\" alt=\"Paradigm Product Knowledge Base Mobile Header_1880x1066\" itemprop=\"image\" height=\"1066\" width=\"1880\" srcset=\"https:\/\/myparadigm.com\/wp-content\/uploads\/2023\/11\/Paradigm-Product-Knowledge-Base-Mobile-Header_1880x1066.png 1880w, https:\/\/myparadigm.com\/wp-content\/uploads\/2023\/11\/Paradigm-Product-Knowledge-Base-Mobile-Header_1880x1066-300x170.png 300w, https:\/\/myparadigm.com\/wp-content\/uploads\/2023\/11\/Paradigm-Product-Knowledge-Base-Mobile-Header_1880x1066-1024x581.png 1024w, https:\/\/myparadigm.com\/wp-content\/uploads\/2023\/11\/Paradigm-Product-Knowledge-Base-Mobile-Header_1880x1066-768x435.png 768w, https:\/\/myparadigm.com\/wp-content\/uploads\/2023\/11\/Paradigm-Product-Knowledge-Base-Mobile-Header_1880x1066-1536x871.png 1536w\" sizes=\"auto, (max-width: 1880px) 100vw, 1880px\" title=\"Paradigm Product Knowledge Base Mobile Header_1880x1066\" onerror=\"this.style.display='none'\"  \/>\n\t\t\t\t\t\t\t\t\t\t\t\t\t<\/a>\n\t\t<h3>\n\t\t\tBase de connaissances Paradigm\n\t\t<\/h3>\n\t\t\t<p>La base de connaissances Paradigm est votre point d&rsquo;acc\u00e8s \u00e0 la documentation sur les produits et \u00e0 d&rsquo;autres ressources utiles, y compris les guides d&rsquo;application, la formation et les notes de mise \u00e0 jour. . <\/p>\t\t\n\t\t\t<a href=\"\/fr\/resources\/paradigm-knowledge-base\/\" target=\"_self\" rel=\"noopener\">\n\t\t\t\t\t\t\tEn savoir plus\n\t\t\t\t\t<\/a>\n\n","protected":false},"excerpt":{"rendered":"<p>R\u00e9ussite Client Customer Success Menu Services Professionnels R\u00e9ussite Client D\u00e9couverte Impl\u00e9mentations de solutions Paradigm&rsquo;s L&rsquo;\u00e9quipe de consultants experts des services professionnels de Paradigm travaille c\u00f4te \u00e0 c\u00f4te avec votre \u00e9quipe pour d\u00e9finir et ex\u00e9cuter un plan de mise en \u0153uvre bas\u00e9 sur vos exigences afin de s&rsquo;assurer que vous disposez d&rsquo;une solution qui r\u00e9pond aux&hellip;<\/p>\n","protected":false},"author":7,"featured_media":0,"parent":15632,"menu_order":0,"comment_status":"closed","ping_status":"closed","template":"","meta":{"_acf_changed":false,"footnotes":""},"page_categories":[],"class_list":["post-14724","page","type-page","status-publish","hentry"],"acf":[],"yoast_head":"<!-- This site is optimized with the Yoast SEO Premium plugin v27.3 (Yoast SEO v27.3) - https:\/\/yoast.com\/product\/yoast-seo-premium-wordpress\/ -->\n<title>Services Professionnels - Paradigm Technology<\/title>\n<meta name=\"description\" content=\"Et notre \u00e9quipe vous guidera \u00e0 travers les \u00e9tapes d&#039;identification des exigences cl\u00e9s jusqu&#039;\u00e0 la r\u00e9alisation du flux de travail complet.\" \/>\n<meta name=\"robots\" content=\"index, follow, max-snippet:-1, max-image-preview:large, max-video-preview:-1\" \/>\n<link rel=\"canonical\" href=\"https:\/\/myparadigm.com\/fr\/resources\/customer-success\/professional-services\/\" \/>\n<meta property=\"og:locale\" content=\"fr_FR\" \/>\n<meta property=\"og:type\" content=\"article\" \/>\n<meta property=\"og:title\" content=\"Services Professionnels\" \/>\n<meta property=\"og:description\" content=\"Et notre \u00e9quipe vous guidera \u00e0 travers les \u00e9tapes d&#039;identification des exigences cl\u00e9s jusqu&#039;\u00e0 la r\u00e9alisation du flux de travail complet.\" \/>\n<meta property=\"og:url\" content=\"https:\/\/myparadigm.com\/fr\/resources\/customer-success\/professional-services\/\" \/>\n<meta property=\"og:site_name\" content=\"Paradigm Technology\" \/>\n<meta property=\"article:publisher\" content=\"https:\/\/www.facebook.com\/myParadigmTechnology\/\" \/>\n<meta property=\"article:modified_time\" content=\"2024-12-12T19:03:00+00:00\" \/>\n<meta property=\"og:image\" content=\"https:\/\/myparadigm.com\/wp-content\/plugins\/bb-plugin\/img\/pixel.png\" \/>\n<meta name=\"twitter:card\" content=\"summary_large_image\" \/>\n<meta name=\"twitter:label1\" content=\"Dur\u00e9e de lecture estim\u00e9e\" \/>\n\t<meta name=\"twitter:data1\" content=\"4 minutes\" \/>\n<script type=\"application\/ld+json\" class=\"yoast-schema-graph\">{\"@context\":\"https:\\\/\\\/schema.org\",\"@graph\":[{\"@type\":\"WebPage\",\"@id\":\"https:\\\/\\\/myparadigm.com\\\/fr\\\/resources\\\/customer-success\\\/professional-services\\\/\",\"url\":\"https:\\\/\\\/myparadigm.com\\\/fr\\\/resources\\\/customer-success\\\/professional-services\\\/\",\"name\":\"Services Professionnels - Paradigm Technology\",\"isPartOf\":{\"@id\":\"https:\\\/\\\/myparadigm.com\\\/#website\"},\"primaryImageOfPage\":{\"@id\":\"https:\\\/\\\/myparadigm.com\\\/fr\\\/resources\\\/customer-success\\\/professional-services\\\/#primaryimage\"},\"image\":{\"@id\":\"https:\\\/\\\/myparadigm.com\\\/fr\\\/resources\\\/customer-success\\\/professional-services\\\/#primaryimage\"},\"thumbnailUrl\":\"https:\\\/\\\/myparadigm.com\\\/wp-content\\\/plugins\\\/bb-plugin\\\/img\\\/pixel.png\",\"datePublished\":\"2023-08-02T02:49:55+00:00\",\"dateModified\":\"2024-12-12T19:03:00+00:00\",\"description\":\"Et notre \u00e9quipe vous guidera \u00e0 travers les \u00e9tapes d'identification des exigences cl\u00e9s jusqu'\u00e0 la r\u00e9alisation du flux de travail complet.\",\"breadcrumb\":{\"@id\":\"https:\\\/\\\/myparadigm.com\\\/fr\\\/resources\\\/customer-success\\\/professional-services\\\/#breadcrumb\"},\"inLanguage\":\"fr-FR\",\"potentialAction\":[{\"@type\":\"ReadAction\",\"target\":[\"https:\\\/\\\/myparadigm.com\\\/fr\\\/resources\\\/customer-success\\\/professional-services\\\/\"]}]},{\"@type\":\"ImageObject\",\"inLanguage\":\"fr-FR\",\"@id\":\"https:\\\/\\\/myparadigm.com\\\/fr\\\/resources\\\/customer-success\\\/professional-services\\\/#primaryimage\",\"url\":\"https:\\\/\\\/myparadigm.com\\\/wp-content\\\/plugins\\\/bb-plugin\\\/img\\\/pixel.png\",\"contentUrl\":\"https:\\\/\\\/myparadigm.com\\\/wp-content\\\/plugins\\\/bb-plugin\\\/img\\\/pixel.png\"},{\"@type\":\"BreadcrumbList\",\"@id\":\"https:\\\/\\\/myparadigm.com\\\/fr\\\/resources\\\/customer-success\\\/professional-services\\\/#breadcrumb\",\"itemListElement\":[{\"@type\":\"ListItem\",\"position\":1,\"name\":\"Home\",\"item\":\"https:\\\/\\\/myparadigm.com\\\/fr\\\/home\\\/\"},{\"@type\":\"ListItem\",\"position\":2,\"name\":\"Ressources\",\"item\":\"https:\\\/\\\/myparadigm.com\\\/?page_id=71\"},{\"@type\":\"ListItem\",\"position\":3,\"name\":\"Succ\u00e8s des clients\",\"item\":\"https:\\\/\\\/myparadigm.com\\\/?page_id=15631\"},{\"@type\":\"ListItem\",\"position\":4,\"name\":\"Services Professionnels\"}]},{\"@type\":\"WebSite\",\"@id\":\"https:\\\/\\\/myparadigm.com\\\/#website\",\"url\":\"https:\\\/\\\/myparadigm.com\\\/\",\"name\":\"Paradigm Technology\",\"description\":\"Software for the Building Industry\",\"publisher\":{\"@id\":\"https:\\\/\\\/myparadigm.com\\\/#organization\"},\"potentialAction\":[{\"@type\":\"SearchAction\",\"target\":{\"@type\":\"EntryPoint\",\"urlTemplate\":\"https:\\\/\\\/myparadigm.com\\\/?s={search_term_string}\"},\"query-input\":{\"@type\":\"PropertyValueSpecification\",\"valueRequired\":true,\"valueName\":\"search_term_string\"}}],\"inLanguage\":\"fr-FR\"},{\"@type\":\"Organization\",\"@id\":\"https:\\\/\\\/myparadigm.com\\\/#organization\",\"name\":\"Paradigm Technology\",\"url\":\"https:\\\/\\\/myparadigm.com\\\/\",\"logo\":{\"@type\":\"ImageObject\",\"inLanguage\":\"fr-FR\",\"@id\":\"https:\\\/\\\/myparadigm.com\\\/#\\\/schema\\\/logo\\\/image\\\/\",\"url\":\"https:\\\/\\\/myparadigm.com\\\/wp-content\\\/uploads\\\/2023\\\/12\\\/Paradigm_favicon_web_p.jpg\",\"contentUrl\":\"https:\\\/\\\/myparadigm.com\\\/wp-content\\\/uploads\\\/2023\\\/12\\\/Paradigm_favicon_web_p.jpg\",\"width\":512,\"height\":512,\"caption\":\"Paradigm Technology\"},\"image\":{\"@id\":\"https:\\\/\\\/myparadigm.com\\\/#\\\/schema\\\/logo\\\/image\\\/\"},\"sameAs\":[\"https:\\\/\\\/www.facebook.com\\\/myParadigmTechnology\\\/\",\"https:\\\/\\\/www.linkedin.com\\\/company\\\/myParadigmTechnology\\\/\",\"https:\\\/\\\/www.youtube.com\\\/channel\\\/UC8khFPtIe_j0A7K0zLL5VBA\"]}]}<\/script>\n<!-- \/ Yoast SEO Premium plugin. -->","yoast_head_json":{"title":"Services Professionnels - Paradigm Technology","description":"Et notre \u00e9quipe vous guidera \u00e0 travers les \u00e9tapes d'identification des exigences cl\u00e9s jusqu'\u00e0 la r\u00e9alisation du flux de travail complet.","robots":{"index":"index","follow":"follow","max-snippet":"max-snippet:-1","max-image-preview":"max-image-preview:large","max-video-preview":"max-video-preview:-1"},"canonical":"https:\/\/myparadigm.com\/fr\/resources\/customer-success\/professional-services\/","og_locale":"fr_FR","og_type":"article","og_title":"Services Professionnels","og_description":"Et notre \u00e9quipe vous guidera \u00e0 travers les \u00e9tapes d'identification des exigences cl\u00e9s jusqu'\u00e0 la r\u00e9alisation du flux de travail complet.","og_url":"https:\/\/myparadigm.com\/fr\/resources\/customer-success\/professional-services\/","og_site_name":"Paradigm Technology","article_publisher":"https:\/\/www.facebook.com\/myParadigmTechnology\/","article_modified_time":"2024-12-12T19:03:00+00:00","og_image":[{"url":"https:\/\/myparadigm.com\/wp-content\/plugins\/bb-plugin\/img\/pixel.png","type":"","width":"","height":""}],"twitter_card":"summary_large_image","twitter_misc":{"Dur\u00e9e de lecture estim\u00e9e":"4 minutes"},"schema":{"@context":"https:\/\/schema.org","@graph":[{"@type":"WebPage","@id":"https:\/\/myparadigm.com\/fr\/resources\/customer-success\/professional-services\/","url":"https:\/\/myparadigm.com\/fr\/resources\/customer-success\/professional-services\/","name":"Services Professionnels - Paradigm Technology","isPartOf":{"@id":"https:\/\/myparadigm.com\/#website"},"primaryImageOfPage":{"@id":"https:\/\/myparadigm.com\/fr\/resources\/customer-success\/professional-services\/#primaryimage"},"image":{"@id":"https:\/\/myparadigm.com\/fr\/resources\/customer-success\/professional-services\/#primaryimage"},"thumbnailUrl":"https:\/\/myparadigm.com\/wp-content\/plugins\/bb-plugin\/img\/pixel.png","datePublished":"2023-08-02T02:49:55+00:00","dateModified":"2024-12-12T19:03:00+00:00","description":"Et notre \u00e9quipe vous guidera \u00e0 travers les \u00e9tapes d'identification des exigences cl\u00e9s jusqu'\u00e0 la r\u00e9alisation du flux de travail complet.","breadcrumb":{"@id":"https:\/\/myparadigm.com\/fr\/resources\/customer-success\/professional-services\/#breadcrumb"},"inLanguage":"fr-FR","potentialAction":[{"@type":"ReadAction","target":["https:\/\/myparadigm.com\/fr\/resources\/customer-success\/professional-services\/"]}]},{"@type":"ImageObject","inLanguage":"fr-FR","@id":"https:\/\/myparadigm.com\/fr\/resources\/customer-success\/professional-services\/#primaryimage","url":"https:\/\/myparadigm.com\/wp-content\/plugins\/bb-plugin\/img\/pixel.png","contentUrl":"https:\/\/myparadigm.com\/wp-content\/plugins\/bb-plugin\/img\/pixel.png"},{"@type":"BreadcrumbList","@id":"https:\/\/myparadigm.com\/fr\/resources\/customer-success\/professional-services\/#breadcrumb","itemListElement":[{"@type":"ListItem","position":1,"name":"Home","item":"https:\/\/myparadigm.com\/fr\/home\/"},{"@type":"ListItem","position":2,"name":"Ressources","item":"https:\/\/myparadigm.com\/?page_id=71"},{"@type":"ListItem","position":3,"name":"Succ\u00e8s des clients","item":"https:\/\/myparadigm.com\/?page_id=15631"},{"@type":"ListItem","position":4,"name":"Services Professionnels"}]},{"@type":"WebSite","@id":"https:\/\/myparadigm.com\/#website","url":"https:\/\/myparadigm.com\/","name":"Paradigm Technology","description":"Software for the Building Industry","publisher":{"@id":"https:\/\/myparadigm.com\/#organization"},"potentialAction":[{"@type":"SearchAction","target":{"@type":"EntryPoint","urlTemplate":"https:\/\/myparadigm.com\/?s={search_term_string}"},"query-input":{"@type":"PropertyValueSpecification","valueRequired":true,"valueName":"search_term_string"}}],"inLanguage":"fr-FR"},{"@type":"Organization","@id":"https:\/\/myparadigm.com\/#organization","name":"Paradigm Technology","url":"https:\/\/myparadigm.com\/","logo":{"@type":"ImageObject","inLanguage":"fr-FR","@id":"https:\/\/myparadigm.com\/#\/schema\/logo\/image\/","url":"https:\/\/myparadigm.com\/wp-content\/uploads\/2023\/12\/Paradigm_favicon_web_p.jpg","contentUrl":"https:\/\/myparadigm.com\/wp-content\/uploads\/2023\/12\/Paradigm_favicon_web_p.jpg","width":512,"height":512,"caption":"Paradigm Technology"},"image":{"@id":"https:\/\/myparadigm.com\/#\/schema\/logo\/image\/"},"sameAs":["https:\/\/www.facebook.com\/myParadigmTechnology\/","https:\/\/www.linkedin.com\/company\/myParadigmTechnology\/","https:\/\/www.youtube.com\/channel\/UC8khFPtIe_j0A7K0zLL5VBA"]}]}},"_links":{"self":[{"href":"https:\/\/myparadigm.com\/fr\/wp-json\/wp\/v2\/pages\/14724","targetHints":{"allow":["GET"]}}],"collection":[{"href":"https:\/\/myparadigm.com\/fr\/wp-json\/wp\/v2\/pages"}],"about":[{"href":"https:\/\/myparadigm.com\/fr\/wp-json\/wp\/v2\/types\/page"}],"author":[{"embeddable":true,"href":"https:\/\/myparadigm.com\/fr\/wp-json\/wp\/v2\/users\/7"}],"replies":[{"embeddable":true,"href":"https:\/\/myparadigm.com\/fr\/wp-json\/wp\/v2\/comments?post=14724"}],"version-history":[{"count":0,"href":"https:\/\/myparadigm.com\/fr\/wp-json\/wp\/v2\/pages\/14724\/revisions"}],"up":[{"embeddable":true,"href":"https:\/\/myparadigm.com\/fr\/wp-json\/wp\/v2\/pages\/15632"}],"wp:attachment":[{"href":"https:\/\/myparadigm.com\/fr\/wp-json\/wp\/v2\/media?parent=14724"}],"wp:term":[{"taxonomy":"page_categories","embeddable":true,"href":"https:\/\/myparadigm.com\/fr\/wp-json\/wp\/v2\/page_categories?post=14724"}],"curies":[{"name":"wp","href":"https:\/\/api.w.org\/{rel}","templated":true}]}}