{"id":14293,"date":"2023-03-15T18:16:23","date_gmt":"2023-03-15T18:16:23","guid":{"rendered":"https:\/\/wtspstaging.wpengine.com\/services\/paradigm-omni\/sauvegarde-du-paradigme\/"},"modified":"2024-12-03T22:13:51","modified_gmt":"2024-12-03T22:13:51","slug":"paradigm-safeguard","status":"publish","type":"page","link":"https:\/\/myparadigm.com\/fr\/solutions\/paradigm-omni\/paradigm-safeguard\/","title":{"rendered":"Paradigm Safeguard"},"content":{"rendered":"\n\n\t\t\t\t\t\t\t\t\t<img loading=\"lazy\" decoding=\"async\" src=\"https:\/\/myparadigm.com\/wp-content\/uploads\/2024\/03\/Paradigm-Safeguard_White-1.png\" alt=\"Paradigm Safeguard_White\" itemprop=\"image\" height=\"386\" width=\"1729\" srcset=\"https:\/\/myparadigm.com\/wp-content\/uploads\/2024\/03\/Paradigm-Safeguard_White-1.png 1729w, https:\/\/myparadigm.com\/wp-content\/uploads\/2024\/03\/Paradigm-Safeguard_White-1-300x67.png 300w, https:\/\/myparadigm.com\/wp-content\/uploads\/2024\/03\/Paradigm-Safeguard_White-1-1024x229.png 1024w, https:\/\/myparadigm.com\/wp-content\/uploads\/2024\/03\/Paradigm-Safeguard_White-1-768x171.png 768w, https:\/\/myparadigm.com\/wp-content\/uploads\/2024\/03\/Paradigm-Safeguard_White-1-1536x343.png 1536w\" sizes=\"auto, (max-width: 1729px) 100vw, 1729px\" title=\"Paradigm Safeguard_White\" onerror=\"this.style.display='none'\"  \/>\n\t\t<h1>\n\t\t\tTests logiciels automatis\u00e9s\n\t\t<\/h1>\n\t\t\t<p><strong>Paradigm Safeguard<\/strong>\u2122 est une solution de test automatis\u00e9e qui vous aide \u00e0 g\u00e9rer la qualit\u00e9 et l&rsquo;int\u00e9grit\u00e9 de votre catalogue de produits, vous donnant le temps de r\u00e9soudre les probl\u00e8mes avant qu&rsquo;ils n&rsquo;affectent vos r\u00e9sultats.<\/p>\t\t\nParadigm Omni Menu\t\t\t\n\t\t\t\t\t<ul id=\"menu-paradigm-omni-french\"><li id=\"menu-item-16338\"><a href=\"https:\/\/myparadigm.com\/fr\/solutions\/paradigm-omni\/\">Paradigm Omni<\/a><\/li>\n<li id=\"menu-item-16339\"><a href=\"https:\/\/myparadigm.com\/fr\/solutions\/paradigm-omni\/paradigm-safeguard\/\">Paradigm Safeguard<\/a><\/li>\n<li id=\"menu-item-16340\"><a href=\"https:\/\/myparadigm.com\/fr\/solutions\/paradigm-omni\/paradigm-view\/\">Paradigm View<\/a><\/li>\n<li id=\"menu-item-16341\"><a href=\"https:\/\/myparadigm.com\/fr\/solutions\/paradigm-omni\/paradigm-insights\/\">Paradigm Insights<\/a><\/li>\n<\/ul>\t\n\t\t\tParadigm Safeguard\u2122\n\t\t<h2>\n\t\t\tDes millions de configurations analys\u00e9es au rythme de votre entreprise.\n\t\t<\/h2>\n\t\t\t<p>En tant que fabricant de produits hautement configurables, vous comprenez \u00e0 quel point les modifications de catalogue peuvent \u00eatre complexes et l&rsquo;impact n\u00e9gatif que les erreurs peuvent avoir sur votre entreprise. Paradigm Safeguard fournit trois types de rapports diff\u00e9rents pour vous aider \u00e0 trouver et \u00e0 corriger les erreurs sans ralentir les versions de votre catalogue:  <\/p>\t\t\n\t\t<h3>\n\t\t\tTest de regression a grande echelle\n\t\t<\/h3>\n\t\t\t<p>Comparez deux versions diff\u00e9rentes du m\u00eame catalogue et identifiez une liste compl\u00e8te des modifications, y compris les questions et r\u00e9ponses sur les produits, la tarification au niveau des options et les modifications de la nomenclature (BOM).Imaginez un sc\u00e9nario dans lequel les modifications de catalogue permettent la configuration d&rsquo;un produit qui ne peut pas r\u00e9ellement \u00eatre produit. <\/p>\t\t\n\t\t\t\t<h5 itemprop=\"name description\">Sans Safeguard<\/h5>\n\t\t\t\tL&rsquo;erreur est mise en production et les concessionnaires commencent \u00e0 \u00e9tablir des tarifs. Ce n&rsquo;est que lorsqu&rsquo;une commande parvient \u00e0 votre syst\u00e8me ERP que l&rsquo;erreur est d\u00e9tect\u00e9e. Un temps pr\u00e9cieux est perdu, la r\u00e9putation est ternie et il est possible que le propri\u00e9taire annule simplement la commande.\n\t\t\t\t<h5 itemprop=\"name description\">Avec Safeguard<\/h5>\n\t\t\t\tNotre test de r\u00e9gression \u00e0 grande \u00e9chelle identifie l&rsquo;erreur afin que vous la corrigiez avant qu&rsquo;elle ne soit mise en production.\n\t\t<h3>\n\t\t\tTests de regression des prix detailles\n\t\t<\/h3>\n\t\t\t<p>Comparez les prix au niveau de la ligne du d\u00e9tail entre deux catalogues, ou entre deux catalogues de prix dans le m\u00eame catalogue. Envisagez un sc\u00e9nario impliquant une erreur de d\u00e9cimale, r\u00e9sultant en une configuration qui est maintenant dix fois plus ch\u00e8re qu&rsquo;elle ne devrait l&rsquo;\u00eatre. <\/p>\n<p>&nbsp;<\/p>\n\t\t\t\t<h5 itemprop=\"name description\">Sans Safeguard<\/h5>\n\t\t\t\t<p>Dans le meilleur des cas, il s&rsquo;agit d&rsquo;une configuration populaire et l&rsquo;un de vos revendeurs vous en informe imm\u00e9diatement. Toutefois, pour une configuration moins populaire, il est probable qu&rsquo;elle ne soit pas signal\u00e9e pendant longtemps, ce qui entra\u00eenerait une perte d&rsquo;opportunit\u00e9s de vente. <\/p>\n\t\t\t\t<h5 itemprop=\"name description\">Avec Safeguard<\/h5>\n\t\t\t\t<p>Nos tests de version identifient clairement les modifications du catalogue, afin que vous puissiez corriger les erreurs avant que la modification de prix ne soit publi\u00e9e en production.<\/p>\n\t\t<h3>\n\t\t\tTest de regression de la qualite du catalogue\n\t\t<\/h3>\n\t\t\t<p>Ces informations vous aident \u00e0 configurer les bons param\u00e8tres par d\u00e9faut pour optimiser les performances du catalogue et, en fin de compte, am\u00e9liorer la satisfaction des utilisateurs. Envisagez un sc\u00e9nario o\u00f9 certains produits de votre catalogue sont particuli\u00e8rement longs \u00e0 configurer. <\/p>\t\t\n\t\t\t\t<h5 itemprop=\"name description\">Sans Safeguard<\/h5>\n\t\t\t\t\u00c0 moins que quelqu&rsquo;un ne fasse l&rsquo;effort de vous avertir, les mauvaises performances resteront probablement sans solution, ce qui aura un impact n\u00e9gatif sur la satisfaction des utilisateurs.\n\t\t\t\t<h5 itemprop=\"name description\">Avec Safeguard<\/h5>\n\t\t\t\t<p>Notre test de qualit\u00e9 de catalogue identifie clairement les produits aux performances probl\u00e9matiques et les opportunit\u00e9s d&rsquo;optimisation.<\/p>\n\t\t<h2>\n\t\t\tAm\u00e9liorations significatives de votre entreprise\n\t\t<\/h2>\n\t\t<h4>Suivi des modifications<\/h4>\n\t\t\t<p><a href=\"https:\/\/myparadigm.com\/automated-regression-testing-made-fast-and-easy-with-paradigm-safeguard-for-paradigm-omni-quoting-software\/\">L&rsquo;acc\u00e8s en libre-service<\/a> aux rapports de r\u00e9gression fournit des r\u00e9sultats qui identifient clairement les modifications \u00e0 examiner.<\/p>\t\t\n\t\t<h4>D\u00e9terminer l&rsquo;impact<\/h4>\n\t\t\t<p>Consolidez des milliers d&rsquo;erreurs de catalogue potentielles en une seule cause fondamentale et \u00e9valuez l&rsquo;impact sur le march\u00e9.<\/p>\t\t\n\t\t<h4>\u00c9liminer les erreurs<\/h4>\n\t\t\t<p>Am\u00e9liorez la satisfaction des revendeurs et des consommateurs en leur fournissant des <a href=\"https:\/\/myparadigm.com\/?p=8355\">catalogues de produits<\/a> pr\u00e9cis.<\/p>\t\t\n\t\t<h2>\n\t\t\tLa pr\u00e9vention des erreurs est bonne pour les affaires\n\t\t<\/h2>\n\t\t\t<p>Paradigm Safeguard facilite la maintenance d&rsquo;un catalogue sans erreur pour toutes les personnes impliqu\u00e9es, sauvant du temps, de l&rsquo;argent et la r\u00e9putation de votre entreprise.<\/p>\t\t\n\t\t<h5>Professionnels De La Vente Et Du Marketing<\/h5>\n\t\t\t<p>\u00c9vitez les opportunit\u00e9s de vente perdues r\u00e9sultant d&rsquo;erreurs de catalogue. Paradigm Safeguard vous aide \u00e0 offrir les bonnes options, aux bons prix, \u00e0 chaque fois. <\/p>\t\t\n\t\t<h5>Professionnels de l&rsquo;informatique<\/h5>\n\t\t\t<p>Nous comprenons que la gestion de la pr\u00e9cision du catalogue incombe souvent \u00e0 l&rsquo;\u00e9quipe informatique. <\/p>\t\t\n\t\t<h5>Professionnels De La Fabrication<\/h5>\n\t\t\t<p>Paradigm Safeguard d\u00e9tecte les erreurs de sortie de nomenclature (BOM) dans votre catalogue avant qu&rsquo;elles ne soient mises en production, vous aidant ainsi \u00e0 \u00e9viter la confusion et le gaspillage.<\/p>\t\t\n\t\t\tFeatures\n\t\t<h2>\n\t\t\tTest de catalogue pratique\n\t\t<\/h2>\n\t\t\t<p>Un abonnement Paradigm Safeguard contient tout ce dont vous avez besoin pour trouver et r\u00e9soudre les erreurs, optimiser les performances du catalogue et cr\u00e9er une exp\u00e9rience positive pour vos revendeurs et utilisateurs finaux.<\/p>\t\t\n\t\t\t\t<h5 itemprop=\"name description\">Test De Regression A Grande Echelle<\/h5>\n\t\t\t\t<p><strong>Analyse de r\u00e9f\u00e9rence<\/strong><br \/>V\u00e9rifie les produits sous ou sur\u00e9valu\u00e9s<br \/>D\u00e9tecte les produits discontinu\u00e9s<br \/>Exceptions PK\/.NET<\/p>\n<p><strong>Analyse des questions et r\u00e9ponses<\/strong><br \/>R\u00e9ponses ajout\u00e9es, modifi\u00e9es ou supprim\u00e9es<br \/>Questions ajout\u00e9es ou supprim\u00e9es<br \/>Questions verrouill\u00e9es ou d\u00e9verrouill\u00e9es<\/p>\n<p><strong>Changements de prix<\/strong><\/p>\n<p><strong>Limitations de configuration<\/strong><br \/>Limitations ajout\u00e9es, modifi\u00e9es ou supprim\u00e9es<\/p>\n<p><strong>Comparaison des nomenclatures (BOM)<\/strong><br \/>Ligne article, pi\u00e8ce d&rsquo;assemblage, instruction, propri\u00e9t\u00e9 d&rsquo;instruction, fen\u00eatre<\/p>\n\t\t\t\t<h5 itemprop=\"name description\">Test Et Analyse Des Versions Du Catalogue<\/h5>\n\t\t\t\t<p>R\u00e9sultats fournis au niveau de la ligne et affichage du prix catalogue (liste)<\/p>\n<p>Calcul de la variation globale en pourcentage du prix (%)<\/p>\n<p>Calcul du nombre de lignes qui ont augment\u00e9, diminu\u00e9, n&rsquo;ont pas chang\u00e9 ou avaient un prix irr\u00e9aliste<\/p>\n\t\t\t\t<h5 itemprop=\"name description\">Catalog Quality Testing<\/h5>\n\t\t\t\t<p><strong>Recr\u00e9ez des devis et des commandes pass\u00e9es pour enregistrer la vitesse:<\/strong><br \/>Traitement des r\u00e9ponses pour chaque question<br \/>Chargement du configurateur<br \/>Terminer et quitter le traitement<\/p>\n<p><strong>Nombre de questions<\/strong><\/p>\n<p><strong>Analyse des temps par rapport aux valeurs de base de Paradigm<\/strong><\/p>\n<p><strong>Analyse des r\u00e9ponses pour montrer celles qui sont choisies plus de 90% du temps<\/strong><\/p>\n\n","protected":false},"excerpt":{"rendered":"<p>Tests logiciels automatis\u00e9s Paradigm Safeguard\u2122 est une solution de test automatis\u00e9e qui vous aide \u00e0 g\u00e9rer la qualit\u00e9 et l&rsquo;int\u00e9grit\u00e9 de votre catalogue de produits, vous donnant le temps de r\u00e9soudre les probl\u00e8mes avant qu&rsquo;ils n&rsquo;affectent vos r\u00e9sultats. Paradigm Omni Menu Paradigm Omni Paradigm Safeguard Paradigm View Paradigm Insights Paradigm Safeguard\u2122 Des millions de configurations&hellip;<\/p>\n","protected":false},"author":7,"featured_media":15982,"parent":14285,"menu_order":36,"comment_status":"closed","ping_status":"closed","template":"","meta":{"_acf_changed":false,"footnotes":""},"page_categories":[],"class_list":["post-14293","page","type-page","status-publish","has-post-thumbnail","hentry"],"acf":[],"yoast_head":"<!-- This site is optimized with the Yoast SEO Premium plugin v27.3 (Yoast SEO v27.3) - https:\/\/yoast.com\/product\/yoast-seo-premium-wordpress\/ -->\n<title>Paradigm Safeguard - Paradigm Technology<\/title>\n<meta name=\"description\" content=\"En tant que fabricant de produits hautement configurables, vous comprenez \u00e0 quel point les modifications de catalogue peuvent \u00eatre complexes\" \/>\n<meta name=\"robots\" content=\"index, follow, max-snippet:-1, max-image-preview:large, max-video-preview:-1\" \/>\n<link rel=\"canonical\" href=\"https:\/\/myparadigm.com\/fr\/solutions\/paradigm-omni\/paradigm-safeguard\/\" \/>\n<meta property=\"og:locale\" content=\"fr_FR\" \/>\n<meta property=\"og:type\" content=\"article\" \/>\n<meta property=\"og:title\" content=\"Paradigm Safeguard\" \/>\n<meta property=\"og:description\" content=\"En tant que fabricant de produits hautement configurables, vous comprenez \u00e0 quel point les modifications de catalogue peuvent \u00eatre complexes\" \/>\n<meta property=\"og:url\" content=\"https:\/\/myparadigm.com\/fr\/solutions\/paradigm-omni\/paradigm-safeguard\/\" \/>\n<meta property=\"og:site_name\" content=\"Paradigm Technology\" \/>\n<meta property=\"article:publisher\" content=\"https:\/\/www.facebook.com\/myParadigmTechnology\/\" \/>\n<meta property=\"article:modified_time\" content=\"2024-12-03T22:13:51+00:00\" \/>\n<meta property=\"og:image\" content=\"https:\/\/myparadigm.com\/wp-content\/uploads\/2023\/11\/icon_safeguard.png\" \/>\n\t<meta property=\"og:image:width\" content=\"783\" \/>\n\t<meta property=\"og:image:height\" content=\"783\" \/>\n\t<meta property=\"og:image:type\" content=\"image\/png\" \/>\n<meta name=\"twitter:card\" content=\"summary_large_image\" \/>\n<meta name=\"twitter:label1\" content=\"Dur\u00e9e de lecture estim\u00e9e\" \/>\n\t<meta name=\"twitter:data1\" content=\"4 minutes\" \/>\n<script type=\"application\/ld+json\" class=\"yoast-schema-graph\">{\"@context\":\"https:\\\/\\\/schema.org\",\"@graph\":[{\"@type\":\"WebPage\",\"@id\":\"https:\\\/\\\/myparadigm.com\\\/fr\\\/solutions\\\/paradigm-omni\\\/paradigm-safeguard\\\/\",\"url\":\"https:\\\/\\\/myparadigm.com\\\/fr\\\/solutions\\\/paradigm-omni\\\/paradigm-safeguard\\\/\",\"name\":\"Paradigm Safeguard - Paradigm Technology\",\"isPartOf\":{\"@id\":\"https:\\\/\\\/myparadigm.com\\\/#website\"},\"primaryImageOfPage\":{\"@id\":\"https:\\\/\\\/myparadigm.com\\\/fr\\\/solutions\\\/paradigm-omni\\\/paradigm-safeguard\\\/#primaryimage\"},\"image\":{\"@id\":\"https:\\\/\\\/myparadigm.com\\\/fr\\\/solutions\\\/paradigm-omni\\\/paradigm-safeguard\\\/#primaryimage\"},\"thumbnailUrl\":\"https:\\\/\\\/myparadigm.com\\\/wp-content\\\/uploads\\\/2023\\\/11\\\/icon_safeguard.png\",\"datePublished\":\"2023-03-15T18:16:23+00:00\",\"dateModified\":\"2024-12-03T22:13:51+00:00\",\"description\":\"En tant que fabricant de produits hautement configurables, vous comprenez \u00e0 quel point les modifications de catalogue peuvent \u00eatre complexes\",\"breadcrumb\":{\"@id\":\"https:\\\/\\\/myparadigm.com\\\/fr\\\/solutions\\\/paradigm-omni\\\/paradigm-safeguard\\\/#breadcrumb\"},\"inLanguage\":\"fr-FR\",\"potentialAction\":[{\"@type\":\"ReadAction\",\"target\":[\"https:\\\/\\\/myparadigm.com\\\/fr\\\/solutions\\\/paradigm-omni\\\/paradigm-safeguard\\\/\"]}]},{\"@type\":\"ImageObject\",\"inLanguage\":\"fr-FR\",\"@id\":\"https:\\\/\\\/myparadigm.com\\\/fr\\\/solutions\\\/paradigm-omni\\\/paradigm-safeguard\\\/#primaryimage\",\"url\":\"https:\\\/\\\/myparadigm.com\\\/wp-content\\\/uploads\\\/2023\\\/11\\\/icon_safeguard.png\",\"contentUrl\":\"https:\\\/\\\/myparadigm.com\\\/wp-content\\\/uploads\\\/2023\\\/11\\\/icon_safeguard.png\",\"width\":783,\"height\":783,\"caption\":\"Safeguard Icon\"},{\"@type\":\"BreadcrumbList\",\"@id\":\"https:\\\/\\\/myparadigm.com\\\/fr\\\/solutions\\\/paradigm-omni\\\/paradigm-safeguard\\\/#breadcrumb\",\"itemListElement\":[{\"@type\":\"ListItem\",\"position\":1,\"name\":\"Home\",\"item\":\"https:\\\/\\\/myparadigm.com\\\/fr\\\/home\\\/\"},{\"@type\":\"ListItem\",\"position\":2,\"name\":\"Solutions\",\"item\":\"https:\\\/\\\/myparadigm.com\\\/software\\\/\"},{\"@type\":\"ListItem\",\"position\":3,\"name\":\"Paradigm Omni\",\"item\":\"https:\\\/\\\/myparadigm.com\\\/fr\\\/solutions\\\/paradigm-omni\\\/\"},{\"@type\":\"ListItem\",\"position\":4,\"name\":\"Paradigm Safeguard\"}]},{\"@type\":\"WebSite\",\"@id\":\"https:\\\/\\\/myparadigm.com\\\/#website\",\"url\":\"https:\\\/\\\/myparadigm.com\\\/\",\"name\":\"Paradigm Technology\",\"description\":\"Software for the Building Industry\",\"publisher\":{\"@id\":\"https:\\\/\\\/myparadigm.com\\\/#organization\"},\"potentialAction\":[{\"@type\":\"SearchAction\",\"target\":{\"@type\":\"EntryPoint\",\"urlTemplate\":\"https:\\\/\\\/myparadigm.com\\\/?s={search_term_string}\"},\"query-input\":{\"@type\":\"PropertyValueSpecification\",\"valueRequired\":true,\"valueName\":\"search_term_string\"}}],\"inLanguage\":\"fr-FR\"},{\"@type\":\"Organization\",\"@id\":\"https:\\\/\\\/myparadigm.com\\\/#organization\",\"name\":\"Paradigm Technology\",\"url\":\"https:\\\/\\\/myparadigm.com\\\/\",\"logo\":{\"@type\":\"ImageObject\",\"inLanguage\":\"fr-FR\",\"@id\":\"https:\\\/\\\/myparadigm.com\\\/#\\\/schema\\\/logo\\\/image\\\/\",\"url\":\"https:\\\/\\\/myparadigm.com\\\/wp-content\\\/uploads\\\/2023\\\/12\\\/Paradigm_favicon_web_p.jpg\",\"contentUrl\":\"https:\\\/\\\/myparadigm.com\\\/wp-content\\\/uploads\\\/2023\\\/12\\\/Paradigm_favicon_web_p.jpg\",\"width\":512,\"height\":512,\"caption\":\"Paradigm Technology\"},\"image\":{\"@id\":\"https:\\\/\\\/myparadigm.com\\\/#\\\/schema\\\/logo\\\/image\\\/\"},\"sameAs\":[\"https:\\\/\\\/www.facebook.com\\\/myParadigmTechnology\\\/\",\"https:\\\/\\\/www.linkedin.com\\\/company\\\/myParadigmTechnology\\\/\",\"https:\\\/\\\/www.youtube.com\\\/channel\\\/UC8khFPtIe_j0A7K0zLL5VBA\"]}]}<\/script>\n<!-- \/ Yoast SEO Premium plugin. -->","yoast_head_json":{"title":"Paradigm Safeguard - Paradigm Technology","description":"En tant que fabricant de produits hautement configurables, vous comprenez \u00e0 quel point les modifications de catalogue peuvent \u00eatre complexes","robots":{"index":"index","follow":"follow","max-snippet":"max-snippet:-1","max-image-preview":"max-image-preview:large","max-video-preview":"max-video-preview:-1"},"canonical":"https:\/\/myparadigm.com\/fr\/solutions\/paradigm-omni\/paradigm-safeguard\/","og_locale":"fr_FR","og_type":"article","og_title":"Paradigm Safeguard","og_description":"En tant que fabricant de produits hautement configurables, vous comprenez \u00e0 quel point les modifications de catalogue peuvent \u00eatre complexes","og_url":"https:\/\/myparadigm.com\/fr\/solutions\/paradigm-omni\/paradigm-safeguard\/","og_site_name":"Paradigm Technology","article_publisher":"https:\/\/www.facebook.com\/myParadigmTechnology\/","article_modified_time":"2024-12-03T22:13:51+00:00","og_image":[{"width":783,"height":783,"url":"https:\/\/myparadigm.com\/wp-content\/uploads\/2023\/11\/icon_safeguard.png","type":"image\/png"}],"twitter_card":"summary_large_image","twitter_misc":{"Dur\u00e9e de lecture estim\u00e9e":"4 minutes"},"schema":{"@context":"https:\/\/schema.org","@graph":[{"@type":"WebPage","@id":"https:\/\/myparadigm.com\/fr\/solutions\/paradigm-omni\/paradigm-safeguard\/","url":"https:\/\/myparadigm.com\/fr\/solutions\/paradigm-omni\/paradigm-safeguard\/","name":"Paradigm Safeguard - Paradigm Technology","isPartOf":{"@id":"https:\/\/myparadigm.com\/#website"},"primaryImageOfPage":{"@id":"https:\/\/myparadigm.com\/fr\/solutions\/paradigm-omni\/paradigm-safeguard\/#primaryimage"},"image":{"@id":"https:\/\/myparadigm.com\/fr\/solutions\/paradigm-omni\/paradigm-safeguard\/#primaryimage"},"thumbnailUrl":"https:\/\/myparadigm.com\/wp-content\/uploads\/2023\/11\/icon_safeguard.png","datePublished":"2023-03-15T18:16:23+00:00","dateModified":"2024-12-03T22:13:51+00:00","description":"En tant que fabricant de produits hautement configurables, vous comprenez \u00e0 quel point les modifications de catalogue peuvent \u00eatre complexes","breadcrumb":{"@id":"https:\/\/myparadigm.com\/fr\/solutions\/paradigm-omni\/paradigm-safeguard\/#breadcrumb"},"inLanguage":"fr-FR","potentialAction":[{"@type":"ReadAction","target":["https:\/\/myparadigm.com\/fr\/solutions\/paradigm-omni\/paradigm-safeguard\/"]}]},{"@type":"ImageObject","inLanguage":"fr-FR","@id":"https:\/\/myparadigm.com\/fr\/solutions\/paradigm-omni\/paradigm-safeguard\/#primaryimage","url":"https:\/\/myparadigm.com\/wp-content\/uploads\/2023\/11\/icon_safeguard.png","contentUrl":"https:\/\/myparadigm.com\/wp-content\/uploads\/2023\/11\/icon_safeguard.png","width":783,"height":783,"caption":"Safeguard Icon"},{"@type":"BreadcrumbList","@id":"https:\/\/myparadigm.com\/fr\/solutions\/paradigm-omni\/paradigm-safeguard\/#breadcrumb","itemListElement":[{"@type":"ListItem","position":1,"name":"Home","item":"https:\/\/myparadigm.com\/fr\/home\/"},{"@type":"ListItem","position":2,"name":"Solutions","item":"https:\/\/myparadigm.com\/software\/"},{"@type":"ListItem","position":3,"name":"Paradigm Omni","item":"https:\/\/myparadigm.com\/fr\/solutions\/paradigm-omni\/"},{"@type":"ListItem","position":4,"name":"Paradigm Safeguard"}]},{"@type":"WebSite","@id":"https:\/\/myparadigm.com\/#website","url":"https:\/\/myparadigm.com\/","name":"Paradigm Technology","description":"Software for the Building Industry","publisher":{"@id":"https:\/\/myparadigm.com\/#organization"},"potentialAction":[{"@type":"SearchAction","target":{"@type":"EntryPoint","urlTemplate":"https:\/\/myparadigm.com\/?s={search_term_string}"},"query-input":{"@type":"PropertyValueSpecification","valueRequired":true,"valueName":"search_term_string"}}],"inLanguage":"fr-FR"},{"@type":"Organization","@id":"https:\/\/myparadigm.com\/#organization","name":"Paradigm Technology","url":"https:\/\/myparadigm.com\/","logo":{"@type":"ImageObject","inLanguage":"fr-FR","@id":"https:\/\/myparadigm.com\/#\/schema\/logo\/image\/","url":"https:\/\/myparadigm.com\/wp-content\/uploads\/2023\/12\/Paradigm_favicon_web_p.jpg","contentUrl":"https:\/\/myparadigm.com\/wp-content\/uploads\/2023\/12\/Paradigm_favicon_web_p.jpg","width":512,"height":512,"caption":"Paradigm Technology"},"image":{"@id":"https:\/\/myparadigm.com\/#\/schema\/logo\/image\/"},"sameAs":["https:\/\/www.facebook.com\/myParadigmTechnology\/","https:\/\/www.linkedin.com\/company\/myParadigmTechnology\/","https:\/\/www.youtube.com\/channel\/UC8khFPtIe_j0A7K0zLL5VBA"]}]}},"_links":{"self":[{"href":"https:\/\/myparadigm.com\/fr\/wp-json\/wp\/v2\/pages\/14293","targetHints":{"allow":["GET"]}}],"collection":[{"href":"https:\/\/myparadigm.com\/fr\/wp-json\/wp\/v2\/pages"}],"about":[{"href":"https:\/\/myparadigm.com\/fr\/wp-json\/wp\/v2\/types\/page"}],"author":[{"embeddable":true,"href":"https:\/\/myparadigm.com\/fr\/wp-json\/wp\/v2\/users\/7"}],"replies":[{"embeddable":true,"href":"https:\/\/myparadigm.com\/fr\/wp-json\/wp\/v2\/comments?post=14293"}],"version-history":[{"count":0,"href":"https:\/\/myparadigm.com\/fr\/wp-json\/wp\/v2\/pages\/14293\/revisions"}],"up":[{"embeddable":true,"href":"https:\/\/myparadigm.com\/fr\/wp-json\/wp\/v2\/pages\/14285"}],"wp:featuredmedia":[{"embeddable":true,"href":"https:\/\/myparadigm.com\/fr\/wp-json\/wp\/v2\/media\/15982"}],"wp:attachment":[{"href":"https:\/\/myparadigm.com\/fr\/wp-json\/wp\/v2\/media?parent=14293"}],"wp:term":[{"taxonomy":"page_categories","embeddable":true,"href":"https:\/\/myparadigm.com\/fr\/wp-json\/wp\/v2\/page_categories?post=14293"}],"curies":[{"name":"wp","href":"https:\/\/api.w.org\/{rel}","templated":true}]}}