{"id":14292,"date":"2023-03-15T18:16:23","date_gmt":"2023-03-15T18:16:23","guid":{"rendered":"https:\/\/wtspstaging.wpengine.com\/services\/paradigm-omni\/apercu-du-paradigme\/"},"modified":"2024-12-03T22:16:48","modified_gmt":"2024-12-03T22:16:48","slug":"paradigm-insights","status":"publish","type":"page","link":"https:\/\/myparadigm.com\/fr\/solutions\/paradigm-omni\/paradigm-insights\/","title":{"rendered":"Paradigm Insights"},"content":{"rendered":"\n\n\t\t\t\t\t\t\t\t\t<img loading=\"lazy\" decoding=\"async\" src=\"https:\/\/myparadigm.com\/wp-content\/uploads\/2024\/03\/Paradigm-Insights_White.png\" alt=\"Paradigm Insights_White\" itemprop=\"image\" height=\"389\" width=\"1462\" srcset=\"https:\/\/myparadigm.com\/wp-content\/uploads\/2024\/03\/Paradigm-Insights_White.png 1462w, https:\/\/myparadigm.com\/wp-content\/uploads\/2024\/03\/Paradigm-Insights_White-300x80.png 300w, https:\/\/myparadigm.com\/wp-content\/uploads\/2024\/03\/Paradigm-Insights_White-1024x272.png 1024w, https:\/\/myparadigm.com\/wp-content\/uploads\/2024\/03\/Paradigm-Insights_White-768x204.png 768w\" sizes=\"auto, (max-width: 1462px) 100vw, 1462px\" title=\"Paradigm Insights_White\" onerror=\"this.style.display='none'\"  \/>\n\t\t<h1>\n\t\t\tLogiciel de rapports d&rsquo;informatique d\u00e9cisionnelle\n\t\t<\/h1>\n\t\t\t<p><strong>Paradigm Insights<\/strong>\u2122 est un logiciel d&rsquo;informatique d\u00e9cisionnelle avanc\u00e9 qui fonctionne avec Paradigm Omni pour fournir des donn\u00e9es de vente et de marketing personnalis\u00e9es pour la prise de d\u00e9cision quotidienne et la planification strat\u00e9gique \u00e0 long terme.<\/p>\t\t\nParadigm Omni Menu\t\t\t\n\t\t\t\t\t<ul id=\"menu-paradigm-omni-french\"><li id=\"menu-item-16338\"><a href=\"https:\/\/myparadigm.com\/fr\/solutions\/paradigm-omni\/\">Paradigm Omni<\/a><\/li>\n<li id=\"menu-item-16339\"><a href=\"https:\/\/myparadigm.com\/fr\/solutions\/paradigm-omni\/paradigm-safeguard\/\">Paradigm Safeguard<\/a><\/li>\n<li id=\"menu-item-16340\"><a href=\"https:\/\/myparadigm.com\/fr\/solutions\/paradigm-omni\/paradigm-view\/\">Paradigm View<\/a><\/li>\n<li id=\"menu-item-16341\"><a href=\"https:\/\/myparadigm.com\/fr\/solutions\/paradigm-omni\/paradigm-insights\/\">Paradigm Insights<\/a><\/li>\n<\/ul>\t\n\t\t\tParadigm Insights\u2122\n\t\t<h2>\n\t\t\tFaites passer la puissance des donn\u00e9es au niveau sup\u00e9rieur\n\t\t<\/h2>\n\t\t\t<p>Avec des ensembles de donn\u00e9es et des rapports organis\u00e9s qui analysent vos statistiques de devis, de configuration et de ventes, l&rsquo;ajout de Marketing BI \u00e0 votre solution Paradigm Omni applique une technologie de visualisation avanc\u00e9e et pr\u00e9sente les donn\u00e9es dont vous avez besoin pour am\u00e9liorer les performances et prendre des d\u00e9cisions en toute confiance.<\/p>\t\t\n\t\t<h4>Choisissez vos donn\u00e9es<\/h4>\n\t\t\t<p>Vous choisissez et affinez les rapports et les informations qui vous aident \u00e0 mieux comprendre les tendances commerciales, les d\u00e9tails des options de produit pour chaque devis et commande, les combinaisons de couleurs<\/p>\t\t\n\t\t<h4>Surveillez vos tableaux de bord<\/h4>\n\t\t\t<p>Cr\u00e9ez des tableaux de bord significatifs pour la gestion continue des ventes et des op\u00e9rations ou approfondissez vos connaissances avec un acc\u00e8s facile \u00e0 un ensemble de donn\u00e9es organis\u00e9.<\/p>\t\t\n\t\t<h4>Int\u00e9gration flexible<\/h4>\n\t\t\t<p>Marketing BI est aliment\u00e9 par Azure Databricks, qui vous permet d&rsquo;utiliser les outils de visualisation de donn\u00e9es de votre choix tels que Power BI, Tableau, Apache Superset, ainsi que de les int\u00e9grer \u00e0 des plateformes comme Domo, Snowflake, Qlik ou d&rsquo;autres entrep\u00f4ts de donn\u00e9es.*<\/p>\t\t\n\t\t<h4>Expertise facile<\/h4>\n\t\t\t<p>Transformez n&rsquo;importe qui en analyste de donn\u00e9es gr\u00e2ce \u00e0 la formation de notre \u00e9quipe Insights. Aucune connaissance sp\u00e9cialis\u00e9e n&rsquo;est n\u00e9cessaire et nous serons l\u00e0 lorsque vous aurez besoin d&rsquo;aide.<\/p>\t\t\n\t<p>* Les clients sont responsables de l&rsquo;obtention de leur propre licence pour les outils de visualisation tels que Microsoft Power BI, Tableau, Apache Superset, etc.<\/p>\n\t\t\tParadigm Insights\u2122\n\t\t<h2>\n\t\t\tLib\u00e9rez la puissance de vos donn\u00e9es de devis et de ventes\n\t\t<\/h2>\n\t\t\t<p>Paradigm Insights extrait les informations de Paradigm Omni. Vous pouvez acc\u00e9der \u00e0 des fonctionnalit\u00e9s de reporting pr\u00eates \u00e0 l&#8217;emploi et personnalisables dans deux domaines critiques:\u00a0<br \/><strong>Marketing Business Intelligence\u00a0<\/strong>et\u00a0<strong>Sales Business Intelligence<\/strong>.<\/p>\t\t\n\t\t<h2>\n\t\t\tInformatique d\u00e9cisionnelle de marketing (Marketing BI)\n\t\t<\/h2>\n\t\t\t<p>Les rapports d&rsquo;informatique d\u00e9cisionnelle de marketing vous permettent de contr\u00f4ler vos donn\u00e9es, vous permettant de r\u00e9pondre \u00e0 des questions plus granulaires telles que:<\/p>\t\t\n\t<ul>\n\t\t\t<li>\n\t\t\t\tCombien de jours faut-il \u00e0 chacun de mes revendeurs pour passer du devis \u00e0 la cl\u00f4ture?\n\t\t\t<\/li>\n\t\t\t<li>\n\t\t\t\tQuels (provinces\/r\u00e9gions) ont les ventes les plus \u00e9lev\u00e9es?\n\t\t\t<\/li>\n\t\t\t<li>\n\t\t\t\tQue sont les ventes par s\u00e9rie de produits?\n\t\t\t<\/li>\n\t\t\t<li>\n\t\t\t\tComment les ventes se comparent-elles pour diff\u00e9rents types de verre?\n\t\t\t<\/li>\n\t\t<\/ul>\n\t\t<h2>\n\t\t\tInformatique d\u00e9cisionnelle des ventes (Sales BI)\n\t\t<\/h2>\n\t\t\t<p>Les rapports d&rsquo;informatique d\u00e9cisionnelle de Paradigm Insights fournissent une analyse des donn\u00e9es de vente pour r\u00e9pondre aux questions courantes sur les performances de vente, telles que:<\/p>\t\t\n\t<ul>\n\t\t\t<li>\n\t\t\t\tQuels sont les taux de cl\u00f4ture pour chacun de mes revendeurs?\n\t\t\t<\/li>\n\t\t\t<li>\n\t\t\t\tQuels sont les devis ouverts pour chacun de mes repr\u00e9sentants des ventes?\n\t\t\t<\/li>\n\t\t\t<li>\n\t\t\t\tQui sont mes revendeurs les plus performants?\n\t\t\t<\/li>\n\t\t\t<li>\n\t\t\t\t\u00c0 quoi ressemblent les performances d&rsquo;une ann\u00e9e \u00e0 l&rsquo;autre de mes repr\u00e9sentants des ventes?\n\t\t\t<\/li>\n\t\t<\/ul>\n\t\t<h2>\n\t\t\tFaites passer l&rsquo;informatique d\u00e9cisionnelle au niveau sup\u00e9rieur\n\t\t<\/h2>\n\t\t\t<p>Lib\u00e9rez la puissance des donn\u00e9es de devis et de ventes que nous collectons d\u00e9j\u00e0. Paradigm Insights extrait et pr\u00e9sente de mani\u00e8re pratique les informations importantes pour vous. <\/p>\t\t\n\t\t<h4>Am\u00e9liorez les performances de vente<\/h4>\n\t\t\t<p>Identifiez facilement les performances des repr\u00e9sentants des ventes. D\u00e9couvrez o\u00f9 se trouve la meilleure opportunit\u00e9 avec des devis ouverts, quels revendeurs pr\u00e9sentent le plus de potentiel, et plus encore.<\/p>\t\t\n\t\t<h4>Commercialisez avec confiance<\/h4>\n\t\t\t<p>Utilisez les donn\u00e9es pour prendre des d\u00e9cisions sur les produits et les options \u00e0 vendre. Voyez o\u00f9 ils devraient \u00eatre vendus et quelles opportunit\u00e9s sont disponibles pour commercialiser les produits de mani\u00e8re plus strat\u00e9gique, le tout bas\u00e9 sur les donn\u00e9es. <\/p>\t\t\n\t\t<h4>Pas de stress avec la techno<\/h4>\n\t\t\t<p>Acc\u00e9dez \u00e0 des ensembles de donn\u00e9es graphiques bas\u00e9s sur le cloud qui sont toujours disponibles et \u00e0 jour. Si vous avez besoin d&rsquo;aide, profitez de l&rsquo;assistance de formation, de la r\u00e9solution de probl\u00e8mes et des demandes de donn\u00e9es. C&rsquo;est aussi facile que cela.  <\/p>\t\t\n\t\t\tStakeholders\n\t\t<h2>\n\t\t\tLes donn\u00e9es d&rsquo;affaires simplifies\n\t\t<\/h2>\n\t\t\t<p>La puissance de la science, les meilleures techniques de cr\u00e9ation de rapports et les outils de visualisation intuitifs mettent les bonnes donn\u00e9es entre les mains de tout le monde d\u00e8s maintenant.<\/p>\t\t\n\t\t<h5>Professionnels de la vente <\/h5>\n\t\t\t<p>Acc\u00e9dez \u00e0 des rapports adapt\u00e9s aux mobiles qui fournissent un aper\u00e7u facile \u00e0 interpr\u00e9ter des mesures op\u00e9rationnelles. Consultez le taux de cl\u00f4ture par revendeur, les devis ouverts par les repr\u00e9sentants les commerciaux (des ventes), les meilleurs revendeurs, les comparaisons d&rsquo;une ann\u00e9e \u00e0 l&rsquo;autre, et plus encore. <\/p>\t\t\n\t\t<h5>Professionnels du marketing <\/h5>\n\t\t\t<p>Explorez plus en d\u00e9tail les donn\u00e9es, les rapports et les informations qui vous aident \u00e0 mieux comprendre les tendances commerciales et les d\u00e9tails des options de produit. Acc\u00e9dez aux donn\u00e9es les plus r\u00e9centes en temps r\u00e9el et personnalisez les rapports en fonction de vos besoins. <\/p>\t\t\n\t\t<h5>Professionnels de l&rsquo;informatique<\/h5>\n\t\t\t<p>Paradigm Insights est bas\u00e9 sur le cloud, vous n&rsquo;avez donc pas \u00e0 vous soucier de la maintenance ou du mat\u00e9riel. Et Paradigm se charge de l&rsquo;installation et de la maintenance de l&rsquo;infrastructure de rapports back-end pour vous. <\/p>\t\t\n\t\t<h2>\n\t\t\tOutils avanc\u00e9s de cr\u00e9ation de rapports d&rsquo;entreprise\n\t\t<\/h2>\n\t\t\t<p>Besoin de statistiques en temps r\u00e9el pour prendre des d\u00e9cisions quotidiennes ? Ou recherchez-vous une analyse approfondie qui aide \u00e0 d\u00e9finir une direction strat\u00e9gique ? Paradigm Insight met la puissance des donn\u00e9es \u00e0 port\u00e9e de main avec deux pr\u00e9cieux outils d&rsquo;informatique d\u00e9cisionnelle.  <\/p>\t\t\n\t\t\t\t<h5 itemprop=\"name description\">Outils D&rsquo;informatique Decisionnelle De Marketing<\/h5>\n\t\t\t\t<ul>\n<li>Cette am\u00e9lioration facultative fournit des rapports et une assistance approfondis qui vous aident \u00e0 mieux comprendre les tendances commerciales et les d\u00e9tails des options de produit<\/li>\n<li>Un ensemble de rapports de d\u00e9marrage que vous pouvez utiliser pour commencer \u00e0 creuser imm\u00e9diatement dans les mesures op\u00e9rationnelles et que vous pouvez personnaliser plus tard<\/li>\n<li>Acc\u00e8s aux donn\u00e9es sp\u00e9cifiques aux clients<\/li>\n<li>Informations sur les options de produit<\/li>\n<li>Capacit\u00e9 de zoom avant<\/li>\n<li>Vues personnalis\u00e9es pour r\u00e9pondre aux besoins de rapports de votre organisatio<\/li>\n<li>Une session d&rsquo;int\u00e9gration pour aider vos analystes \u00e0 d\u00e9marrer<\/li>\n<li>Prise en charge continue de Paradigm pour r\u00e9pondre aux questions et ajouter des donn\u00e9es suppl\u00e9mentaires \u00e0 l&rsquo;entrep\u00f4t de donn\u00e9es<\/li>\n<li>H\u00e9bergement cloud pour vos donn\u00e9es Paradigm, pour prendre en charge la r\u00e9daction de rapports rapide et facile<\/li>\n<\/ul>\n\t\t\t\t<h5 itemprop=\"name description\">Outils D&rsquo;informatique Decisionnelle Des Ventes<\/h5>\n\t\t\t\t<ul>\n<li>Rapports utiles et indispensables &#8211; inclus avec Paradigm Omni<\/li>\n<li>Informations sur les commandes et autres mesures op\u00e9rationnelles, telles que les commandes des revendeurs, les devis ouverts et les taux de cl\u00f4ture<\/li>\n<li>Capacit\u00e9 de filtrage<\/li>\n<li>Rapports de d\u00e9marrage que vous pouvez personnaliser en fonction de vos besoins en mati\u00e8re de rapports<\/li>\n<li>Tableau de bord des ventes avec mod\u00e8les de rapport<\/li>\n<li>Une session d&rsquo;int\u00e9gration pour aider vos analystes \u00e0 d\u00e9marrer<\/li>\n<li>H\u00e9bergement cloud pour vos donn\u00e9es Paradigm Omni, pour prendre en charge la r\u00e9daction de rapports rapide et facile<\/li>\n<\/ul>\n\n","protected":false},"excerpt":{"rendered":"<p>Logiciel de rapports d&rsquo;informatique d\u00e9cisionnelle Paradigm Insights\u2122 est un logiciel d&rsquo;informatique d\u00e9cisionnelle avanc\u00e9 qui fonctionne avec Paradigm Omni pour fournir des donn\u00e9es de vente et de marketing personnalis\u00e9es pour la prise de d\u00e9cision quotidienne et la planification strat\u00e9gique \u00e0 long terme. Paradigm Omni Menu Paradigm Omni Paradigm Safeguard Paradigm View Paradigm Insights Paradigm Insights\u2122 Faites&hellip;<\/p>\n","protected":false},"author":7,"featured_media":0,"parent":14285,"menu_order":35,"comment_status":"closed","ping_status":"closed","template":"","meta":{"_acf_changed":false,"footnotes":""},"page_categories":[],"class_list":["post-14292","page","type-page","status-publish","hentry"],"acf":[],"yoast_head":"<!-- This site is optimized with the Yoast SEO Premium plugin v27.3 (Yoast SEO v27.3) - https:\/\/yoast.com\/product\/yoast-seo-premium-wordpress\/ -->\n<title>Paradigm Insights - Paradigm Technology<\/title>\n<meta name=\"description\" content=\"Paradigm Insights\u2122 est un logiciel d&#039;informatique d\u00e9cisionnelle avanc\u00e9 qui fonctionne avec Paradigm Omni pour fournir des donn\u00e9es de vente et\" \/>\n<meta name=\"robots\" content=\"index, follow, max-snippet:-1, max-image-preview:large, max-video-preview:-1\" \/>\n<link rel=\"canonical\" href=\"https:\/\/myparadigm.com\/fr\/solutions\/paradigm-omni\/paradigm-insights\/\" \/>\n<meta property=\"og:locale\" content=\"fr_FR\" \/>\n<meta property=\"og:type\" content=\"article\" \/>\n<meta property=\"og:title\" content=\"Paradigm Insights\" \/>\n<meta property=\"og:description\" content=\"Paradigm Insights\u2122 est un logiciel d&#039;informatique d\u00e9cisionnelle avanc\u00e9 qui fonctionne avec Paradigm Omni pour fournir des donn\u00e9es de vente et\" \/>\n<meta property=\"og:url\" content=\"https:\/\/myparadigm.com\/fr\/solutions\/paradigm-omni\/paradigm-insights\/\" \/>\n<meta property=\"og:site_name\" content=\"Paradigm Technology\" \/>\n<meta property=\"article:publisher\" content=\"https:\/\/www.facebook.com\/myParadigmTechnology\/\" \/>\n<meta property=\"article:modified_time\" content=\"2024-12-03T22:16:48+00:00\" \/>\n<meta property=\"og:image\" content=\"https:\/\/myparadigm.com\/wp-content\/uploads\/2024\/03\/Paradigm-Insights_White.png\" \/>\n<meta name=\"twitter:card\" content=\"summary_large_image\" \/>\n<meta name=\"twitter:label1\" content=\"Dur\u00e9e de lecture estim\u00e9e\" \/>\n\t<meta name=\"twitter:data1\" content=\"5 minutes\" \/>\n<script type=\"application\/ld+json\" class=\"yoast-schema-graph\">{\"@context\":\"https:\\\/\\\/schema.org\",\"@graph\":[{\"@type\":\"WebPage\",\"@id\":\"https:\\\/\\\/myparadigm.com\\\/fr\\\/solutions\\\/paradigm-omni\\\/paradigm-insights\\\/\",\"url\":\"https:\\\/\\\/myparadigm.com\\\/fr\\\/solutions\\\/paradigm-omni\\\/paradigm-insights\\\/\",\"name\":\"Paradigm Insights - Paradigm Technology\",\"isPartOf\":{\"@id\":\"https:\\\/\\\/myparadigm.com\\\/#website\"},\"primaryImageOfPage\":{\"@id\":\"https:\\\/\\\/myparadigm.com\\\/fr\\\/solutions\\\/paradigm-omni\\\/paradigm-insights\\\/#primaryimage\"},\"image\":{\"@id\":\"https:\\\/\\\/myparadigm.com\\\/fr\\\/solutions\\\/paradigm-omni\\\/paradigm-insights\\\/#primaryimage\"},\"thumbnailUrl\":\"https:\\\/\\\/myparadigm.com\\\/wp-content\\\/uploads\\\/2024\\\/03\\\/Paradigm-Insights_White.png\",\"datePublished\":\"2023-03-15T18:16:23+00:00\",\"dateModified\":\"2024-12-03T22:16:48+00:00\",\"description\":\"Paradigm Insights\u2122 est un logiciel d'informatique d\u00e9cisionnelle avanc\u00e9 qui fonctionne avec Paradigm Omni pour fournir des donn\u00e9es de vente et\",\"breadcrumb\":{\"@id\":\"https:\\\/\\\/myparadigm.com\\\/fr\\\/solutions\\\/paradigm-omni\\\/paradigm-insights\\\/#breadcrumb\"},\"inLanguage\":\"fr-FR\",\"potentialAction\":[{\"@type\":\"ReadAction\",\"target\":[\"https:\\\/\\\/myparadigm.com\\\/fr\\\/solutions\\\/paradigm-omni\\\/paradigm-insights\\\/\"]}]},{\"@type\":\"ImageObject\",\"inLanguage\":\"fr-FR\",\"@id\":\"https:\\\/\\\/myparadigm.com\\\/fr\\\/solutions\\\/paradigm-omni\\\/paradigm-insights\\\/#primaryimage\",\"url\":\"https:\\\/\\\/myparadigm.com\\\/wp-content\\\/uploads\\\/2024\\\/03\\\/Paradigm-Insights_White.png\",\"contentUrl\":\"https:\\\/\\\/myparadigm.com\\\/wp-content\\\/uploads\\\/2024\\\/03\\\/Paradigm-Insights_White.png\"},{\"@type\":\"BreadcrumbList\",\"@id\":\"https:\\\/\\\/myparadigm.com\\\/fr\\\/solutions\\\/paradigm-omni\\\/paradigm-insights\\\/#breadcrumb\",\"itemListElement\":[{\"@type\":\"ListItem\",\"position\":1,\"name\":\"Home\",\"item\":\"https:\\\/\\\/myparadigm.com\\\/fr\\\/home\\\/\"},{\"@type\":\"ListItem\",\"position\":2,\"name\":\"Solutions\",\"item\":\"https:\\\/\\\/myparadigm.com\\\/software\\\/\"},{\"@type\":\"ListItem\",\"position\":3,\"name\":\"Paradigm Omni\",\"item\":\"https:\\\/\\\/myparadigm.com\\\/fr\\\/solutions\\\/paradigm-omni\\\/\"},{\"@type\":\"ListItem\",\"position\":4,\"name\":\"Paradigm Insights\"}]},{\"@type\":\"WebSite\",\"@id\":\"https:\\\/\\\/myparadigm.com\\\/#website\",\"url\":\"https:\\\/\\\/myparadigm.com\\\/\",\"name\":\"Paradigm Technology\",\"description\":\"Software for the Building Industry\",\"publisher\":{\"@id\":\"https:\\\/\\\/myparadigm.com\\\/#organization\"},\"potentialAction\":[{\"@type\":\"SearchAction\",\"target\":{\"@type\":\"EntryPoint\",\"urlTemplate\":\"https:\\\/\\\/myparadigm.com\\\/?s={search_term_string}\"},\"query-input\":{\"@type\":\"PropertyValueSpecification\",\"valueRequired\":true,\"valueName\":\"search_term_string\"}}],\"inLanguage\":\"fr-FR\"},{\"@type\":\"Organization\",\"@id\":\"https:\\\/\\\/myparadigm.com\\\/#organization\",\"name\":\"Paradigm Technology\",\"url\":\"https:\\\/\\\/myparadigm.com\\\/\",\"logo\":{\"@type\":\"ImageObject\",\"inLanguage\":\"fr-FR\",\"@id\":\"https:\\\/\\\/myparadigm.com\\\/#\\\/schema\\\/logo\\\/image\\\/\",\"url\":\"https:\\\/\\\/myparadigm.com\\\/wp-content\\\/uploads\\\/2023\\\/12\\\/Paradigm_favicon_web_p.jpg\",\"contentUrl\":\"https:\\\/\\\/myparadigm.com\\\/wp-content\\\/uploads\\\/2023\\\/12\\\/Paradigm_favicon_web_p.jpg\",\"width\":512,\"height\":512,\"caption\":\"Paradigm Technology\"},\"image\":{\"@id\":\"https:\\\/\\\/myparadigm.com\\\/#\\\/schema\\\/logo\\\/image\\\/\"},\"sameAs\":[\"https:\\\/\\\/www.facebook.com\\\/myParadigmTechnology\\\/\",\"https:\\\/\\\/www.linkedin.com\\\/company\\\/myParadigmTechnology\\\/\",\"https:\\\/\\\/www.youtube.com\\\/channel\\\/UC8khFPtIe_j0A7K0zLL5VBA\"]}]}<\/script>\n<!-- \/ Yoast SEO Premium plugin. -->","yoast_head_json":{"title":"Paradigm Insights - Paradigm Technology","description":"Paradigm Insights\u2122 est un logiciel d'informatique d\u00e9cisionnelle avanc\u00e9 qui fonctionne avec Paradigm Omni pour fournir des donn\u00e9es de vente et","robots":{"index":"index","follow":"follow","max-snippet":"max-snippet:-1","max-image-preview":"max-image-preview:large","max-video-preview":"max-video-preview:-1"},"canonical":"https:\/\/myparadigm.com\/fr\/solutions\/paradigm-omni\/paradigm-insights\/","og_locale":"fr_FR","og_type":"article","og_title":"Paradigm Insights","og_description":"Paradigm Insights\u2122 est un logiciel d'informatique d\u00e9cisionnelle avanc\u00e9 qui fonctionne avec Paradigm Omni pour fournir des donn\u00e9es de vente et","og_url":"https:\/\/myparadigm.com\/fr\/solutions\/paradigm-omni\/paradigm-insights\/","og_site_name":"Paradigm Technology","article_publisher":"https:\/\/www.facebook.com\/myParadigmTechnology\/","article_modified_time":"2024-12-03T22:16:48+00:00","og_image":[{"url":"https:\/\/myparadigm.com\/wp-content\/uploads\/2024\/03\/Paradigm-Insights_White.png","type":"","width":"","height":""}],"twitter_card":"summary_large_image","twitter_misc":{"Dur\u00e9e de lecture estim\u00e9e":"5 minutes"},"schema":{"@context":"https:\/\/schema.org","@graph":[{"@type":"WebPage","@id":"https:\/\/myparadigm.com\/fr\/solutions\/paradigm-omni\/paradigm-insights\/","url":"https:\/\/myparadigm.com\/fr\/solutions\/paradigm-omni\/paradigm-insights\/","name":"Paradigm Insights - Paradigm Technology","isPartOf":{"@id":"https:\/\/myparadigm.com\/#website"},"primaryImageOfPage":{"@id":"https:\/\/myparadigm.com\/fr\/solutions\/paradigm-omni\/paradigm-insights\/#primaryimage"},"image":{"@id":"https:\/\/myparadigm.com\/fr\/solutions\/paradigm-omni\/paradigm-insights\/#primaryimage"},"thumbnailUrl":"https:\/\/myparadigm.com\/wp-content\/uploads\/2024\/03\/Paradigm-Insights_White.png","datePublished":"2023-03-15T18:16:23+00:00","dateModified":"2024-12-03T22:16:48+00:00","description":"Paradigm Insights\u2122 est un logiciel d'informatique d\u00e9cisionnelle avanc\u00e9 qui fonctionne avec Paradigm Omni pour fournir des donn\u00e9es de vente et","breadcrumb":{"@id":"https:\/\/myparadigm.com\/fr\/solutions\/paradigm-omni\/paradigm-insights\/#breadcrumb"},"inLanguage":"fr-FR","potentialAction":[{"@type":"ReadAction","target":["https:\/\/myparadigm.com\/fr\/solutions\/paradigm-omni\/paradigm-insights\/"]}]},{"@type":"ImageObject","inLanguage":"fr-FR","@id":"https:\/\/myparadigm.com\/fr\/solutions\/paradigm-omni\/paradigm-insights\/#primaryimage","url":"https:\/\/myparadigm.com\/wp-content\/uploads\/2024\/03\/Paradigm-Insights_White.png","contentUrl":"https:\/\/myparadigm.com\/wp-content\/uploads\/2024\/03\/Paradigm-Insights_White.png"},{"@type":"BreadcrumbList","@id":"https:\/\/myparadigm.com\/fr\/solutions\/paradigm-omni\/paradigm-insights\/#breadcrumb","itemListElement":[{"@type":"ListItem","position":1,"name":"Home","item":"https:\/\/myparadigm.com\/fr\/home\/"},{"@type":"ListItem","position":2,"name":"Solutions","item":"https:\/\/myparadigm.com\/software\/"},{"@type":"ListItem","position":3,"name":"Paradigm Omni","item":"https:\/\/myparadigm.com\/fr\/solutions\/paradigm-omni\/"},{"@type":"ListItem","position":4,"name":"Paradigm Insights"}]},{"@type":"WebSite","@id":"https:\/\/myparadigm.com\/#website","url":"https:\/\/myparadigm.com\/","name":"Paradigm Technology","description":"Software for the Building Industry","publisher":{"@id":"https:\/\/myparadigm.com\/#organization"},"potentialAction":[{"@type":"SearchAction","target":{"@type":"EntryPoint","urlTemplate":"https:\/\/myparadigm.com\/?s={search_term_string}"},"query-input":{"@type":"PropertyValueSpecification","valueRequired":true,"valueName":"search_term_string"}}],"inLanguage":"fr-FR"},{"@type":"Organization","@id":"https:\/\/myparadigm.com\/#organization","name":"Paradigm Technology","url":"https:\/\/myparadigm.com\/","logo":{"@type":"ImageObject","inLanguage":"fr-FR","@id":"https:\/\/myparadigm.com\/#\/schema\/logo\/image\/","url":"https:\/\/myparadigm.com\/wp-content\/uploads\/2023\/12\/Paradigm_favicon_web_p.jpg","contentUrl":"https:\/\/myparadigm.com\/wp-content\/uploads\/2023\/12\/Paradigm_favicon_web_p.jpg","width":512,"height":512,"caption":"Paradigm Technology"},"image":{"@id":"https:\/\/myparadigm.com\/#\/schema\/logo\/image\/"},"sameAs":["https:\/\/www.facebook.com\/myParadigmTechnology\/","https:\/\/www.linkedin.com\/company\/myParadigmTechnology\/","https:\/\/www.youtube.com\/channel\/UC8khFPtIe_j0A7K0zLL5VBA"]}]}},"_links":{"self":[{"href":"https:\/\/myparadigm.com\/fr\/wp-json\/wp\/v2\/pages\/14292","targetHints":{"allow":["GET"]}}],"collection":[{"href":"https:\/\/myparadigm.com\/fr\/wp-json\/wp\/v2\/pages"}],"about":[{"href":"https:\/\/myparadigm.com\/fr\/wp-json\/wp\/v2\/types\/page"}],"author":[{"embeddable":true,"href":"https:\/\/myparadigm.com\/fr\/wp-json\/wp\/v2\/users\/7"}],"replies":[{"embeddable":true,"href":"https:\/\/myparadigm.com\/fr\/wp-json\/wp\/v2\/comments?post=14292"}],"version-history":[{"count":0,"href":"https:\/\/myparadigm.com\/fr\/wp-json\/wp\/v2\/pages\/14292\/revisions"}],"up":[{"embeddable":true,"href":"https:\/\/myparadigm.com\/fr\/wp-json\/wp\/v2\/pages\/14285"}],"wp:attachment":[{"href":"https:\/\/myparadigm.com\/fr\/wp-json\/wp\/v2\/media?parent=14292"}],"wp:term":[{"taxonomy":"page_categories","embeddable":true,"href":"https:\/\/myparadigm.com\/fr\/wp-json\/wp\/v2\/page_categories?post=14292"}],"curies":[{"name":"wp","href":"https:\/\/api.w.org\/{rel}","templated":true}]}}