{"id":14286,"date":"2023-03-15T18:16:22","date_gmt":"2023-03-15T18:16:22","guid":{"rendered":"https:\/\/wtspstaging.wpengine.com\/services\/nexus-du-paradigme\/livraison-du-paradigme\/"},"modified":"2025-04-22T17:13:15","modified_gmt":"2025-04-22T17:13:15","slug":"paradigm-delivery","status":"publish","type":"page","link":"https:\/\/myparadigm.com\/fr\/solutions\/paradigm-nexus\/paradigm-delivery\/","title":{"rendered":"Paradigm Delivery"},"content":{"rendered":"\n\n\t\t\t\t\t\t\t\t\t<img loading=\"lazy\" decoding=\"async\" src=\"https:\/\/myparadigm.com\/wp-content\/uploads\/2024\/03\/Paradigm-Delivery_White.png\" alt=\"Paradigm Delivery, Delivery Tracking Software\" itemprop=\"image\" height=\"389\" width=\"1560\" srcset=\"https:\/\/myparadigm.com\/wp-content\/uploads\/2024\/03\/Paradigm-Delivery_White.png 1560w, https:\/\/myparadigm.com\/wp-content\/uploads\/2024\/03\/Paradigm-Delivery_White-300x75.png 300w, https:\/\/myparadigm.com\/wp-content\/uploads\/2024\/03\/Paradigm-Delivery_White-1024x255.png 1024w, https:\/\/myparadigm.com\/wp-content\/uploads\/2024\/03\/Paradigm-Delivery_White-768x192.png 768w, https:\/\/myparadigm.com\/wp-content\/uploads\/2024\/03\/Paradigm-Delivery_White-1536x383.png 1536w\" sizes=\"auto, (max-width: 1560px) 100vw, 1560px\" title=\"2024 Paradigm Delivery Logo - White\" onerror=\"this.style.display='none'\"  \/>\n\t\t<h1>\n\t\t\tLogiciel de suivi des livraisons\n\t\t<\/h1>\n\t\t\t<p><strong>Paradigm Delivery<\/strong>\u2122 est un PowerUp de preuve de livraison bas\u00e9 sur le Web et adapt\u00e9 aux mobiles pour la plate-forme ERP Paradigm Nexus. Le logiciel de suivi Paradigm Delivery fournit aux chauffeurs et au personnel d&rsquo;exp\u00e9dition des outils adapt\u00e9s aux mobiles qui rationalisent le processus de livraison. <\/p>\t\t\n\t\t\t<a href=\"\/schedule-a-demo\/nexus\/\" target=\"_self\">\n\t\t\t\t\t\t\tEn savoir plus\n\t\t\t<\/a>\nCareers Menu\t\t\t\n\t\t\t\t\t<ul id=\"menu-paradigm-nexus-french\"><li id=\"menu-item-16342\"><a href=\"https:\/\/myparadigm.com\/fr\/solutions\/paradigm-nexus\/\">Paradigm Nexus<\/a><\/li>\n<li id=\"menu-item-16343\"><a href=\"https:\/\/myparadigm.com\/fr\/solutions\/paradigm-nexus\/paradigm-delivery\/\">Paradigm Delivery<\/a><\/li>\n<\/ul>\t\n\t\t\tParadigm Delivery\u2122\n\t\t<h2>\n\t\t\tOutils adapt\u00e9s aux mobiles\n\t\t<\/h2>\n\t\t\t<p>Le logiciel de suivi Paradigm Delivery fournit aux chauffeurs et au personnel d&rsquo;exp\u00e9dition des outils adapt\u00e9s aux mobiles qui rationalisent le processus de livraison. Il capture \u00e9galement des informations pr\u00e9cieuses sur vos op\u00e9rations d&rsquo;exp\u00e9dition.<\/p>\t\t\n\t<ul>\n\t\t\t<li>\n\t\t\t\tRecevoir des notifications push depuis le terrain vous permet de confirmer l&rsquo;\u00e9tat de livraison.\n\t\t\t<\/li>\n\t\t\t<li>\n\t\t\t\tSurveiller les articles non livr\u00e9s et assurer le suivi des exp\u00e9ditions incompl\u00e8tes ou rejet\u00e9es.\n\t\t\t<\/li>\n\t\t\t<li>\n\t\t\t\t\u00c9quiper les conducteurs de technologies et d&rsquo;informations qui am\u00e9liorent les interactions avec les clients sur le terrain.\n\t\t\t<\/li>\n\t\t\t<li>\n\t\t\t\tPrenez des d\u00e9cisions plus efficaces et plus rapides en mati\u00e8re de livraison et de service gr\u00e2ce \u00e0 des informations fiables et opportunes.\n\t\t\t<\/li>\n\t\t<\/ul>\n\t\t\t\t\t\t\t\t\t<img loading=\"lazy\" decoding=\"async\" src=\"https:\/\/myparadigm.com\/wp-content\/uploads\/2023\/11\/Paradigm-Nexus-Increase-Value-Scan-Delivered-Units-Realtime-Billing-Electronic-Signatures-UI-1.png\" alt=\"Paradigm Nexus Increase Value Scan Delivered Units Realtime Billing Electronic Signatures UI\" itemprop=\"image\" height=\"4000\" width=\"2583\" srcset=\"https:\/\/myparadigm.com\/wp-content\/uploads\/2023\/11\/Paradigm-Nexus-Increase-Value-Scan-Delivered-Units-Realtime-Billing-Electronic-Signatures-UI-1.png 2583w, https:\/\/myparadigm.com\/wp-content\/uploads\/2023\/11\/Paradigm-Nexus-Increase-Value-Scan-Delivered-Units-Realtime-Billing-Electronic-Signatures-UI-1-194x300.png 194w, https:\/\/myparadigm.com\/wp-content\/uploads\/2023\/11\/Paradigm-Nexus-Increase-Value-Scan-Delivered-Units-Realtime-Billing-Electronic-Signatures-UI-1-661x1024.png 661w, https:\/\/myparadigm.com\/wp-content\/uploads\/2023\/11\/Paradigm-Nexus-Increase-Value-Scan-Delivered-Units-Realtime-Billing-Electronic-Signatures-UI-1-768x1189.png 768w, https:\/\/myparadigm.com\/wp-content\/uploads\/2023\/11\/Paradigm-Nexus-Increase-Value-Scan-Delivered-Units-Realtime-Billing-Electronic-Signatures-UI-1-992x1536.png 992w, https:\/\/myparadigm.com\/wp-content\/uploads\/2023\/11\/Paradigm-Nexus-Increase-Value-Scan-Delivered-Units-Realtime-Billing-Electronic-Signatures-UI-1-1322x2048.png 1322w\" sizes=\"auto, (max-width: 2583px) 100vw, 2583px\" title=\"Paradigm Nexus Increase Value Scan Delivered Units Realtime Billing Electronic Signatures UI\" onerror=\"this.style.display='none'\"  \/>\n\t\t\tBenefits\n\t\t<h2>\n\t\t\tDes informations \u00e0 port\u00e9e de main\n\t\t<\/h2>\n\t\t\t\t\t\t<h4>Suivi en temps r\u00e9el<\/h4>\t\t\t\t\t\n\t\t\t<p>Offrez \u00e0 vos livreurs la possibilit\u00e9 de confirmer et de g\u00e9rer les livraisons sur le terrain. Donnez au personnel de bureau la possibilit\u00e9 de voir le statut en temps r\u00e9el.<\/p>\t\t\n\t\t\t\t\t\t<h4>Am\u00e9liorez l&rsquo;efficacit\u00e9 et la pr\u00e9cision<\/h4>\t\t\t\t\t\n\t\t\t<p>Rationalisez le processus d&rsquo;exp\u00e9dition avec des manifestes sans papier, une facturation imm\u00e9diate et une confirmation de livraison \u00e0 code-barres &#8211; le tout depuis le terrain.<\/p>\t\t\n\t\t\t\t\t\t<h4>Obtenez de nouvelles informations<\/h4>\t\t\t\t\t\n\t\t\t<p>Capturez les informations sur les performances de livraison, confirmez l&rsquo;\u00e9tat de la livraison et faites le suivi des envois incomplets ou rejet\u00e9s &#8211; le tout par voie \u00e9lectronique!<\/p>\t\t\n\t\t\tStakeholders\n\t\t<h2>\n\t\t\tLivraison facile pour tous\n\t\t<\/h2>\n\t\t\t<p>Paradigm Delivery garantit une exp\u00e9rience fluide et professionnelle. Du personnel du service d&rsquo;exp\u00e9dition au chauffeur et aux clients, Paradigm Delivery garantit que tout le monde sait que la livraison est sur la bonne voie.<\/p>\t\t\n\t\t\t\t\t\t<h5>Bureau d&rsquo;exp\u00e9dition<\/h5>\t\t\t\t\t\n\t\t\t<p>B\u00e9n\u00e9ficiez d&rsquo;une visibilit\u00e9 indispensable sur les op\u00e9rations de livraison de votre entreprise. La surveillance des chauffeurs, la notification des articles incomplets ou rejet\u00e9s et les notifications pouss\u00e9es en temps r\u00e9el ne sont que quelques-uns des outils fournis par Paradigm Delivery. <\/p>\t\t\n\t\t\t\t\t\t<h5>Livreur<\/h5>\t\t\t\t\t\n\t\t\t<p>R\u00e9duisez la confusion et augmentez le professionnalisme avec l&rsquo;affichage sans papier des manifestes, la num\u00e9risation de codes-barres et la collecte de signatures \u00e9lectroniques. Les conducteurs peuvent afficher les d\u00e9tails des livraisons \u00e0 venir et confirmer l&rsquo;itin\u00e9raire jusqu&rsquo;\u00e0 leur prochain arr\u00eat. <\/p>\t\t\n\t\t\t\t\t\t<h5>Client<\/h5>\t\t\t\t\t\n\t\t\t<p>Am\u00e9liorez la confiance des clients et r\u00e9duisez les litiges gr\u00e2ce aux informations sur l&rsquo;\u00e9tat de livraison en temps r\u00e9el, aux signatures \u00e9lectroniques et \u00e0 la documentation photographique.<\/p>\t\t\n\t\t\tFeatures\n\t\t<h2>\n\t\t\tOutils d&rsquo;exp\u00e9dition rapides\n\t\t<\/h2>\n\t\t\t<p>Nous savons que le service d&rsquo;exp\u00e9dition peut \u00eatre un endroit tr\u00e9pidant qui repose sur des d\u00e9cisions rapides. Paradigm Delivery dispose des outils dont votre service d&rsquo;exp\u00e9dition a besoin pour prendre de meilleures d\u00e9cisions plus rapidement. <\/p>\t\t\n\t\t\t\t<h5 itemprop=\"name description\">La Preuve Est Dans La Livraison<\/h5>\n\t\t\t\t<ul>\n<li>Int\u00e9grez de mani\u00e8re transparente la gestion des commandes \u00e0 une application de livraison abordable et facile \u00e0 utiliser<\/li>\n<li>Capturez \u00e9lectroniquement les mises \u00e0 jour de l&rsquo;\u00e9tat de livraison et les informations de preuve de livraison<\/li>\n<li>Facilitez la saisie de donn\u00e9es avec la lecture des codes \u00e0 barres<\/li>\n<li>Capturez des photos de v\u00e9rification des articles livr\u00e9s<\/li>\n<\/ul>\n\t\t\t\t<h5 itemprop=\"name description\">Eliminez Les Saisies Manuelles Et Reduisez Les Erreurs<\/h5>\n\t\t\t\t<ul>\n<li>Produisez instantan\u00e9ment des factures \u00e9lectroniques apr\u00e8s une livraison r\u00e9ussie<\/li>\n<li>Capturez les signatures \u00e9lectroniques sur le terrain pour confirmer la livraison et l&rsquo;approbation<\/li>\n<\/ul>\n\t\t\t\t<h5 itemprop=\"name description\">De Puissantes Fonctionnalit\u00e9s Connectent Les Chauffeurs Et Le Bureau D&rsquo;expedition<\/h5>\n\t\t\t\t<ul>\n<li>Permettre aux livreurs d&rsquo;afficher et de partager des documents d&rsquo;exp\u00e9dition et des signatures \u00e9lectroniques<\/li>\n<li>Lien vers votre application de navigation tierce par d\u00e9faut sur votre appareil mobile<\/li>\n<li>Surveiller le statut du livreur<\/li>\n<li>Recevez des notifications du livreur en temps r\u00e9el, comme des envois incomplets ou rejet\u00e9s<\/li>\n<\/ul>\n\t\t\tLogiciel de suivi des livraisons\n\t\t<h2>\n\t\t\tCommencez d\u00e8s aujourd&rsquo;hui \n\t\t<\/h2>\n\t\t\t<p>Pr\u00eat \u00e0 am\u00e9liorer votre planification de production ? Contactez-nous d\u00e8s aujourd&rsquo;hui pour d\u00e9couvrir comment le module Planification de la production peut optimiser vos op\u00e9rations de production.<\/p>\t\t\n\t\t\t<a href=\"https:\/\/myparadigm.com\/fr\/schedule-a-demo\/nexus\/\" target=\"_self\">\n\t\t\t\t\t\t\tNos Bureaux\n\t\t\t<\/a>\n\n","protected":false},"excerpt":{"rendered":"<p>Logiciel de suivi des livraisons Paradigm Delivery\u2122 est un PowerUp de preuve de livraison bas\u00e9 sur le Web et adapt\u00e9 aux mobiles pour la plate-forme ERP Paradigm Nexus. Le logiciel de suivi Paradigm Delivery fournit aux chauffeurs et au personnel d&rsquo;exp\u00e9dition des outils adapt\u00e9s aux mobiles qui rationalisent le processus de livraison. En savoir plus&hellip;<\/p>\n","protected":false},"author":7,"featured_media":16797,"parent":14282,"menu_order":34,"comment_status":"closed","ping_status":"closed","template":"","meta":{"_acf_changed":false,"footnotes":""},"page_categories":[],"class_list":["post-14286","page","type-page","status-publish","has-post-thumbnail","hentry"],"acf":[],"yoast_head":"<!-- This site is optimized with the Yoast SEO Premium plugin v27.3 (Yoast SEO v27.3) - https:\/\/yoast.com\/product\/yoast-seo-premium-wordpress\/ -->\n<title>Paradigm Delivery - Paradigm Technology<\/title>\n<meta name=\"description\" content=\"Paradigm Delivery\u2122 est un PowerUp de preuve de livraison bas\u00e9 sur le Web et adapt\u00e9 aux mobiles pour la plate-forme ERP Paradigm Nexus. Le log\" \/>\n<meta name=\"robots\" content=\"index, follow, max-snippet:-1, max-image-preview:large, max-video-preview:-1\" \/>\n<link rel=\"canonical\" href=\"https:\/\/myparadigm.com\/fr\/solutions\/paradigm-nexus\/paradigm-delivery\/\" \/>\n<meta property=\"og:locale\" content=\"fr_FR\" \/>\n<meta property=\"og:type\" content=\"article\" \/>\n<meta property=\"og:title\" content=\"Paradigm Delivery\" \/>\n<meta property=\"og:description\" content=\"Paradigm Delivery\u2122 est un PowerUp de preuve de livraison bas\u00e9 sur le Web et adapt\u00e9 aux mobiles pour la plate-forme ERP Paradigm Nexus. Le log\" \/>\n<meta property=\"og:url\" content=\"https:\/\/myparadigm.com\/fr\/solutions\/paradigm-nexus\/paradigm-delivery\/\" \/>\n<meta property=\"og:site_name\" content=\"Paradigm Technology\" \/>\n<meta property=\"article:publisher\" content=\"https:\/\/www.facebook.com\/myParadigmTechnology\/\" \/>\n<meta property=\"article:modified_time\" content=\"2025-04-22T17:13:15+00:00\" \/>\n<meta property=\"og:image\" content=\"https:\/\/myparadigm.com\/wp-content\/uploads\/2024\/04\/Paradigm-Delivery_Color.png\" \/>\n\t<meta property=\"og:image:width\" content=\"1488\" \/>\n\t<meta property=\"og:image:height\" content=\"390\" \/>\n\t<meta property=\"og:image:type\" content=\"image\/png\" \/>\n<meta name=\"twitter:card\" content=\"summary_large_image\" \/>\n<meta name=\"twitter:label1\" content=\"Dur\u00e9e de lecture estim\u00e9e\" \/>\n\t<meta name=\"twitter:data1\" content=\"4 minutes\" \/>\n<script type=\"application\/ld+json\" class=\"yoast-schema-graph\">{\"@context\":\"https:\\\/\\\/schema.org\",\"@graph\":[{\"@type\":\"WebPage\",\"@id\":\"https:\\\/\\\/myparadigm.com\\\/fr\\\/solutions\\\/paradigm-nexus\\\/paradigm-delivery\\\/\",\"url\":\"https:\\\/\\\/myparadigm.com\\\/fr\\\/solutions\\\/paradigm-nexus\\\/paradigm-delivery\\\/\",\"name\":\"Paradigm Delivery - Paradigm Technology\",\"isPartOf\":{\"@id\":\"https:\\\/\\\/myparadigm.com\\\/#website\"},\"primaryImageOfPage\":{\"@id\":\"https:\\\/\\\/myparadigm.com\\\/fr\\\/solutions\\\/paradigm-nexus\\\/paradigm-delivery\\\/#primaryimage\"},\"image\":{\"@id\":\"https:\\\/\\\/myparadigm.com\\\/fr\\\/solutions\\\/paradigm-nexus\\\/paradigm-delivery\\\/#primaryimage\"},\"thumbnailUrl\":\"https:\\\/\\\/myparadigm.com\\\/wp-content\\\/uploads\\\/2024\\\/04\\\/Paradigm-Delivery_Color.png\",\"datePublished\":\"2023-03-15T18:16:22+00:00\",\"dateModified\":\"2025-04-22T17:13:15+00:00\",\"description\":\"Paradigm Delivery\u2122 est un PowerUp de preuve de livraison bas\u00e9 sur le Web et adapt\u00e9 aux mobiles pour la plate-forme ERP Paradigm Nexus. Le log\",\"breadcrumb\":{\"@id\":\"https:\\\/\\\/myparadigm.com\\\/fr\\\/solutions\\\/paradigm-nexus\\\/paradigm-delivery\\\/#breadcrumb\"},\"inLanguage\":\"fr-FR\",\"potentialAction\":[{\"@type\":\"ReadAction\",\"target\":[\"https:\\\/\\\/myparadigm.com\\\/fr\\\/solutions\\\/paradigm-nexus\\\/paradigm-delivery\\\/\"]}]},{\"@type\":\"ImageObject\",\"inLanguage\":\"fr-FR\",\"@id\":\"https:\\\/\\\/myparadigm.com\\\/fr\\\/solutions\\\/paradigm-nexus\\\/paradigm-delivery\\\/#primaryimage\",\"url\":\"https:\\\/\\\/myparadigm.com\\\/wp-content\\\/uploads\\\/2024\\\/04\\\/Paradigm-Delivery_Color.png\",\"contentUrl\":\"https:\\\/\\\/myparadigm.com\\\/wp-content\\\/uploads\\\/2024\\\/04\\\/Paradigm-Delivery_Color.png\",\"width\":1488,\"height\":390},{\"@type\":\"BreadcrumbList\",\"@id\":\"https:\\\/\\\/myparadigm.com\\\/fr\\\/solutions\\\/paradigm-nexus\\\/paradigm-delivery\\\/#breadcrumb\",\"itemListElement\":[{\"@type\":\"ListItem\",\"position\":1,\"name\":\"Home\",\"item\":\"https:\\\/\\\/myparadigm.com\\\/fr\\\/home\\\/\"},{\"@type\":\"ListItem\",\"position\":2,\"name\":\"Solutions\",\"item\":\"https:\\\/\\\/myparadigm.com\\\/software\\\/\"},{\"@type\":\"ListItem\",\"position\":3,\"name\":\"Paradigm Nexus\",\"item\":\"https:\\\/\\\/myparadigm.com\\\/fr\\\/solutions\\\/paradigm-nexus\\\/\"},{\"@type\":\"ListItem\",\"position\":4,\"name\":\"Paradigm Delivery\"}]},{\"@type\":\"WebSite\",\"@id\":\"https:\\\/\\\/myparadigm.com\\\/#website\",\"url\":\"https:\\\/\\\/myparadigm.com\\\/\",\"name\":\"Paradigm Technology\",\"description\":\"Software for the Building Industry\",\"publisher\":{\"@id\":\"https:\\\/\\\/myparadigm.com\\\/#organization\"},\"potentialAction\":[{\"@type\":\"SearchAction\",\"target\":{\"@type\":\"EntryPoint\",\"urlTemplate\":\"https:\\\/\\\/myparadigm.com\\\/?s={search_term_string}\"},\"query-input\":{\"@type\":\"PropertyValueSpecification\",\"valueRequired\":true,\"valueName\":\"search_term_string\"}}],\"inLanguage\":\"fr-FR\"},{\"@type\":\"Organization\",\"@id\":\"https:\\\/\\\/myparadigm.com\\\/#organization\",\"name\":\"Paradigm Technology\",\"url\":\"https:\\\/\\\/myparadigm.com\\\/\",\"logo\":{\"@type\":\"ImageObject\",\"inLanguage\":\"fr-FR\",\"@id\":\"https:\\\/\\\/myparadigm.com\\\/#\\\/schema\\\/logo\\\/image\\\/\",\"url\":\"https:\\\/\\\/myparadigm.com\\\/wp-content\\\/uploads\\\/2023\\\/12\\\/Paradigm_favicon_web_p.jpg\",\"contentUrl\":\"https:\\\/\\\/myparadigm.com\\\/wp-content\\\/uploads\\\/2023\\\/12\\\/Paradigm_favicon_web_p.jpg\",\"width\":512,\"height\":512,\"caption\":\"Paradigm Technology\"},\"image\":{\"@id\":\"https:\\\/\\\/myparadigm.com\\\/#\\\/schema\\\/logo\\\/image\\\/\"},\"sameAs\":[\"https:\\\/\\\/www.facebook.com\\\/myParadigmTechnology\\\/\",\"https:\\\/\\\/www.linkedin.com\\\/company\\\/myParadigmTechnology\\\/\",\"https:\\\/\\\/www.youtube.com\\\/channel\\\/UC8khFPtIe_j0A7K0zLL5VBA\"]}]}<\/script>\n<!-- \/ Yoast SEO Premium plugin. -->","yoast_head_json":{"title":"Paradigm Delivery - Paradigm Technology","description":"Paradigm Delivery\u2122 est un PowerUp de preuve de livraison bas\u00e9 sur le Web et adapt\u00e9 aux mobiles pour la plate-forme ERP Paradigm Nexus. Le log","robots":{"index":"index","follow":"follow","max-snippet":"max-snippet:-1","max-image-preview":"max-image-preview:large","max-video-preview":"max-video-preview:-1"},"canonical":"https:\/\/myparadigm.com\/fr\/solutions\/paradigm-nexus\/paradigm-delivery\/","og_locale":"fr_FR","og_type":"article","og_title":"Paradigm Delivery","og_description":"Paradigm Delivery\u2122 est un PowerUp de preuve de livraison bas\u00e9 sur le Web et adapt\u00e9 aux mobiles pour la plate-forme ERP Paradigm Nexus. Le log","og_url":"https:\/\/myparadigm.com\/fr\/solutions\/paradigm-nexus\/paradigm-delivery\/","og_site_name":"Paradigm Technology","article_publisher":"https:\/\/www.facebook.com\/myParadigmTechnology\/","article_modified_time":"2025-04-22T17:13:15+00:00","og_image":[{"width":1488,"height":390,"url":"https:\/\/myparadigm.com\/wp-content\/uploads\/2024\/04\/Paradigm-Delivery_Color.png","type":"image\/png"}],"twitter_card":"summary_large_image","twitter_misc":{"Dur\u00e9e de lecture estim\u00e9e":"4 minutes"},"schema":{"@context":"https:\/\/schema.org","@graph":[{"@type":"WebPage","@id":"https:\/\/myparadigm.com\/fr\/solutions\/paradigm-nexus\/paradigm-delivery\/","url":"https:\/\/myparadigm.com\/fr\/solutions\/paradigm-nexus\/paradigm-delivery\/","name":"Paradigm Delivery - Paradigm Technology","isPartOf":{"@id":"https:\/\/myparadigm.com\/#website"},"primaryImageOfPage":{"@id":"https:\/\/myparadigm.com\/fr\/solutions\/paradigm-nexus\/paradigm-delivery\/#primaryimage"},"image":{"@id":"https:\/\/myparadigm.com\/fr\/solutions\/paradigm-nexus\/paradigm-delivery\/#primaryimage"},"thumbnailUrl":"https:\/\/myparadigm.com\/wp-content\/uploads\/2024\/04\/Paradigm-Delivery_Color.png","datePublished":"2023-03-15T18:16:22+00:00","dateModified":"2025-04-22T17:13:15+00:00","description":"Paradigm Delivery\u2122 est un PowerUp de preuve de livraison bas\u00e9 sur le Web et adapt\u00e9 aux mobiles pour la plate-forme ERP Paradigm Nexus. Le log","breadcrumb":{"@id":"https:\/\/myparadigm.com\/fr\/solutions\/paradigm-nexus\/paradigm-delivery\/#breadcrumb"},"inLanguage":"fr-FR","potentialAction":[{"@type":"ReadAction","target":["https:\/\/myparadigm.com\/fr\/solutions\/paradigm-nexus\/paradigm-delivery\/"]}]},{"@type":"ImageObject","inLanguage":"fr-FR","@id":"https:\/\/myparadigm.com\/fr\/solutions\/paradigm-nexus\/paradigm-delivery\/#primaryimage","url":"https:\/\/myparadigm.com\/wp-content\/uploads\/2024\/04\/Paradigm-Delivery_Color.png","contentUrl":"https:\/\/myparadigm.com\/wp-content\/uploads\/2024\/04\/Paradigm-Delivery_Color.png","width":1488,"height":390},{"@type":"BreadcrumbList","@id":"https:\/\/myparadigm.com\/fr\/solutions\/paradigm-nexus\/paradigm-delivery\/#breadcrumb","itemListElement":[{"@type":"ListItem","position":1,"name":"Home","item":"https:\/\/myparadigm.com\/fr\/home\/"},{"@type":"ListItem","position":2,"name":"Solutions","item":"https:\/\/myparadigm.com\/software\/"},{"@type":"ListItem","position":3,"name":"Paradigm Nexus","item":"https:\/\/myparadigm.com\/fr\/solutions\/paradigm-nexus\/"},{"@type":"ListItem","position":4,"name":"Paradigm Delivery"}]},{"@type":"WebSite","@id":"https:\/\/myparadigm.com\/#website","url":"https:\/\/myparadigm.com\/","name":"Paradigm Technology","description":"Software for the Building Industry","publisher":{"@id":"https:\/\/myparadigm.com\/#organization"},"potentialAction":[{"@type":"SearchAction","target":{"@type":"EntryPoint","urlTemplate":"https:\/\/myparadigm.com\/?s={search_term_string}"},"query-input":{"@type":"PropertyValueSpecification","valueRequired":true,"valueName":"search_term_string"}}],"inLanguage":"fr-FR"},{"@type":"Organization","@id":"https:\/\/myparadigm.com\/#organization","name":"Paradigm Technology","url":"https:\/\/myparadigm.com\/","logo":{"@type":"ImageObject","inLanguage":"fr-FR","@id":"https:\/\/myparadigm.com\/#\/schema\/logo\/image\/","url":"https:\/\/myparadigm.com\/wp-content\/uploads\/2023\/12\/Paradigm_favicon_web_p.jpg","contentUrl":"https:\/\/myparadigm.com\/wp-content\/uploads\/2023\/12\/Paradigm_favicon_web_p.jpg","width":512,"height":512,"caption":"Paradigm Technology"},"image":{"@id":"https:\/\/myparadigm.com\/#\/schema\/logo\/image\/"},"sameAs":["https:\/\/www.facebook.com\/myParadigmTechnology\/","https:\/\/www.linkedin.com\/company\/myParadigmTechnology\/","https:\/\/www.youtube.com\/channel\/UC8khFPtIe_j0A7K0zLL5VBA"]}]}},"_links":{"self":[{"href":"https:\/\/myparadigm.com\/fr\/wp-json\/wp\/v2\/pages\/14286","targetHints":{"allow":["GET"]}}],"collection":[{"href":"https:\/\/myparadigm.com\/fr\/wp-json\/wp\/v2\/pages"}],"about":[{"href":"https:\/\/myparadigm.com\/fr\/wp-json\/wp\/v2\/types\/page"}],"author":[{"embeddable":true,"href":"https:\/\/myparadigm.com\/fr\/wp-json\/wp\/v2\/users\/7"}],"replies":[{"embeddable":true,"href":"https:\/\/myparadigm.com\/fr\/wp-json\/wp\/v2\/comments?post=14286"}],"version-history":[{"count":0,"href":"https:\/\/myparadigm.com\/fr\/wp-json\/wp\/v2\/pages\/14286\/revisions"}],"up":[{"embeddable":true,"href":"https:\/\/myparadigm.com\/fr\/wp-json\/wp\/v2\/pages\/14282"}],"wp:featuredmedia":[{"embeddable":true,"href":"https:\/\/myparadigm.com\/fr\/wp-json\/wp\/v2\/media\/16797"}],"wp:attachment":[{"href":"https:\/\/myparadigm.com\/fr\/wp-json\/wp\/v2\/media?parent=14286"}],"wp:term":[{"taxonomy":"page_categories","embeddable":true,"href":"https:\/\/myparadigm.com\/fr\/wp-json\/wp\/v2\/page_categories?post=14286"}],"curies":[{"name":"wp","href":"https:\/\/api.w.org\/{rel}","templated":true}]}}