{"id":14284,"date":"2023-03-15T18:16:22","date_gmt":"2023-03-15T18:16:22","guid":{"rendered":"https:\/\/wtspstaging.wpengine.com\/services\/paradigme-vendo\/vue-du-paradigme\/"},"modified":"2024-12-03T22:11:23","modified_gmt":"2024-12-03T22:11:23","slug":"paradigm-view","status":"publish","type":"page","link":"https:\/\/myparadigm.com\/fr\/solutions\/paradigm-omni\/paradigm-view\/","title":{"rendered":"Paradigm View"},"content":{"rendered":"\n\n\t\t\t\t\t\t\t\t\t<img loading=\"lazy\" decoding=\"async\" src=\"https:\/\/myparadigm.com\/wp-content\/uploads\/2024\/03\/Paradigm-View_White.png\" alt=\"Paradigm View_White\" itemprop=\"image\" height=\"334\" width=\"1275\" srcset=\"https:\/\/myparadigm.com\/wp-content\/uploads\/2024\/03\/Paradigm-View_White.png 1275w, https:\/\/myparadigm.com\/wp-content\/uploads\/2024\/03\/Paradigm-View_White-300x79.png 300w, https:\/\/myparadigm.com\/wp-content\/uploads\/2024\/03\/Paradigm-View_White-1024x268.png 1024w, https:\/\/myparadigm.com\/wp-content\/uploads\/2024\/03\/Paradigm-View_White-768x201.png 768w\" sizes=\"auto, (max-width: 1275px) 100vw, 1275px\" title=\"Paradigm View_White\" onerror=\"this.style.display='none'\"  \/>\n\t\t<h1>\n\t\t\tLogiciel de visualisation de maisons\n\t\t<\/h1>\n\t\t\t<p>Exploite la puissance de l&rsquo;intelligence artificielle et de l&rsquo;apprentissage automatique en profondeur. <strong>Paradigm View<\/strong>\u2122 aide les propri\u00e9taires, les revendeurs, les repr\u00e9sentants des ventes \u00e0 domicile et les professionnels de la conception \u00e0 visualiser les produits de construction sur n&rsquo;importe quelle maison. Tout ce qu&rsquo;il faut, c&rsquo;est une photo.<\/p>\t\t\nParadigm Omni Menu\t\t\t\n\t\t\t\t\t<ul id=\"menu-paradigm-omni-french\"><li id=\"menu-item-16338\"><a href=\"https:\/\/myparadigm.com\/fr\/solutions\/paradigm-omni\/\">Paradigm Omni<\/a><\/li>\n<li id=\"menu-item-16339\"><a href=\"https:\/\/myparadigm.com\/fr\/solutions\/paradigm-omni\/paradigm-safeguard\/\">Paradigm Safeguard<\/a><\/li>\n<li id=\"menu-item-16340\"><a href=\"https:\/\/myparadigm.com\/fr\/solutions\/paradigm-omni\/paradigm-view\/\">Paradigm View<\/a><\/li>\n<li id=\"menu-item-16341\"><a href=\"https:\/\/myparadigm.com\/fr\/solutions\/paradigm-omni\/paradigm-insights\/\">Paradigm Insights<\/a><\/li>\n<\/ul>\t\n\t\t\tParadigm View\u2122\n\t\t<h2>\n\t\t\tImage, prix et achat\n\t\t<\/h2>\n\t\t\t<p>Offrez aux propri\u00e9taires une vue instantan\u00e9e et r\u00e9elle de vos produits de construction avant d&rsquo;acheter. Permettez aux revendeurs et aux r\u00e9novateurs d&rsquo;afficher, de configurer, d&rsquo;estimer et de vendre avec pr\u00e9cision directement \u00e0 partir de votre catalogue dans Paradigm Omni. Gagnez du temps, augmentez les prospects viables et augmentez la satisfaction client.  <\/p>\t\t\n\t<iframe allowfullscreen allow=\"autoplay\" data-src=\"https:\/\/player.vimeo.com\/video\/357612543?color&amp;autopause=0&amp;loop=0&amp;muted=0&amp;title=0&amp;portrait=0&amp;byline=0&amp;h=video\"><\/iframe>\t\t\n\t\t\t\t\tPlay Video\n\t<p><strong>Identifie les produits de construction<\/strong><\/p>\n<p>Le logiciel de visualisation de maison Paradigm View d\u00e9termine l&#8217;emplacement des fen\u00eatres, portes, portes de garage et autres produits de construction. Il transforme rapidement une maison en photo configurable, afin que votre acheteur puisse visualiser et \u00e9valuer vos produits chez lui. <\/p>\n<p>&nbsp;<\/p>\n<p><strong>Configure et visualise avec votre catalogue<\/strong><\/p>\n<p>Permettez aux propri\u00e9taires de magasiner et de choisir parmi les catalogues de fabricants contenant les produits les plus \u00e0 jour et les prix actuels. Paradigm View s&rsquo;int\u00e8gre aux solutions de commerce \u00e9lectronique, vous permettant de configurer le panier et les options de paiement pour les s\u00e9lections de produits. <\/p>\n<p>&nbsp;<\/p>\n<p><strong>Haute technologie, mais simple \u00e0 utilizer<\/strong><\/p>\n<p>Une interface simple et pratique permet aux propri\u00e9taires ou aux entrepreneurs d&rsquo;utiliser un smartphone (t\u00e9l\u00e9phone intelligent) pour t\u00e9l\u00e9charger une photo d&rsquo;une maison. Paradigm View s&rsquo;occupe du reste. <\/p>\n\t\t<h2>\n\t\t\tFini les devinettes avec la configuration et l&rsquo;estimation\n\t\t<\/h2>\n\t\t<h4>Faut le voir pour le croire<\/h4>\n\t\t\t<p>La visualisation pratique et en temps r\u00e9el des produits sur des images de la maison r\u00e9elle d&rsquo;un propri\u00e9taire g\u00e9n\u00e8re une confiance dans la configuration et les choix de produits.<\/p>\t\t\n\t\t<h4>Am\u00e9liorer la prise de d\u00e9cision<\/h4>\n\t\t\t<p>Simplifiez la s\u00e9lection de produits en donnant aux \u00e9quipes de vente et \u00e0 leurs clients propri\u00e9taires la possibilit\u00e9 de voir vos produits sur leur maison. <\/p>\t\t\n\t\t<h4>Rendez le tout rapide et facile!<\/h4>\n\t\t\t<p>Offrez aux propri\u00e9taires et aux professionnels un outil amusant et facile \u00e0 utiliser qui leur permet de visualiser n&rsquo;importe quel nombre d&rsquo;options avant de commander.<\/p>\t\t\n\t\t<h2>\n\t\t\tVisualisez les avantages de Paradigm View\n\t\t<\/h2>\n\t\t\t<p>Am\u00e9liorez votre processus de vente, obtenez plus de prospects et am\u00e9liorez les taux de conversion.<\/p>\t\t\n\t\t<h5>Propri\u00e9taires<\/h5>\n\t\t\t<p>Augmentez les ventes en donnant aux propri\u00e9taires la confiance qui vient avec la visualisation de choix de produits r\u00e9els sur leur maison.<\/p>\t\t\n\t\t<h5>Entrepreneurs<\/h5>\n\t\t\t<p>Am\u00e9liorez l&rsquo;exp\u00e9rience de vos clients gr\u00e2ce \u00e0 une technologie qui identifie les ouvertures et permet aux propri\u00e9taires de visualiser et de modifier instantan\u00e9ment les options de r\u00e9novation de la maison.<\/p>\t\t\n\t\t<h5>Revendeurs<\/h5>\n\t\t\t<p>Aidez les revendeurs \u00e0 diff\u00e9rencier votre marque, \u00e0 augmenter vos prospects et \u00e0 r\u00e9duire le temps n\u00e9cessaire pour conclure une vente.<\/p>\t\t\n\t\t<h2>\n\t\t\tPr\u00e9sentez vos produits de construction sur les maisons r\u00e9elles des clients\n\t\t<\/h2>\n\t\t\t<p>L&rsquo;achat de fen\u00eatres et de portes de remplacement est un achat important, et les propri\u00e9taires veulent avoir l&rsquo;esprit tranquille en sachant que les produits que vous vendez sont beaux. Ils veulent savoir que vos produits auront fi\u00e8re allure dans leur maison.<\/p>\t\t\n\t\t\t\t<h5 itemprop=\"name description\">Technologie Exclusive<\/h5>\n\t\t\t\t<ul>\n<li>Les images t\u00e9l\u00e9charg\u00e9es des propri\u00e9taires sont analys\u00e9es par le mod\u00e8le exclusif de vision d&rsquo;apprentissage automatique de Paradigm.<\/li>\n<li>L&rsquo;analyse rapide et le rendu d&rsquo;image pr\u00e9sentent la photo originale en couches avec vos produits.<\/li>\n<\/ul>\n\t\t\t\t<h5 itemprop=\"name description\">Identification Et Ajustements Precis<\/h5>\n\t\t\t\t<ul>\n<li>D\u00e9finissez votre seuil de pr\u00e9cision d&rsquo;identification en fonction de votre exp\u00e9rience utilisateur.<\/li>\n<li>Les utilisateurs peuvent modifier les ouvertures de fen\u00eatre et de porte identifi\u00e9es pour am\u00e9liorer le placement et ajuster les obstructions qui bloquent leur vue.<\/li>\n<\/ul>\n\t\t\t\t<h5 itemprop=\"name description\">Configuration De La Visualisation Guidee<\/h5>\n\t\t\t\t<ul>\n<li>Les propri\u00e9taires sont inform\u00e9s si aucune ouverture n&rsquo;a \u00e9t\u00e9 d\u00e9tect\u00e9e ou si la photo t\u00e9l\u00e9charg\u00e9e ne correspond pas aux normes de qualit\u00e9 du mod\u00e8le Paradigm View.<\/li>\n<\/ul>\n\t\t\t\t<h5 itemprop=\"name description\">Integration Du Catalogue De Produits<\/h5>\n\t\t\t\t<ul>\n<li>Paradigm View se connecte \u00e0 votre catalogue de produits et configure automatiquement les produits en fonction des images t\u00e9l\u00e9charg\u00e9es par les propri\u00e9taires.<\/li>\n<li>Les propri\u00e9taires peuvent demander un devis de produits configur\u00e9s ou partager la visualisation des choix.<\/li>\n<li>Les devis sont accessibles sur la plateforme de devis et de vente Paradigm Omni.<\/li>\n<\/ul>\n\n","protected":false},"excerpt":{"rendered":"<p>Logiciel de visualisation de maisons Exploite la puissance de l&rsquo;intelligence artificielle et de l&rsquo;apprentissage automatique en profondeur. Paradigm View\u2122 aide les propri\u00e9taires, les revendeurs, les repr\u00e9sentants des ventes \u00e0 domicile et les professionnels de la conception \u00e0 visualiser les produits de construction sur n&rsquo;importe quelle maison. Tout ce qu&rsquo;il faut, c&rsquo;est une photo. Paradigm Omni&hellip;<\/p>\n","protected":false},"author":56,"featured_media":16047,"parent":14285,"menu_order":33,"comment_status":"closed","ping_status":"closed","template":"","meta":{"_acf_changed":false,"footnotes":""},"page_categories":[],"class_list":["post-14284","page","type-page","status-publish","has-post-thumbnail","hentry"],"acf":[],"yoast_head":"<!-- This site is optimized with the Yoast SEO Premium plugin v27.3 (Yoast SEO v27.3) - https:\/\/yoast.com\/product\/yoast-seo-premium-wordpress\/ -->\n<title>Paradigm View - Paradigm Technology<\/title>\n<meta name=\"description\" content=\"Exploite la puissance de l&#039;intelligence artificielle et de l&#039;apprentissage automatique en profondeur. Paradigm View\u2122 aide les propri\u00e9taires\" \/>\n<meta name=\"robots\" content=\"index, follow, max-snippet:-1, max-image-preview:large, max-video-preview:-1\" \/>\n<link rel=\"canonical\" href=\"https:\/\/myparadigm.com\/fr\/solutions\/paradigm-omni\/paradigm-view\/\" \/>\n<meta property=\"og:locale\" content=\"fr_FR\" \/>\n<meta property=\"og:type\" content=\"article\" \/>\n<meta property=\"og:title\" content=\"Paradigm View\" \/>\n<meta property=\"og:description\" content=\"Exploite la puissance de l&#039;intelligence artificielle et de l&#039;apprentissage automatique en profondeur. Paradigm View\u2122 aide les propri\u00e9taires\" \/>\n<meta property=\"og:url\" content=\"https:\/\/myparadigm.com\/fr\/solutions\/paradigm-omni\/paradigm-view\/\" \/>\n<meta property=\"og:site_name\" content=\"Paradigm Technology\" \/>\n<meta property=\"article:publisher\" content=\"https:\/\/www.facebook.com\/myParadigmTechnology\/\" \/>\n<meta property=\"article:modified_time\" content=\"2024-12-03T22:11:23+00:00\" \/>\n<meta property=\"og:image\" content=\"https:\/\/myparadigm.com\/wp-content\/uploads\/2023\/11\/Paradigm-Omni-View-Home-Visualization-Software-Picture-Price-Purchase_962x1420-683x1024.png\" \/>\n\t<meta property=\"og:image:width\" content=\"683\" \/>\n\t<meta property=\"og:image:height\" content=\"1024\" \/>\n\t<meta property=\"og:image:type\" content=\"image\/png\" \/>\n<meta name=\"twitter:card\" content=\"summary_large_image\" \/>\n<meta name=\"twitter:label1\" content=\"Dur\u00e9e de lecture estim\u00e9e\" \/>\n\t<meta name=\"twitter:data1\" content=\"4 minutes\" \/>\n<script type=\"application\/ld+json\" class=\"yoast-schema-graph\">{\"@context\":\"https:\\\/\\\/schema.org\",\"@graph\":[{\"@type\":\"WebPage\",\"@id\":\"https:\\\/\\\/myparadigm.com\\\/fr\\\/solutions\\\/paradigm-omni\\\/paradigm-view\\\/\",\"url\":\"https:\\\/\\\/myparadigm.com\\\/fr\\\/solutions\\\/paradigm-omni\\\/paradigm-view\\\/\",\"name\":\"Paradigm View - Paradigm Technology\",\"isPartOf\":{\"@id\":\"https:\\\/\\\/myparadigm.com\\\/#website\"},\"primaryImageOfPage\":{\"@id\":\"https:\\\/\\\/myparadigm.com\\\/fr\\\/solutions\\\/paradigm-omni\\\/paradigm-view\\\/#primaryimage\"},\"image\":{\"@id\":\"https:\\\/\\\/myparadigm.com\\\/fr\\\/solutions\\\/paradigm-omni\\\/paradigm-view\\\/#primaryimage\"},\"thumbnailUrl\":\"https:\\\/\\\/myparadigm.com\\\/wp-content\\\/uploads\\\/2023\\\/11\\\/Paradigm-Omni-View-Home-Visualization-Software-Picture-Price-Purchase_962x1420.png\",\"datePublished\":\"2023-03-15T18:16:22+00:00\",\"dateModified\":\"2024-12-03T22:11:23+00:00\",\"description\":\"Exploite la puissance de l'intelligence artificielle et de l'apprentissage automatique en profondeur. Paradigm View\u2122 aide les propri\u00e9taires\",\"breadcrumb\":{\"@id\":\"https:\\\/\\\/myparadigm.com\\\/fr\\\/solutions\\\/paradigm-omni\\\/paradigm-view\\\/#breadcrumb\"},\"inLanguage\":\"fr-FR\",\"potentialAction\":[{\"@type\":\"ReadAction\",\"target\":[\"https:\\\/\\\/myparadigm.com\\\/fr\\\/solutions\\\/paradigm-omni\\\/paradigm-view\\\/\"]}]},{\"@type\":\"ImageObject\",\"inLanguage\":\"fr-FR\",\"@id\":\"https:\\\/\\\/myparadigm.com\\\/fr\\\/solutions\\\/paradigm-omni\\\/paradigm-view\\\/#primaryimage\",\"url\":\"https:\\\/\\\/myparadigm.com\\\/wp-content\\\/uploads\\\/2023\\\/11\\\/Paradigm-Omni-View-Home-Visualization-Software-Picture-Price-Purchase_962x1420.png\",\"contentUrl\":\"https:\\\/\\\/myparadigm.com\\\/wp-content\\\/uploads\\\/2023\\\/11\\\/Paradigm-Omni-View-Home-Visualization-Software-Picture-Price-Purchase_962x1420.png\",\"width\":4480,\"height\":6720},{\"@type\":\"BreadcrumbList\",\"@id\":\"https:\\\/\\\/myparadigm.com\\\/fr\\\/solutions\\\/paradigm-omni\\\/paradigm-view\\\/#breadcrumb\",\"itemListElement\":[{\"@type\":\"ListItem\",\"position\":1,\"name\":\"Home\",\"item\":\"https:\\\/\\\/myparadigm.com\\\/fr\\\/home\\\/\"},{\"@type\":\"ListItem\",\"position\":2,\"name\":\"Solutions\",\"item\":\"https:\\\/\\\/myparadigm.com\\\/software\\\/\"},{\"@type\":\"ListItem\",\"position\":3,\"name\":\"Paradigm Omni\",\"item\":\"https:\\\/\\\/myparadigm.com\\\/fr\\\/solutions\\\/paradigm-omni\\\/\"},{\"@type\":\"ListItem\",\"position\":4,\"name\":\"Paradigm View\"}]},{\"@type\":\"WebSite\",\"@id\":\"https:\\\/\\\/myparadigm.com\\\/#website\",\"url\":\"https:\\\/\\\/myparadigm.com\\\/\",\"name\":\"Paradigm Technology\",\"description\":\"Software for the Building Industry\",\"publisher\":{\"@id\":\"https:\\\/\\\/myparadigm.com\\\/#organization\"},\"potentialAction\":[{\"@type\":\"SearchAction\",\"target\":{\"@type\":\"EntryPoint\",\"urlTemplate\":\"https:\\\/\\\/myparadigm.com\\\/?s={search_term_string}\"},\"query-input\":{\"@type\":\"PropertyValueSpecification\",\"valueRequired\":true,\"valueName\":\"search_term_string\"}}],\"inLanguage\":\"fr-FR\"},{\"@type\":\"Organization\",\"@id\":\"https:\\\/\\\/myparadigm.com\\\/#organization\",\"name\":\"Paradigm Technology\",\"url\":\"https:\\\/\\\/myparadigm.com\\\/\",\"logo\":{\"@type\":\"ImageObject\",\"inLanguage\":\"fr-FR\",\"@id\":\"https:\\\/\\\/myparadigm.com\\\/#\\\/schema\\\/logo\\\/image\\\/\",\"url\":\"https:\\\/\\\/myparadigm.com\\\/wp-content\\\/uploads\\\/2023\\\/12\\\/Paradigm_favicon_web_p.jpg\",\"contentUrl\":\"https:\\\/\\\/myparadigm.com\\\/wp-content\\\/uploads\\\/2023\\\/12\\\/Paradigm_favicon_web_p.jpg\",\"width\":512,\"height\":512,\"caption\":\"Paradigm Technology\"},\"image\":{\"@id\":\"https:\\\/\\\/myparadigm.com\\\/#\\\/schema\\\/logo\\\/image\\\/\"},\"sameAs\":[\"https:\\\/\\\/www.facebook.com\\\/myParadigmTechnology\\\/\",\"https:\\\/\\\/www.linkedin.com\\\/company\\\/myParadigmTechnology\\\/\",\"https:\\\/\\\/www.youtube.com\\\/channel\\\/UC8khFPtIe_j0A7K0zLL5VBA\"]}]}<\/script>\n<!-- \/ Yoast SEO Premium plugin. -->","yoast_head_json":{"title":"Paradigm View - Paradigm Technology","description":"Exploite la puissance de l'intelligence artificielle et de l'apprentissage automatique en profondeur. Paradigm View\u2122 aide les propri\u00e9taires","robots":{"index":"index","follow":"follow","max-snippet":"max-snippet:-1","max-image-preview":"max-image-preview:large","max-video-preview":"max-video-preview:-1"},"canonical":"https:\/\/myparadigm.com\/fr\/solutions\/paradigm-omni\/paradigm-view\/","og_locale":"fr_FR","og_type":"article","og_title":"Paradigm View","og_description":"Exploite la puissance de l'intelligence artificielle et de l'apprentissage automatique en profondeur. Paradigm View\u2122 aide les propri\u00e9taires","og_url":"https:\/\/myparadigm.com\/fr\/solutions\/paradigm-omni\/paradigm-view\/","og_site_name":"Paradigm Technology","article_publisher":"https:\/\/www.facebook.com\/myParadigmTechnology\/","article_modified_time":"2024-12-03T22:11:23+00:00","og_image":[{"width":683,"height":1024,"url":"https:\/\/myparadigm.com\/wp-content\/uploads\/2023\/11\/Paradigm-Omni-View-Home-Visualization-Software-Picture-Price-Purchase_962x1420-683x1024.png","type":"image\/png"}],"twitter_card":"summary_large_image","twitter_misc":{"Dur\u00e9e de lecture estim\u00e9e":"4 minutes"},"schema":{"@context":"https:\/\/schema.org","@graph":[{"@type":"WebPage","@id":"https:\/\/myparadigm.com\/fr\/solutions\/paradigm-omni\/paradigm-view\/","url":"https:\/\/myparadigm.com\/fr\/solutions\/paradigm-omni\/paradigm-view\/","name":"Paradigm View - Paradigm Technology","isPartOf":{"@id":"https:\/\/myparadigm.com\/#website"},"primaryImageOfPage":{"@id":"https:\/\/myparadigm.com\/fr\/solutions\/paradigm-omni\/paradigm-view\/#primaryimage"},"image":{"@id":"https:\/\/myparadigm.com\/fr\/solutions\/paradigm-omni\/paradigm-view\/#primaryimage"},"thumbnailUrl":"https:\/\/myparadigm.com\/wp-content\/uploads\/2023\/11\/Paradigm-Omni-View-Home-Visualization-Software-Picture-Price-Purchase_962x1420.png","datePublished":"2023-03-15T18:16:22+00:00","dateModified":"2024-12-03T22:11:23+00:00","description":"Exploite la puissance de l'intelligence artificielle et de l'apprentissage automatique en profondeur. Paradigm View\u2122 aide les propri\u00e9taires","breadcrumb":{"@id":"https:\/\/myparadigm.com\/fr\/solutions\/paradigm-omni\/paradigm-view\/#breadcrumb"},"inLanguage":"fr-FR","potentialAction":[{"@type":"ReadAction","target":["https:\/\/myparadigm.com\/fr\/solutions\/paradigm-omni\/paradigm-view\/"]}]},{"@type":"ImageObject","inLanguage":"fr-FR","@id":"https:\/\/myparadigm.com\/fr\/solutions\/paradigm-omni\/paradigm-view\/#primaryimage","url":"https:\/\/myparadigm.com\/wp-content\/uploads\/2023\/11\/Paradigm-Omni-View-Home-Visualization-Software-Picture-Price-Purchase_962x1420.png","contentUrl":"https:\/\/myparadigm.com\/wp-content\/uploads\/2023\/11\/Paradigm-Omni-View-Home-Visualization-Software-Picture-Price-Purchase_962x1420.png","width":4480,"height":6720},{"@type":"BreadcrumbList","@id":"https:\/\/myparadigm.com\/fr\/solutions\/paradigm-omni\/paradigm-view\/#breadcrumb","itemListElement":[{"@type":"ListItem","position":1,"name":"Home","item":"https:\/\/myparadigm.com\/fr\/home\/"},{"@type":"ListItem","position":2,"name":"Solutions","item":"https:\/\/myparadigm.com\/software\/"},{"@type":"ListItem","position":3,"name":"Paradigm Omni","item":"https:\/\/myparadigm.com\/fr\/solutions\/paradigm-omni\/"},{"@type":"ListItem","position":4,"name":"Paradigm View"}]},{"@type":"WebSite","@id":"https:\/\/myparadigm.com\/#website","url":"https:\/\/myparadigm.com\/","name":"Paradigm Technology","description":"Software for the Building Industry","publisher":{"@id":"https:\/\/myparadigm.com\/#organization"},"potentialAction":[{"@type":"SearchAction","target":{"@type":"EntryPoint","urlTemplate":"https:\/\/myparadigm.com\/?s={search_term_string}"},"query-input":{"@type":"PropertyValueSpecification","valueRequired":true,"valueName":"search_term_string"}}],"inLanguage":"fr-FR"},{"@type":"Organization","@id":"https:\/\/myparadigm.com\/#organization","name":"Paradigm Technology","url":"https:\/\/myparadigm.com\/","logo":{"@type":"ImageObject","inLanguage":"fr-FR","@id":"https:\/\/myparadigm.com\/#\/schema\/logo\/image\/","url":"https:\/\/myparadigm.com\/wp-content\/uploads\/2023\/12\/Paradigm_favicon_web_p.jpg","contentUrl":"https:\/\/myparadigm.com\/wp-content\/uploads\/2023\/12\/Paradigm_favicon_web_p.jpg","width":512,"height":512,"caption":"Paradigm Technology"},"image":{"@id":"https:\/\/myparadigm.com\/#\/schema\/logo\/image\/"},"sameAs":["https:\/\/www.facebook.com\/myParadigmTechnology\/","https:\/\/www.linkedin.com\/company\/myParadigmTechnology\/","https:\/\/www.youtube.com\/channel\/UC8khFPtIe_j0A7K0zLL5VBA"]}]}},"_links":{"self":[{"href":"https:\/\/myparadigm.com\/fr\/wp-json\/wp\/v2\/pages\/14284","targetHints":{"allow":["GET"]}}],"collection":[{"href":"https:\/\/myparadigm.com\/fr\/wp-json\/wp\/v2\/pages"}],"about":[{"href":"https:\/\/myparadigm.com\/fr\/wp-json\/wp\/v2\/types\/page"}],"author":[{"embeddable":true,"href":"https:\/\/myparadigm.com\/fr\/wp-json\/wp\/v2\/users\/56"}],"replies":[{"embeddable":true,"href":"https:\/\/myparadigm.com\/fr\/wp-json\/wp\/v2\/comments?post=14284"}],"version-history":[{"count":0,"href":"https:\/\/myparadigm.com\/fr\/wp-json\/wp\/v2\/pages\/14284\/revisions"}],"up":[{"embeddable":true,"href":"https:\/\/myparadigm.com\/fr\/wp-json\/wp\/v2\/pages\/14285"}],"wp:featuredmedia":[{"embeddable":true,"href":"https:\/\/myparadigm.com\/fr\/wp-json\/wp\/v2\/media\/16047"}],"wp:attachment":[{"href":"https:\/\/myparadigm.com\/fr\/wp-json\/wp\/v2\/media?parent=14284"}],"wp:term":[{"taxonomy":"page_categories","embeddable":true,"href":"https:\/\/myparadigm.com\/fr\/wp-json\/wp\/v2\/page_categories?post=14284"}],"curies":[{"name":"wp","href":"https:\/\/api.w.org\/{rel}","templated":true}]}}