{"id":14282,"date":"2023-03-15T18:16:22","date_gmt":"2023-03-15T18:16:22","guid":{"rendered":"https:\/\/wtspstaging.wpengine.com\/services\/nexus-du-paradigme\/"},"modified":"2024-12-03T22:23:06","modified_gmt":"2024-12-03T22:23:06","slug":"paradigm-nexus","status":"publish","type":"page","link":"https:\/\/myparadigm.com\/fr\/solutions\/paradigm-nexus\/","title":{"rendered":"Paradigm Nexus"},"content":{"rendered":"\n\n\t\t\t\t\t\t\t\t\t<img loading=\"lazy\" decoding=\"async\" src=\"https:\/\/myparadigm.com\/wp-content\/uploads\/2023\/07\/ParadigmNexus-white-e1701714252303.png\" alt=\"ParadigmNexus-white\" itemprop=\"image\" height=\"39\" width=\"162\" title=\"ParadigmNexus-white\" onerror=\"this.style.display='none'\"  \/>\n\t\t<h1>\n\t\t\tLogiciel ERP\n\t\t<\/h1>\n\t\t\t<p>Paradigm Nexus\u2122 est un logiciel de planification des ressources d&rsquo;entreprise (logiciel ERP) enti\u00e8rement int\u00e9gr\u00e9 destin\u00e9 aux fabricants de l&rsquo;industrie de la fenestration.<\/p>\t\t\n\t\t\t<a href=\"https:\/\/myparadigm.com\/fr\/schedule-a-demo\/schedule-a-demo-nexus\/\" target=\"_self\" rel=\"noopener\">\n\t\t\t\t\t\t\tEn savoir plus\n\t\t\t<\/a>\nCareers Menu\t\t\t\n\t\t\t\t\t<ul id=\"menu-paradigm-nexus-french\"><li id=\"menu-item-16342\"><a href=\"https:\/\/myparadigm.com\/fr\/solutions\/paradigm-nexus\/\">Paradigm Nexus<\/a><\/li>\n<li id=\"menu-item-16343\"><a href=\"https:\/\/myparadigm.com\/fr\/solutions\/paradigm-nexus\/paradigm-delivery\/\">Paradigm Delivery<\/a><\/li>\n<\/ul>\t\n\t\t\tParadigm Nexus\n\t\t<h2>\n\t\t\tVotre cl\u00e9 de l&rsquo;excellence op\u00e9rationnelle\n\t\t<\/h2>\n\t\t\t<p>Paradigm Nexus s&rsquo;appuie sur Paradigm Omni, notre solution de devis et de vente, pour fournir une solution parfaitement int\u00e9gr\u00e9e pour g\u00e9rer vos op\u00e9rations de fabrication. D\u00e9couvrez comment nous avons aid\u00e9 <a href=\"https:\/\/myparadigm.com\/case-studies\/vector-windows-and-doors-chooses-paradigm-omni-quoting-and-paradigm-nexus-erp-solution\/\">Vector Window and Doors \u00e0 r\u00e9aliser sa vision.<\/a> <\/p>\t\t\n\t\t<h5>Optimisez les processus<\/h5>\t\t\t\n\t\t\t\t<p>Laissez notre technologie MES faire le gros du travail. Oubliez les feuilles de calcul et concentrez-vous sur les choses qui ne peuvent pas \u00eatre automatis\u00e9es, comme la croissance de votre entreprise. <\/p>\n\t\t<h5>R\u00e9duisez les co\u00fbts<\/h5>\t\t\t\n\t\t\t\t<p>Rendez votre entreprise plus rentable et comp\u00e9titive en maximisant vos performances de production et de livraison, en r\u00e9duisant les erreurs et en minimisant le gaspillage.<\/p>\n\t\t<h5>Am\u00e9liorez la prise de d\u00e9cision<\/h5>\t\t\t\n\t\t\t\t<p>Prenez des d\u00e9cisions \u00e9clair\u00e9es \u00e0 l&rsquo;aide de statistiques, d&rsquo;indicateurs de performance cl\u00e9s et de rapports de tableau de bord. \u00c9valuez les performances de vos processus en temps r\u00e9el. <\/p>\n\t\t\tSolutions\n\t\t<h2>\n\t\t\tDe la planification de la production \u00e0 la facturation, nous avons ce qu&rsquo;il vous faut\n\t\t<\/h2>\n\t\t\t\t<h5 itemprop=\"name description\">Planification de la production<\/h5>\n\t\t\t\t<ul>\n<li>Rationalisez la fabrication et \u00e9quilibrez-la entre plusieurs d\u00e9partements et lignes de production.<\/li>\n<li>Garantissez une production ponctuelle et s\u00e9quenc\u00e9e pour maximiser l&rsquo;efficacit\u00e9.<\/li>\n<li>G\u00e9rez les modifications, les reprises et les commandes en souffrance de mani\u00e8re transparente.<\/li>\n<li>Visualisez les d\u00e9pendances en mati\u00e8re d&rsquo;inventaire et de capacit\u00e9 en temps r\u00e9el.<\/li>\n<\/ul>\n\t\t\t\t<h5 itemprop=\"name description\">Achats et gestion des stocks<\/h5>\n\t\t\t\t<ul>\n<li>Adaptez les niveaux de stock en fonction de l&rsquo;utilisation r\u00e9elle et des tendances.<\/li>\n<li>Suivez les performances des fournisseurs au fil du temps et influencez les d\u00e9cisions d&rsquo;achat.<\/li>\n<li>Achetez des articles en commande sp\u00e9ciale conform\u00e9ment aux exigences de fabrication.<\/li>\n<li>Automatisez les achats de routine et d\u00e9finissez des seuils d&rsquo;approbation.<\/li>\n<\/ul>\n\t\t\t\t<h5 itemprop=\"name description\">Fabrication<\/h5>\n\t\t\t\t<ul>\n<li>G\u00e9rez un atelier sans papier ou sur papier.<\/li>\n<li>G\u00e9rez et \u00e9quilibrez la capacit\u00e9 de plusieurs installations.<\/li>\n<li>Suivez tout gr\u00e2ce \u00e0 la lecture de codes-barres et aux \u00e9crans tactiles.<\/li>\n<li>Technologie adapt\u00e9e aux mobiles disponible pour le personnel d&rsquo;atelier.<\/li>\n<\/ul>\n\t\t\t\t<h5 itemprop=\"name description\">Exp\u00e9dition<\/h5>\n\t\t\t\t<ul>\n<li>G\u00e9rez la flotte et planifiez \u00e0 l&rsquo;avance en fonction des exigences de livraison de Paradigm Omni.<\/li>\n<li>Chargez \u00e0 temps et en s\u00e9quence.<\/li>\n<li>D\u00e9tectez automatiquement les commandes en souffrance.<\/li>\n<li>G\u00e9n\u00e9rez des documents d&rsquo;exp\u00e9dition pour les clients, les douanes, les livraisons par des tiers, etc.<\/li>\n<li>Munissez les chauffeurs de la technologie mobile pour des interactions clients professionnelles et sans papier \u00e0 l&rsquo;aide du module compl\u00e9mentaire Paradigm Delivery.<\/li>\n<\/ul>\n\t\t\t\t<h5 itemprop=\"name description\">Facturation<\/h5>\n\t\t\t\t<ul>\n<li>G\u00e9n\u00e9rez et envoyez automatiquement des factures \u00e0 la livraison.<\/li>\n<li>Factures de livraison selon les pr\u00e9f\u00e9rences de facturation de chaque client (e-mail, EDI, etc.).<\/li>\n<li>Int\u00e9grez-le de mani\u00e8re transparente au package de comptes clients de votre choix, sans nouvelle saisie.<\/li>\n<\/ul>\n\t\t\tStakeholders\n\t\t<h3>\n\t\t\tUne solution avec des avantages pour toute votre \u00e9quipe\n\t\t<\/h3>\n\t\t\t\t\t\t\t<img decoding=\"async\" src=\"https:\/\/myparadigm.com\/wp-content\/uploads\/2023\/07\/Glass-Worker.png\" alt=\"Glass Worker\" \/>\n\t\t<h4>\u00c9quipe de production<\/h4>\n\t\t\t<p>Am\u00e9liorez les op\u00e9rations de l&rsquo;usine en \u00e9liminant la double entr\u00e9e, en acc\u00e9l\u00e9rant le processus de fabrication et en r\u00e9duisant les niveaux de stocks. Paradigm Nexus vous permet de garantir que vous produirez exactement ce qui a \u00e9t\u00e9 command\u00e9 et que vous le livrerez \u00e0 temps. <\/p>\t\t\n\t\t\t\t\t\t\t<img decoding=\"async\" src=\"https:\/\/myparadigm.com\/wp-content\/uploads\/2023\/07\/IT-Person.png\" alt=\"IT Person\" \/>\n\t\t<h4>\u00c9quipe informatique<\/h4>\n\t\t\t<p>Simplifiez votre pile technologique et \u00e9liminez les maux de t\u00eate associ\u00e9s \u00e0 la personnalisation d&rsquo;une solution ERP g\u00e9n\u00e9rique. Les fonctionnalit\u00e9s con\u00e7ues pour le secteur de la construction sont fournies en standard avec Paradigm Nexus, ce qui facilite la configuration et la maintenance. <\/p>\t\t\n\t\t\t\t\t\t\t<img decoding=\"async\" src=\"https:\/\/myparadigm.com\/wp-content\/uploads\/2023\/07\/Management-Team.png\" alt=\"Management Team\" \/>\n\t\t<h4>\u00c9quipe de direction<\/h4>\n\t\t\t<p>Augmentez vos profits en int\u00e9grant de mani\u00e8re transparente les ventes, les achats, les stocks, la production et la livraison pour optimiser vos processus commerciaux. Obtenez des informations pr\u00e9cieuses et prenez des d\u00e9cisions plus intelligentes gr\u00e2ce aux rapports Paradigm Nexus. <\/p>\t\t\n\t\t\tAvantages\n\t\t<h2>\n\t\t\tFonctionnalit\u00e9s essentielles dont vous avez besoin, avec une approche sectorielle que vous allez adorer\n\t\t<\/h2>\n\t\t\t<p>Le paysage ERP regorge de solutions universelles. Ceci n&rsquo;en fait pas partie. Nous avons d\u00e9velopp\u00e9 Paradigm Nexus sp\u00e9cifiquement pour ce secteur, il est donc enti\u00e8rement adapt\u00e9 \u00e0 vos produits et processus.<\/p>\t\t\n\t\t\t\t<h5 itemprop=\"name description\">Planification de la production<\/h5>\n\t\t\t\t<ul>\n<li>Surveiller le carnet de commandes et planifier les lots en fonction de la m\u00e9thodologie JIT.<\/li>\n<li>Surveillez la capacit\u00e9 de production et effectuez des ajustements en temps r\u00e9el.<\/li>\n<li>Produire des sous-ensembles de nomenclature de bon de travail \u00e0 diff\u00e9rentes dates.<\/li>\n<li>Prenez en compte les commandes en souffrance, les reprises et autres exceptions.<\/li>\n<\/ul>\n\t\t\t\t<h5 itemprop=\"name description\">Achats et gestion des stocks<\/h5>\n\t\t\t\t<ul>\n<li>Suivez l&rsquo;inventaire perp\u00e9tuel en fonction des bons de travail configur\u00e9s et command\u00e9s depuis Paradigm Omni.<\/li>\n<li>D\u00e9finissez des points de r\u00e9approvisionnement automatiques avec les fournisseurs pr\u00e9f\u00e9r\u00e9s pour les articles en stock.<\/li>\n<li>Marquer les composants non stock\u00e9s dans les nomenclatures des bons de travail pour l&rsquo;achat.<\/li>\n<li>Journal d&rsquo;inventaire au niveau des transactions.<\/li>\n<li>Cr\u00e9ez et recevez des bons de commande pour les articles en stock et hors stock.<\/li>\n<li>Effectuer des inventaires cycliques et physiques.<\/li>\n<li>Suivez et transf\u00e9rez l&rsquo;inventaire sur plusieurs sites.<\/li>\n<li>Prise en charge multidevises pour les fournisseurs internationaux.<\/li>\n<li>Automatisez les achats en stock et hors stock en fonction des pr\u00e9f\u00e9rences d&rsquo;achat et des facteurs KanBan.<\/li>\n<\/ul>\n\t\t\t\t<h5 itemprop=\"name description\">Fabrication<\/h5>\n\t\t\t\t<ul>\n<li>G\u00e9rez un atelier sans papier.<\/li>\n<li>G\u00e9n\u00e9rez des rapports de production, des listes de coupes, des \u00e9tiquettes et d&rsquo;autres documents d&rsquo;atelier.<\/li>\n<li>Maximisez l&rsquo;utilisation des mati\u00e8res premi\u00e8res gr\u00e2ce \u00e0 l&rsquo;optimisation lin\u00e9aire.<\/li>\n<li>Utilisez les codes-barres pour suivre l&rsquo;\u00e9tat des bons de travail et des sous-ensembles.<\/li>\n<\/ul>\n\t\t\t\t<h5 itemprop=\"name description\">Exp\u00e9dition<\/h5>\n\t\t\t\t<ul>\n<li>G\u00e9rez la flotte et planifiez \u00e0 l&rsquo;avance en fonction des exigences de livraison de Paradigm Omni.<\/li>\n<li>Chargez \u00e0 temps et en s\u00e9quence.<\/li>\n<li>D\u00e9tectez automatiquement les commandes en souffrance.<\/li>\n<li>G\u00e9n\u00e9rez des documents d&rsquo;exp\u00e9dition pour les clients, les douanes, les livraisons par des tiers, etc.<\/li>\n<\/ul>\n\t\t\t\t<h5 itemprop=\"name description\">Facturation<\/h5>\n\t\t\t\t<ul>\n<li>G\u00e9n\u00e9rez des factures bas\u00e9es sur les prix de Paradigm Omni.<\/li>\n<li>Appliquez des notes de cr\u00e9dit.<\/li>\n<li>G\u00e9rez diff\u00e9rentes taxes et devises.<\/li>\n<li>Appliquez automatiquement les r\u00e9ductions.<\/li>\n<\/ul>\n\t\t\tCompl\u00e9ments de produits\n\t\t<h2>\n\t\t\tAugmentez la valeur de Paradigm Nexus avec un module compl\u00e9mentaire\n\t\t<\/h2>\n\t\t\t<p>Les modules compl\u00e9mentaires sont des modules facultatifs et des am\u00e9liorations qui peuvent \u00eatre ajout\u00e9s \u00e0 tout moment.Modernisez votre flotte avec le module compl\u00e9mentaire Paradigm Delivery. Ce logiciel de preuve de livraison adapt\u00e9 aux appareils mobiles permet aux chauffeurs de num\u00e9riser les unit\u00e9s livr\u00e9es, de d\u00e9clencher une facturation en temps r\u00e9el, de prendre des photos et de capturer des signatures \u00e9lectroniques sur le terrain.<\/p>\t\t\n\t\t\t<a href=\"\/software\/paradigm-nexus\/paradigm-delivery\" target=\"_self\" rel=\"noopener\">\n\t\t\t\t\t\t\tEn savoir plus\n\t\t\t<\/a>\n\t\t\t\t\t\t\t\t\t<img loading=\"lazy\" decoding=\"async\" src=\"https:\/\/myparadigm.com\/wp-content\/uploads\/2023\/11\/Paradigm-Nexus-Increase-Value-Scan-Delivered-Units-Realtime-Billing-Electronic-Signatures-UI-1.png\" alt=\"Paradigm Nexus Increase Value Scan Delivered Units Realtime Billing Electronic Signatures UI\" itemprop=\"image\" height=\"4000\" width=\"2583\" srcset=\"https:\/\/myparadigm.com\/wp-content\/uploads\/2023\/11\/Paradigm-Nexus-Increase-Value-Scan-Delivered-Units-Realtime-Billing-Electronic-Signatures-UI-1.png 2583w, https:\/\/myparadigm.com\/wp-content\/uploads\/2023\/11\/Paradigm-Nexus-Increase-Value-Scan-Delivered-Units-Realtime-Billing-Electronic-Signatures-UI-1-194x300.png 194w, https:\/\/myparadigm.com\/wp-content\/uploads\/2023\/11\/Paradigm-Nexus-Increase-Value-Scan-Delivered-Units-Realtime-Billing-Electronic-Signatures-UI-1-661x1024.png 661w, https:\/\/myparadigm.com\/wp-content\/uploads\/2023\/11\/Paradigm-Nexus-Increase-Value-Scan-Delivered-Units-Realtime-Billing-Electronic-Signatures-UI-1-768x1189.png 768w, https:\/\/myparadigm.com\/wp-content\/uploads\/2023\/11\/Paradigm-Nexus-Increase-Value-Scan-Delivered-Units-Realtime-Billing-Electronic-Signatures-UI-1-992x1536.png 992w, https:\/\/myparadigm.com\/wp-content\/uploads\/2023\/11\/Paradigm-Nexus-Increase-Value-Scan-Delivered-Units-Realtime-Billing-Electronic-Signatures-UI-1-1322x2048.png 1322w\" sizes=\"auto, (max-width: 2583px) 100vw, 2583px\" title=\"Paradigm Nexus Increase Value Scan Delivered Units Realtime Billing Electronic Signatures UI\" onerror=\"this.style.display='none'\"  \/>\n\t\t<h2>\n\t\t\tUne expertise quand vous en avez besoin\n\t\t<\/h2>\n\t\t\t<p>Chaque client Paradigm se voit attribuer une \u00e9quipe de services professionnels pour l&rsquo;aider \u00e0 assurer son succ\u00e8s avec Paradigm Nexus. De la mise en \u0153uvre au travail de projet apr\u00e8s la mise en production, notre \u00e9quipe d&rsquo;experts du secteur est l\u00e0 pour vous aider \u00e0 chaque \u00e9tape du processus.<\/p>\t\t\n\t\t\t<a href=\"https:\/\/myparadigm.com\/fr\/resources\/customer-success\/professional-services\/\" target=\"_self\" rel=\"noopener\">\n\t\t\t\t\t\t\tEn savoir plus\n\t\t\t<\/a>\n\t\t\tParadigm News\n\t\t<h2>\n\t\t\tActualit\u00e9s nouvelles\n\t\t<\/h2>\n\t\t\t<p>Lisez les derni\u00e8res nouveaut\u00e9s sur le logiciel ERP de Paradigm.<\/p>\t\t\n\n","protected":false},"excerpt":{"rendered":"<p>Logiciel ERP Paradigm Nexus\u2122 est un logiciel de planification des ressources d&rsquo;entreprise (logiciel ERP) enti\u00e8rement int\u00e9gr\u00e9 destin\u00e9 aux fabricants de l&rsquo;industrie de la fenestration. En savoir plus Careers Menu Paradigm Nexus Paradigm Delivery Paradigm Nexus Votre cl\u00e9 de l&rsquo;excellence op\u00e9rationnelle Paradigm Nexus s&rsquo;appuie sur Paradigm Omni, notre solution de devis et de vente, pour fournir&hellip;<\/p>\n","protected":false},"author":7,"featured_media":0,"parent":14256,"menu_order":30,"comment_status":"closed","ping_status":"closed","template":"","meta":{"_acf_changed":false,"footnotes":""},"page_categories":[],"class_list":["post-14282","page","type-page","status-publish","hentry"],"acf":[],"yoast_head":"<!-- This site is optimized with the Yoast SEO Premium plugin v27.2 (Yoast SEO v27.2) - https:\/\/yoast.com\/product\/yoast-seo-premium-wordpress\/ -->\n<title>Paradigm Nexus - Paradigm Technology<\/title>\n<meta name=\"description\" content=\"Paradigm Nexus\u2122 est un logiciel de planification des ressources d&#039;entreprise (logiciel ERP) enti\u00e8rement int\u00e9gr\u00e9 destin\u00e9 aux fabricants de l\" \/>\n<meta name=\"robots\" content=\"index, follow, max-snippet:-1, max-image-preview:large, max-video-preview:-1\" \/>\n<link rel=\"canonical\" href=\"https:\/\/myparadigm.com\/fr\/solutions\/paradigm-nexus\/\" \/>\n<meta property=\"og:locale\" content=\"fr_FR\" \/>\n<meta property=\"og:type\" content=\"article\" \/>\n<meta property=\"og:title\" content=\"Paradigm Nexus\" \/>\n<meta property=\"og:description\" content=\"Paradigm Nexus\u2122 est un logiciel de planification des ressources d&#039;entreprise (logiciel ERP) enti\u00e8rement int\u00e9gr\u00e9 destin\u00e9 aux fabricants de l\" \/>\n<meta property=\"og:url\" content=\"https:\/\/myparadigm.com\/fr\/solutions\/paradigm-nexus\/\" \/>\n<meta property=\"og:site_name\" content=\"Paradigm Technology\" \/>\n<meta property=\"article:publisher\" content=\"https:\/\/www.facebook.com\/myParadigmTechnology\/\" \/>\n<meta property=\"article:modified_time\" content=\"2024-12-03T22:23:06+00:00\" \/>\n<meta property=\"og:image\" content=\"https:\/\/myparadigm.com\/wp-content\/uploads\/2023\/07\/ParadigmNexus-white-e1701714252303.png\" \/>\n<meta name=\"twitter:card\" content=\"summary_large_image\" \/>\n<meta name=\"twitter:label1\" content=\"Dur\u00e9e de lecture estim\u00e9e\" \/>\n\t<meta name=\"twitter:data1\" content=\"6 minutes\" \/>\n<script type=\"application\/ld+json\" class=\"yoast-schema-graph\">{\"@context\":\"https:\/\/schema.org\",\"@graph\":[{\"@type\":\"WebPage\",\"@id\":\"https:\/\/myparadigm.com\/fr\/solutions\/paradigm-nexus\/\",\"url\":\"https:\/\/myparadigm.com\/fr\/solutions\/paradigm-nexus\/\",\"name\":\"Paradigm Nexus - Paradigm Technology\",\"isPartOf\":{\"@id\":\"https:\/\/myparadigm.com\/#website\"},\"primaryImageOfPage\":{\"@id\":\"https:\/\/myparadigm.com\/fr\/solutions\/paradigm-nexus\/#primaryimage\"},\"image\":{\"@id\":\"https:\/\/myparadigm.com\/fr\/solutions\/paradigm-nexus\/#primaryimage\"},\"thumbnailUrl\":\"https:\/\/myparadigm.com\/wp-content\/uploads\/2023\/07\/ParadigmNexus-white-e1701714252303.png\",\"datePublished\":\"2023-03-15T18:16:22+00:00\",\"dateModified\":\"2024-12-03T22:23:06+00:00\",\"description\":\"Paradigm Nexus\u2122 est un logiciel de planification des ressources d'entreprise (logiciel ERP) enti\u00e8rement int\u00e9gr\u00e9 destin\u00e9 aux fabricants de l\",\"breadcrumb\":{\"@id\":\"https:\/\/myparadigm.com\/fr\/solutions\/paradigm-nexus\/#breadcrumb\"},\"inLanguage\":\"fr-FR\",\"potentialAction\":[{\"@type\":\"ReadAction\",\"target\":[\"https:\/\/myparadigm.com\/fr\/solutions\/paradigm-nexus\/\"]}]},{\"@type\":\"ImageObject\",\"inLanguage\":\"fr-FR\",\"@id\":\"https:\/\/myparadigm.com\/fr\/solutions\/paradigm-nexus\/#primaryimage\",\"url\":\"https:\/\/myparadigm.com\/wp-content\/uploads\/2023\/07\/ParadigmNexus-white-e1701714252303.png\",\"contentUrl\":\"https:\/\/myparadigm.com\/wp-content\/uploads\/2023\/07\/ParadigmNexus-white-e1701714252303.png\"},{\"@type\":\"BreadcrumbList\",\"@id\":\"https:\/\/myparadigm.com\/fr\/solutions\/paradigm-nexus\/#breadcrumb\",\"itemListElement\":[{\"@type\":\"ListItem\",\"position\":1,\"name\":\"Home\",\"item\":\"https:\/\/myparadigm.com\/fr\/home\/\"},{\"@type\":\"ListItem\",\"position\":2,\"name\":\"Solutions\",\"item\":\"https:\/\/myparadigm.com\/software\/\"},{\"@type\":\"ListItem\",\"position\":3,\"name\":\"Paradigm Nexus\"}]},{\"@type\":\"WebSite\",\"@id\":\"https:\/\/myparadigm.com\/#website\",\"url\":\"https:\/\/myparadigm.com\/\",\"name\":\"Paradigm Technology\",\"description\":\"Software for the Building Industry\",\"publisher\":{\"@id\":\"https:\/\/myparadigm.com\/#organization\"},\"potentialAction\":[{\"@type\":\"SearchAction\",\"target\":{\"@type\":\"EntryPoint\",\"urlTemplate\":\"https:\/\/myparadigm.com\/?s={search_term_string}\"},\"query-input\":{\"@type\":\"PropertyValueSpecification\",\"valueRequired\":true,\"valueName\":\"search_term_string\"}}],\"inLanguage\":\"fr-FR\"},{\"@type\":\"Organization\",\"@id\":\"https:\/\/myparadigm.com\/#organization\",\"name\":\"Paradigm Technology\",\"url\":\"https:\/\/myparadigm.com\/\",\"logo\":{\"@type\":\"ImageObject\",\"inLanguage\":\"fr-FR\",\"@id\":\"https:\/\/myparadigm.com\/#\/schema\/logo\/image\/\",\"url\":\"https:\/\/myparadigm.com\/wp-content\/uploads\/2023\/12\/Paradigm_favicon_web_p.jpg\",\"contentUrl\":\"https:\/\/myparadigm.com\/wp-content\/uploads\/2023\/12\/Paradigm_favicon_web_p.jpg\",\"width\":512,\"height\":512,\"caption\":\"Paradigm Technology\"},\"image\":{\"@id\":\"https:\/\/myparadigm.com\/#\/schema\/logo\/image\/\"},\"sameAs\":[\"https:\/\/www.facebook.com\/myParadigmTechnology\/\",\"https:\/\/www.linkedin.com\/company\/myParadigmTechnology\/\",\"https:\/\/www.youtube.com\/channel\/UC8khFPtIe_j0A7K0zLL5VBA\"]}]}<\/script>\n<!-- \/ Yoast SEO Premium plugin. -->","yoast_head_json":{"title":"Paradigm Nexus - Paradigm Technology","description":"Paradigm Nexus\u2122 est un logiciel de planification des ressources d'entreprise (logiciel ERP) enti\u00e8rement int\u00e9gr\u00e9 destin\u00e9 aux fabricants de l","robots":{"index":"index","follow":"follow","max-snippet":"max-snippet:-1","max-image-preview":"max-image-preview:large","max-video-preview":"max-video-preview:-1"},"canonical":"https:\/\/myparadigm.com\/fr\/solutions\/paradigm-nexus\/","og_locale":"fr_FR","og_type":"article","og_title":"Paradigm Nexus","og_description":"Paradigm Nexus\u2122 est un logiciel de planification des ressources d'entreprise (logiciel ERP) enti\u00e8rement int\u00e9gr\u00e9 destin\u00e9 aux fabricants de l","og_url":"https:\/\/myparadigm.com\/fr\/solutions\/paradigm-nexus\/","og_site_name":"Paradigm Technology","article_publisher":"https:\/\/www.facebook.com\/myParadigmTechnology\/","article_modified_time":"2024-12-03T22:23:06+00:00","og_image":[{"url":"https:\/\/myparadigm.com\/wp-content\/uploads\/2023\/07\/ParadigmNexus-white-e1701714252303.png","type":"","width":"","height":""}],"twitter_card":"summary_large_image","twitter_misc":{"Dur\u00e9e de lecture estim\u00e9e":"6 minutes"},"schema":{"@context":"https:\/\/schema.org","@graph":[{"@type":"WebPage","@id":"https:\/\/myparadigm.com\/fr\/solutions\/paradigm-nexus\/","url":"https:\/\/myparadigm.com\/fr\/solutions\/paradigm-nexus\/","name":"Paradigm Nexus - Paradigm Technology","isPartOf":{"@id":"https:\/\/myparadigm.com\/#website"},"primaryImageOfPage":{"@id":"https:\/\/myparadigm.com\/fr\/solutions\/paradigm-nexus\/#primaryimage"},"image":{"@id":"https:\/\/myparadigm.com\/fr\/solutions\/paradigm-nexus\/#primaryimage"},"thumbnailUrl":"https:\/\/myparadigm.com\/wp-content\/uploads\/2023\/07\/ParadigmNexus-white-e1701714252303.png","datePublished":"2023-03-15T18:16:22+00:00","dateModified":"2024-12-03T22:23:06+00:00","description":"Paradigm Nexus\u2122 est un logiciel de planification des ressources d'entreprise (logiciel ERP) enti\u00e8rement int\u00e9gr\u00e9 destin\u00e9 aux fabricants de l","breadcrumb":{"@id":"https:\/\/myparadigm.com\/fr\/solutions\/paradigm-nexus\/#breadcrumb"},"inLanguage":"fr-FR","potentialAction":[{"@type":"ReadAction","target":["https:\/\/myparadigm.com\/fr\/solutions\/paradigm-nexus\/"]}]},{"@type":"ImageObject","inLanguage":"fr-FR","@id":"https:\/\/myparadigm.com\/fr\/solutions\/paradigm-nexus\/#primaryimage","url":"https:\/\/myparadigm.com\/wp-content\/uploads\/2023\/07\/ParadigmNexus-white-e1701714252303.png","contentUrl":"https:\/\/myparadigm.com\/wp-content\/uploads\/2023\/07\/ParadigmNexus-white-e1701714252303.png"},{"@type":"BreadcrumbList","@id":"https:\/\/myparadigm.com\/fr\/solutions\/paradigm-nexus\/#breadcrumb","itemListElement":[{"@type":"ListItem","position":1,"name":"Home","item":"https:\/\/myparadigm.com\/fr\/home\/"},{"@type":"ListItem","position":2,"name":"Solutions","item":"https:\/\/myparadigm.com\/software\/"},{"@type":"ListItem","position":3,"name":"Paradigm Nexus"}]},{"@type":"WebSite","@id":"https:\/\/myparadigm.com\/#website","url":"https:\/\/myparadigm.com\/","name":"Paradigm Technology","description":"Software for the Building Industry","publisher":{"@id":"https:\/\/myparadigm.com\/#organization"},"potentialAction":[{"@type":"SearchAction","target":{"@type":"EntryPoint","urlTemplate":"https:\/\/myparadigm.com\/?s={search_term_string}"},"query-input":{"@type":"PropertyValueSpecification","valueRequired":true,"valueName":"search_term_string"}}],"inLanguage":"fr-FR"},{"@type":"Organization","@id":"https:\/\/myparadigm.com\/#organization","name":"Paradigm Technology","url":"https:\/\/myparadigm.com\/","logo":{"@type":"ImageObject","inLanguage":"fr-FR","@id":"https:\/\/myparadigm.com\/#\/schema\/logo\/image\/","url":"https:\/\/myparadigm.com\/wp-content\/uploads\/2023\/12\/Paradigm_favicon_web_p.jpg","contentUrl":"https:\/\/myparadigm.com\/wp-content\/uploads\/2023\/12\/Paradigm_favicon_web_p.jpg","width":512,"height":512,"caption":"Paradigm Technology"},"image":{"@id":"https:\/\/myparadigm.com\/#\/schema\/logo\/image\/"},"sameAs":["https:\/\/www.facebook.com\/myParadigmTechnology\/","https:\/\/www.linkedin.com\/company\/myParadigmTechnology\/","https:\/\/www.youtube.com\/channel\/UC8khFPtIe_j0A7K0zLL5VBA"]}]}},"_links":{"self":[{"href":"https:\/\/myparadigm.com\/fr\/wp-json\/wp\/v2\/pages\/14282","targetHints":{"allow":["GET"]}}],"collection":[{"href":"https:\/\/myparadigm.com\/fr\/wp-json\/wp\/v2\/pages"}],"about":[{"href":"https:\/\/myparadigm.com\/fr\/wp-json\/wp\/v2\/types\/page"}],"author":[{"embeddable":true,"href":"https:\/\/myparadigm.com\/fr\/wp-json\/wp\/v2\/users\/7"}],"replies":[{"embeddable":true,"href":"https:\/\/myparadigm.com\/fr\/wp-json\/wp\/v2\/comments?post=14282"}],"version-history":[{"count":0,"href":"https:\/\/myparadigm.com\/fr\/wp-json\/wp\/v2\/pages\/14282\/revisions"}],"up":[{"embeddable":true,"href":"https:\/\/myparadigm.com\/fr\/wp-json\/wp\/v2\/pages\/14256"}],"wp:attachment":[{"href":"https:\/\/myparadigm.com\/fr\/wp-json\/wp\/v2\/media?parent=14282"}],"wp:term":[{"taxonomy":"page_categories","embeddable":true,"href":"https:\/\/myparadigm.com\/fr\/wp-json\/wp\/v2\/page_categories?post=14282"}],"curies":[{"name":"wp","href":"https:\/\/api.w.org\/{rel}","templated":true}]}}