{"id":14281,"date":"2023-03-15T17:39:40","date_gmt":"2023-03-15T17:39:40","guid":{"rendered":"https:\/\/wtspstaging.wpengine.com\/industries\/distributeurs-de-portes\/"},"modified":"2024-12-07T17:10:11","modified_gmt":"2024-12-07T17:10:11","slug":"door-distributor-software","status":"publish","type":"page","link":"https:\/\/myparadigm.com\/fr\/industries\/door-distributor-software\/","title":{"rendered":"Distributeurs de portes en gros"},"content":{"rendered":"\n\n\t\t<h1>\n\t\t\tDistributeurs de portes en gros\n\t\t<\/h1>\n\t\t\t<p>Le domaine de la construction est le domaine de Paradigm, nous savons donc que les distributeurs de portes sont confront\u00e9s \u00e0 des d\u00e9fis uniques. De la production et de la distribution en deux \u00e9tapes \u00e0 la gestion de la disponibilit\u00e9 sp\u00e9cifique au march\u00e9, notre technologie aide les distributeurs \u00e0 am\u00e9liorer leur activit\u00e9. <\/p>\t\t\n\t\t\t<a href=\"https:\/\/myparadigm.com\/fr\/planifier-une-demonstration\/\" target=\"_self\" rel=\"noopener\">\n\t\t\t\t\t\t\tDemande de d\u00e9mo\n\t\t\t<\/a>\n\t\t\tParadigm Omni\u2122\n\t\t<h2>\n\t\t\tTechnologie de devis\n\t\t<\/h2>\n\t\t\t<p><a href=\"https:\/\/myparadigm.com\/fr\/solutions\/paradigm-omni\/\">La technologie de devis et de vente<\/a> \u00e0 la fine pointe de l&rsquo;industrie de Paradigm aide les distributeurs de porte \u00e0 augmenter leurs ventes, \u00e0 r\u00e9duire leurs co\u00fbts et \u00e0 am\u00e9liorer leur position concurrentielle.Paradigm Omni\u2122 est un logiciel de devis et de vente h\u00e9berg\u00e9 dans le cloud pour les portes et autres produits de construction hautement configurables.<\/p>\t\t\n\t<ul>\n\t\t\t<li>\n\t\t\t\tCr\u00e9e une exp\u00e9rience transparente pour vos clients sur tous les canaux de vente.\n\t\t\t<\/li>\n\t\t\t<li>\n\t\t\t\tRationalisez le processus de commande de produits complexes.\n\t\t\t<\/li>\n\t\t\t<li>\n\t\t\t\tFiltrez votre catalogue en fonction des exigences et des pr\u00e9f\u00e9rences du march\u00e9\n\t\t\t<\/li>\n\t\t\t<li>\n\t\t\t\tCombinez le service de devis quantitatifs Paradigm Estimate\u2122 pour simplifier vos estimations et vendre plus de portes.\n\t\t\t<\/li>\n\t\t\t<li>\n\t\t\t\tInt\u00e9grez de mani\u00e8re transparente Paradigm Omni \u00e0 votre pile technologique.\n\t\t\t<\/li>\n\t\t<\/ul>\n\t\t\t<a href=\"https:\/\/myparadigm.com\/fr\/solutions\/paradigm-omni\/\" target=\"_self\" rel=\"noopener\">\n\t\t\t\t\t\t\tEn savoir plus\n\t\t\t<\/a>\n\t\t\tParadigm Nexus\u2122\n\t\t<h2>\n\t\t\tTechnologie ERP\n\t\t<\/h2>\n\t\t\t<p>De la planification de la production et de la gestion des stocks \u00e0 l&rsquo;exp\u00e9dition et \u00e0 la facturation, <a href=\"https:\/\/myparadigm.com\/fr\/solutions\/nexus-du-paradigme\/\">la technologie ERP de Paradigm<\/a> est une solution int\u00e9gr\u00e9e pour g\u00e9rer les op\u00e9rations de votre usine.Paradigm Nexus est un ERP sp\u00e9cialement con\u00e7u pour le secteur du b\u00e2timent. Il peut vous aider \u00e0 rationaliser vos op\u00e9rations, \u00e0 gagner en efficacit\u00e9 et \u00e0 r\u00e9duire le gaspillage. <\/p>\t\t\n\t<ul>\n\t\t\t<li>\n\t\t\t\tTirez parti de modules allant de la planification et des achats \u00e0 l&rsquo;exp\u00e9dition et \u00e0 la facturation.\n\t\t\t<\/li>\n\t\t\t<li>\n\t\t\t\tAcc\u00e9dez aux statistiques de production pour optimiser les performances en temps r\u00e9el.\n\t\t\t<\/li>\n\t\t\t<li>\n\t\t\t\tMaximisez vos capacit\u00e9s de production, r\u00e9duisez les erreurs et minimisez le gaspillage.\n\t\t\t<\/li>\n\t\t\t<li>\n\t\t\t\tInt\u00e9grez Paradigm Omni pour une solution de bout en bout qui g\u00e8re la configuration, les devis, la vente, la production et l&rsquo;administration.\n\t\t\t<\/li>\n\t\t<\/ul>\n\t\t\t<a href=\"https:\/\/myparadigm.com\/fr\/solutions\/nexus-du-paradigme\/\" target=\"_self\" rel=\"noopener\">\n\t\t\t\t\t\t\tEn savoir plus\n\t\t\t<\/a>\n\t\t\tParadigm nouvelles\n\t\t<h2>\n\t\t\tActualit\u00e9s connexes\n\t\t<\/h2>\n\t\t\t<p>Mises \u00e0 jour, y compris des webinaires, des blogs et des \u00e9tudes de cas.<\/p>\t\t\n\n","protected":false},"excerpt":{"rendered":"<p>Distributeurs de portes en gros Le domaine de la construction est le domaine de Paradigm, nous savons donc que les distributeurs de portes sont confront\u00e9s \u00e0 des d\u00e9fis uniques. De la production et de la distribution en deux \u00e9tapes \u00e0 la gestion de la disponibilit\u00e9 sp\u00e9cifique au march\u00e9, notre technologie aide les distributeurs \u00e0 am\u00e9liorer&hellip;<\/p>\n","protected":false},"author":7,"featured_media":15404,"parent":14258,"menu_order":13,"comment_status":"closed","ping_status":"closed","template":"","meta":{"_acf_changed":false,"footnotes":""},"page_categories":[],"class_list":["post-14281","page","type-page","status-publish","has-post-thumbnail","hentry"],"acf":[],"yoast_head":"<!-- This site is optimized with the Yoast SEO Premium plugin v27.3 (Yoast SEO v27.3) - https:\/\/yoast.com\/product\/yoast-seo-premium-wordpress\/ -->\n<title>Distributeurs de portes en gros - Paradigm Technology<\/title>\n<meta name=\"description\" content=\"Le domaine de la construction est le domaine de Paradigm, nous savons donc que les distributeurs de portes sont confront\u00e9s \u00e0 des d\u00e9fis unique\" \/>\n<meta name=\"robots\" content=\"index, follow, max-snippet:-1, max-image-preview:large, max-video-preview:-1\" \/>\n<link rel=\"canonical\" href=\"https:\/\/myparadigm.com\/fr\/industries\/door-distributor-software\/\" \/>\n<meta property=\"og:locale\" content=\"fr_FR\" \/>\n<meta property=\"og:type\" content=\"article\" \/>\n<meta property=\"og:title\" content=\"Distributeurs de portes en gros\" \/>\n<meta property=\"og:description\" content=\"Le domaine de la construction est le domaine de Paradigm, nous savons donc que les distributeurs de portes sont confront\u00e9s \u00e0 des d\u00e9fis unique\" \/>\n<meta property=\"og:url\" content=\"https:\/\/myparadigm.com\/fr\/industries\/door-distributor-software\/\" \/>\n<meta property=\"og:site_name\" content=\"Paradigm Technology\" \/>\n<meta property=\"article:publisher\" content=\"https:\/\/www.facebook.com\/myParadigmTechnology\/\" \/>\n<meta property=\"article:modified_time\" content=\"2024-12-07T17:10:11+00:00\" \/>\n<meta property=\"og:image\" content=\"https:\/\/myparadigm.com\/wp-content\/uploads\/2023\/10\/Paradigm-Door-Distributors-and-Manufacturing-Quoting-Technology.png\" \/>\n\t<meta property=\"og:image:width\" content=\"2066\" \/>\n\t<meta property=\"og:image:height\" content=\"2556\" \/>\n\t<meta property=\"og:image:type\" content=\"image\/png\" \/>\n<meta name=\"twitter:card\" content=\"summary_large_image\" \/>\n<meta name=\"twitter:label1\" content=\"Dur\u00e9e de lecture estim\u00e9e\" \/>\n\t<meta name=\"twitter:data1\" content=\"2 minutes\" \/>\n<script type=\"application\/ld+json\" class=\"yoast-schema-graph\">{\"@context\":\"https:\\\/\\\/schema.org\",\"@graph\":[{\"@type\":\"WebPage\",\"@id\":\"https:\\\/\\\/myparadigm.com\\\/fr\\\/industries\\\/door-distributor-software\\\/\",\"url\":\"https:\\\/\\\/myparadigm.com\\\/fr\\\/industries\\\/door-distributor-software\\\/\",\"name\":\"Distributeurs de portes en gros - Paradigm Technology\",\"isPartOf\":{\"@id\":\"https:\\\/\\\/myparadigm.com\\\/#website\"},\"primaryImageOfPage\":{\"@id\":\"https:\\\/\\\/myparadigm.com\\\/fr\\\/industries\\\/door-distributor-software\\\/#primaryimage\"},\"image\":{\"@id\":\"https:\\\/\\\/myparadigm.com\\\/fr\\\/industries\\\/door-distributor-software\\\/#primaryimage\"},\"thumbnailUrl\":\"https:\\\/\\\/myparadigm.com\\\/wp-content\\\/uploads\\\/2023\\\/10\\\/Paradigm-Door-Distributors-and-Manufacturing-Quoting-Technology.png\",\"datePublished\":\"2023-03-15T17:39:40+00:00\",\"dateModified\":\"2024-12-07T17:10:11+00:00\",\"description\":\"Le domaine de la construction est le domaine de Paradigm, nous savons donc que les distributeurs de portes sont confront\u00e9s \u00e0 des d\u00e9fis unique\",\"breadcrumb\":{\"@id\":\"https:\\\/\\\/myparadigm.com\\\/fr\\\/industries\\\/door-distributor-software\\\/#breadcrumb\"},\"inLanguage\":\"fr-FR\",\"potentialAction\":[{\"@type\":\"ReadAction\",\"target\":[\"https:\\\/\\\/myparadigm.com\\\/fr\\\/industries\\\/door-distributor-software\\\/\"]}]},{\"@type\":\"ImageObject\",\"inLanguage\":\"fr-FR\",\"@id\":\"https:\\\/\\\/myparadigm.com\\\/fr\\\/industries\\\/door-distributor-software\\\/#primaryimage\",\"url\":\"https:\\\/\\\/myparadigm.com\\\/wp-content\\\/uploads\\\/2023\\\/10\\\/Paradigm-Door-Distributors-and-Manufacturing-Quoting-Technology.png\",\"contentUrl\":\"https:\\\/\\\/myparadigm.com\\\/wp-content\\\/uploads\\\/2023\\\/10\\\/Paradigm-Door-Distributors-and-Manufacturing-Quoting-Technology.png\",\"width\":2066,\"height\":2556},{\"@type\":\"BreadcrumbList\",\"@id\":\"https:\\\/\\\/myparadigm.com\\\/fr\\\/industries\\\/door-distributor-software\\\/#breadcrumb\",\"itemListElement\":[{\"@type\":\"ListItem\",\"position\":1,\"name\":\"Home\",\"item\":\"https:\\\/\\\/myparadigm.com\\\/fr\\\/home\\\/\"},{\"@type\":\"ListItem\",\"position\":2,\"name\":\"Industries\",\"item\":\"https:\\\/\\\/myparadigm.com\\\/?page_id=70\"},{\"@type\":\"ListItem\",\"position\":3,\"name\":\"Distributeurs de portes en gros\"}]},{\"@type\":\"WebSite\",\"@id\":\"https:\\\/\\\/myparadigm.com\\\/#website\",\"url\":\"https:\\\/\\\/myparadigm.com\\\/\",\"name\":\"Paradigm Technology\",\"description\":\"Software for the Building Industry\",\"publisher\":{\"@id\":\"https:\\\/\\\/myparadigm.com\\\/#organization\"},\"potentialAction\":[{\"@type\":\"SearchAction\",\"target\":{\"@type\":\"EntryPoint\",\"urlTemplate\":\"https:\\\/\\\/myparadigm.com\\\/?s={search_term_string}\"},\"query-input\":{\"@type\":\"PropertyValueSpecification\",\"valueRequired\":true,\"valueName\":\"search_term_string\"}}],\"inLanguage\":\"fr-FR\"},{\"@type\":\"Organization\",\"@id\":\"https:\\\/\\\/myparadigm.com\\\/#organization\",\"name\":\"Paradigm Technology\",\"url\":\"https:\\\/\\\/myparadigm.com\\\/\",\"logo\":{\"@type\":\"ImageObject\",\"inLanguage\":\"fr-FR\",\"@id\":\"https:\\\/\\\/myparadigm.com\\\/#\\\/schema\\\/logo\\\/image\\\/\",\"url\":\"https:\\\/\\\/myparadigm.com\\\/wp-content\\\/uploads\\\/2023\\\/12\\\/Paradigm_favicon_web_p.jpg\",\"contentUrl\":\"https:\\\/\\\/myparadigm.com\\\/wp-content\\\/uploads\\\/2023\\\/12\\\/Paradigm_favicon_web_p.jpg\",\"width\":512,\"height\":512,\"caption\":\"Paradigm Technology\"},\"image\":{\"@id\":\"https:\\\/\\\/myparadigm.com\\\/#\\\/schema\\\/logo\\\/image\\\/\"},\"sameAs\":[\"https:\\\/\\\/www.facebook.com\\\/myParadigmTechnology\\\/\",\"https:\\\/\\\/www.linkedin.com\\\/company\\\/myParadigmTechnology\\\/\",\"https:\\\/\\\/www.youtube.com\\\/channel\\\/UC8khFPtIe_j0A7K0zLL5VBA\"]}]}<\/script>\n<!-- \/ Yoast SEO Premium plugin. -->","yoast_head_json":{"title":"Distributeurs de portes en gros - Paradigm Technology","description":"Le domaine de la construction est le domaine de Paradigm, nous savons donc que les distributeurs de portes sont confront\u00e9s \u00e0 des d\u00e9fis unique","robots":{"index":"index","follow":"follow","max-snippet":"max-snippet:-1","max-image-preview":"max-image-preview:large","max-video-preview":"max-video-preview:-1"},"canonical":"https:\/\/myparadigm.com\/fr\/industries\/door-distributor-software\/","og_locale":"fr_FR","og_type":"article","og_title":"Distributeurs de portes en gros","og_description":"Le domaine de la construction est le domaine de Paradigm, nous savons donc que les distributeurs de portes sont confront\u00e9s \u00e0 des d\u00e9fis unique","og_url":"https:\/\/myparadigm.com\/fr\/industries\/door-distributor-software\/","og_site_name":"Paradigm Technology","article_publisher":"https:\/\/www.facebook.com\/myParadigmTechnology\/","article_modified_time":"2024-12-07T17:10:11+00:00","og_image":[{"width":2066,"height":2556,"url":"https:\/\/myparadigm.com\/wp-content\/uploads\/2023\/10\/Paradigm-Door-Distributors-and-Manufacturing-Quoting-Technology.png","type":"image\/png"}],"twitter_card":"summary_large_image","twitter_misc":{"Dur\u00e9e de lecture estim\u00e9e":"2 minutes"},"schema":{"@context":"https:\/\/schema.org","@graph":[{"@type":"WebPage","@id":"https:\/\/myparadigm.com\/fr\/industries\/door-distributor-software\/","url":"https:\/\/myparadigm.com\/fr\/industries\/door-distributor-software\/","name":"Distributeurs de portes en gros - Paradigm Technology","isPartOf":{"@id":"https:\/\/myparadigm.com\/#website"},"primaryImageOfPage":{"@id":"https:\/\/myparadigm.com\/fr\/industries\/door-distributor-software\/#primaryimage"},"image":{"@id":"https:\/\/myparadigm.com\/fr\/industries\/door-distributor-software\/#primaryimage"},"thumbnailUrl":"https:\/\/myparadigm.com\/wp-content\/uploads\/2023\/10\/Paradigm-Door-Distributors-and-Manufacturing-Quoting-Technology.png","datePublished":"2023-03-15T17:39:40+00:00","dateModified":"2024-12-07T17:10:11+00:00","description":"Le domaine de la construction est le domaine de Paradigm, nous savons donc que les distributeurs de portes sont confront\u00e9s \u00e0 des d\u00e9fis unique","breadcrumb":{"@id":"https:\/\/myparadigm.com\/fr\/industries\/door-distributor-software\/#breadcrumb"},"inLanguage":"fr-FR","potentialAction":[{"@type":"ReadAction","target":["https:\/\/myparadigm.com\/fr\/industries\/door-distributor-software\/"]}]},{"@type":"ImageObject","inLanguage":"fr-FR","@id":"https:\/\/myparadigm.com\/fr\/industries\/door-distributor-software\/#primaryimage","url":"https:\/\/myparadigm.com\/wp-content\/uploads\/2023\/10\/Paradigm-Door-Distributors-and-Manufacturing-Quoting-Technology.png","contentUrl":"https:\/\/myparadigm.com\/wp-content\/uploads\/2023\/10\/Paradigm-Door-Distributors-and-Manufacturing-Quoting-Technology.png","width":2066,"height":2556},{"@type":"BreadcrumbList","@id":"https:\/\/myparadigm.com\/fr\/industries\/door-distributor-software\/#breadcrumb","itemListElement":[{"@type":"ListItem","position":1,"name":"Home","item":"https:\/\/myparadigm.com\/fr\/home\/"},{"@type":"ListItem","position":2,"name":"Industries","item":"https:\/\/myparadigm.com\/?page_id=70"},{"@type":"ListItem","position":3,"name":"Distributeurs de portes en gros"}]},{"@type":"WebSite","@id":"https:\/\/myparadigm.com\/#website","url":"https:\/\/myparadigm.com\/","name":"Paradigm Technology","description":"Software for the Building Industry","publisher":{"@id":"https:\/\/myparadigm.com\/#organization"},"potentialAction":[{"@type":"SearchAction","target":{"@type":"EntryPoint","urlTemplate":"https:\/\/myparadigm.com\/?s={search_term_string}"},"query-input":{"@type":"PropertyValueSpecification","valueRequired":true,"valueName":"search_term_string"}}],"inLanguage":"fr-FR"},{"@type":"Organization","@id":"https:\/\/myparadigm.com\/#organization","name":"Paradigm Technology","url":"https:\/\/myparadigm.com\/","logo":{"@type":"ImageObject","inLanguage":"fr-FR","@id":"https:\/\/myparadigm.com\/#\/schema\/logo\/image\/","url":"https:\/\/myparadigm.com\/wp-content\/uploads\/2023\/12\/Paradigm_favicon_web_p.jpg","contentUrl":"https:\/\/myparadigm.com\/wp-content\/uploads\/2023\/12\/Paradigm_favicon_web_p.jpg","width":512,"height":512,"caption":"Paradigm Technology"},"image":{"@id":"https:\/\/myparadigm.com\/#\/schema\/logo\/image\/"},"sameAs":["https:\/\/www.facebook.com\/myParadigmTechnology\/","https:\/\/www.linkedin.com\/company\/myParadigmTechnology\/","https:\/\/www.youtube.com\/channel\/UC8khFPtIe_j0A7K0zLL5VBA"]}]}},"_links":{"self":[{"href":"https:\/\/myparadigm.com\/fr\/wp-json\/wp\/v2\/pages\/14281","targetHints":{"allow":["GET"]}}],"collection":[{"href":"https:\/\/myparadigm.com\/fr\/wp-json\/wp\/v2\/pages"}],"about":[{"href":"https:\/\/myparadigm.com\/fr\/wp-json\/wp\/v2\/types\/page"}],"author":[{"embeddable":true,"href":"https:\/\/myparadigm.com\/fr\/wp-json\/wp\/v2\/users\/7"}],"replies":[{"embeddable":true,"href":"https:\/\/myparadigm.com\/fr\/wp-json\/wp\/v2\/comments?post=14281"}],"version-history":[{"count":0,"href":"https:\/\/myparadigm.com\/fr\/wp-json\/wp\/v2\/pages\/14281\/revisions"}],"up":[{"embeddable":true,"href":"https:\/\/myparadigm.com\/fr\/wp-json\/wp\/v2\/pages\/14258"}],"wp:featuredmedia":[{"embeddable":true,"href":"https:\/\/myparadigm.com\/fr\/wp-json\/wp\/v2\/media\/15404"}],"wp:attachment":[{"href":"https:\/\/myparadigm.com\/fr\/wp-json\/wp\/v2\/media?parent=14281"}],"wp:term":[{"taxonomy":"page_categories","embeddable":true,"href":"https:\/\/myparadigm.com\/fr\/wp-json\/wp\/v2\/page_categories?post=14281"}],"curies":[{"name":"wp","href":"https:\/\/api.w.org\/{rel}","templated":true}]}}