{"id":14280,"date":"2023-03-13T21:21:32","date_gmt":"2023-03-13T21:21:32","guid":{"rendered":"https:\/\/wtspstaging.wpengine.com\/politique-de-confidentialite\/"},"modified":"2024-12-11T23:30:01","modified_gmt":"2024-12-11T23:30:01","slug":"privacy-policy","status":"publish","type":"page","link":"https:\/\/myparadigm.com\/fr\/privacy-policy\/","title":{"rendered":"Politique de confidentialit\u00e9"},"content":{"rendered":"\n\n\t\t\n\t<p><strong>Derni\u00e8re mise \u00e0 jour: le 24 mai 2018<\/strong><\/p>\n\t<p>Le traitement de vos donn\u00e9es personnelles est effectu\u00e9 par 360 INNOVATIONS, en tant que responsable du traitement des donn\u00e9es. 360 INNOVATIONS est situ\u00e9 au 33, quai Arloing, 69009 Lyon, France et vous pouvez nous contacter en nous \u00e9crivant \u00e0 contacteznous@myparadigm.com.\u00a0<\/p>\n<p>360 INNOVATIONS s&rsquo;engage \u00e0 traiter vos donn\u00e9es personnelles dans le respect des lois et r\u00e8glements applicables, et notamment de la loi n \u00b0 78-17 du 6 janvier 1978 relative \u00e0 l&rsquo;informatique, aux fichiers et aux libert\u00e9s (ci-apr\u00e8s la \u00ab Loi Informatique et Libert\u00e9s \u00bb) et le R\u00e8glement g\u00e9n\u00e9ral sur la protection des donn\u00e9es (ci-apr\u00e8s le \u00ab\u00a0<b>RGPD<\/b>\u00ab\u00a0).\u00a0<\/p>\n<ol>\n<li><b>Donn\u00e9es personnelles collect\u00e9es<\/b><\/li>\n<\/ol>\n<p>360 INNOVATIONS traite vos donn\u00e9es personnelles collect\u00e9es via notre site internet situ\u00e9 \u00e0 https:\/\/myparadigm.com\/fr\/ (notre \u00ab\u00a0Site web\u00a0\u00bb), et notamment:\u00a0<\/p>\n<ul>\n<li data-leveltext=\"\uf0b7\" data-font=\"Symbol\" data-listid=\"38\" data-list-defn-props=\"{&quot;335552541&quot;:1,&quot;335559684&quot;:-2,&quot;335559685&quot;:720,&quot;335559991&quot;:360,&quot;469769226&quot;:&quot;Symbol&quot;,&quot;469769242&quot;:[8226],&quot;469777803&quot;:&quot;left&quot;,&quot;469777804&quot;:&quot;\uf0b7&quot;,&quot;469777815&quot;:&quot;multilevel&quot;}\" aria-setsize=\"-1\" data-aria-posinset=\"1\" data-aria-level=\"1\">Votre nom;\u00a0<\/li>\n<li data-leveltext=\"\uf0b7\" data-font=\"Symbol\" data-listid=\"38\" data-list-defn-props=\"{&quot;335552541&quot;:1,&quot;335559684&quot;:-2,&quot;335559685&quot;:720,&quot;335559991&quot;:360,&quot;469769226&quot;:&quot;Symbol&quot;,&quot;469769242&quot;:[8226],&quot;469777803&quot;:&quot;left&quot;,&quot;469777804&quot;:&quot;\uf0b7&quot;,&quot;469777815&quot;:&quot;multilevel&quot;}\" aria-setsize=\"-1\" data-aria-posinset=\"2\" data-aria-level=\"1\">Le nom de votre employeur;\u00a0<\/li>\n<li data-leveltext=\"\uf0b7\" data-font=\"Symbol\" data-listid=\"38\" data-list-defn-props=\"{&quot;335552541&quot;:1,&quot;335559684&quot;:-2,&quot;335559685&quot;:720,&quot;335559991&quot;:360,&quot;469769226&quot;:&quot;Symbol&quot;,&quot;469769242&quot;:[8226],&quot;469777803&quot;:&quot;left&quot;,&quot;469777804&quot;:&quot;\uf0b7&quot;,&quot;469777815&quot;:&quot;multilevel&quot;}\" aria-setsize=\"-1\" data-aria-posinset=\"3\" data-aria-level=\"1\">Votre adresse email;\u00a0<\/li>\n<li data-leveltext=\"\uf0b7\" data-font=\"Symbol\" data-listid=\"38\" data-list-defn-props=\"{&quot;335552541&quot;:1,&quot;335559684&quot;:-2,&quot;335559685&quot;:720,&quot;335559991&quot;:360,&quot;469769226&quot;:&quot;Symbol&quot;,&quot;469769242&quot;:[8226],&quot;469777803&quot;:&quot;left&quot;,&quot;469777804&quot;:&quot;\uf0b7&quot;,&quot;469777815&quot;:&quot;multilevel&quot;}\" aria-setsize=\"-1\" data-aria-posinset=\"4\" data-aria-level=\"1\">Votre num\u00e9ro de t\u00e9l\u00e9phone;\u00a0<\/li>\n<li data-leveltext=\"\uf0b7\" data-font=\"Symbol\" data-listid=\"38\" data-list-defn-props=\"{&quot;335552541&quot;:1,&quot;335559684&quot;:-2,&quot;335559685&quot;:720,&quot;335559991&quot;:360,&quot;469769226&quot;:&quot;Symbol&quot;,&quot;469769242&quot;:[8226],&quot;469777803&quot;:&quot;left&quot;,&quot;469777804&quot;:&quot;\uf0b7&quot;,&quot;469777815&quot;:&quot;multilevel&quot;}\" aria-setsize=\"-1\" data-aria-posinset=\"5\" data-aria-level=\"1\">Votre adresse;\u00a0<\/li>\n<li data-leveltext=\"\uf0b7\" data-font=\"Symbol\" data-listid=\"38\" data-list-defn-props=\"{&quot;335552541&quot;:1,&quot;335559684&quot;:-2,&quot;335559685&quot;:720,&quot;335559991&quot;:360,&quot;469769226&quot;:&quot;Symbol&quot;,&quot;469769242&quot;:[8226],&quot;469777803&quot;:&quot;left&quot;,&quot;469777804&quot;:&quot;\uf0b7&quot;,&quot;469777815&quot;:&quot;multilevel&quot;}\" aria-setsize=\"-1\" data-aria-posinset=\"6\" data-aria-level=\"1\">Votre adresse IP;\u00a0<\/li>\n<\/ul>\n<p>\u00a0<\/p>\n<ol start=\"2\">\n<li><b> Buts et base juridique du traitement des donn\u00e9es<\/b><\/li>\n<\/ol>\n<p>360 INNOVATIONS traite vos donn\u00e9es personnelles aux fins suivantes et sur la base l\u00e9gale suivante:\u00a0<\/p>\n<ul>\n<li data-leveltext=\"\uf0b7\" data-font=\"Symbol\" data-listid=\"39\" data-list-defn-props=\"{&quot;335552541&quot;:1,&quot;335559684&quot;:-2,&quot;335559685&quot;:720,&quot;335559991&quot;:360,&quot;469769226&quot;:&quot;Symbol&quot;,&quot;469769242&quot;:[8226],&quot;469777803&quot;:&quot;left&quot;,&quot;469777804&quot;:&quot;\uf0b7&quot;,&quot;469777815&quot;:&quot;multilevel&quot;}\" aria-setsize=\"-1\" data-aria-posinset=\"7\" data-aria-level=\"1\">Les informations collect\u00e9es sont n\u00e9cessaires pour la gestion de la relation client afin de vous fournir un support client, traiter les transactions, r\u00e9pondre \u00e0 vos demandes et solliciter vos opinions et vos commentaires. La base juridique de ce traitement est l&rsquo;ex\u00e9cution du contrat auquel vous \u00eates une partie.\u00a0<\/li>\n<li data-leveltext=\"\uf0b7\" data-font=\"Symbol\" data-listid=\"39\" data-list-defn-props=\"{&quot;335552541&quot;:1,&quot;335559684&quot;:-2,&quot;335559685&quot;:720,&quot;335559991&quot;:360,&quot;469769226&quot;:&quot;Symbol&quot;,&quot;469769242&quot;:[8226],&quot;469777803&quot;:&quot;left&quot;,&quot;469777804&quot;:&quot;\uf0b7&quot;,&quot;469777815&quot;:&quot;multilevel&quot;}\" aria-setsize=\"-1\" data-aria-posinset=\"8\" data-aria-level=\"1\">Les informations collect\u00e9es sont n\u00e9cessaires pour nous permettre d&rsquo;atteindre nos objectifs d&rsquo;am\u00e9lioration et de maintenance de notre site internet; d\u00e9velopper nos services; personnaliser le contenu pour vous; pr\u00e9venir les abus, les fraudes et les dommages imminents aux personnes ou aux biens. La base juridique de ces traitements est notre int\u00e9r\u00eat l\u00e9gitime tout en respectant vos droits.\u00a0<\/li>\n<li data-leveltext=\"\uf0b7\" data-font=\"Symbol\" data-listid=\"39\" data-list-defn-props=\"{&quot;335552541&quot;:1,&quot;335559684&quot;:-2,&quot;335559685&quot;:720,&quot;335559991&quot;:360,&quot;469769226&quot;:&quot;Symbol&quot;,&quot;469769242&quot;:[8226],&quot;469777803&quot;:&quot;left&quot;,&quot;469777804&quot;:&quot;\uf0b7&quot;,&quot;469777815&quot;:&quot;multilevel&quot;}\" aria-setsize=\"-1\" data-aria-posinset=\"9\" data-aria-level=\"1\">Les informations sont trait\u00e9es dans le but de vous envoyer des nouvelles et des mises \u00e0 jour et de vous proposer des services ou ceux de nos partenaires. Ce traitement repose sur l&rsquo;int\u00e9r\u00eat l\u00e9gitime de 360 INNOVATIONS \u00e0 fid\u00e9liser la client\u00e8le.\u00a0<\/li>\n<li data-leveltext=\"\uf0b7\" data-font=\"Symbol\" data-listid=\"39\" data-list-defn-props=\"{&quot;335552541&quot;:1,&quot;335559684&quot;:-2,&quot;335559685&quot;:720,&quot;335559991&quot;:360,&quot;469769226&quot;:&quot;Symbol&quot;,&quot;469769242&quot;:[8226],&quot;469777803&quot;:&quot;left&quot;,&quot;469777804&quot;:&quot;\uf0b7&quot;,&quot;469777815&quot;:&quot;multilevel&quot;}\" aria-setsize=\"-1\" data-aria-posinset=\"10\" data-aria-level=\"1\">Les informations collect\u00e9es sont n\u00e9cessaires pour vous fournir des publicit\u00e9s cibl\u00e9es. Ce traitement est bas\u00e9 sur votre consentement.\u00a0<\/li>\n<\/ul>\n<p>\u00a0<\/p>\n<ol start=\"3\">\n<li><b> Destinataires et transferts de donn\u00e9es personnelles en dehors de l&rsquo;Union europ\u00e9enne<\/b><\/li>\n<\/ol>\n<p>Les donn\u00e9es personnelles trait\u00e9es sont transmises \u00e0:\u00a0<\/p>\n<ul>\n<li data-leveltext=\"\uf0b7\" data-font=\"Symbol\" data-listid=\"40\" data-list-defn-props=\"{&quot;335552541&quot;:1,&quot;335559684&quot;:-2,&quot;335559685&quot;:720,&quot;335559991&quot;:360,&quot;469769226&quot;:&quot;Symbol&quot;,&quot;469769242&quot;:[8226],&quot;469777803&quot;:&quot;left&quot;,&quot;469777804&quot;:&quot;\uf0b7&quot;,&quot;469777815&quot;:&quot;multilevel&quot;}\" aria-setsize=\"-1\" data-aria-posinset=\"1\" data-aria-level=\"1\">Notre soci\u00e9t\u00e9 m\u00e8re, WTS Paradigm, LLC;\u00a0<\/li>\n<li data-leveltext=\"\uf0b7\" data-font=\"Symbol\" data-listid=\"40\" data-list-defn-props=\"{&quot;335552541&quot;:1,&quot;335559684&quot;:-2,&quot;335559685&quot;:720,&quot;335559991&quot;:360,&quot;469769226&quot;:&quot;Symbol&quot;,&quot;469769242&quot;:[8226],&quot;469777803&quot;:&quot;left&quot;,&quot;469777804&quot;:&quot;\uf0b7&quot;,&quot;469777815&quot;:&quot;multilevel&quot;}\" aria-setsize=\"-1\" data-aria-posinset=\"2\" data-aria-level=\"1\">Tiers pour l&rsquo;ex\u00e9cution de fonctions internes, telles que le service \u00e0 la client\u00e8le, les bulletins d&rsquo;information et les services de mailing, la maintenance, la s\u00e9curit\u00e9, l&rsquo;analyse de donn\u00e9es, l&rsquo;h\u00e9bergement de donn\u00e9es;\u00a0<\/li>\n<li data-leveltext=\"\uf0b7\" data-font=\"Symbol\" data-listid=\"40\" data-list-defn-props=\"{&quot;335552541&quot;:1,&quot;335559684&quot;:-2,&quot;335559685&quot;:720,&quot;335559991&quot;:360,&quot;469769226&quot;:&quot;Symbol&quot;,&quot;469769242&quot;:[8226],&quot;469777803&quot;:&quot;left&quot;,&quot;469777804&quot;:&quot;\uf0b7&quot;,&quot;469777815&quot;:&quot;multilevel&quot;}\" aria-setsize=\"-1\" data-aria-posinset=\"3\" data-aria-level=\"1\">Avocats externes;\u00a0<\/li>\n<li data-leveltext=\"\uf0b7\" data-font=\"Symbol\" data-listid=\"40\" data-list-defn-props=\"{&quot;335552541&quot;:1,&quot;335559684&quot;:-2,&quot;335559685&quot;:720,&quot;335559991&quot;:360,&quot;469769226&quot;:&quot;Symbol&quot;,&quot;469769242&quot;:[8226],&quot;469777803&quot;:&quot;left&quot;,&quot;469777804&quot;:&quot;\uf0b7&quot;,&quot;469777815&quot;:&quot;multilevel&quot;}\" aria-setsize=\"-1\" data-aria-posinset=\"4\" data-aria-level=\"1\">Agences de recouvrement; et,\u00a0<\/li>\n<li data-leveltext=\"\uf0b7\" data-font=\"Symbol\" data-listid=\"40\" data-list-defn-props=\"{&quot;335552541&quot;:1,&quot;335559684&quot;:-2,&quot;335559685&quot;:720,&quot;335559991&quot;:360,&quot;469769226&quot;:&quot;Symbol&quot;,&quot;469769242&quot;:[8226],&quot;469777803&quot;:&quot;left&quot;,&quot;469777804&quot;:&quot;\uf0b7&quot;,&quot;469777815&quot;:&quot;multilevel&quot;}\" aria-setsize=\"-1\" data-aria-posinset=\"5\" data-aria-level=\"1\">Autorit\u00e9s comp\u00e9tentes, si n\u00e9cessaire.\u00a0<\/li>\n<\/ul>\n<p>Veuillez noter que 360 INNOVATIONS transf\u00e8re certaines donn\u00e9es personnelles \u00e0 des fins de service client\u00e8le, newsletter et mailing, maintenance, s\u00e9curit\u00e9, analyse de donn\u00e9es, h\u00e9bergement de donn\u00e9es \u00e0 sa soci\u00e9t\u00e9 m\u00e8re, WTS Paradigm, LLC, situ\u00e9e aux \u00c9tats-Unis. Ce transfert est effectu\u00e9 dans le cadre d&rsquo;un accord de transfert de donn\u00e9es bas\u00e9 sur les clauses contractuelles types adopt\u00e9es par la Commission europ\u00e9enne.\u00a0<\/p>\n<ol start=\"4\">\n<li><b> Dur\u00e9e de r\u00e9tention des donn\u00e9es<\/b><\/li>\n<\/ol>\n<p>Nous conserverons vos donn\u00e9es personnelles aussi longtemps que n\u00e9cessaire pour g\u00e9rer nos relations d&rsquo;affaires et pour une dur\u00e9e de trois (3) ans \u00e0 compter de notre dernier contact. En outre, 360 INNOVATIONS peut archiver vos donn\u00e9es personnelles pendant les p\u00e9riodes de limitation applicables.\u00a0<\/p>\n<p>En ce qui concerne les donn\u00e9es relatives aux cookies, nous ne les conserverons pas plus de treize (13) mois.\u00a0<\/p>\n<ol start=\"5\">\n<li><b> Droits de la personne concern\u00e9e<\/b><\/li>\n<\/ol>\n<p>Conform\u00e9ment \u00e0 la r\u00e9glementation applicable, vous disposez d&rsquo;un droit d&rsquo;acc\u00e8s, de rectification, de suppression et de transf\u00e9rabilit\u00e9 de vos donn\u00e9es personnelles, ainsi que du droit de d\u00e9finir des consignes concernant le devenir de vos donn\u00e9es personnelles apr\u00e8s votre d\u00e9c\u00e8s. Vous pouvez \u00e9galement demander la limitation, ou vous opposer au traitement de vos Donn\u00e9es Personnelles pour des motifs li\u00e9s \u00e0 votre situation particuli\u00e8re et \/ ou adresser une r\u00e9clamation \u00e0 la CNIL (Commission Nationale Informatique et Libert\u00e9s, 3 place de Fontenoy, 75007 Paris).\u00a0<\/p>\n<p>Vous pouvez \u00e9galement, \u00e0 tout moment et sans motif, vous opposer au traitement de vos donn\u00e9es personnelles \u00e0 des fins de marketing. Vous pouvez exercer ces droits en contactant\u202f<a href=\"mailto:contactus@wtsparadigm.com\">contactus@wtsparadigm.com<\/a>.\u00a0<\/p>\n<p>\u202f\u00a0<\/p>\n<ol start=\"6\">\n<li><b> Protection de vos donn\u00e9es personnelles<\/b><\/li>\n<\/ol>\n<p>Conform\u00e9ment \u00e0 ses obligations l\u00e9gales, 360 INNOVATIONS s&rsquo;engage \u00e0 mettre en \u0153uvre toutes les mesures techniques et organisationnelles raisonnables, et impose le m\u00eame type d&rsquo;obligations \u00e0 ses sous-traitants afin d&rsquo;assurer la s\u00e9curit\u00e9 et la confidentialit\u00e9 de vos Donn\u00e9es Personnelles.\u00a0<\/p>\n<p>360 INNOVATIONS n&rsquo;utilisera vos donn\u00e9es personnelles qu&rsquo;aux fins pour lesquelles vous avez \u00e9t\u00e9 inform\u00e9 dans cette politique de confidentialit\u00e9.\u202f\u00a0<\/p>\n<ol start=\"7\">\n<li><b> Cookies<\/b><\/li>\n<\/ol>\n<p>Un cookie est une cha\u00eene de donn\u00e9es que notre syst\u00e8me envoie \u00e0 votre ordinateur, puis utilise pour identifier votre ordinateur lorsque vous revenez sur notre site Web.\u00a0<\/p>\n<p>Vous \u00eates inform\u00e9 que lors de votre visite sur notre site, 360 INNOVATIONS peut installer des cookies techniques sur vos \u00e9quipements terminaux, vous permettant notamment de vous connecter plus rapidement.\u00a0<\/p>\n<p>En outre, vous \u00eates inform\u00e9 que 360 INNOVATIONS peut installer des cookies publicitaires.\u00a0<\/p>\n<p>Enfin, 360 INNOVATIONS utilise Google Analytics, l&rsquo;outil de statistiques d\u00e9velopp\u00e9 par Google, et installe des cookies de mesure d&rsquo;audience sur vos terminaux, afin de produire des statistiques relatives notamment au nombre de pages consult\u00e9es, \u00e0 l&rsquo;activit\u00e9 des internautes et \u00e0 leur fr\u00e9quence de retour. Nous vous informons que toutes les Donn\u00e9es Personnelles collect\u00e9es \u00e0 travers l&rsquo;utilisation de ces cookies ne seront utilis\u00e9es que par 360 INNOVATIONS pour g\u00e9n\u00e9rer des statistiques utiles pour am\u00e9liorer notre site.\u00a0<\/p>\n<p>Vous pouvez emp\u00eacher l&rsquo;utilisation de cookies en d\u00e9sactivant les cookies dans les param\u00e8tres de votre navigateur. Vous pouvez \u00e9galement utiliser la\u202f<a href=\"https:\/\/tools.google.com\/dlpage\/gaoptout\/\">page Web de d\u00e9sactivation de Google<\/a>\u202fpour emp\u00eacher les cookies de mesure d&rsquo;audience.\u00a0<\/p>\n<p>\u00a0<\/p>\n<ol start=\"8\">\n<li><b> Modification de cette politique de confidentialit\u00e9<\/b><\/li>\n<\/ol>\n<p>Nous pouvons modifier cette politique de confidentialit\u00e9 en affichant une nouvelle version sur cette page. Nous vous informerons de la publication de cette nouvelle version en vous envoyant un e-mail \u00e0 l&rsquo;adresse indiqu\u00e9e ou en vous notifiant sur votre compte. La nouvelle version entrera en vigueur \u00e0 la date de publication, qui sera indiqu\u00e9e en haut de la page comme nouvelle date d&rsquo;entr\u00e9e en vigueur.\u00a0<\/p>\n<b>How to Contact Us<\/b><br \/>\nWTS Paradigm, LLC<br \/>\n1850 Deming Way, Suite 120<br \/>\nMiddleton, WI 53562 USA<br \/>\n(800) 387-2951<br \/>\n<a href=\"mailto:contactus@wtsparadigm.com\">contactus@wtsparadigm.com<\/a>\u00a0\n\n","protected":false},"excerpt":{"rendered":"<p>Derni\u00e8re mise \u00e0 jour: le 24 mai 2018 Le traitement de vos donn\u00e9es personnelles est effectu\u00e9 par 360 INNOVATIONS, en tant que responsable du traitement des donn\u00e9es. 360 INNOVATIONS est situ\u00e9 au 33, quai Arloing, 69009 Lyon, France et vous pouvez nous contacter en nous \u00e9crivant \u00e0 contacteznous@myparadigm.com.\u00a0 360 INNOVATIONS s&rsquo;engage \u00e0 traiter vos donn\u00e9es&hellip;<\/p>\n","protected":false},"author":7,"featured_media":0,"parent":0,"menu_order":0,"comment_status":"closed","ping_status":"open","template":"","meta":{"_acf_changed":false,"footnotes":""},"page_categories":[],"class_list":["post-14280","page","type-page","status-publish","hentry"],"acf":[],"yoast_head":"<!-- This site is optimized with the Yoast SEO Premium plugin v27.3 (Yoast SEO v27.3) - https:\/\/yoast.com\/product\/yoast-seo-premium-wordpress\/ -->\n<title>Politique de confidentialit\u00e9 - Paradigm Technology<\/title>\n<meta name=\"description\" content=\"Nous pouvons modifier cette politique de confidentialit\u00e9 en affichant une nouvelle version sur cette page.\" \/>\n<meta name=\"robots\" content=\"index, follow, max-snippet:-1, max-image-preview:large, max-video-preview:-1\" \/>\n<link rel=\"canonical\" href=\"https:\/\/myparadigm.com\/fr\/privacy-policy\/\" \/>\n<meta property=\"og:locale\" content=\"fr_FR\" \/>\n<meta property=\"og:type\" content=\"article\" \/>\n<meta property=\"og:title\" content=\"Politique de confidentialit\u00e9\" \/>\n<meta property=\"og:description\" content=\"Nous pouvons modifier cette politique de confidentialit\u00e9 en affichant une nouvelle version sur cette page.\" \/>\n<meta property=\"og:url\" content=\"https:\/\/myparadigm.com\/fr\/privacy-policy\/\" \/>\n<meta property=\"og:site_name\" content=\"Paradigm Technology\" \/>\n<meta property=\"article:publisher\" content=\"https:\/\/www.facebook.com\/myParadigmTechnology\/\" \/>\n<meta property=\"article:modified_time\" content=\"2024-12-11T23:30:01+00:00\" \/>\n<meta name=\"twitter:card\" content=\"summary_large_image\" \/>\n<meta name=\"twitter:label1\" content=\"Dur\u00e9e de lecture estim\u00e9e\" \/>\n\t<meta name=\"twitter:data1\" content=\"5 minutes\" \/>\n<script type=\"application\/ld+json\" class=\"yoast-schema-graph\">{\"@context\":\"https:\\\/\\\/schema.org\",\"@graph\":[{\"@type\":\"WebPage\",\"@id\":\"https:\\\/\\\/myparadigm.com\\\/fr\\\/privacy-policy\\\/\",\"url\":\"https:\\\/\\\/myparadigm.com\\\/fr\\\/privacy-policy\\\/\",\"name\":\"Politique de confidentialit\u00e9 - Paradigm Technology\",\"isPartOf\":{\"@id\":\"https:\\\/\\\/myparadigm.com\\\/#website\"},\"datePublished\":\"2023-03-13T21:21:32+00:00\",\"dateModified\":\"2024-12-11T23:30:01+00:00\",\"description\":\"Nous pouvons modifier cette politique de confidentialit\u00e9 en affichant une nouvelle version sur cette page.\",\"breadcrumb\":{\"@id\":\"https:\\\/\\\/myparadigm.com\\\/fr\\\/privacy-policy\\\/#breadcrumb\"},\"inLanguage\":\"fr-FR\",\"potentialAction\":[{\"@type\":\"ReadAction\",\"target\":[\"https:\\\/\\\/myparadigm.com\\\/fr\\\/privacy-policy\\\/\"]}]},{\"@type\":\"BreadcrumbList\",\"@id\":\"https:\\\/\\\/myparadigm.com\\\/fr\\\/privacy-policy\\\/#breadcrumb\",\"itemListElement\":[{\"@type\":\"ListItem\",\"position\":1,\"name\":\"Home\",\"item\":\"https:\\\/\\\/myparadigm.com\\\/fr\\\/home\\\/\"},{\"@type\":\"ListItem\",\"position\":2,\"name\":\"Politique de confidentialit\u00e9\"}]},{\"@type\":\"WebSite\",\"@id\":\"https:\\\/\\\/myparadigm.com\\\/#website\",\"url\":\"https:\\\/\\\/myparadigm.com\\\/\",\"name\":\"Paradigm Technology\",\"description\":\"Software for the Building Industry\",\"publisher\":{\"@id\":\"https:\\\/\\\/myparadigm.com\\\/#organization\"},\"potentialAction\":[{\"@type\":\"SearchAction\",\"target\":{\"@type\":\"EntryPoint\",\"urlTemplate\":\"https:\\\/\\\/myparadigm.com\\\/?s={search_term_string}\"},\"query-input\":{\"@type\":\"PropertyValueSpecification\",\"valueRequired\":true,\"valueName\":\"search_term_string\"}}],\"inLanguage\":\"fr-FR\"},{\"@type\":\"Organization\",\"@id\":\"https:\\\/\\\/myparadigm.com\\\/#organization\",\"name\":\"Paradigm Technology\",\"url\":\"https:\\\/\\\/myparadigm.com\\\/\",\"logo\":{\"@type\":\"ImageObject\",\"inLanguage\":\"fr-FR\",\"@id\":\"https:\\\/\\\/myparadigm.com\\\/#\\\/schema\\\/logo\\\/image\\\/\",\"url\":\"https:\\\/\\\/myparadigm.com\\\/wp-content\\\/uploads\\\/2023\\\/12\\\/Paradigm_favicon_web_p.jpg\",\"contentUrl\":\"https:\\\/\\\/myparadigm.com\\\/wp-content\\\/uploads\\\/2023\\\/12\\\/Paradigm_favicon_web_p.jpg\",\"width\":512,\"height\":512,\"caption\":\"Paradigm Technology\"},\"image\":{\"@id\":\"https:\\\/\\\/myparadigm.com\\\/#\\\/schema\\\/logo\\\/image\\\/\"},\"sameAs\":[\"https:\\\/\\\/www.facebook.com\\\/myParadigmTechnology\\\/\",\"https:\\\/\\\/www.linkedin.com\\\/company\\\/myParadigmTechnology\\\/\",\"https:\\\/\\\/www.youtube.com\\\/channel\\\/UC8khFPtIe_j0A7K0zLL5VBA\"]}]}<\/script>\n<!-- \/ Yoast SEO Premium plugin. -->","yoast_head_json":{"title":"Politique de confidentialit\u00e9 - Paradigm Technology","description":"Nous pouvons modifier cette politique de confidentialit\u00e9 en affichant une nouvelle version sur cette page.","robots":{"index":"index","follow":"follow","max-snippet":"max-snippet:-1","max-image-preview":"max-image-preview:large","max-video-preview":"max-video-preview:-1"},"canonical":"https:\/\/myparadigm.com\/fr\/privacy-policy\/","og_locale":"fr_FR","og_type":"article","og_title":"Politique de confidentialit\u00e9","og_description":"Nous pouvons modifier cette politique de confidentialit\u00e9 en affichant une nouvelle version sur cette page.","og_url":"https:\/\/myparadigm.com\/fr\/privacy-policy\/","og_site_name":"Paradigm Technology","article_publisher":"https:\/\/www.facebook.com\/myParadigmTechnology\/","article_modified_time":"2024-12-11T23:30:01+00:00","twitter_card":"summary_large_image","twitter_misc":{"Dur\u00e9e de lecture estim\u00e9e":"5 minutes"},"schema":{"@context":"https:\/\/schema.org","@graph":[{"@type":"WebPage","@id":"https:\/\/myparadigm.com\/fr\/privacy-policy\/","url":"https:\/\/myparadigm.com\/fr\/privacy-policy\/","name":"Politique de confidentialit\u00e9 - Paradigm Technology","isPartOf":{"@id":"https:\/\/myparadigm.com\/#website"},"datePublished":"2023-03-13T21:21:32+00:00","dateModified":"2024-12-11T23:30:01+00:00","description":"Nous pouvons modifier cette politique de confidentialit\u00e9 en affichant une nouvelle version sur cette page.","breadcrumb":{"@id":"https:\/\/myparadigm.com\/fr\/privacy-policy\/#breadcrumb"},"inLanguage":"fr-FR","potentialAction":[{"@type":"ReadAction","target":["https:\/\/myparadigm.com\/fr\/privacy-policy\/"]}]},{"@type":"BreadcrumbList","@id":"https:\/\/myparadigm.com\/fr\/privacy-policy\/#breadcrumb","itemListElement":[{"@type":"ListItem","position":1,"name":"Home","item":"https:\/\/myparadigm.com\/fr\/home\/"},{"@type":"ListItem","position":2,"name":"Politique de confidentialit\u00e9"}]},{"@type":"WebSite","@id":"https:\/\/myparadigm.com\/#website","url":"https:\/\/myparadigm.com\/","name":"Paradigm Technology","description":"Software for the Building Industry","publisher":{"@id":"https:\/\/myparadigm.com\/#organization"},"potentialAction":[{"@type":"SearchAction","target":{"@type":"EntryPoint","urlTemplate":"https:\/\/myparadigm.com\/?s={search_term_string}"},"query-input":{"@type":"PropertyValueSpecification","valueRequired":true,"valueName":"search_term_string"}}],"inLanguage":"fr-FR"},{"@type":"Organization","@id":"https:\/\/myparadigm.com\/#organization","name":"Paradigm Technology","url":"https:\/\/myparadigm.com\/","logo":{"@type":"ImageObject","inLanguage":"fr-FR","@id":"https:\/\/myparadigm.com\/#\/schema\/logo\/image\/","url":"https:\/\/myparadigm.com\/wp-content\/uploads\/2023\/12\/Paradigm_favicon_web_p.jpg","contentUrl":"https:\/\/myparadigm.com\/wp-content\/uploads\/2023\/12\/Paradigm_favicon_web_p.jpg","width":512,"height":512,"caption":"Paradigm Technology"},"image":{"@id":"https:\/\/myparadigm.com\/#\/schema\/logo\/image\/"},"sameAs":["https:\/\/www.facebook.com\/myParadigmTechnology\/","https:\/\/www.linkedin.com\/company\/myParadigmTechnology\/","https:\/\/www.youtube.com\/channel\/UC8khFPtIe_j0A7K0zLL5VBA"]}]}},"_links":{"self":[{"href":"https:\/\/myparadigm.com\/fr\/wp-json\/wp\/v2\/pages\/14280","targetHints":{"allow":["GET"]}}],"collection":[{"href":"https:\/\/myparadigm.com\/fr\/wp-json\/wp\/v2\/pages"}],"about":[{"href":"https:\/\/myparadigm.com\/fr\/wp-json\/wp\/v2\/types\/page"}],"author":[{"embeddable":true,"href":"https:\/\/myparadigm.com\/fr\/wp-json\/wp\/v2\/users\/7"}],"replies":[{"embeddable":true,"href":"https:\/\/myparadigm.com\/fr\/wp-json\/wp\/v2\/comments?post=14280"}],"version-history":[{"count":0,"href":"https:\/\/myparadigm.com\/fr\/wp-json\/wp\/v2\/pages\/14280\/revisions"}],"wp:attachment":[{"href":"https:\/\/myparadigm.com\/fr\/wp-json\/wp\/v2\/media?parent=14280"}],"wp:term":[{"taxonomy":"page_categories","embeddable":true,"href":"https:\/\/myparadigm.com\/fr\/wp-json\/wp\/v2\/page_categories?post=14280"}],"curies":[{"name":"wp","href":"https:\/\/api.w.org\/{rel}","templated":true}]}}