{"id":14277,"date":"2023-03-15T17:39:40","date_gmt":"2023-03-15T17:39:40","guid":{"rendered":"https:\/\/wtspstaging.wpengine.com\/a-propos-de-paradigm\/conference-annuelle\/"},"modified":"2025-03-07T16:13:36","modified_gmt":"2025-03-07T16:13:36","slug":"annual-conference-thank-you","status":"publish","type":"page","link":"https:\/\/myparadigm.com\/fr\/annual-conference-thank-you\/","title":{"rendered":"Conf\u00e9rence annuelle Paradigm 2024 &#8211; Remerciements\/Thank You"},"content":{"rendered":"\n\n\t\t\t\t\t\t\t\t\t<img loading=\"lazy\" decoding=\"async\" src=\"https:\/\/myparadigm.com\/wp-content\/uploads\/2023\/08\/2023_Annual-Conference-Logo_Color.jpg\" alt=\"2023_Annual Conference Logo_Color\" itemprop=\"image\" height=\"35\" width=\"220\" title=\"2023_Annual Conference Logo_Color\" onerror=\"this.style.display='none'\"  \/>\n\t\t<h1>\n\t\t\tConf\u00e9rence annuelle\n\t\t<\/h1>\n\t\t\t<p>Con\u00e7u sp\u00e9cifiquement pour les clients Paradigm.<\/p>\t\t\n\t\t<h2>\n\t\t\tMerci !\n\t\t<\/h2>\n\t\t\t<p>Nous avons eu beaucoup de plaisir \u00e0 organiser notre conf\u00e9rence annuelle 2024 \u00e0 Madison, dans le Wisconsin, avec un contenu et des activit\u00e9s allant de la connaissance de l&rsquo;industrie et des innovations techniques au r\u00e9seautage avec des coll\u00e8gues de l&rsquo;industrie et des membres de l&rsquo;\u00e9quipe Paradigm.Pour ceux d&rsquo;entre vous qui ont pu se joindre \u00e0 nous cette ann\u00e9e, nous vous contacterons \u00e0 l&rsquo;avenir pour vous envoyer des copies des pr\u00e9sentations et des documents.<\/p>\t\t\n\t<iframe allowfullscreen allow=\"autoplay\" data-src=\"https:\/\/player.vimeo.com\/video\/1010132482?color&amp;autopause=0&amp;loop=0&amp;muted=0&amp;title=0&amp;portrait=0&amp;byline=0&amp;h=86784457ab\"><\/iframe>\t\n<h2>\n\t\tNous avons h\u00e2te de vous revoir bient\u00f4t !\n\t<\/h2>\n\t\t\tWatch Video\n\t\t<h2>\n\t\t\tRegardez pour apprendre ce qui rend la conf\u00e9rence annuelle sp\u00e9ciale.\n\t\t<\/h2>\n\t\t\t<p>La conf\u00e9rence annuelle de Paradigm est sp\u00e9cialement con\u00e7ue pour nos partenaires d\u00e9taillants et fabricants pour voir les nouveaut\u00e9s, partager les meilleures pratiques, r\u00e9seauter avec des pairs de l&rsquo;industrie, fournir des commentaires et bien plus encore. <\/p>\t\t\n\t<iframe allowfullscreen allow=\"autoplay\" data-src=\"https:\/\/player.vimeo.com\/video\/824830445?color&amp;autopause=0&amp;loop=0&amp;muted=0&amp;title=0&amp;portrait=0&amp;byline=0&amp;h=03f6dded6b\"><\/iframe>\t\t\n\t\t\t\t\tPlay Video\n\t\t<p>En quoi consiste la conf\u00e9rence ?<\/p>\n\t<iframe allowfullscreen allow=\"autoplay\" data-src=\"https:\/\/player.vimeo.com\/video\/925497269?color&amp;autopause=0&amp;loop=0&amp;muted=0&amp;title=0&amp;portrait=0&amp;byline=0&amp;h=cc1cf46756\"><\/iframe>\t\t\n\t\t\t\t\tPlay Video\n\t\t<p>Ce que les clients ont \u00e0 dire.<\/p>\n\t\t<h2>\n\t\t\tFoire Aux Questions\n\t\t<\/h2>\n\t\t\t<p>Vous ne voyez pas ce que vous recherchez ci-dessous ? Contactez-nous.<\/p>\t\t\n\t\t\t\t<h5 itemprop=\"name description\">Les sessions sont-elles disponibles apr\u00e8s la conf\u00e9rence ?<\/h5>\n\t\t\t\t<p>La conf\u00e9rence annuelle 2024 est un \u00e9v\u00e9nement en personne uniquement. Les personnes qui ont particip\u00e9 \u00e0 la conf\u00e9rence recevront des copies des documents. Les enregistrements ne seront pas mis \u00e0 la disposition de tous les clients.  <\/p>\n\t\t\t\t<h5 itemprop=\"name description\">J&rsquo;ai des probl\u00e8mes techniques. <\/h5>\n\t\t\t\t<p>Si vous avez des probl\u00e8mes concernant votre inscription ou toute autre question relative \u00e0 la conf\u00e9rence annuelle, veuillez nous contacter \u00e0 l&rsquo;adresse events@myparadigm.com pour obtenir de l&rsquo;aide.<\/p>\n\t\t\t\t<h5 itemprop=\"name description\">Qui devrait assister \u00e0 la conf\u00e9rence annuelle Paradigm ?<\/h5>\n\t\t\t\t<p>La conf\u00e9rence annuelle Paradigm est sp\u00e9cialement con\u00e7ue pour nos partenaires d\u00e9taillants, distributeurs et fabricants afin de d\u00e9couvrir les nouveaut\u00e9s, de partager les meilleures pratiques, de r\u00e9seauter avec leurs pairs du secteur, de fournir des commentaires et bien plus encore.<\/p>\n<p>Les professionnels de la technologie, les \u00e9quipes commerciales et marketing et les dirigeants d&rsquo;entreprise ont tous trouv\u00e9 de la valeur dans cette opportunit\u00e9 incontournable. Il y en a pour tous les go\u00fbts, des derniers d\u00e9veloppements Paradigm aux nouvelles id\u00e9es pour tirer le meilleur parti de votre investissement technologique.<\/p>\n\t\t\t\t<h5 itemprop=\"name description\">Comment s&rsquo;inscrire pour l&rsquo;ann\u00e9e prochaine ? <\/h5>\n\t\t\t\t<p>Contactez votre repr\u00e9sentant Paradigm et faites-lui part de votre int\u00e9r\u00eat. Nous vous ajouterons \u00e0 notre liste d&rsquo;invit\u00e9s pour 2025. Les invitations \u00ab Save the Date \u00bb seront envoy\u00e9es aux clients au printemps 2025.  <\/p>\n\t\t\t\t<h5 itemprop=\"name description\">O\u00f9 se d\u00e9roule la conf\u00e9rence ? <\/h5>\n\t\t\t\t<p>Notre conf\u00e9rence est organis\u00e9e au si\u00e8ge de Paradigm, situ\u00e9 \u00e0 Middleton, dans le Wisconsin. Cet \u00e9v\u00e9nement annuel pour les utilisateurs est organis\u00e9 \u00e0 l&rsquo;automne.  <\/p>\n\t\t\t\t\t\t\t<p>\u00ab Il est important de rencontrer Paradigm et l&rsquo;\u00e9quipe en personne. L&rsquo;\u00e9v\u00e9nement est passionnant, il donne lieu \u00e0 de nombreuses conversations sur des sujets que l&rsquo;on ne peut pas aborder \u00e0 distance, et le contenu a toujours \u00e9t\u00e9 de tr\u00e8s bonne qualit\u00e9. \u00bb <\/p>\n\t\t\t\t\t\t\t\t\t<h3>Rob Bencks<\/h3>\n\t\t\t\t\t\t\t\t\t\t\t\t\t<p>Harvey Windows + Doors<\/p>\n\t\t\t\t\t\t\t<p>\u00ab Il s&rsquo;agit d&rsquo;un produit en constante \u00e9volution, c&rsquo;est donc formidable de venir ici et de voir tous les nouveaux outils dont nous pouvons tirer parti et d&rsquo;avoir une vision, non seulement de notre situation actuelle, mais aussi de celle que nous aurons l&rsquo;ann\u00e9e prochaine ou les deux ann\u00e9es suivantes. \u00bb<\/p>\n\t\t\t\t\t\t\t\t\t<h3>Jon Bower<\/h3>\n\t\t\t\t\t\t\t\t\t\t\t\t\t<p>MI Windows and Doors <\/p>\n\t<!-- \/.pp-testimonials -->\n\n","protected":false},"excerpt":{"rendered":"<p>Conf\u00e9rence annuelle Con\u00e7u sp\u00e9cifiquement pour les clients Paradigm. Merci ! Nous avons eu beaucoup de plaisir \u00e0 organiser notre conf\u00e9rence annuelle 2024 \u00e0 Madison, dans le Wisconsin, avec un contenu et des activit\u00e9s allant de la connaissance de l&rsquo;industrie et des innovations techniques au r\u00e9seautage avec des coll\u00e8gues de l&rsquo;industrie et des membres de l&rsquo;\u00e9quipe&hellip;<\/p>\n","protected":false},"author":3,"featured_media":0,"parent":0,"menu_order":22,"comment_status":"closed","ping_status":"closed","template":"","meta":{"_acf_changed":false,"footnotes":""},"page_categories":[],"class_list":["post-14277","page","type-page","status-publish","hentry"],"acf":[],"yoast_head":"<!-- This site is optimized with the Yoast SEO Premium plugin v27.5 (Yoast SEO v27.5) - https:\/\/yoast.com\/product\/yoast-seo-premium-wordpress\/ -->\n<title>Conf\u00e9rence annuelle Paradigm 2024 - Remerciements\/Thank You - Paradigm Technology<\/title>\n<meta name=\"description\" content=\"Merci de votre int\u00e9r\u00eat ! Nous avons eu beaucoup de plaisir \u00e0 organiser notre conf\u00e9rence annuelle, \u00e0 pr\u00e9senter les perspectives de l&#039;industrie et les innovations techniques \u00e0 nos coll\u00e8gues de l&#039;industrie.\" \/>\n<meta name=\"robots\" content=\"index, follow, max-snippet:-1, max-image-preview:large, max-video-preview:-1\" \/>\n<link rel=\"canonical\" href=\"https:\/\/myparadigm.com\/fr\/annual-conference-thank-you\/\" \/>\n<meta property=\"og:locale\" content=\"fr_FR\" \/>\n<meta property=\"og:type\" content=\"article\" \/>\n<meta property=\"og:title\" content=\"Conf\u00e9rence annuelle Paradigm 2024 - Remerciements\/Thank You\" \/>\n<meta property=\"og:description\" content=\"Merci de votre int\u00e9r\u00eat ! Nous avons eu beaucoup de plaisir \u00e0 organiser notre conf\u00e9rence annuelle, \u00e0 pr\u00e9senter les perspectives de l&#039;industrie et les innovations techniques \u00e0 nos coll\u00e8gues de l&#039;industrie.\" \/>\n<meta property=\"og:url\" content=\"https:\/\/myparadigm.com\/fr\/annual-conference-thank-you\/\" \/>\n<meta property=\"og:site_name\" content=\"Paradigm Technology\" \/>\n<meta property=\"article:publisher\" content=\"https:\/\/www.facebook.com\/myParadigmTechnology\/\" \/>\n<meta property=\"article:modified_time\" content=\"2025-03-07T16:13:36+00:00\" \/>\n<meta property=\"og:image\" content=\"https:\/\/myparadigm.com\/wp-content\/uploads\/2023\/08\/2023_Annual-Conference-Logo_Color.jpg\" \/>\n<meta name=\"twitter:card\" content=\"summary_large_image\" \/>\n<meta name=\"twitter:label1\" content=\"Dur\u00e9e de lecture estim\u00e9e\" \/>\n\t<meta name=\"twitter:data1\" content=\"3 minutes\" \/>\n<script type=\"application\/ld+json\" class=\"yoast-schema-graph\">{\"@context\":\"https:\\\/\\\/schema.org\",\"@graph\":[{\"@type\":\"WebPage\",\"@id\":\"https:\\\/\\\/myparadigm.com\\\/fr\\\/annual-conference-thank-you\\\/\",\"url\":\"https:\\\/\\\/myparadigm.com\\\/fr\\\/annual-conference-thank-you\\\/\",\"name\":\"Conf\u00e9rence annuelle Paradigm 2024 - Remerciements\\\/Thank You - Paradigm Technology\",\"isPartOf\":{\"@id\":\"https:\\\/\\\/myparadigm.com\\\/#website\"},\"primaryImageOfPage\":{\"@id\":\"https:\\\/\\\/myparadigm.com\\\/fr\\\/annual-conference-thank-you\\\/#primaryimage\"},\"image\":{\"@id\":\"https:\\\/\\\/myparadigm.com\\\/fr\\\/annual-conference-thank-you\\\/#primaryimage\"},\"thumbnailUrl\":\"https:\\\/\\\/myparadigm.com\\\/wp-content\\\/uploads\\\/2023\\\/08\\\/2023_Annual-Conference-Logo_Color.jpg\",\"datePublished\":\"2023-03-15T17:39:40+00:00\",\"dateModified\":\"2025-03-07T16:13:36+00:00\",\"description\":\"Merci de votre int\u00e9r\u00eat ! Nous avons eu beaucoup de plaisir \u00e0 organiser notre conf\u00e9rence annuelle, \u00e0 pr\u00e9senter les perspectives de l'industrie et les innovations techniques \u00e0 nos coll\u00e8gues de l'industrie.\",\"breadcrumb\":{\"@id\":\"https:\\\/\\\/myparadigm.com\\\/fr\\\/annual-conference-thank-you\\\/#breadcrumb\"},\"inLanguage\":\"fr-FR\",\"potentialAction\":[{\"@type\":\"ReadAction\",\"target\":[\"https:\\\/\\\/myparadigm.com\\\/fr\\\/annual-conference-thank-you\\\/\"]}]},{\"@type\":\"ImageObject\",\"inLanguage\":\"fr-FR\",\"@id\":\"https:\\\/\\\/myparadigm.com\\\/fr\\\/annual-conference-thank-you\\\/#primaryimage\",\"url\":\"https:\\\/\\\/myparadigm.com\\\/wp-content\\\/uploads\\\/2023\\\/08\\\/2023_Annual-Conference-Logo_Color.jpg\",\"contentUrl\":\"https:\\\/\\\/myparadigm.com\\\/wp-content\\\/uploads\\\/2023\\\/08\\\/2023_Annual-Conference-Logo_Color.jpg\"},{\"@type\":\"BreadcrumbList\",\"@id\":\"https:\\\/\\\/myparadigm.com\\\/fr\\\/annual-conference-thank-you\\\/#breadcrumb\",\"itemListElement\":[{\"@type\":\"ListItem\",\"position\":1,\"name\":\"Home\",\"item\":\"https:\\\/\\\/myparadigm.com\\\/fr\\\/\"},{\"@type\":\"ListItem\",\"position\":2,\"name\":\"Conf\u00e9rence annuelle Paradigm 2024 &#8211; Remerciements\\\/Thank You\"}]},{\"@type\":\"WebSite\",\"@id\":\"https:\\\/\\\/myparadigm.com\\\/#website\",\"url\":\"https:\\\/\\\/myparadigm.com\\\/\",\"name\":\"Paradigm Technology\",\"description\":\"Software for the Building Industry\",\"publisher\":{\"@id\":\"https:\\\/\\\/myparadigm.com\\\/#organization\"},\"potentialAction\":[{\"@type\":\"SearchAction\",\"target\":{\"@type\":\"EntryPoint\",\"urlTemplate\":\"https:\\\/\\\/myparadigm.com\\\/?s={search_term_string}\"},\"query-input\":{\"@type\":\"PropertyValueSpecification\",\"valueRequired\":true,\"valueName\":\"search_term_string\"}}],\"inLanguage\":\"fr-FR\"},{\"@type\":\"Organization\",\"@id\":\"https:\\\/\\\/myparadigm.com\\\/#organization\",\"name\":\"Paradigm Technology\",\"url\":\"https:\\\/\\\/myparadigm.com\\\/\",\"logo\":{\"@type\":\"ImageObject\",\"inLanguage\":\"fr-FR\",\"@id\":\"https:\\\/\\\/myparadigm.com\\\/#\\\/schema\\\/logo\\\/image\\\/\",\"url\":\"https:\\\/\\\/myparadigm.com\\\/wp-content\\\/uploads\\\/2023\\\/12\\\/Paradigm_favicon_web_p.jpg\",\"contentUrl\":\"https:\\\/\\\/myparadigm.com\\\/wp-content\\\/uploads\\\/2023\\\/12\\\/Paradigm_favicon_web_p.jpg\",\"width\":512,\"height\":512,\"caption\":\"Paradigm Technology\"},\"image\":{\"@id\":\"https:\\\/\\\/myparadigm.com\\\/#\\\/schema\\\/logo\\\/image\\\/\"},\"sameAs\":[\"https:\\\/\\\/www.facebook.com\\\/myParadigmTechnology\\\/\",\"https:\\\/\\\/www.linkedin.com\\\/company\\\/myParadigmTechnology\\\/\",\"https:\\\/\\\/www.youtube.com\\\/channel\\\/UC8khFPtIe_j0A7K0zLL5VBA\"]}]}<\/script>\n<!-- \/ Yoast SEO Premium plugin. -->","yoast_head_json":{"title":"Conf\u00e9rence annuelle Paradigm 2024 - Remerciements\/Thank You - Paradigm Technology","description":"Merci de votre int\u00e9r\u00eat ! Nous avons eu beaucoup de plaisir \u00e0 organiser notre conf\u00e9rence annuelle, \u00e0 pr\u00e9senter les perspectives de l'industrie et les innovations techniques \u00e0 nos coll\u00e8gues de l'industrie.","robots":{"index":"index","follow":"follow","max-snippet":"max-snippet:-1","max-image-preview":"max-image-preview:large","max-video-preview":"max-video-preview:-1"},"canonical":"https:\/\/myparadigm.com\/fr\/annual-conference-thank-you\/","og_locale":"fr_FR","og_type":"article","og_title":"Conf\u00e9rence annuelle Paradigm 2024 - Remerciements\/Thank You","og_description":"Merci de votre int\u00e9r\u00eat ! Nous avons eu beaucoup de plaisir \u00e0 organiser notre conf\u00e9rence annuelle, \u00e0 pr\u00e9senter les perspectives de l'industrie et les innovations techniques \u00e0 nos coll\u00e8gues de l'industrie.","og_url":"https:\/\/myparadigm.com\/fr\/annual-conference-thank-you\/","og_site_name":"Paradigm Technology","article_publisher":"https:\/\/www.facebook.com\/myParadigmTechnology\/","article_modified_time":"2025-03-07T16:13:36+00:00","og_image":[{"url":"https:\/\/myparadigm.com\/wp-content\/uploads\/2023\/08\/2023_Annual-Conference-Logo_Color.jpg","type":"","width":"","height":""}],"twitter_card":"summary_large_image","twitter_misc":{"Dur\u00e9e de lecture estim\u00e9e":"3 minutes"},"schema":{"@context":"https:\/\/schema.org","@graph":[{"@type":"WebPage","@id":"https:\/\/myparadigm.com\/fr\/annual-conference-thank-you\/","url":"https:\/\/myparadigm.com\/fr\/annual-conference-thank-you\/","name":"Conf\u00e9rence annuelle Paradigm 2024 - Remerciements\/Thank You - Paradigm Technology","isPartOf":{"@id":"https:\/\/myparadigm.com\/#website"},"primaryImageOfPage":{"@id":"https:\/\/myparadigm.com\/fr\/annual-conference-thank-you\/#primaryimage"},"image":{"@id":"https:\/\/myparadigm.com\/fr\/annual-conference-thank-you\/#primaryimage"},"thumbnailUrl":"https:\/\/myparadigm.com\/wp-content\/uploads\/2023\/08\/2023_Annual-Conference-Logo_Color.jpg","datePublished":"2023-03-15T17:39:40+00:00","dateModified":"2025-03-07T16:13:36+00:00","description":"Merci de votre int\u00e9r\u00eat ! Nous avons eu beaucoup de plaisir \u00e0 organiser notre conf\u00e9rence annuelle, \u00e0 pr\u00e9senter les perspectives de l'industrie et les innovations techniques \u00e0 nos coll\u00e8gues de l'industrie.","breadcrumb":{"@id":"https:\/\/myparadigm.com\/fr\/annual-conference-thank-you\/#breadcrumb"},"inLanguage":"fr-FR","potentialAction":[{"@type":"ReadAction","target":["https:\/\/myparadigm.com\/fr\/annual-conference-thank-you\/"]}]},{"@type":"ImageObject","inLanguage":"fr-FR","@id":"https:\/\/myparadigm.com\/fr\/annual-conference-thank-you\/#primaryimage","url":"https:\/\/myparadigm.com\/wp-content\/uploads\/2023\/08\/2023_Annual-Conference-Logo_Color.jpg","contentUrl":"https:\/\/myparadigm.com\/wp-content\/uploads\/2023\/08\/2023_Annual-Conference-Logo_Color.jpg"},{"@type":"BreadcrumbList","@id":"https:\/\/myparadigm.com\/fr\/annual-conference-thank-you\/#breadcrumb","itemListElement":[{"@type":"ListItem","position":1,"name":"Home","item":"https:\/\/myparadigm.com\/fr\/"},{"@type":"ListItem","position":2,"name":"Conf\u00e9rence annuelle Paradigm 2024 &#8211; Remerciements\/Thank You"}]},{"@type":"WebSite","@id":"https:\/\/myparadigm.com\/#website","url":"https:\/\/myparadigm.com\/","name":"Paradigm Technology","description":"Software for the Building Industry","publisher":{"@id":"https:\/\/myparadigm.com\/#organization"},"potentialAction":[{"@type":"SearchAction","target":{"@type":"EntryPoint","urlTemplate":"https:\/\/myparadigm.com\/?s={search_term_string}"},"query-input":{"@type":"PropertyValueSpecification","valueRequired":true,"valueName":"search_term_string"}}],"inLanguage":"fr-FR"},{"@type":"Organization","@id":"https:\/\/myparadigm.com\/#organization","name":"Paradigm Technology","url":"https:\/\/myparadigm.com\/","logo":{"@type":"ImageObject","inLanguage":"fr-FR","@id":"https:\/\/myparadigm.com\/#\/schema\/logo\/image\/","url":"https:\/\/myparadigm.com\/wp-content\/uploads\/2023\/12\/Paradigm_favicon_web_p.jpg","contentUrl":"https:\/\/myparadigm.com\/wp-content\/uploads\/2023\/12\/Paradigm_favicon_web_p.jpg","width":512,"height":512,"caption":"Paradigm Technology"},"image":{"@id":"https:\/\/myparadigm.com\/#\/schema\/logo\/image\/"},"sameAs":["https:\/\/www.facebook.com\/myParadigmTechnology\/","https:\/\/www.linkedin.com\/company\/myParadigmTechnology\/","https:\/\/www.youtube.com\/channel\/UC8khFPtIe_j0A7K0zLL5VBA"]}]}},"_links":{"self":[{"href":"https:\/\/myparadigm.com\/fr\/wp-json\/wp\/v2\/pages\/14277","targetHints":{"allow":["GET"]}}],"collection":[{"href":"https:\/\/myparadigm.com\/fr\/wp-json\/wp\/v2\/pages"}],"about":[{"href":"https:\/\/myparadigm.com\/fr\/wp-json\/wp\/v2\/types\/page"}],"author":[{"embeddable":true,"href":"https:\/\/myparadigm.com\/fr\/wp-json\/wp\/v2\/users\/3"}],"replies":[{"embeddable":true,"href":"https:\/\/myparadigm.com\/fr\/wp-json\/wp\/v2\/comments?post=14277"}],"version-history":[{"count":0,"href":"https:\/\/myparadigm.com\/fr\/wp-json\/wp\/v2\/pages\/14277\/revisions"}],"wp:attachment":[{"href":"https:\/\/myparadigm.com\/fr\/wp-json\/wp\/v2\/media?parent=14277"}],"wp:term":[{"taxonomy":"page_categories","embeddable":true,"href":"https:\/\/myparadigm.com\/fr\/wp-json\/wp\/v2\/page_categories?post=14277"}],"curies":[{"name":"wp","href":"https:\/\/api.w.org\/{rel}","templated":true}]}}