{"id":14269,"date":"2023-03-15T17:39:40","date_gmt":"2023-03-15T17:39:40","guid":{"rendered":"https:\/\/wtspstaging.wpengine.com\/industries\/depots-de-bois\/"},"modified":"2025-04-17T21:30:21","modified_gmt":"2025-04-17T21:30:21","slug":"lumberyard-software","status":"publish","type":"page","link":"https:\/\/myparadigm.com\/fr\/industries\/lumberyard-software\/","title":{"rendered":"Logiciels de cours \u00e0 bois"},"content":{"rendered":"\n\n\t\t<h1>\n\t\t\tRevendeurs\/cour \u00e0 bois\n\t\t<\/h1>\n\t<p>Paradigm comprend que le succ\u00e8s de vos clients est votre succ\u00e8s, et tout commence avant qu&rsquo;un seul clou ne soit martel\u00e9. C&rsquo;est pourquoi nous avons d\u00e9velopp\u00e9 une technologie pour vous aider \u00e0 d\u00e9marrer correctement leurs projets. <\/p>\n\t\t\t<a href=\"https:\/\/myparadigm.com\/fr\/planifier-une-demonstration\/\" target=\"_self\">\n\t\t\t\t\t\t\tDemande de d\u00e9mo\n\t\t\t<\/a>\n\t\t\tParadigm Omni\u2122\n\t\t<h2>\n\t\t\tTechnologie de devis\n\t\t<\/h2>\n\t\t\t<p>La technologie de devis de pointe de Paradigm <a href=\"https:\/\/myparadigm.com\/fr\/solutions\/paradigm-omni\/\">aide les fabricants de fen\u00eatres<\/a> \u00e0 augmenter leurs ventes, \u00e0 r\u00e9duire leurs co\u00fbts et \u00e0 devenir plus comp\u00e9titifs sur le march\u00e9 mondial.Paradigm Omni\u2122 est une technologie de devis h\u00e9berg\u00e9e dans le cloud pour les fen\u00eatres et autres produits de construction hautement configurables.<\/p>\t\t\n\t<ul>\n\t\t\t<li>\n\t\t\t\tCr\u00e9e une exp\u00e9rience transparente pour vos clients sur tous les canaux de vente.\n\t\t\t<\/li>\n\t\t\t<li>\n\t\t\t\tSimplifiez le processus de commande de produits complexes.\n\t\t\t<\/li>\n\t\t\t<li>\n\t\t\t\tInt\u00e9grez de mani\u00e8re transparente Paradigm Omni \u00e0 votre pile technologique.\n\t\t\t<\/li>\n\t\t\t<li>\n\t\t\t\tAcc\u00e9dez \u00e0 des informations pr\u00e9cieuses sur vos devis et vos donn\u00e9es de vente.\n\t\t\t<\/li>\n\t\t<\/ul>\n\t\t\t<a href=\"https:\/\/myparadigm.com\/fr\/solutions\/paradigm-omni\/\" target=\"_self\">\n\t\t\t\t\t\t\tEn savoir plus\n\t\t\t<\/a>\n\t\t\tParadigm nouvelles\n\t\t<h2>\n\t\t\tActualit\u00e9s connexes\n\t\t<\/h2>\n\t\t\t<p>Lisez les derni\u00e8res nouvelles sur le service d&rsquo;estimation de Paradigm.<\/p>\t\t\n\n","protected":false},"excerpt":{"rendered":"<p>Revendeurs\/cour \u00e0 bois Paradigm comprend que le succ\u00e8s de vos clients est votre succ\u00e8s, et tout commence avant qu&rsquo;un seul clou ne soit martel\u00e9. C&rsquo;est pourquoi nous avons d\u00e9velopp\u00e9 une technologie pour vous aider \u00e0 d\u00e9marrer correctement leurs projets. Demande de d\u00e9mo Paradigm Omni\u2122 Technologie de devis La technologie de devis de pointe de Paradigm&hellip;<\/p>\n","protected":false},"author":7,"featured_media":0,"parent":14258,"menu_order":16,"comment_status":"closed","ping_status":"closed","template":"","meta":{"_acf_changed":false,"footnotes":""},"page_categories":[],"class_list":["post-14269","page","type-page","status-publish","hentry"],"acf":[],"yoast_head":"<!-- This site is optimized with the Yoast SEO Premium plugin v27.2 (Yoast SEO v27.2) - https:\/\/yoast.com\/product\/yoast-seo-premium-wordpress\/ -->\n<title>Logiciels de cours \u00e0 bois - Paradigm Technology<\/title>\n<meta name=\"description\" content=\"Paradigm comprend que le succ\u00e8s de vos clients est votre succ\u00e8s, et que tout commence avant qu&#039;un seul clou ne soit enfonc\u00e9.\" \/>\n<meta name=\"robots\" content=\"index, follow, max-snippet:-1, max-image-preview:large, max-video-preview:-1\" \/>\n<link rel=\"canonical\" href=\"https:\/\/myparadigm.com\/fr\/industries\/lumberyard-software\/\" \/>\n<meta property=\"og:locale\" content=\"fr_FR\" \/>\n<meta property=\"og:type\" content=\"article\" \/>\n<meta property=\"og:title\" content=\"Logiciels de cours \u00e0 bois\" \/>\n<meta property=\"og:description\" content=\"Paradigm comprend que le succ\u00e8s de vos clients est votre succ\u00e8s, et que tout commence avant qu&#039;un seul clou ne soit enfonc\u00e9.\" \/>\n<meta property=\"og:url\" content=\"https:\/\/myparadigm.com\/fr\/industries\/lumberyard-software\/\" \/>\n<meta property=\"og:site_name\" content=\"Paradigm Technology\" \/>\n<meta property=\"article:publisher\" content=\"https:\/\/www.facebook.com\/myParadigmTechnology\/\" \/>\n<meta property=\"article:modified_time\" content=\"2025-04-17T21:30:21+00:00\" \/>\n<meta name=\"twitter:card\" content=\"summary_large_image\" \/>\n<meta name=\"twitter:label1\" content=\"Dur\u00e9e de lecture estim\u00e9e\" \/>\n\t<meta name=\"twitter:data1\" content=\"2 minutes\" \/>\n<script type=\"application\/ld+json\" class=\"yoast-schema-graph\">{\"@context\":\"https:\/\/schema.org\",\"@graph\":[{\"@type\":\"WebPage\",\"@id\":\"https:\/\/myparadigm.com\/fr\/industries\/lumberyard-software\/\",\"url\":\"https:\/\/myparadigm.com\/fr\/industries\/lumberyard-software\/\",\"name\":\"Logiciels de cours \u00e0 bois - Paradigm Technology\",\"isPartOf\":{\"@id\":\"https:\/\/myparadigm.com\/#website\"},\"datePublished\":\"2023-03-15T17:39:40+00:00\",\"dateModified\":\"2025-04-17T21:30:21+00:00\",\"description\":\"Paradigm comprend que le succ\u00e8s de vos clients est votre succ\u00e8s, et que tout commence avant qu'un seul clou ne soit enfonc\u00e9.\",\"breadcrumb\":{\"@id\":\"https:\/\/myparadigm.com\/fr\/industries\/lumberyard-software\/#breadcrumb\"},\"inLanguage\":\"fr-FR\",\"potentialAction\":[{\"@type\":\"ReadAction\",\"target\":[\"https:\/\/myparadigm.com\/fr\/industries\/lumberyard-software\/\"]}]},{\"@type\":\"BreadcrumbList\",\"@id\":\"https:\/\/myparadigm.com\/fr\/industries\/lumberyard-software\/#breadcrumb\",\"itemListElement\":[{\"@type\":\"ListItem\",\"position\":1,\"name\":\"Home\",\"item\":\"https:\/\/myparadigm.com\/fr\/home\/\"},{\"@type\":\"ListItem\",\"position\":2,\"name\":\"Industries\",\"item\":\"https:\/\/myparadigm.com\/?page_id=70\"},{\"@type\":\"ListItem\",\"position\":3,\"name\":\"Logiciels de cours \u00e0 bois\"}]},{\"@type\":\"WebSite\",\"@id\":\"https:\/\/myparadigm.com\/#website\",\"url\":\"https:\/\/myparadigm.com\/\",\"name\":\"Paradigm Technology\",\"description\":\"Software for the Building Industry\",\"publisher\":{\"@id\":\"https:\/\/myparadigm.com\/#organization\"},\"potentialAction\":[{\"@type\":\"SearchAction\",\"target\":{\"@type\":\"EntryPoint\",\"urlTemplate\":\"https:\/\/myparadigm.com\/?s={search_term_string}\"},\"query-input\":{\"@type\":\"PropertyValueSpecification\",\"valueRequired\":true,\"valueName\":\"search_term_string\"}}],\"inLanguage\":\"fr-FR\"},{\"@type\":\"Organization\",\"@id\":\"https:\/\/myparadigm.com\/#organization\",\"name\":\"Paradigm Technology\",\"url\":\"https:\/\/myparadigm.com\/\",\"logo\":{\"@type\":\"ImageObject\",\"inLanguage\":\"fr-FR\",\"@id\":\"https:\/\/myparadigm.com\/#\/schema\/logo\/image\/\",\"url\":\"https:\/\/myparadigm.com\/wp-content\/uploads\/2023\/12\/Paradigm_favicon_web_p.jpg\",\"contentUrl\":\"https:\/\/myparadigm.com\/wp-content\/uploads\/2023\/12\/Paradigm_favicon_web_p.jpg\",\"width\":512,\"height\":512,\"caption\":\"Paradigm Technology\"},\"image\":{\"@id\":\"https:\/\/myparadigm.com\/#\/schema\/logo\/image\/\"},\"sameAs\":[\"https:\/\/www.facebook.com\/myParadigmTechnology\/\",\"https:\/\/www.linkedin.com\/company\/myParadigmTechnology\/\",\"https:\/\/www.youtube.com\/channel\/UC8khFPtIe_j0A7K0zLL5VBA\"]}]}<\/script>\n<!-- \/ Yoast SEO Premium plugin. -->","yoast_head_json":{"title":"Logiciels de cours \u00e0 bois - Paradigm Technology","description":"Paradigm comprend que le succ\u00e8s de vos clients est votre succ\u00e8s, et que tout commence avant qu'un seul clou ne soit enfonc\u00e9.","robots":{"index":"index","follow":"follow","max-snippet":"max-snippet:-1","max-image-preview":"max-image-preview:large","max-video-preview":"max-video-preview:-1"},"canonical":"https:\/\/myparadigm.com\/fr\/industries\/lumberyard-software\/","og_locale":"fr_FR","og_type":"article","og_title":"Logiciels de cours \u00e0 bois","og_description":"Paradigm comprend que le succ\u00e8s de vos clients est votre succ\u00e8s, et que tout commence avant qu'un seul clou ne soit enfonc\u00e9.","og_url":"https:\/\/myparadigm.com\/fr\/industries\/lumberyard-software\/","og_site_name":"Paradigm Technology","article_publisher":"https:\/\/www.facebook.com\/myParadigmTechnology\/","article_modified_time":"2025-04-17T21:30:21+00:00","twitter_card":"summary_large_image","twitter_misc":{"Dur\u00e9e de lecture estim\u00e9e":"2 minutes"},"schema":{"@context":"https:\/\/schema.org","@graph":[{"@type":"WebPage","@id":"https:\/\/myparadigm.com\/fr\/industries\/lumberyard-software\/","url":"https:\/\/myparadigm.com\/fr\/industries\/lumberyard-software\/","name":"Logiciels de cours \u00e0 bois - Paradigm Technology","isPartOf":{"@id":"https:\/\/myparadigm.com\/#website"},"datePublished":"2023-03-15T17:39:40+00:00","dateModified":"2025-04-17T21:30:21+00:00","description":"Paradigm comprend que le succ\u00e8s de vos clients est votre succ\u00e8s, et que tout commence avant qu'un seul clou ne soit enfonc\u00e9.","breadcrumb":{"@id":"https:\/\/myparadigm.com\/fr\/industries\/lumberyard-software\/#breadcrumb"},"inLanguage":"fr-FR","potentialAction":[{"@type":"ReadAction","target":["https:\/\/myparadigm.com\/fr\/industries\/lumberyard-software\/"]}]},{"@type":"BreadcrumbList","@id":"https:\/\/myparadigm.com\/fr\/industries\/lumberyard-software\/#breadcrumb","itemListElement":[{"@type":"ListItem","position":1,"name":"Home","item":"https:\/\/myparadigm.com\/fr\/home\/"},{"@type":"ListItem","position":2,"name":"Industries","item":"https:\/\/myparadigm.com\/?page_id=70"},{"@type":"ListItem","position":3,"name":"Logiciels de cours \u00e0 bois"}]},{"@type":"WebSite","@id":"https:\/\/myparadigm.com\/#website","url":"https:\/\/myparadigm.com\/","name":"Paradigm Technology","description":"Software for the Building Industry","publisher":{"@id":"https:\/\/myparadigm.com\/#organization"},"potentialAction":[{"@type":"SearchAction","target":{"@type":"EntryPoint","urlTemplate":"https:\/\/myparadigm.com\/?s={search_term_string}"},"query-input":{"@type":"PropertyValueSpecification","valueRequired":true,"valueName":"search_term_string"}}],"inLanguage":"fr-FR"},{"@type":"Organization","@id":"https:\/\/myparadigm.com\/#organization","name":"Paradigm Technology","url":"https:\/\/myparadigm.com\/","logo":{"@type":"ImageObject","inLanguage":"fr-FR","@id":"https:\/\/myparadigm.com\/#\/schema\/logo\/image\/","url":"https:\/\/myparadigm.com\/wp-content\/uploads\/2023\/12\/Paradigm_favicon_web_p.jpg","contentUrl":"https:\/\/myparadigm.com\/wp-content\/uploads\/2023\/12\/Paradigm_favicon_web_p.jpg","width":512,"height":512,"caption":"Paradigm Technology"},"image":{"@id":"https:\/\/myparadigm.com\/#\/schema\/logo\/image\/"},"sameAs":["https:\/\/www.facebook.com\/myParadigmTechnology\/","https:\/\/www.linkedin.com\/company\/myParadigmTechnology\/","https:\/\/www.youtube.com\/channel\/UC8khFPtIe_j0A7K0zLL5VBA"]}]}},"_links":{"self":[{"href":"https:\/\/myparadigm.com\/fr\/wp-json\/wp\/v2\/pages\/14269","targetHints":{"allow":["GET"]}}],"collection":[{"href":"https:\/\/myparadigm.com\/fr\/wp-json\/wp\/v2\/pages"}],"about":[{"href":"https:\/\/myparadigm.com\/fr\/wp-json\/wp\/v2\/types\/page"}],"author":[{"embeddable":true,"href":"https:\/\/myparadigm.com\/fr\/wp-json\/wp\/v2\/users\/7"}],"replies":[{"embeddable":true,"href":"https:\/\/myparadigm.com\/fr\/wp-json\/wp\/v2\/comments?post=14269"}],"version-history":[{"count":0,"href":"https:\/\/myparadigm.com\/fr\/wp-json\/wp\/v2\/pages\/14269\/revisions"}],"up":[{"embeddable":true,"href":"https:\/\/myparadigm.com\/fr\/wp-json\/wp\/v2\/pages\/14258"}],"wp:attachment":[{"href":"https:\/\/myparadigm.com\/fr\/wp-json\/wp\/v2\/media?parent=14269"}],"wp:term":[{"taxonomy":"page_categories","embeddable":true,"href":"https:\/\/myparadigm.com\/fr\/wp-json\/wp\/v2\/page_categories?post=14269"}],"curies":[{"name":"wp","href":"https:\/\/api.w.org\/{rel}","templated":true}]}}