{"id":14268,"date":"2023-03-15T17:39:40","date_gmt":"2023-03-15T17:39:40","guid":{"rendered":"https:\/\/wtspstaging.wpengine.com\/industries\/detaillants\/"},"modified":"2025-04-18T18:48:51","modified_gmt":"2025-04-18T18:48:51","slug":"retailers","status":"publish","type":"page","link":"https:\/\/myparadigm.com\/fr\/industries\/retailers\/","title":{"rendered":"Logiciels pour d\u00e9taillants"},"content":{"rendered":"\n\n\t\t\n\t<p>La technologie de Paradigm alimente les principaux d\u00e9taillants de r\u00e9novation domiciliaire au monde. En fait, Paradigm a aid\u00e9 \u00e0 cr\u00e9er les meilleures exp\u00e9riences client de sa cat\u00e9gorie pour trois des quatre plus grands d\u00e9taillants de r\u00e9novation domiciliaire aux \u00c9tats-Unis. <\/p>\n\t\t\t<a href=\"\/schedule-a-demo\" target=\"_self\">\n\t\t\t\t\t\t\tDemande de d\u00e9mo\n\t\t\t<\/a>\n\t\t\tParadigm Omni\u2122\n\t\t<h2>\n\t\t\tTechnologie de devis\n\t\t<\/h2>\n\t\t\t<p>Les d\u00e9taillants qui cherchent \u00e0 optimiser une exp\u00e9rience de vente physique et num\u00e9rique peuvent s&rsquo;appuyer sur les solutions Paradigm pour cr\u00e9er une exp\u00e9rience utilisateur contemporaine, coh\u00e9rente et efficace qui donne des r\u00e9sultats \u00e0 chaque point de contact.\u00a0Paradigm Omni\u202fest un service\u202f<a href=\"https:\/\/myparadigm.com\/fr\/solutions\/paradigm-omni\/\" target=\"_blank\" rel=\"noreferrer noopener\">de devis et de vente h\u00e9berg\u00e9\u202f<\/a>dans le cloud pour les d\u00e9taillants. Cr\u00e9ez une exp\u00e9rience fluide pour vos clients, qu&rsquo;ils soient en ligne, en magasin ou \u00e0 domicile.\u00a0<\/p>\t\t\n\t<ul>\n\t\t\t<li>\n\t\t\t\tSimplifie la gestion des devis et des commandes.\n\t\t\t<\/li>\n\t\t\t<li>\n\t\t\t\tCr\u00e9e une exp\u00e9rience coh\u00e9rente dans tous les points de vente.\n\t\t\t<\/li>\n\t\t\t<li>\n\t\t\t\tStandardise les catalogues de plusieurs fournisseurs pour pr\u00e9senter une exp\u00e9rience utilisateur uniforme.\n\t\t\t<\/li>\n\t\t\t<li>\n\t\t\t\tFournit des informations pr\u00e9cieuses sur les devis, les commandes et les donn\u00e9es de performance des ventes.\n\t\t\t<\/li>\n\t\t<\/ul>\n\t\t\t<a href=\"https:\/\/myparadigm.com\/fr\/solutions\/paradigm-omni\/\" target=\"_self\">\n\t\t\t\t\t\t\tEn savoir plus\n\t\t\t<\/a>\n\t\t\tParadigm Vendo\u2122\n\t\t<h2>\n\t\t\tApplication de vente \u00e0 domicile \n\t\t<\/h2>\n\t\t\t<p><strong>Paradigm Vendo<\/strong> est une <a href=\"https:\/\/myparadigm.com\/fr\/solutions\/paradigme-vendo\/\">application polyvalente de vente num\u00e9rique \u00e0 domicile<\/a>\u00a0qui am\u00e9liore votre exp\u00e9rience client et rationalise le processus de vente. Que vous vendiez en face \u00e0 face ou virtuellement, Paradigm Vendo g\u00e8re le processus de vente &#8211; de la prise de rendez-vous \u00e0 la signature des contrats &#8211; et tout le reste.<\/p>\t\t\n\t<ul>\n\t\t\t<li>\n\t\t\t\tSimplifiez la vente et am\u00e9liorez le professionnalisme gr\u00e2ce \u00e0 une technologie pr\u00e9cise et fiable.\n\t\t\t<\/li>\n\t\t\t<li>\n\t\t\t\tR\u00e9duisez les erreurs de devis.\n\t\t\t<\/li>\n\t\t\t<li>\n\t\t\t\tPr\u00e9sentez vos produits sur n&rsquo;importe quel appareil &#8211; en personne ou virtuellement.\n\t\t\t<\/li>\n\t\t\t<li>\n\t\t\t\tConcluez davantage et des offres plus importantes.\n\t\t\t<\/li>\n\t\t<\/ul>\n\t\t\t<a href=\"https:\/\/myparadigm.com\/fr\/solutions\/paradigme-vendo\/\" target=\"_self\">\n\t\t\t\t\t\t\tEn savoir plus\n\t\t\t<\/a>\n\t\t\tParadigm nouvelles\n\t\t<h2>\n\t\t\tActualit\u00e9s connexes\n\t\t<\/h2>\n\t\t\t<p>Mises \u00e0 jour, y compris des webinaires, des blogs et des \u00e9tudes de cas.<\/p>\t\t\n\n","protected":false},"excerpt":{"rendered":"<p>La technologie de Paradigm alimente les principaux d\u00e9taillants de r\u00e9novation domiciliaire au monde. En fait, Paradigm a aid\u00e9 \u00e0 cr\u00e9er les meilleures exp\u00e9riences client de sa cat\u00e9gorie pour trois des quatre plus grands d\u00e9taillants de r\u00e9novation domiciliaire aux \u00c9tats-Unis. Demande de d\u00e9mo Paradigm Omni\u2122 Technologie de devis Les d\u00e9taillants qui cherchent \u00e0 optimiser une exp\u00e9rience&hellip;<\/p>\n","protected":false},"author":7,"featured_media":0,"parent":14258,"menu_order":17,"comment_status":"closed","ping_status":"closed","template":"","meta":{"_acf_changed":false,"footnotes":""},"page_categories":[],"class_list":["post-14268","page","type-page","status-publish","hentry"],"acf":[],"yoast_head":"<!-- This site is optimized with the Yoast SEO Premium plugin v27.3 (Yoast SEO v27.3) - https:\/\/yoast.com\/product\/yoast-seo-premium-wordpress\/ -->\n<title>Logiciels pour d\u00e9taillants - Paradigm Technology<\/title>\n<meta name=\"description\" content=\"La technologie de Paradigm alimente les plus grands d\u00e9taillants de produits d&#039;am\u00e9lioration de la maison au monde.\" \/>\n<meta name=\"robots\" content=\"index, follow, max-snippet:-1, max-image-preview:large, max-video-preview:-1\" \/>\n<link rel=\"canonical\" href=\"https:\/\/myparadigm.com\/fr\/industries\/retailers\/\" \/>\n<meta property=\"og:locale\" content=\"fr_FR\" \/>\n<meta property=\"og:type\" content=\"article\" \/>\n<meta property=\"og:title\" content=\"Logiciels pour d\u00e9taillants\" \/>\n<meta property=\"og:description\" content=\"La technologie de Paradigm alimente les plus grands d\u00e9taillants de produits d&#039;am\u00e9lioration de la maison au monde.\" \/>\n<meta property=\"og:url\" content=\"https:\/\/myparadigm.com\/fr\/industries\/retailers\/\" \/>\n<meta property=\"og:site_name\" content=\"Paradigm Technology\" \/>\n<meta property=\"article:publisher\" content=\"https:\/\/www.facebook.com\/myParadigmTechnology\/\" \/>\n<meta property=\"article:modified_time\" content=\"2025-04-18T18:48:51+00:00\" \/>\n<meta name=\"twitter:card\" content=\"summary_large_image\" \/>\n<meta name=\"twitter:label1\" content=\"Dur\u00e9e de lecture estim\u00e9e\" \/>\n\t<meta name=\"twitter:data1\" content=\"2 minutes\" \/>\n<script type=\"application\/ld+json\" class=\"yoast-schema-graph\">{\"@context\":\"https:\\\/\\\/schema.org\",\"@graph\":[{\"@type\":\"WebPage\",\"@id\":\"https:\\\/\\\/myparadigm.com\\\/fr\\\/industries\\\/retailers\\\/\",\"url\":\"https:\\\/\\\/myparadigm.com\\\/fr\\\/industries\\\/retailers\\\/\",\"name\":\"Logiciels pour d\u00e9taillants - Paradigm Technology\",\"isPartOf\":{\"@id\":\"https:\\\/\\\/myparadigm.com\\\/#website\"},\"datePublished\":\"2023-03-15T17:39:40+00:00\",\"dateModified\":\"2025-04-18T18:48:51+00:00\",\"description\":\"La technologie de Paradigm alimente les plus grands d\u00e9taillants de produits d'am\u00e9lioration de la maison au monde.\",\"breadcrumb\":{\"@id\":\"https:\\\/\\\/myparadigm.com\\\/fr\\\/industries\\\/retailers\\\/#breadcrumb\"},\"inLanguage\":\"fr-FR\",\"potentialAction\":[{\"@type\":\"ReadAction\",\"target\":[\"https:\\\/\\\/myparadigm.com\\\/fr\\\/industries\\\/retailers\\\/\"]}]},{\"@type\":\"BreadcrumbList\",\"@id\":\"https:\\\/\\\/myparadigm.com\\\/fr\\\/industries\\\/retailers\\\/#breadcrumb\",\"itemListElement\":[{\"@type\":\"ListItem\",\"position\":1,\"name\":\"Home\",\"item\":\"https:\\\/\\\/myparadigm.com\\\/fr\\\/home\\\/\"},{\"@type\":\"ListItem\",\"position\":2,\"name\":\"Industries\",\"item\":\"https:\\\/\\\/myparadigm.com\\\/?page_id=70\"},{\"@type\":\"ListItem\",\"position\":3,\"name\":\"Logiciels pour d\u00e9taillants\"}]},{\"@type\":\"WebSite\",\"@id\":\"https:\\\/\\\/myparadigm.com\\\/#website\",\"url\":\"https:\\\/\\\/myparadigm.com\\\/\",\"name\":\"Paradigm Technology\",\"description\":\"Software for the Building Industry\",\"publisher\":{\"@id\":\"https:\\\/\\\/myparadigm.com\\\/#organization\"},\"potentialAction\":[{\"@type\":\"SearchAction\",\"target\":{\"@type\":\"EntryPoint\",\"urlTemplate\":\"https:\\\/\\\/myparadigm.com\\\/?s={search_term_string}\"},\"query-input\":{\"@type\":\"PropertyValueSpecification\",\"valueRequired\":true,\"valueName\":\"search_term_string\"}}],\"inLanguage\":\"fr-FR\"},{\"@type\":\"Organization\",\"@id\":\"https:\\\/\\\/myparadigm.com\\\/#organization\",\"name\":\"Paradigm Technology\",\"url\":\"https:\\\/\\\/myparadigm.com\\\/\",\"logo\":{\"@type\":\"ImageObject\",\"inLanguage\":\"fr-FR\",\"@id\":\"https:\\\/\\\/myparadigm.com\\\/#\\\/schema\\\/logo\\\/image\\\/\",\"url\":\"https:\\\/\\\/myparadigm.com\\\/wp-content\\\/uploads\\\/2023\\\/12\\\/Paradigm_favicon_web_p.jpg\",\"contentUrl\":\"https:\\\/\\\/myparadigm.com\\\/wp-content\\\/uploads\\\/2023\\\/12\\\/Paradigm_favicon_web_p.jpg\",\"width\":512,\"height\":512,\"caption\":\"Paradigm Technology\"},\"image\":{\"@id\":\"https:\\\/\\\/myparadigm.com\\\/#\\\/schema\\\/logo\\\/image\\\/\"},\"sameAs\":[\"https:\\\/\\\/www.facebook.com\\\/myParadigmTechnology\\\/\",\"https:\\\/\\\/www.linkedin.com\\\/company\\\/myParadigmTechnology\\\/\",\"https:\\\/\\\/www.youtube.com\\\/channel\\\/UC8khFPtIe_j0A7K0zLL5VBA\"]}]}<\/script>\n<!-- \/ Yoast SEO Premium plugin. -->","yoast_head_json":{"title":"Logiciels pour d\u00e9taillants - Paradigm Technology","description":"La technologie de Paradigm alimente les plus grands d\u00e9taillants de produits d'am\u00e9lioration de la maison au monde.","robots":{"index":"index","follow":"follow","max-snippet":"max-snippet:-1","max-image-preview":"max-image-preview:large","max-video-preview":"max-video-preview:-1"},"canonical":"https:\/\/myparadigm.com\/fr\/industries\/retailers\/","og_locale":"fr_FR","og_type":"article","og_title":"Logiciels pour d\u00e9taillants","og_description":"La technologie de Paradigm alimente les plus grands d\u00e9taillants de produits d'am\u00e9lioration de la maison au monde.","og_url":"https:\/\/myparadigm.com\/fr\/industries\/retailers\/","og_site_name":"Paradigm Technology","article_publisher":"https:\/\/www.facebook.com\/myParadigmTechnology\/","article_modified_time":"2025-04-18T18:48:51+00:00","twitter_card":"summary_large_image","twitter_misc":{"Dur\u00e9e de lecture estim\u00e9e":"2 minutes"},"schema":{"@context":"https:\/\/schema.org","@graph":[{"@type":"WebPage","@id":"https:\/\/myparadigm.com\/fr\/industries\/retailers\/","url":"https:\/\/myparadigm.com\/fr\/industries\/retailers\/","name":"Logiciels pour d\u00e9taillants - Paradigm Technology","isPartOf":{"@id":"https:\/\/myparadigm.com\/#website"},"datePublished":"2023-03-15T17:39:40+00:00","dateModified":"2025-04-18T18:48:51+00:00","description":"La technologie de Paradigm alimente les plus grands d\u00e9taillants de produits d'am\u00e9lioration de la maison au monde.","breadcrumb":{"@id":"https:\/\/myparadigm.com\/fr\/industries\/retailers\/#breadcrumb"},"inLanguage":"fr-FR","potentialAction":[{"@type":"ReadAction","target":["https:\/\/myparadigm.com\/fr\/industries\/retailers\/"]}]},{"@type":"BreadcrumbList","@id":"https:\/\/myparadigm.com\/fr\/industries\/retailers\/#breadcrumb","itemListElement":[{"@type":"ListItem","position":1,"name":"Home","item":"https:\/\/myparadigm.com\/fr\/home\/"},{"@type":"ListItem","position":2,"name":"Industries","item":"https:\/\/myparadigm.com\/?page_id=70"},{"@type":"ListItem","position":3,"name":"Logiciels pour d\u00e9taillants"}]},{"@type":"WebSite","@id":"https:\/\/myparadigm.com\/#website","url":"https:\/\/myparadigm.com\/","name":"Paradigm Technology","description":"Software for the Building Industry","publisher":{"@id":"https:\/\/myparadigm.com\/#organization"},"potentialAction":[{"@type":"SearchAction","target":{"@type":"EntryPoint","urlTemplate":"https:\/\/myparadigm.com\/?s={search_term_string}"},"query-input":{"@type":"PropertyValueSpecification","valueRequired":true,"valueName":"search_term_string"}}],"inLanguage":"fr-FR"},{"@type":"Organization","@id":"https:\/\/myparadigm.com\/#organization","name":"Paradigm Technology","url":"https:\/\/myparadigm.com\/","logo":{"@type":"ImageObject","inLanguage":"fr-FR","@id":"https:\/\/myparadigm.com\/#\/schema\/logo\/image\/","url":"https:\/\/myparadigm.com\/wp-content\/uploads\/2023\/12\/Paradigm_favicon_web_p.jpg","contentUrl":"https:\/\/myparadigm.com\/wp-content\/uploads\/2023\/12\/Paradigm_favicon_web_p.jpg","width":512,"height":512,"caption":"Paradigm Technology"},"image":{"@id":"https:\/\/myparadigm.com\/#\/schema\/logo\/image\/"},"sameAs":["https:\/\/www.facebook.com\/myParadigmTechnology\/","https:\/\/www.linkedin.com\/company\/myParadigmTechnology\/","https:\/\/www.youtube.com\/channel\/UC8khFPtIe_j0A7K0zLL5VBA"]}]}},"_links":{"self":[{"href":"https:\/\/myparadigm.com\/fr\/wp-json\/wp\/v2\/pages\/14268","targetHints":{"allow":["GET"]}}],"collection":[{"href":"https:\/\/myparadigm.com\/fr\/wp-json\/wp\/v2\/pages"}],"about":[{"href":"https:\/\/myparadigm.com\/fr\/wp-json\/wp\/v2\/types\/page"}],"author":[{"embeddable":true,"href":"https:\/\/myparadigm.com\/fr\/wp-json\/wp\/v2\/users\/7"}],"replies":[{"embeddable":true,"href":"https:\/\/myparadigm.com\/fr\/wp-json\/wp\/v2\/comments?post=14268"}],"version-history":[{"count":0,"href":"https:\/\/myparadigm.com\/fr\/wp-json\/wp\/v2\/pages\/14268\/revisions"}],"up":[{"embeddable":true,"href":"https:\/\/myparadigm.com\/fr\/wp-json\/wp\/v2\/pages\/14258"}],"wp:attachment":[{"href":"https:\/\/myparadigm.com\/fr\/wp-json\/wp\/v2\/media?parent=14268"}],"wp:term":[{"taxonomy":"page_categories","embeddable":true,"href":"https:\/\/myparadigm.com\/fr\/wp-json\/wp\/v2\/page_categories?post=14268"}],"curies":[{"name":"wp","href":"https:\/\/api.w.org\/{rel}","templated":true}]}}