{"id":14267,"date":"2023-03-15T17:39:40","date_gmt":"2023-03-15T17:39:40","guid":{"rendered":"https:\/\/wtspstaging.wpengine.com\/industries\/entrepreneurs-en-amelioration-de-lhabitat\/"},"modified":"2024-12-11T19:16:00","modified_gmt":"2024-12-11T19:16:00","slug":"home-improvement-contractor-software","status":"publish","type":"page","link":"https:\/\/myparadigm.com\/fr\/industries\/home-improvement-contractor-software\/","title":{"rendered":"Logiciels pour les entrepreneurs en r\u00e9novation domiciliaire"},"content":{"rendered":"\n\n\t\t\n\t<p>Une exp\u00e9rience de vente fluide et facile est la cl\u00e9 du succ\u00e8s des ventes \u00e0 domicile de produits de construction de remplacement. Paradigm poss\u00e8de la technologie pour cr\u00e9er une exp\u00e9rience meilleure, plus rapide et plus cr\u00e9dible pour les propri\u00e9taires, tout en am\u00e9liorant l&rsquo;efficacit\u00e9 et le professionnalisme des entrepreneurs en r\u00e9novation domiciliaire. <\/p>\n\t\t\t<a href=\"\/schedule-a-demo\" target=\"_self\" rel=\"noopener\">\n\t\t\t\t\t\t\tSchedule a Demo\n\t\t\t<\/a>\n\t\t\tParadigm Vendo\u2122\n\t\t<h2>\n\t\t\tLogiciel de vente pour entrepreneurs\n\t\t<\/h2>\n\t\t\t<p><strong>Paradigm Vendo<\/strong>\u2122 est une <a href=\"https:\/\/myparadigm.com\/fr\/solutions\/paradigme-vendo\/\">solution de vente<\/a> num\u00e9rique \u00e0 domicile con\u00e7ue pour impressionner les propri\u00e9taires et vous aider \u00e0 conclure plus de transactions. Que vous vendiez en face \u00e0 face ou virtuellement, Paradigm Vendo g\u00e8re la vente &#8211; de la prise de rendez-vous \u00e0 la signature des contrats &#8211; et tout le reste.<\/p>\t\t\n\t<ul>\n\t\t\t<li>\n\t\t\t\tSimplifiez la vente et am\u00e9liorez le professionnalisme gr\u00e2ce \u00e0 une technologie pr\u00e9cise et fiable.\n\t\t\t<\/li>\n\t\t\t<li>\n\t\t\t\tR\u00e9duisez les erreurs de devis.\n\t\t\t<\/li>\n\t\t\t<li>\n\t\t\t\tPr\u00e9sentez vos produits sur n&rsquo;importe quel appareil &#8211; en personne ou virtuellement.\n\t\t\t<\/li>\n\t\t\t<li>\n\t\t\t\tConcluez davantage et des offres plus importantes.\n\t\t\t<\/li>\n\t\t<\/ul>\n\t\t\t<a href=\"https:\/\/myparadigm.com\/fr\/solutions\/paradigme-vendo\/\" target=\"_self\" rel=\"noopener\">\n\t\t\t\t\t\t\tEn savoir plus\n\t\t\t<\/a>\n\t\t\tParadigm Payments\u2122\n\t\t<h2>\n\t\t\tServices de traitement des paiements\n\t\t<\/h2>\n\t\t\t<p>Trop souvent, les entrepreneurs en r\u00e9novation domiciliaire se retrouvent coinc\u00e9s dans des syst\u00e8mes de paiement mal con\u00e7us, utilisant des prix trompeurs et difficiles \u00e0 comprendre. <strong>Paradigm Payments<\/strong>\u2122 est un <a href=\"https:\/\/myparadigm.com\/fr\/solutions\/paradigme-vendo\/paiements-paradigm\/\">service de traitement<\/a> des paiements con\u00e7u pour changer cela. Les entrepreneurs peuvent compter sur Paradigm Payments pour accepter simplement et en toute s\u00e9curit\u00e9 les cartes de cr\u00e9dit et de d\u00e9bit et traiter les ch\u00e8ques sur le terrain ou en magasin.<\/p>\t\t\n\t<ul>\n\t\t\t<li>\n\t\t\t\tLe service facile \u00e0 utiliser s&rsquo;int\u00e8gre aux syst\u00e8mes et applications comptables existants.\n\t\t\t<\/li>\n\t\t\t<li>\n\t\t\t\tInt\u00e9gration transparente avec les principaux terminaux de paiement tiers.\n\t\t\t<\/li>\n\t\t\t<li>\n\t\t\t\tAjoutez de la commodit\u00e9 et du professionnalisme \u00e0 chaque transaction.\n\t\t\t<\/li>\n\t\t<\/ul>\n\t\t\t<a href=\"https:\/\/myparadigm.com\/fr\/solutions\/paradigme-vendo\/paiements-paradigm\/\" target=\"_self\" rel=\"noopener\">\n\t\t\t\t\t\t\tEn savoir plus\n\t\t\t<\/a>\n\t\t\tParadigm Financing\u2122\n\t\t<h2>\n\t\t\tFinancement au point de vente pour les entrepreneurs en r\u00e9novation domiciliaire\n\t\t<\/h2>\n\t\t\t<p>Offrez \u00e0 vos clients de r\u00e9novation domiciliaire des <a href=\"https:\/\/myparadigm.com\/fr\/solutions\/paradigme-vendo\/paradigm-finance\/\">options de financement<\/a> instantan\u00e9es au point de vente avec <strong>Paradigm Finance<\/strong>\u2122, propuls\u00e9 par Momnt. La technologie mobile s&rsquo;int\u00e8gre parfaitement \u00e0 la solution de vente Paradigm Vendo\u2122 et aide les entrepreneurs en r\u00e9novation domiciliaire \u00e0 conclure des affaires plus importantes et meilleures.<\/p>\t\t\n\t<ul>\n\t\t\t<li>\n\t\t\t\tLa demande en ligne simplifie le financement et acc\u00e9l\u00e8re le processus de prise de d\u00e9cision.\n\t\t\t<\/li>\n\t\t\t<li>\n\t\t\t\tLes propri\u00e9taires peuvent consulter les offres sans affecter leur cote de cr\u00e9dit.\n\t\t\t<\/li>\n\t\t\t<li>\n\t\t\t\tPr\u00e9-qualification instantan\u00e9e pour les emprunteurs qualifi\u00e9s.\n\t\t\t<\/li>\n\t\t\t<li>\n\t\t\t\tPas de p\u00e9nalit\u00e9s pour paiement anticip\u00e9.\n\t\t\t<\/li>\n\t\t<\/ul>\n\t\t\t<a href=\"https:\/\/myparadigm.com\/fr\/solutions\/paradigme-vendo\/paradigm-finance\/\" target=\"_self\" rel=\"noopener\">\n\t\t\t\t\t\t\tEn savoir plus\n\t\t\t<\/a>\n\t\t\tParadigm View\u2122\n\t\t<h2>\n\t\t\tLogiciel de visualisation \u00e0 domicile\n\t\t<\/h2>\n\t\t\t<p><strong>Paradigm View<\/strong>\u2122 <a href=\"https:\/\/myparadigm.com\/fr\/solutions\/paradigm-omni\/vue-du-paradigme\/\">identifie automatiquement les produits de construction complexes sur les maisons<\/a>. Il offre aux propri\u00e9taires une vue instantan\u00e9e et r\u00e9elle des produits avant d&rsquo;acheter. L&rsquo;intelligence artificielle et la technologie d&rsquo;apprentissage automatique en profondeur de Paradigm View aident les entrepreneurs en r\u00e9novation domiciliaire \u00e0 configurer, proposer et vendre des produits avec plus de pr\u00e9cision et \u00e0 am\u00e9liorer la satisfaction client.<\/p>\t\t\n\t\t\t<a href=\"https:\/\/myparadigm.com\/fr\/solutions\/paradigm-omni\/vue-du-paradigme\/\" target=\"_self\" rel=\"noopener\">\n\t\t\t\t\t\t\tEn savoir plus\n\t\t\t<\/a>\n\t\t\tParadigm News\n\t\t<h2>\n\t\t\tActualit\u00e9s nouvelles\n\t\t<\/h2>\n\t\t\t<p>Mises \u00e0 jour, y compris des webinaires, des blogs et des \u00e9tudes de cas.<\/p>\t\t\n\n","protected":false},"excerpt":{"rendered":"<p>Une exp\u00e9rience de vente fluide et facile est la cl\u00e9 du succ\u00e8s des ventes \u00e0 domicile de produits de construction de remplacement. Paradigm poss\u00e8de la technologie pour cr\u00e9er une exp\u00e9rience meilleure, plus rapide et plus cr\u00e9dible pour les propri\u00e9taires, tout en am\u00e9liorant l&rsquo;efficacit\u00e9 et le professionnalisme des entrepreneurs en r\u00e9novation domiciliaire. Schedule a Demo Paradigm&hellip;<\/p>\n","protected":false},"author":7,"featured_media":0,"parent":14258,"menu_order":15,"comment_status":"closed","ping_status":"closed","template":"","meta":{"_acf_changed":false,"footnotes":""},"page_categories":[],"class_list":["post-14267","page","type-page","status-publish","hentry"],"acf":[],"yoast_head":"<!-- This site is optimized with the Yoast SEO Premium plugin v27.3 (Yoast SEO v27.3) - https:\/\/yoast.com\/product\/yoast-seo-premium-wordpress\/ -->\n<title>Logiciels pour les entrepreneurs en r\u00e9novation domiciliaire - Paradigm Technology<\/title>\n<meta name=\"description\" content=\"Une exp\u00e9rience de vente fluide et facile est la cl\u00e9 de la r\u00e9ussite des ventes \u00e0 domicile de produits de construction de remplacement.\" \/>\n<meta name=\"robots\" content=\"index, follow, max-snippet:-1, max-image-preview:large, max-video-preview:-1\" \/>\n<link rel=\"canonical\" href=\"https:\/\/myparadigm.com\/fr\/industries\/home-improvement-contractor-software\/\" \/>\n<meta property=\"og:locale\" content=\"fr_FR\" \/>\n<meta property=\"og:type\" content=\"article\" \/>\n<meta property=\"og:title\" content=\"Logiciels pour les entrepreneurs en r\u00e9novation domiciliaire\" \/>\n<meta property=\"og:description\" content=\"Une exp\u00e9rience de vente fluide et facile est la cl\u00e9 de la r\u00e9ussite des ventes \u00e0 domicile de produits de construction de remplacement.\" \/>\n<meta property=\"og:url\" content=\"https:\/\/myparadigm.com\/fr\/industries\/home-improvement-contractor-software\/\" \/>\n<meta property=\"og:site_name\" content=\"Paradigm Technology\" \/>\n<meta property=\"article:publisher\" content=\"https:\/\/www.facebook.com\/myParadigmTechnology\/\" \/>\n<meta property=\"article:modified_time\" content=\"2024-12-11T19:16:00+00:00\" \/>\n<meta name=\"twitter:card\" content=\"summary_large_image\" \/>\n<meta name=\"twitter:label1\" content=\"Dur\u00e9e de lecture estim\u00e9e\" \/>\n\t<meta name=\"twitter:data1\" content=\"3 minutes\" \/>\n<script type=\"application\/ld+json\" class=\"yoast-schema-graph\">{\"@context\":\"https:\\\/\\\/schema.org\",\"@graph\":[{\"@type\":\"WebPage\",\"@id\":\"https:\\\/\\\/myparadigm.com\\\/fr\\\/industries\\\/home-improvement-contractor-software\\\/\",\"url\":\"https:\\\/\\\/myparadigm.com\\\/fr\\\/industries\\\/home-improvement-contractor-software\\\/\",\"name\":\"Logiciels pour les entrepreneurs en r\u00e9novation domiciliaire - Paradigm Technology\",\"isPartOf\":{\"@id\":\"https:\\\/\\\/myparadigm.com\\\/#website\"},\"datePublished\":\"2023-03-15T17:39:40+00:00\",\"dateModified\":\"2024-12-11T19:16:00+00:00\",\"description\":\"Une exp\u00e9rience de vente fluide et facile est la cl\u00e9 de la r\u00e9ussite des ventes \u00e0 domicile de produits de construction de remplacement.\",\"breadcrumb\":{\"@id\":\"https:\\\/\\\/myparadigm.com\\\/fr\\\/industries\\\/home-improvement-contractor-software\\\/#breadcrumb\"},\"inLanguage\":\"fr-FR\",\"potentialAction\":[{\"@type\":\"ReadAction\",\"target\":[\"https:\\\/\\\/myparadigm.com\\\/fr\\\/industries\\\/home-improvement-contractor-software\\\/\"]}]},{\"@type\":\"BreadcrumbList\",\"@id\":\"https:\\\/\\\/myparadigm.com\\\/fr\\\/industries\\\/home-improvement-contractor-software\\\/#breadcrumb\",\"itemListElement\":[{\"@type\":\"ListItem\",\"position\":1,\"name\":\"Home\",\"item\":\"https:\\\/\\\/myparadigm.com\\\/fr\\\/home\\\/\"},{\"@type\":\"ListItem\",\"position\":2,\"name\":\"Industries\",\"item\":\"https:\\\/\\\/myparadigm.com\\\/?page_id=70\"},{\"@type\":\"ListItem\",\"position\":3,\"name\":\"Logiciels pour les entrepreneurs en r\u00e9novation domiciliaire\"}]},{\"@type\":\"WebSite\",\"@id\":\"https:\\\/\\\/myparadigm.com\\\/#website\",\"url\":\"https:\\\/\\\/myparadigm.com\\\/\",\"name\":\"Paradigm Technology\",\"description\":\"Software for the Building Industry\",\"publisher\":{\"@id\":\"https:\\\/\\\/myparadigm.com\\\/#organization\"},\"potentialAction\":[{\"@type\":\"SearchAction\",\"target\":{\"@type\":\"EntryPoint\",\"urlTemplate\":\"https:\\\/\\\/myparadigm.com\\\/?s={search_term_string}\"},\"query-input\":{\"@type\":\"PropertyValueSpecification\",\"valueRequired\":true,\"valueName\":\"search_term_string\"}}],\"inLanguage\":\"fr-FR\"},{\"@type\":\"Organization\",\"@id\":\"https:\\\/\\\/myparadigm.com\\\/#organization\",\"name\":\"Paradigm Technology\",\"url\":\"https:\\\/\\\/myparadigm.com\\\/\",\"logo\":{\"@type\":\"ImageObject\",\"inLanguage\":\"fr-FR\",\"@id\":\"https:\\\/\\\/myparadigm.com\\\/#\\\/schema\\\/logo\\\/image\\\/\",\"url\":\"https:\\\/\\\/myparadigm.com\\\/wp-content\\\/uploads\\\/2023\\\/12\\\/Paradigm_favicon_web_p.jpg\",\"contentUrl\":\"https:\\\/\\\/myparadigm.com\\\/wp-content\\\/uploads\\\/2023\\\/12\\\/Paradigm_favicon_web_p.jpg\",\"width\":512,\"height\":512,\"caption\":\"Paradigm Technology\"},\"image\":{\"@id\":\"https:\\\/\\\/myparadigm.com\\\/#\\\/schema\\\/logo\\\/image\\\/\"},\"sameAs\":[\"https:\\\/\\\/www.facebook.com\\\/myParadigmTechnology\\\/\",\"https:\\\/\\\/www.linkedin.com\\\/company\\\/myParadigmTechnology\\\/\",\"https:\\\/\\\/www.youtube.com\\\/channel\\\/UC8khFPtIe_j0A7K0zLL5VBA\"]}]}<\/script>\n<!-- \/ Yoast SEO Premium plugin. -->","yoast_head_json":{"title":"Logiciels pour les entrepreneurs en r\u00e9novation domiciliaire - Paradigm Technology","description":"Une exp\u00e9rience de vente fluide et facile est la cl\u00e9 de la r\u00e9ussite des ventes \u00e0 domicile de produits de construction de remplacement.","robots":{"index":"index","follow":"follow","max-snippet":"max-snippet:-1","max-image-preview":"max-image-preview:large","max-video-preview":"max-video-preview:-1"},"canonical":"https:\/\/myparadigm.com\/fr\/industries\/home-improvement-contractor-software\/","og_locale":"fr_FR","og_type":"article","og_title":"Logiciels pour les entrepreneurs en r\u00e9novation domiciliaire","og_description":"Une exp\u00e9rience de vente fluide et facile est la cl\u00e9 de la r\u00e9ussite des ventes \u00e0 domicile de produits de construction de remplacement.","og_url":"https:\/\/myparadigm.com\/fr\/industries\/home-improvement-contractor-software\/","og_site_name":"Paradigm Technology","article_publisher":"https:\/\/www.facebook.com\/myParadigmTechnology\/","article_modified_time":"2024-12-11T19:16:00+00:00","twitter_card":"summary_large_image","twitter_misc":{"Dur\u00e9e de lecture estim\u00e9e":"3 minutes"},"schema":{"@context":"https:\/\/schema.org","@graph":[{"@type":"WebPage","@id":"https:\/\/myparadigm.com\/fr\/industries\/home-improvement-contractor-software\/","url":"https:\/\/myparadigm.com\/fr\/industries\/home-improvement-contractor-software\/","name":"Logiciels pour les entrepreneurs en r\u00e9novation domiciliaire - Paradigm Technology","isPartOf":{"@id":"https:\/\/myparadigm.com\/#website"},"datePublished":"2023-03-15T17:39:40+00:00","dateModified":"2024-12-11T19:16:00+00:00","description":"Une exp\u00e9rience de vente fluide et facile est la cl\u00e9 de la r\u00e9ussite des ventes \u00e0 domicile de produits de construction de remplacement.","breadcrumb":{"@id":"https:\/\/myparadigm.com\/fr\/industries\/home-improvement-contractor-software\/#breadcrumb"},"inLanguage":"fr-FR","potentialAction":[{"@type":"ReadAction","target":["https:\/\/myparadigm.com\/fr\/industries\/home-improvement-contractor-software\/"]}]},{"@type":"BreadcrumbList","@id":"https:\/\/myparadigm.com\/fr\/industries\/home-improvement-contractor-software\/#breadcrumb","itemListElement":[{"@type":"ListItem","position":1,"name":"Home","item":"https:\/\/myparadigm.com\/fr\/home\/"},{"@type":"ListItem","position":2,"name":"Industries","item":"https:\/\/myparadigm.com\/?page_id=70"},{"@type":"ListItem","position":3,"name":"Logiciels pour les entrepreneurs en r\u00e9novation domiciliaire"}]},{"@type":"WebSite","@id":"https:\/\/myparadigm.com\/#website","url":"https:\/\/myparadigm.com\/","name":"Paradigm Technology","description":"Software for the Building Industry","publisher":{"@id":"https:\/\/myparadigm.com\/#organization"},"potentialAction":[{"@type":"SearchAction","target":{"@type":"EntryPoint","urlTemplate":"https:\/\/myparadigm.com\/?s={search_term_string}"},"query-input":{"@type":"PropertyValueSpecification","valueRequired":true,"valueName":"search_term_string"}}],"inLanguage":"fr-FR"},{"@type":"Organization","@id":"https:\/\/myparadigm.com\/#organization","name":"Paradigm Technology","url":"https:\/\/myparadigm.com\/","logo":{"@type":"ImageObject","inLanguage":"fr-FR","@id":"https:\/\/myparadigm.com\/#\/schema\/logo\/image\/","url":"https:\/\/myparadigm.com\/wp-content\/uploads\/2023\/12\/Paradigm_favicon_web_p.jpg","contentUrl":"https:\/\/myparadigm.com\/wp-content\/uploads\/2023\/12\/Paradigm_favicon_web_p.jpg","width":512,"height":512,"caption":"Paradigm Technology"},"image":{"@id":"https:\/\/myparadigm.com\/#\/schema\/logo\/image\/"},"sameAs":["https:\/\/www.facebook.com\/myParadigmTechnology\/","https:\/\/www.linkedin.com\/company\/myParadigmTechnology\/","https:\/\/www.youtube.com\/channel\/UC8khFPtIe_j0A7K0zLL5VBA"]}]}},"_links":{"self":[{"href":"https:\/\/myparadigm.com\/fr\/wp-json\/wp\/v2\/pages\/14267","targetHints":{"allow":["GET"]}}],"collection":[{"href":"https:\/\/myparadigm.com\/fr\/wp-json\/wp\/v2\/pages"}],"about":[{"href":"https:\/\/myparadigm.com\/fr\/wp-json\/wp\/v2\/types\/page"}],"author":[{"embeddable":true,"href":"https:\/\/myparadigm.com\/fr\/wp-json\/wp\/v2\/users\/7"}],"replies":[{"embeddable":true,"href":"https:\/\/myparadigm.com\/fr\/wp-json\/wp\/v2\/comments?post=14267"}],"version-history":[{"count":0,"href":"https:\/\/myparadigm.com\/fr\/wp-json\/wp\/v2\/pages\/14267\/revisions"}],"up":[{"embeddable":true,"href":"https:\/\/myparadigm.com\/fr\/wp-json\/wp\/v2\/pages\/14258"}],"wp:attachment":[{"href":"https:\/\/myparadigm.com\/fr\/wp-json\/wp\/v2\/media?parent=14267"}],"wp:term":[{"taxonomy":"page_categories","embeddable":true,"href":"https:\/\/myparadigm.com\/fr\/wp-json\/wp\/v2\/page_categories?post=14267"}],"curies":[{"name":"wp","href":"https:\/\/api.w.org\/{rel}","templated":true}]}}