{"id":14266,"date":"2023-03-15T17:39:40","date_gmt":"2023-03-15T17:39:40","guid":{"rendered":"https:\/\/wtspstaging.wpengine.com\/industries\/fabricants-de-portes\/"},"modified":"2025-04-18T18:55:16","modified_gmt":"2025-04-18T18:55:16","slug":"door-manufacturing-software","status":"publish","type":"page","link":"https:\/\/myparadigm.com\/fr\/industries\/door-window-manufacturers\/door-manufacturing-software\/","title":{"rendered":"Fabrication de portes"},"content":{"rendered":"\n\n\t\t<h1>\n\t\t\tFabricants de portes et fen\u00eatres\n\t\t<\/h1>\n\t<p>Les solutions logicielles de Paradigm sont reconnues comme la norme de l&rsquo;industrie par les fabricants de fen\u00eatres et de portes pour de bonnes raisons. L&rsquo;investissement continu dans le d\u00e9veloppement de nouvelles fonctionnalit\u00e9s et services soutient l&rsquo;id\u00e9e que votre r\u00e9ussite est notre plus grande r\u00e9ussite.<\/p>\n\t\t\t<a href=\"https:\/\/myparadigm.com\/fr\/planifier-une-demonstration\/\" target=\"_self\">\n\t\t\t\t\t\t\tDemande de d\u00e9mo\n\t\t\t<\/a>\nCareers Menu\t\t\t\n\t\t\t\t\t<ul id=\"menu-door-window-manufacturing-french\"><li id=\"menu-item-16334\"><a href=\"https:\/\/myparadigm.com\/fr\/industries\/door-window-manufacturers\/door-manufacturing-software\/\">Fabrication de portes<\/a><\/li>\n<li id=\"menu-item-16335\"><a href=\"https:\/\/myparadigm.com\/fr\/industries\/door-window-manufacturers\/window-manufacturing-software\/\">Logiciels de fabrication de fen\u00eatres<\/a><\/li>\n<\/ul>\t\n\t\t<h2>\n\t\t\tLogiciels de fabrication de portes \n\t\t<\/h2>\n\t\t\t<p>Nous comprenons les d\u00e9fis auxquels sont confront\u00e9s les fabricants de portes, des variations d&rsquo;\u00e9paisseur et des tol\u00e9rances aux exigences sp\u00e9cifiques \u00e0 la r\u00e9gion. Nos technologies aident les fabricants \u00e0 r\u00e9duire leurs co\u00fbts, \u00e0 augmenter leurs ventes et \u00e0 \u00e9lever leur position concurrentielle sur un march\u00e9 en constante \u00e9volution.<\/p>\t\t\n\t\t\tParadigm Omni\u2122\n\t\t<h2>\n\t\t\tTechnologie de devis\n\t\t<\/h2>\n\t\t\t<p>La technologie de devis de pointe de Paradigm <a href=\"https:\/\/myparadigm.com\/fr\/solutions\/paradigm-omni\/\">aide les fabricants de fen\u00eatres<\/a> \u00e0 augmenter leurs ventes, \u00e0 r\u00e9duire leurs co\u00fbts et \u00e0 devenir plus comp\u00e9titifs sur le march\u00e9 mondial.Paradigm Omni\u2122 est une technologie de devis h\u00e9berg\u00e9e dans le cloud pour les fen\u00eatres et autres produits de construction hautement configurables.<\/p>\t\t\n\t<ul>\n\t\t\t<li>\n\t\t\t\tCr\u00e9e une exp\u00e9rience transparente pour vos clients sur tous les canaux de vente.\n\t\t\t<\/li>\n\t\t\t<li>\n\t\t\t\tSimplifiez le processus de commande de produits complexes.\n\t\t\t<\/li>\n\t\t\t<li>\n\t\t\t\tInt\u00e9grez de mani\u00e8re transparente Paradigm Omni \u00e0 votre pile technologique.\n\t\t\t<\/li>\n\t\t\t<li>\n\t\t\t\tAcc\u00e9dez \u00e0 des informations pr\u00e9cieuses sur vos devis et vos donn\u00e9es de vente.\n\t\t\t<\/li>\n\t\t<\/ul>\n\t\t\t<a href=\"https:\/\/myparadigm.com\/fr\/solutions\/paradigm-omni\/\" target=\"_self\">\n\t\t\t\t\t\t\tEn savoir plus\n\t\t\t<\/a>\n\t\t\tParadigm Nexus\u2122\n\t\t<h2>\n\t\t\tTechnologie ERP\n\t\t<\/h2>\n\t\t\t<p>De la planification de la production et de la gestion des stocks \u00e0 l&rsquo;exp\u00e9dition et \u00e0 la facturation, <a href=\"https:\/\/myparadigm.com\/fr\/solutions\/nexus-du-paradigme\/\">la technologie ERP de Paradigm<\/a> est une solution int\u00e9gr\u00e9e pour g\u00e9rer les op\u00e9rations de votre usine.Paradigm Nexus est un ERP sp\u00e9cialement con\u00e7u pour le secteur du b\u00e2timent. Il peut vous aider \u00e0 rationaliser vos op\u00e9rations, \u00e0 gagner en efficacit\u00e9 et \u00e0 r\u00e9duire le gaspillage. <\/p>\t\t\n\t<ul>\n\t\t\t<li>\n\t\t\t\tTirez parti de modules allant de la planification et des achats \u00e0 l&rsquo;exp\u00e9dition et \u00e0 la facturation.\n\t\t\t<\/li>\n\t\t\t<li>\n\t\t\t\tAcc\u00e9dez aux statistiques de production pour optimiser les performances en temps r\u00e9el.\n\t\t\t<\/li>\n\t\t\t<li>\n\t\t\t\tMaximisez vos capacit\u00e9s de production, r\u00e9duisez les erreurs et minimisez le gaspillage.\n\t\t\t<\/li>\n\t\t\t<li>\n\t\t\t\tInt\u00e9grez Paradigm Omni pour une solution de bout en bout qui g\u00e8re la configuration, les devis, la vente, la production et l&rsquo;administration.\n\t\t\t<\/li>\n\t\t<\/ul>\n\t\t\t<a href=\"https:\/\/myparadigm.com\/fr\/solutions\/nexus-du-paradigme\/\" target=\"_self\">\n\t\t\t\t\t\t\tEn savoir plus\n\t\t\t<\/a>\n\t\t\tParadigm Vendo\u2122\n\t\t<h2>\n\t\t\tApplication de vente \u00e0 domicile\n\t\t<\/h2>\n\t\t\t<p>Paradigm Vendo est une <a href=\"https:\/\/myparadigm.com\/fr\/solutions\/paradigme-vendo\/\">application polyvalente de vente num\u00e9rique \u00e0 domicile<\/a>\u00a0pour entrepreneurs en r\u00e9novation domiciliaire qui est incluse avec la plateforme de devis et de configuration Paradigm Omni. Que vos revendeurs et professionnels de la vente vendent \u00e0 domicile ou virtuellement, Paradigm Vendo g\u00e8re le processus de vente de portes et fen\u00eatres &#8211; de la prise de rendez-vous \u00e0 la signature du contrat.\u00a0<\/p>\t\t\n\t<ul>\n\t\t\t<li>\n\t\t\t\tAidez vos professionnels de la vente \u00e0 rationaliser leurs ventes et \u00e0 conclure davantage de transactions.\n\t\t\t<\/li>\n\t\t\t<li>\n\t\t\t\tTirez parti d&rsquo;une version conviviale de vos catalogues de produits.\n\t\t\t<\/li>\n\t\t\t<li>\n\t\t\t\tCapturez des donn\u00e9es pr\u00e9cieuses sur les performances des ventes.\n\t\t\t<\/li>\n\t\t\t<li>\n\t\t\t\tG\u00e9rez les rendez-vous et les prospects et synchronisez-les avec le CRM existant.\n\t\t\t<\/li>\n\t\t\t<li>\n\t\t\t\tPr\u00e9sentez des supports de vente, des d\u00e9monstrations, des produits, des comparaisons et bien plus encore.\n\t\t\t<\/li>\n\t\t<\/ul>\n\t\t\t<a href=\"https:\/\/myparadigm.com\/fr\/solutions\/paradigme-vendo\/\" target=\"_self\">\n\t\t\t\t\t\t\tEn savoir plus\n\t\t\t<\/a>\n\t\t\tParadigm nouvelles\n\t\t<h2>\n\t\t\tActualit\u00e9s connexes\n\t\t<\/h2>\n\t\t\t<p>Mises \u00e0 jour, y compris des webinaires, des blogs et des \u00e9tudes de cas.<\/p>\t\t\n\n","protected":false},"excerpt":{"rendered":"<p>Fabricants de portes et fen\u00eatres Les solutions logicielles de Paradigm sont reconnues comme la norme de l&rsquo;industrie par les fabricants de fen\u00eatres et de portes pour de bonnes raisons. L&rsquo;investissement continu dans le d\u00e9veloppement de nouvelles fonctionnalit\u00e9s et services soutient l&rsquo;id\u00e9e que votre r\u00e9ussite est notre plus grande r\u00e9ussite. Demande de d\u00e9mo Careers Menu Fabrication&hellip;<\/p>\n","protected":false},"author":7,"featured_media":16025,"parent":15300,"menu_order":14,"comment_status":"closed","ping_status":"closed","template":"","meta":{"_acf_changed":false,"footnotes":""},"page_categories":[],"class_list":["post-14266","page","type-page","status-publish","has-post-thumbnail","hentry"],"acf":[],"yoast_head":"<!-- This site is optimized with the Yoast SEO Premium plugin v27.3 (Yoast SEO v27.3) - https:\/\/yoast.com\/product\/yoast-seo-premium-wordpress\/ -->\n<title>Fabrication de portes - Paradigm Technology<\/title>\n<meta name=\"description\" content=\"Les solutions logicielles de Paradigm sont reconnues comme la norme de l\u2019industrie par les fabricants de fen\u00eatres et de portes pour de bonnes\" \/>\n<meta name=\"robots\" content=\"index, follow, max-snippet:-1, max-image-preview:large, max-video-preview:-1\" \/>\n<link rel=\"canonical\" href=\"https:\/\/myparadigm.com\/fr\/industries\/door-window-manufacturers\/door-manufacturing-software\/\" \/>\n<meta property=\"og:locale\" content=\"fr_FR\" \/>\n<meta property=\"og:type\" content=\"article\" \/>\n<meta property=\"og:title\" content=\"Fabrication de portes\" \/>\n<meta property=\"og:description\" content=\"Les solutions logicielles de Paradigm sont reconnues comme la norme de l\u2019industrie par les fabricants de fen\u00eatres et de portes pour de bonnes\" \/>\n<meta property=\"og:url\" content=\"https:\/\/myparadigm.com\/fr\/industries\/door-window-manufacturers\/door-manufacturing-software\/\" \/>\n<meta property=\"og:site_name\" content=\"Paradigm Technology\" \/>\n<meta property=\"article:publisher\" content=\"https:\/\/www.facebook.com\/myParadigmTechnology\/\" \/>\n<meta property=\"article:modified_time\" content=\"2025-04-18T18:55:16+00:00\" \/>\n<meta property=\"og:image\" content=\"https:\/\/myparadigm.com\/wp-content\/uploads\/2023\/11\/Paradigm-Door-Manufacturing-Software_620x620.png\" \/>\n\t<meta property=\"og:image:width\" content=\"620\" \/>\n\t<meta property=\"og:image:height\" content=\"620\" \/>\n\t<meta property=\"og:image:type\" content=\"image\/png\" \/>\n<meta name=\"twitter:card\" content=\"summary_large_image\" \/>\n<meta name=\"twitter:label1\" content=\"Dur\u00e9e de lecture estim\u00e9e\" \/>\n\t<meta name=\"twitter:data1\" content=\"3 minutes\" \/>\n<script type=\"application\/ld+json\" class=\"yoast-schema-graph\">{\"@context\":\"https:\\\/\\\/schema.org\",\"@graph\":[{\"@type\":\"WebPage\",\"@id\":\"https:\\\/\\\/myparadigm.com\\\/fr\\\/industries\\\/door-window-manufacturers\\\/door-manufacturing-software\\\/\",\"url\":\"https:\\\/\\\/myparadigm.com\\\/fr\\\/industries\\\/door-window-manufacturers\\\/door-manufacturing-software\\\/\",\"name\":\"Fabrication de portes - Paradigm Technology\",\"isPartOf\":{\"@id\":\"https:\\\/\\\/myparadigm.com\\\/#website\"},\"primaryImageOfPage\":{\"@id\":\"https:\\\/\\\/myparadigm.com\\\/fr\\\/industries\\\/door-window-manufacturers\\\/door-manufacturing-software\\\/#primaryimage\"},\"image\":{\"@id\":\"https:\\\/\\\/myparadigm.com\\\/fr\\\/industries\\\/door-window-manufacturers\\\/door-manufacturing-software\\\/#primaryimage\"},\"thumbnailUrl\":\"https:\\\/\\\/myparadigm.com\\\/wp-content\\\/uploads\\\/2023\\\/11\\\/Paradigm-Door-Manufacturing-Software_620x620.png\",\"datePublished\":\"2023-03-15T17:39:40+00:00\",\"dateModified\":\"2025-04-18T18:55:16+00:00\",\"description\":\"Les solutions logicielles de Paradigm sont reconnues comme la norme de l\u2019industrie par les fabricants de fen\u00eatres et de portes pour de bonnes\",\"breadcrumb\":{\"@id\":\"https:\\\/\\\/myparadigm.com\\\/fr\\\/industries\\\/door-window-manufacturers\\\/door-manufacturing-software\\\/#breadcrumb\"},\"inLanguage\":\"fr-FR\",\"potentialAction\":[{\"@type\":\"ReadAction\",\"target\":[\"https:\\\/\\\/myparadigm.com\\\/fr\\\/industries\\\/door-window-manufacturers\\\/door-manufacturing-software\\\/\"]}]},{\"@type\":\"ImageObject\",\"inLanguage\":\"fr-FR\",\"@id\":\"https:\\\/\\\/myparadigm.com\\\/fr\\\/industries\\\/door-window-manufacturers\\\/door-manufacturing-software\\\/#primaryimage\",\"url\":\"https:\\\/\\\/myparadigm.com\\\/wp-content\\\/uploads\\\/2023\\\/11\\\/Paradigm-Door-Manufacturing-Software_620x620.png\",\"contentUrl\":\"https:\\\/\\\/myparadigm.com\\\/wp-content\\\/uploads\\\/2023\\\/11\\\/Paradigm-Door-Manufacturing-Software_620x620.png\",\"width\":620,\"height\":620},{\"@type\":\"BreadcrumbList\",\"@id\":\"https:\\\/\\\/myparadigm.com\\\/fr\\\/industries\\\/door-window-manufacturers\\\/door-manufacturing-software\\\/#breadcrumb\",\"itemListElement\":[{\"@type\":\"ListItem\",\"position\":1,\"name\":\"Home\",\"item\":\"https:\\\/\\\/myparadigm.com\\\/fr\\\/home\\\/\"},{\"@type\":\"ListItem\",\"position\":2,\"name\":\"Industries\",\"item\":\"https:\\\/\\\/myparadigm.com\\\/?page_id=70\"},{\"@type\":\"ListItem\",\"position\":3,\"name\":\"Fabricants de portes et fen\u00eatres\",\"item\":\"https:\\\/\\\/myparadigm.com\\\/fr\\\/industries\\\/door-window-manufacturers\\\/\"},{\"@type\":\"ListItem\",\"position\":4,\"name\":\"Fabrication de portes\"}]},{\"@type\":\"WebSite\",\"@id\":\"https:\\\/\\\/myparadigm.com\\\/#website\",\"url\":\"https:\\\/\\\/myparadigm.com\\\/\",\"name\":\"Paradigm Technology\",\"description\":\"Software for the Building Industry\",\"publisher\":{\"@id\":\"https:\\\/\\\/myparadigm.com\\\/#organization\"},\"potentialAction\":[{\"@type\":\"SearchAction\",\"target\":{\"@type\":\"EntryPoint\",\"urlTemplate\":\"https:\\\/\\\/myparadigm.com\\\/?s={search_term_string}\"},\"query-input\":{\"@type\":\"PropertyValueSpecification\",\"valueRequired\":true,\"valueName\":\"search_term_string\"}}],\"inLanguage\":\"fr-FR\"},{\"@type\":\"Organization\",\"@id\":\"https:\\\/\\\/myparadigm.com\\\/#organization\",\"name\":\"Paradigm Technology\",\"url\":\"https:\\\/\\\/myparadigm.com\\\/\",\"logo\":{\"@type\":\"ImageObject\",\"inLanguage\":\"fr-FR\",\"@id\":\"https:\\\/\\\/myparadigm.com\\\/#\\\/schema\\\/logo\\\/image\\\/\",\"url\":\"https:\\\/\\\/myparadigm.com\\\/wp-content\\\/uploads\\\/2023\\\/12\\\/Paradigm_favicon_web_p.jpg\",\"contentUrl\":\"https:\\\/\\\/myparadigm.com\\\/wp-content\\\/uploads\\\/2023\\\/12\\\/Paradigm_favicon_web_p.jpg\",\"width\":512,\"height\":512,\"caption\":\"Paradigm Technology\"},\"image\":{\"@id\":\"https:\\\/\\\/myparadigm.com\\\/#\\\/schema\\\/logo\\\/image\\\/\"},\"sameAs\":[\"https:\\\/\\\/www.facebook.com\\\/myParadigmTechnology\\\/\",\"https:\\\/\\\/www.linkedin.com\\\/company\\\/myParadigmTechnology\\\/\",\"https:\\\/\\\/www.youtube.com\\\/channel\\\/UC8khFPtIe_j0A7K0zLL5VBA\"]}]}<\/script>\n<!-- \/ Yoast SEO Premium plugin. -->","yoast_head_json":{"title":"Fabrication de portes - Paradigm Technology","description":"Les solutions logicielles de Paradigm sont reconnues comme la norme de l\u2019industrie par les fabricants de fen\u00eatres et de portes pour de bonnes","robots":{"index":"index","follow":"follow","max-snippet":"max-snippet:-1","max-image-preview":"max-image-preview:large","max-video-preview":"max-video-preview:-1"},"canonical":"https:\/\/myparadigm.com\/fr\/industries\/door-window-manufacturers\/door-manufacturing-software\/","og_locale":"fr_FR","og_type":"article","og_title":"Fabrication de portes","og_description":"Les solutions logicielles de Paradigm sont reconnues comme la norme de l\u2019industrie par les fabricants de fen\u00eatres et de portes pour de bonnes","og_url":"https:\/\/myparadigm.com\/fr\/industries\/door-window-manufacturers\/door-manufacturing-software\/","og_site_name":"Paradigm Technology","article_publisher":"https:\/\/www.facebook.com\/myParadigmTechnology\/","article_modified_time":"2025-04-18T18:55:16+00:00","og_image":[{"width":620,"height":620,"url":"https:\/\/myparadigm.com\/wp-content\/uploads\/2023\/11\/Paradigm-Door-Manufacturing-Software_620x620.png","type":"image\/png"}],"twitter_card":"summary_large_image","twitter_misc":{"Dur\u00e9e de lecture estim\u00e9e":"3 minutes"},"schema":{"@context":"https:\/\/schema.org","@graph":[{"@type":"WebPage","@id":"https:\/\/myparadigm.com\/fr\/industries\/door-window-manufacturers\/door-manufacturing-software\/","url":"https:\/\/myparadigm.com\/fr\/industries\/door-window-manufacturers\/door-manufacturing-software\/","name":"Fabrication de portes - Paradigm Technology","isPartOf":{"@id":"https:\/\/myparadigm.com\/#website"},"primaryImageOfPage":{"@id":"https:\/\/myparadigm.com\/fr\/industries\/door-window-manufacturers\/door-manufacturing-software\/#primaryimage"},"image":{"@id":"https:\/\/myparadigm.com\/fr\/industries\/door-window-manufacturers\/door-manufacturing-software\/#primaryimage"},"thumbnailUrl":"https:\/\/myparadigm.com\/wp-content\/uploads\/2023\/11\/Paradigm-Door-Manufacturing-Software_620x620.png","datePublished":"2023-03-15T17:39:40+00:00","dateModified":"2025-04-18T18:55:16+00:00","description":"Les solutions logicielles de Paradigm sont reconnues comme la norme de l\u2019industrie par les fabricants de fen\u00eatres et de portes pour de bonnes","breadcrumb":{"@id":"https:\/\/myparadigm.com\/fr\/industries\/door-window-manufacturers\/door-manufacturing-software\/#breadcrumb"},"inLanguage":"fr-FR","potentialAction":[{"@type":"ReadAction","target":["https:\/\/myparadigm.com\/fr\/industries\/door-window-manufacturers\/door-manufacturing-software\/"]}]},{"@type":"ImageObject","inLanguage":"fr-FR","@id":"https:\/\/myparadigm.com\/fr\/industries\/door-window-manufacturers\/door-manufacturing-software\/#primaryimage","url":"https:\/\/myparadigm.com\/wp-content\/uploads\/2023\/11\/Paradigm-Door-Manufacturing-Software_620x620.png","contentUrl":"https:\/\/myparadigm.com\/wp-content\/uploads\/2023\/11\/Paradigm-Door-Manufacturing-Software_620x620.png","width":620,"height":620},{"@type":"BreadcrumbList","@id":"https:\/\/myparadigm.com\/fr\/industries\/door-window-manufacturers\/door-manufacturing-software\/#breadcrumb","itemListElement":[{"@type":"ListItem","position":1,"name":"Home","item":"https:\/\/myparadigm.com\/fr\/home\/"},{"@type":"ListItem","position":2,"name":"Industries","item":"https:\/\/myparadigm.com\/?page_id=70"},{"@type":"ListItem","position":3,"name":"Fabricants de portes et fen\u00eatres","item":"https:\/\/myparadigm.com\/fr\/industries\/door-window-manufacturers\/"},{"@type":"ListItem","position":4,"name":"Fabrication de portes"}]},{"@type":"WebSite","@id":"https:\/\/myparadigm.com\/#website","url":"https:\/\/myparadigm.com\/","name":"Paradigm Technology","description":"Software for the Building Industry","publisher":{"@id":"https:\/\/myparadigm.com\/#organization"},"potentialAction":[{"@type":"SearchAction","target":{"@type":"EntryPoint","urlTemplate":"https:\/\/myparadigm.com\/?s={search_term_string}"},"query-input":{"@type":"PropertyValueSpecification","valueRequired":true,"valueName":"search_term_string"}}],"inLanguage":"fr-FR"},{"@type":"Organization","@id":"https:\/\/myparadigm.com\/#organization","name":"Paradigm Technology","url":"https:\/\/myparadigm.com\/","logo":{"@type":"ImageObject","inLanguage":"fr-FR","@id":"https:\/\/myparadigm.com\/#\/schema\/logo\/image\/","url":"https:\/\/myparadigm.com\/wp-content\/uploads\/2023\/12\/Paradigm_favicon_web_p.jpg","contentUrl":"https:\/\/myparadigm.com\/wp-content\/uploads\/2023\/12\/Paradigm_favicon_web_p.jpg","width":512,"height":512,"caption":"Paradigm Technology"},"image":{"@id":"https:\/\/myparadigm.com\/#\/schema\/logo\/image\/"},"sameAs":["https:\/\/www.facebook.com\/myParadigmTechnology\/","https:\/\/www.linkedin.com\/company\/myParadigmTechnology\/","https:\/\/www.youtube.com\/channel\/UC8khFPtIe_j0A7K0zLL5VBA"]}]}},"_links":{"self":[{"href":"https:\/\/myparadigm.com\/fr\/wp-json\/wp\/v2\/pages\/14266","targetHints":{"allow":["GET"]}}],"collection":[{"href":"https:\/\/myparadigm.com\/fr\/wp-json\/wp\/v2\/pages"}],"about":[{"href":"https:\/\/myparadigm.com\/fr\/wp-json\/wp\/v2\/types\/page"}],"author":[{"embeddable":true,"href":"https:\/\/myparadigm.com\/fr\/wp-json\/wp\/v2\/users\/7"}],"replies":[{"embeddable":true,"href":"https:\/\/myparadigm.com\/fr\/wp-json\/wp\/v2\/comments?post=14266"}],"version-history":[{"count":0,"href":"https:\/\/myparadigm.com\/fr\/wp-json\/wp\/v2\/pages\/14266\/revisions"}],"up":[{"embeddable":true,"href":"https:\/\/myparadigm.com\/fr\/wp-json\/wp\/v2\/pages\/15300"}],"wp:featuredmedia":[{"embeddable":true,"href":"https:\/\/myparadigm.com\/fr\/wp-json\/wp\/v2\/media\/16025"}],"wp:attachment":[{"href":"https:\/\/myparadigm.com\/fr\/wp-json\/wp\/v2\/media?parent=14266"}],"wp:term":[{"taxonomy":"page_categories","embeddable":true,"href":"https:\/\/myparadigm.com\/fr\/wp-json\/wp\/v2\/page_categories?post=14266"}],"curies":[{"name":"wp","href":"https:\/\/api.w.org\/{rel}","templated":true}]}}